{"id":703,"date":"2018-09-28T15:27:58","date_gmt":"2018-09-28T13:27:58","guid":{"rendered":"http:\/\/muzeum.netfolio.hu\/?page_id=703"},"modified":"2024-01-13T12:31:47","modified_gmt":"2024-01-13T10:31:47","slug":"filmek-es-fotok","status":"publish","type":"page","link":"https:\/\/tozsdemuzeum.hu\/en\/filmek-es-fotok\/","title":{"rendered":"Films"},"content":{"rendered":"<div class=\"wpb-content-wrapper\"><div class=\"vc_row wpb_row vc_row-fluid\"><div class=\"wpb_column vc_column_container vc_col-sm-12\"><div class=\"vc_column-inner\"><div class=\"wpb_wrapper\">\t\t<!-- Welcome Section -->\r\n\t\t<div class=\"container-fluid no-padding welcome-section2\">\r\n\t\t\t<!-- Container -->\r\n\t\t\t<div class=\"container\">\r\n\t\t\t\t<!-- Row -->\r\n\t\t\t\t<div class=\"row\">\t\t\t\r\n\t\t\t\t\t<div class=\"col-md-6 col-sm-6 img-block\">\r\n\t\t\t\t\t\t<i><img loading=\"lazy\" decoding=\"async\" width=\"1439\" height=\"1077\" src=\"https:\/\/tozsdemuzeum.hu\/wp-content\/uploads\/2018\/11\/B\u00f6rse1916b-1.jpg\" class=\"attachment-full size-full\" alt=\"\" srcset=\"https:\/\/tozsdemuzeum.hu\/wp-content\/uploads\/2018\/11\/B\u00f6rse1916b-1.jpg 1439w, https:\/\/tozsdemuzeum.hu\/wp-content\/uploads\/2018\/11\/B\u00f6rse1916b-1-300x225.jpg 300w, https:\/\/tozsdemuzeum.hu\/wp-content\/uploads\/2018\/11\/B\u00f6rse1916b-1-768x575.jpg 768w, https:\/\/tozsdemuzeum.hu\/wp-content\/uploads\/2018\/11\/B\u00f6rse1916b-1-1024x766.jpg 1024w\" sizes=\"auto, (max-width: 1439px) 100vw, 1439px\" \/><\/i>\r\n\t\t\t\t\t<\/div>\r\n\t\t\t\t\t<div class=\"col-md-6 col-sm-6 content-block\">\r\n\t\t\t\t\t\t<!-- Section Header -->\r\n\t\t\t\t\t\t<div class=\"section-header2\">\r\n\t\t\t\t\t\t\t<i><img decoding=\"async\" src=\"https:\/\/tozsdemuzeum.hu\/wp-content\/plugins\/history-toolkit\/lib\/images\/section-header2-1.png\" alt=\"Section Header\" \/><\/i>\r\n\t\t\t\t\t\t\t<span>1916<\/span>\t\t\t\t\t\t\t<h2>Budapest<\/h2>\t\t\t\t\t\t<\/div><!-- Section Header \/- -->\r\n\t\t\t\t\t\t<p>The oldest surviving film about Budapest. The Stock Exchange Palace is shown between 5:53 and 6:24.<\/p>\n\t\t\t\t\t\t<a href=\"https:\/\/player.vimeo.com\/video\/246934274\" title=\"Playback...\">Playback...<\/a>\t\t\t\t\t<\/div>\r\n\t\t\t\t<\/div><!-- Row \/- -->\r\n\t\t\t<\/div><!-- Container \/- -->\r\n\t\t<\/div><!-- Welcome Section \/- -->\r\n\t\t\t\t<!-- Welcome Section -->\r\n\t\t<div class=\"container-fluid no-padding welcome-section2\">\r\n\t\t\t<!-- Container -->\r\n\t\t\t<div class=\"container\">\r\n\t\t\t\t<!-- Row -->\r\n\t\t\t\t<div class=\"row\">\t\t\t\r\n\t\t\t\t\t<div class=\"col-md-6 col-sm-6 img-block\">\r\n\t\t\t\t\t\t<i><img loading=\"lazy\" decoding=\"async\" width=\"700\" height=\"507\" src=\"https:\/\/tozsdemuzeum.hu\/wp-content\/uploads\/2018\/09\/\u00c9letat\u0151zsd\u00e9n.png\" class=\"attachment-full size-full\" alt=\"\" srcset=\"https:\/\/tozsdemuzeum.hu\/wp-content\/uploads\/2018\/09\/\u00c9letat\u0151zsd\u00e9n.png 700w, https:\/\/tozsdemuzeum.hu\/wp-content\/uploads\/2018\/09\/\u00c9letat\u0151zsd\u00e9n-300x217.png 300w\" sizes=\"auto, (max-width: 700px) 100vw, 700px\" \/><\/i>\r\n\t\t\t\t\t<\/div>\r\n\t\t\t\t\t<div class=\"col-md-6 col-sm-6 content-block\">\r\n\t\t\t\t\t\t<!-- Section Header -->\r\n\t\t\t\t\t\t<div class=\"section-header2\">\r\n\t\t\t\t\t\t\t<i><img decoding=\"async\" src=\"https:\/\/tozsdemuzeum.hu\/wp-content\/plugins\/history-toolkit\/lib\/images\/section-header2-1.png\" alt=\"Section Header\" \/><\/i>\r\n\t\t\t\t\t\t\t<span>1919<\/span>\t\t\t\t\t\t\t<h2>Life on the stock exchange<\/h2>\t\t\t\t\t\t<\/div><!-- Section Header \/- -->\r\n\t\t\t\t\t\t<p>This newsreel clip from 1919 shows the Stock Exchange and the trading that took place there.<\/p>\n\t\t\t\t\t\t<a href=\"https:\/\/filmhiradokonline.hu\/player.php?id=5452\" title=\"Playback...\">Playback...<\/a>\t\t\t\t\t<\/div>\r\n\t\t\t\t<\/div><!-- Row \/- -->\r\n\t\t\t<\/div><!-- Container \/- -->\r\n\t\t<\/div><!-- Welcome Section \/- -->\r\n\t\t\t\t<!-- Welcome Section -->\r\n\t\t<div class=\"container-fluid no-padding welcome-section2\">\r\n\t\t\t<!-- Container -->\r\n\t\t\t<div class=\"container\">\r\n\t\t\t\t<!-- Row -->\r\n\t\t\t\t<div class=\"row\">\t\t\t\r\n\t\t\t\t\t<div class=\"col-md-6 col-sm-6 img-block\">\r\n\t\t\t\t\t\t<i><img loading=\"lazy\" decoding=\"async\" width=\"582\" height=\"437\" src=\"https:\/\/tozsdemuzeum.hu\/wp-content\/uploads\/2024\/01\/BNV1929.png\" class=\"attachment-full size-full\" alt=\"\" \/><\/i>\r\n\t\t\t\t\t<\/div>\r\n\t\t\t\t\t<div class=\"col-md-6 col-sm-6 content-block\">\r\n\t\t\t\t\t\t<!-- Section Header -->\r\n\t\t\t\t\t\t<div class=\"section-header2\">\r\n\t\t\t\t\t\t\t<i><img decoding=\"async\" src=\"https:\/\/tozsdemuzeum.hu\/wp-content\/plugins\/history-toolkit\/lib\/images\/section-header2-1.png\" alt=\"Section Header\" \/><\/i>\r\n\t\t\t\t\t\t\t<span>1929<\/span>\t\t\t\t\t\t\t<h2>Opening of the International Fair<\/h2>\t\t\t\t\t\t<\/div><!-- Section Header \/- -->\r\n\t\t\t\t\t\t<p>This newsreel from 1929 shows the products of several listed companies.<\/p>\n\t\t\t\t\t\t<a href=\"https:\/\/filmhiradokonline.hu\/player.php?id=9134\" title=\"Playback...\">Playback...<\/a>\t\t\t\t\t<\/div>\r\n\t\t\t\t<\/div><!-- Row \/- -->\r\n\t\t\t<\/div><!-- Container \/- -->\r\n\t\t<\/div><!-- Welcome Section \/- -->\r\n\t\t\t\t<!-- Welcome Section -->\r\n\t\t<div class=\"container-fluid no-padding welcome-section2\">\r\n\t\t\t<!-- Container -->\r\n\t\t\t<div class=\"container\">\r\n\t\t\t\t<!-- Row -->\r\n\t\t\t\t<div class=\"row\">\t\t\t\r\n\t\t\t\t\t<div class=\"col-md-6 col-sm-6 img-block\">\r\n\t\t\t\t\t\t<i><img loading=\"lazy\" decoding=\"async\" width=\"655\" height=\"511\" src=\"https:\/\/tozsdemuzeum.hu\/wp-content\/uploads\/2018\/09\/BNV.png\" class=\"attachment-full size-full\" alt=\"\" srcset=\"https:\/\/tozsdemuzeum.hu\/wp-content\/uploads\/2018\/09\/BNV.png 655w, https:\/\/tozsdemuzeum.hu\/wp-content\/uploads\/2018\/09\/BNV-300x234.png 300w\" sizes=\"auto, (max-width: 655px) 100vw, 655px\" \/><\/i>\r\n\t\t\t\t\t<\/div>\r\n\t\t\t\t\t<div class=\"col-md-6 col-sm-6 content-block\">\r\n\t\t\t\t\t\t<!-- Section Header -->\r\n\t\t\t\t\t\t<div class=\"section-header2\">\r\n\t\t\t\t\t\t\t<i><img decoding=\"async\" src=\"https:\/\/tozsdemuzeum.hu\/wp-content\/plugins\/history-toolkit\/lib\/images\/section-header2-1.png\" alt=\"Section Header\" \/><\/i>\r\n\t\t\t\t\t\t\t<span>1935<\/span>\t\t\t\t\t\t\t<h2>Ceremonial opening of the BNV (Budapest International Fair)<\/h2>\t\t\t\t\t\t<\/div><!-- Section Header \/- -->\r\n\t\t\t\t\t\t<p>This newsreel from 1935 features several famous stock market personalities. Ferenc Chorin, the CEO of the Salg\u00f3tarj\u00e1n Coal Mine Ltd. and S\u00e1ndor Fleissig, the president of the stock exchange at the time, also appear in the film.<\/p>\n\t\t\t\t\t\t<a href=\"https:\/\/filmhiradokonline.hu\/player.php?id=1443\" title=\"Playback...\">Playback...<\/a>\t\t\t\t\t<\/div>\r\n\t\t\t\t<\/div><!-- Row \/- -->\r\n\t\t\t<\/div><!-- Container \/- -->\r\n\t\t<\/div><!-- Welcome Section \/- -->\r\n\t\t\t\t<!-- Welcome Section -->\r\n\t\t<div class=\"container-fluid no-padding welcome-section2\">\r\n\t\t\t<!-- Container -->\r\n\t\t\t<div class=\"container\">\r\n\t\t\t\t<!-- Row -->\r\n\t\t\t\t<div class=\"row\">\t\t\t\r\n\t\t\t\t\t<div class=\"col-md-6 col-sm-6 img-block\">\r\n\t\t\t\t\t\t<i><img loading=\"lazy\" decoding=\"async\" width=\"684\" height=\"525\" src=\"https:\/\/tozsdemuzeum.hu\/wp-content\/uploads\/2018\/09\/Megsz\u0171nikat\u0151zsde.png\" class=\"attachment-full size-full\" alt=\"\" srcset=\"https:\/\/tozsdemuzeum.hu\/wp-content\/uploads\/2018\/09\/Megsz\u0171nikat\u0151zsde.png 684w, https:\/\/tozsdemuzeum.hu\/wp-content\/uploads\/2018\/09\/Megsz\u0171nikat\u0151zsde-300x230.png 300w\" sizes=\"auto, (max-width: 684px) 100vw, 684px\" \/><\/i>\r\n\t\t\t\t\t<\/div>\r\n\t\t\t\t\t<div class=\"col-md-6 col-sm-6 content-block\">\r\n\t\t\t\t\t\t<!-- Section Header -->\r\n\t\t\t\t\t\t<div class=\"section-header2\">\r\n\t\t\t\t\t\t\t<i><img decoding=\"async\" src=\"https:\/\/tozsdemuzeum.hu\/wp-content\/plugins\/history-toolkit\/lib\/images\/section-header2-1.png\" alt=\"Section Header\" \/><\/i>\r\n\t\t\t\t\t\t\t<span>1948<\/span>\t\t\t\t\t\t\t<h2>Cessation of the operation of the stock exchange<\/h2>\t\t\t\t\t\t<\/div><!-- Section Header \/- -->\r\n\t\t\t\t\t\t<p>This newsreel from 1948 captures the closing of the stock exchange.<\/p>\n\t\t\t\t\t\t<a href=\"https:\/\/filmhiradokonline.hu\/player.php?id=6702\" title=\"Playback...\">Playback...<\/a>\t\t\t\t\t<\/div>\r\n\t\t\t\t<\/div><!-- Row \/- -->\r\n\t\t\t<\/div><!-- Container \/- -->\r\n\t\t<\/div><!-- Welcome Section \/- -->\r\n\t\t<\/div><\/div><\/div><\/div><div class=\"vc_row wpb_row vc_row-fluid\"><div class=\"wpb_column vc_column_container vc_col-sm-12\"><div class=\"vc_column-inner\"><div class=\"wpb_wrapper\">\t\t\r\n\t\t\t<!-- Client Section -->\r\n\t\t\t<div class=\"container-fluid client-section no-padding\">\r\n\t\t\t\t<div class=\"client-carousel\">\r\n\t\t\t\t\t\t\t\t\t\t\t\t\t<div class=\"item\">\r\n\t\t\t\t\t\t\t\t\t<a href=\"https:\/\/www.ramasoft.hu\"><img loading=\"lazy\" decoding=\"async\" width=\"200\" height=\"117\" src=\"https:\/\/tozsdemuzeum.hu\/wp-content\/uploads\/2018\/09\/RAMASOFT-logo_1_newkicsi.png\" class=\"attachment-full size-full\" alt=\"\" \/><\/a>\r\n\t\t\t\t\t\t\t\t<\/div>\r\n\t\t\t\t\t\t\t\t\t\t\t\t\t\t\t\t<div class=\"item item-bg\">\r\n\t\t\t\t\t\t\t\t\t<a href=\"https:\/\/www.arcanum,hu\"><img loading=\"lazy\" decoding=\"async\" width=\"200\" height=\"45\" src=\"https:\/\/tozsdemuzeum.hu\/wp-content\/uploads\/2018\/09\/Arcanumlogo-compact-e1538126948230.png\" class=\"attachment-full size-full\" alt=\"\" \/><\/a>\r\n\t\t\t\t\t\t\t\t<\/div>\r\n\t\t\t\t\t\t\t\t\t\t\t\t\t\t\t\t<div class=\"item\">\r\n\t\t\t\t\t\t\t\t\t<a href=\"https:\/\/www.fszek.hu\"><img loading=\"lazy\" decoding=\"async\" width=\"132\" height=\"132\" src=\"https:\/\/tozsdemuzeum.hu\/wp-content\/uploads\/2018\/09\/logo-fszek-e1538126634936.png\" class=\"attachment-full size-full\" alt=\"\" \/><\/a>\r\n\t\t\t\t\t\t\t\t<\/div>\r\n\t\t\t\t\t\t\t\t\t\t\t\t\t\t\t\t<div class=\"item item-bg\">\r\n\t\t\t\t\t\t\t\t\t<a href=\"https:\/\/www.netfolio.hu\"><img loading=\"lazy\" decoding=\"async\" width=\"200\" height=\"49\" src=\"https:\/\/tozsdemuzeum.hu\/wp-content\/uploads\/2018\/09\/Netfoliologo-1.png\" class=\"attachment-full size-full\" alt=\"\" \/><\/a>\r\n\t\t\t\t\t\t\t\t<\/div>\r\n\t\t\t\t\t\t\t\t\t\t\t\t\t\t\t\t<div class=\"item\">\r\n\t\t\t\t\t\t\t\t\t<a href=\"https:\/\/www.bet.hu\"><img loading=\"lazy\" decoding=\"async\" width=\"132\" height=\"132\" src=\"https:\/\/tozsdemuzeum.hu\/wp-content\/uploads\/2018\/09\/B\u00c9T-log\u00f3-RGB-640px-e1538126668844.png\" class=\"attachment-full size-full\" alt=\"\" \/><\/a>\r\n\t\t\t\t\t\t\t\t<\/div>\r\n\t\t\t\t\t\t\t\t\t\t\t\t<\/div>\r\n\t\t\t<\/div><!-- Client Section \/- -->\r\n\t\t\t\t\r\n\t<!-- Testimonial Section -->\r\n\t<div class=\"testimonial-section container-fluid\">\r\n\t\t<!-- Container -->\r\n\t\t<div class=\"container\">\r\n\t\t\t<div class=\"col-md-8\">\r\n\t\t\t\t<div class=\"testimonial-slider\">\r\n\t\t\t\t\t<div class=\"mis-stage\">\t\r\n\t\t\t\t\t\t\t\t\t\t\t\t\t\t<ol class=\"mis-slider\">\r\n\t\t\t\t\t\t\t\t\t\t\t\t\t\t\t\t\t\t\t\t<li id=\"mis_slide-1\" class=\"mis-slide\" data-slide=\"1\">\r\n\t\t\t\t\t\t\t\t\t\t\t\t\t\t\t\t\t\t\t\t\t\t\t\t\t<a href=\"\/en\/ember\/kochmeister-frigyes\/\" class=\"mis-container\">\r\n\t\t\t\t\t\t\t\t\t\t\t\t\t\t<img loading=\"lazy\" decoding=\"async\" width=\"95\" height=\"95\" src=\"https:\/\/tozsdemuzeum.hu\/wp-content\/uploads\/2018\/09\/Kochmeister_Frigyes-95x95.jpg\" class=\"attachment-history_95_95 size-history_95_95\" alt=\"\" srcset=\"https:\/\/tozsdemuzeum.hu\/wp-content\/uploads\/2018\/09\/Kochmeister_Frigyes-95x95.jpg 95w, https:\/\/tozsdemuzeum.hu\/wp-content\/uploads\/2018\/09\/Kochmeister_Frigyes-150x150.jpg 150w, https:\/\/tozsdemuzeum.hu\/wp-content\/uploads\/2018\/09\/Kochmeister_Frigyes-82x82.jpg 82w\" sizes=\"auto, (max-width: 95px) 100vw, 95px\" \/>\t\t\t\t\t\t\t\t\t\t\t\t\t<\/a>\r\n\t\t\t\t\t\t\t\t\t\t\t\t\t\t\t\t\t\t\t\t\t\t\t\t<\/li>\r\n\t\t\t\t\t\t\t\t\t\t\t\t\t\t\t\t\t\t\t\t\t\t<li id=\"mis_slide-2\" class=\"mis-slide\" data-slide=\"2\">\r\n\t\t\t\t\t\t\t\t\t\t\t\t\t\t\t\t\t\t\t\t\t\t\t\t\t<a href=\"\/en\/ember\/kornfeld-zsigmond\/\" class=\"mis-container\">\r\n\t\t\t\t\t\t\t\t\t\t\t\t\t\t<img loading=\"lazy\" decoding=\"async\" width=\"95\" height=\"95\" src=\"https:\/\/tozsdemuzeum.hu\/wp-content\/uploads\/2018\/09\/Kornfeld_Zsigmond2-95x95.jpg\" class=\"attachment-history_95_95 size-history_95_95\" alt=\"\" srcset=\"https:\/\/tozsdemuzeum.hu\/wp-content\/uploads\/2018\/09\/Kornfeld_Zsigmond2-95x95.jpg 95w, https:\/\/tozsdemuzeum.hu\/wp-content\/uploads\/2018\/09\/Kornfeld_Zsigmond2-150x150.jpg 150w, https:\/\/tozsdemuzeum.hu\/wp-content\/uploads\/2018\/09\/Kornfeld_Zsigmond2-82x82.jpg 82w, https:\/\/tozsdemuzeum.hu\/wp-content\/uploads\/2018\/09\/Kornfeld_Zsigmond2-339x342.jpg 339w\" sizes=\"auto, (max-width: 95px) 100vw, 95px\" \/>\t\t\t\t\t\t\t\t\t\t\t\t\t<\/a>\r\n\t\t\t\t\t\t\t\t\t\t\t\t\t\t\t\t\t\t\t\t\t\t\t\t<\/li>\r\n\t\t\t\t\t\t\t\t\t\t\t\t\t\t\t\t\t\t\t\t\t\t<li id=\"mis_slide-3\" class=\"mis-slide\" data-slide=\"3\">\r\n\t\t\t\t\t\t\t\t\t\t\t\t\t\t\t\t\t\t\t\t\t\t\t\t\t<a href=\"\/en\/ember\/fleissig-sandor\/\" class=\"mis-container\">\r\n\t\t\t\t\t\t\t\t\t\t\t\t\t\t<img loading=\"lazy\" decoding=\"async\" width=\"95\" height=\"95\" src=\"https:\/\/tozsdemuzeum.hu\/wp-content\/uploads\/2018\/09\/Fleissig_S\u00e1ndor-95x95.jpg\" class=\"attachment-history_95_95 size-history_95_95\" alt=\"\" srcset=\"https:\/\/tozsdemuzeum.hu\/wp-content\/uploads\/2018\/09\/Fleissig_S\u00e1ndor-95x95.jpg 95w, https:\/\/tozsdemuzeum.hu\/wp-content\/uploads\/2018\/09\/Fleissig_S\u00e1ndor-150x150.jpg 150w, https:\/\/tozsdemuzeum.hu\/wp-content\/uploads\/2018\/09\/Fleissig_S\u00e1ndor-395x395.jpg 395w, https:\/\/tozsdemuzeum.hu\/wp-content\/uploads\/2018\/09\/Fleissig_S\u00e1ndor-82x82.jpg 82w\" sizes=\"auto, (max-width: 95px) 100vw, 95px\" \/>\t\t\t\t\t\t\t\t\t\t\t\t\t<\/a>\r\n\t\t\t\t\t\t\t\t\t\t\t\t\t\t\t\t\t\t\t\t\t\t\t\t<\/li>\r\n\t\t\t\t\t\t\t\t\t\t\t\t\t\t\t\t\t\t\t<\/ol>\r\n\t\t\t\t\t\t\t\t<div class=\"mis-content-block\">\r\n\t\t\t\t\t\t\t\t\t\t\t\t\t\t\t\t\t\t\t\t<div id=\"mis_slide_content-1\">\r\n\t\t\t\t\t\t\t\t\t\t\t\t<p>\"What is needed is a serious, persistent will on the part of each of us, directed to visit, use and animate the young institution frequently, perhaps at first with some sacrifice of our habits, our desires and our interests.\"<\/p>\n\t\t\t\t\t\t\t\t\t\t\t\t<i class=\"icon icon-MessageRight\"><\/i>\r\n\t\t\t\t\t\t\t\t\t\t\t\t<h3>Baron Frigyes Kochmeister (1816-1907)<\/h3>\t\t\t\t\t\t\t\t\t\t\t\t<span>President of the BSE (1864-1900)<\/span>\t\t\t\t\t\t\t\t\t\t\t<\/div>\r\n\t\t\t\t\t\t\t\t\t\t\t\t\t\t\t\t\t\t\t\t\t\t<div id=\"mis_slide_content-2\">\r\n\t\t\t\t\t\t\t\t\t\t\t\t<p>\"As regards freedom of action, our institution desires nothing more than to do what is in the interest of the country as a whole, and to be free from any unilateral tendency, as it has been far from seeking to cultivate its own interests at the expense of the common good. \"<\/p>\n\t\t\t\t\t\t\t\t\t\t\t\t<i class=\"icon icon-MessageRight\"><\/i>\r\n\t\t\t\t\t\t\t\t\t\t\t\t<h3>Baron Zsigmond Kornfeld (1852-1909)<\/h3>\t\t\t\t\t\t\t\t\t\t\t\t<span>President of the BSE (1900-1909)<\/span>\t\t\t\t\t\t\t\t\t\t\t<\/div>\r\n\t\t\t\t\t\t\t\t\t\t\t\t\t\t\t\t\t\t\t\t\t\t<div id=\"mis_slide_content-3\">\r\n\t\t\t\t\t\t\t\t\t\t\t\t<p>\"Our poor mother, this dismembered Hungary is sick, seriously sick, and let us put aside all other interests, real or apparent, and keep in mind the only point of view: what is necessary, what is good for our poor, sick mother: Hungary.\"<\/p>\n\t\t\t\t\t\t\t\t\t\t\t\t<i class=\"icon icon-MessageRight\"><\/i>\r\n\t\t\t\t\t\t\t\t\t\t\t\t<h3>S\u00e1ndor Fleissig (1869-1939)<\/h3>\t\t\t\t\t\t\t\t\t\t\t\t<span>President of the BSE (1931-1939)<\/span>\t\t\t\t\t\t\t\t\t\t\t<\/div>\r\n\t\t\t\t\t\t\t\t\t\t\t\t\t\t\t\t\t\t\t<\/div>\r\n\t\t\t\t\t\t\t\t\t\t\t\t\t<\/div>\r\n\t\t\t\t<\/div>\r\n\t\t\t<\/div>\r\n\t\t<\/div><!-- Container \/-  -->\r\n\t<\/div><!-- Testimonial Section \/- -->\r\n\t<\/div><\/div><\/div><\/div>\n<\/div>","protected":false},"excerpt":{"rendered":"1916 Budapest A legr\u00e9gebbi fennmaradt film Budapestr\u0151l. A t\u0151zsdepalota 5:53 \u00e9s 6:24 k\u00f6z\u00f6tt l\u00e1that\u00f3 benne. Lej\u00e1tsz\u00e1s... 1919 \u00c9let a t\u0151zsd\u00e9n Ez az 1919-ben k\u00e9sz\u00fclt filmh\u00edrad\u00f3 r\u00e9szlet a t\u0151zsdepalot\u00e1t \u00e9s a benne foly\u00f3 keresked\u00e9st mutatja be. Lej\u00e1tsz\u00e1s... 1929 A Nemzetk\u00f6zi V\u00e1s\u00e1r megnyit\u00e1sa Ezen az 1929-ben k\u00e9sz\u00fclt h\u00edrad\u00f3r\u00e9szleten t\u00f6bb t\u0151zsdei v\u00e1llalat term\u00e9kei is l\u00e1that\u00f3ak. Lej\u00e1tsz\u00e1s... 1935 A [...]","protected":false},"author":1,"featured_media":0,"parent":0,"menu_order":0,"comment_status":"closed","ping_status":"closed","template":"","meta":{"_acf_changed":false,"_monsterinsights_skip_tracking":false,"_monsterinsights_sitenote_active":false,"_monsterinsights_sitenote_note":"","_monsterinsights_sitenote_category":0,"footnotes":""},"class_list":["post-703","page","type-page","status-publish","hentry"],"acf":[],"_links":{"self":[{"href":"https:\/\/tozsdemuzeum.hu\/en\/wp-json\/wp\/v2\/pages\/703","targetHints":{"allow":["GET"]}}],"collection":[{"href":"https:\/\/tozsdemuzeum.hu\/en\/wp-json\/wp\/v2\/pages"}],"about":[{"href":"https:\/\/tozsdemuzeum.hu\/en\/wp-json\/wp\/v2\/types\/page"}],"author":[{"embeddable":true,"href":"https:\/\/tozsdemuzeum.hu\/en\/wp-json\/wp\/v2\/users\/1"}],"replies":[{"embeddable":true,"href":"https:\/\/tozsdemuzeum.hu\/en\/wp-json\/wp\/v2\/comments?post=703"}],"version-history":[{"count":22,"href":"https:\/\/tozsdemuzeum.hu\/en\/wp-json\/wp\/v2\/pages\/703\/revisions"}],"predecessor-version":[{"id":12034,"href":"https:\/\/tozsdemuzeum.hu\/en\/wp-json\/wp\/v2\/pages\/703\/revisions\/12034"}],"wp:attachment":[{"href":"https:\/\/tozsdemuzeum.hu\/en\/wp-json\/wp\/v2\/media?parent=703"}],"curies":[{"name":"wp","href":"https:\/\/api.w.org\/{rel}","templated":true}]}}