{"id":635,"date":"2018-09-27T16:02:22","date_gmt":"2018-09-27T14:02:22","guid":{"rendered":"http:\/\/muzeum.netfolio.hu\/?page_id=635"},"modified":"2018-10-31T00:35:29","modified_gmt":"2018-10-30T22:35:29","slug":"archivum","status":"publish","type":"page","link":"https:\/\/tozsdemuzeum.hu\/en\/archivum\/","title":{"rendered":"Collection"},"content":{"rendered":"<div class=\"wpb-content-wrapper\"><div class=\"vc_row wpb_row vc_row-fluid\"><div class=\"wpb_column vc_column_container vc_col-sm-12\"><div class=\"vc_column-inner\"><div class=\"wpb_wrapper\">\t\t<!-- Welcome Section -->\r\n\t\t<div class=\"container-fluid no-padding welcome-section2\">\r\n\t\t\t<!-- Container -->\r\n\t\t\t<div class=\"container\">\r\n\t\t\t\t<!-- Row -->\r\n\t\t\t\t<div class=\"row\">\t\t\t\r\n\t\t\t\t\t<div class=\"col-md-6 col-sm-6 img-block\">\r\n\t\t\t\t\t\t<i><img loading=\"lazy\" decoding=\"async\" width=\"1803\" height=\"2825\" src=\"https:\/\/tozsdemuzeum.hu\/wp-content\/uploads\/2018\/09\/Mod_0001.jpg\" class=\"attachment-full size-full\" alt=\"\" srcset=\"https:\/\/tozsdemuzeum.hu\/wp-content\/uploads\/2018\/09\/Mod_0001.jpg 1803w, https:\/\/tozsdemuzeum.hu\/wp-content\/uploads\/2018\/09\/Mod_0001-191x300.jpg 191w, https:\/\/tozsdemuzeum.hu\/wp-content\/uploads\/2018\/09\/Mod_0001-768x1203.jpg 768w, https:\/\/tozsdemuzeum.hu\/wp-content\/uploads\/2018\/09\/Mod_0001-654x1024.jpg 654w\" sizes=\"auto, (max-width: 1803px) 100vw, 1803px\" \/><\/i>\r\n\t\t\t\t\t<\/div>\r\n\t\t\t\t\t<div class=\"col-md-6 col-sm-6 content-block\">\r\n\t\t\t\t\t\t<!-- Section Header -->\r\n\t\t\t\t\t\t<div class=\"section-header2\">\r\n\t\t\t\t\t\t\t<i><img decoding=\"async\" src=\"https:\/\/tozsdemuzeum.hu\/wp-content\/plugins\/history-toolkit\/lib\/images\/section-header2-1.png\" alt=\"Section Header\" \/><\/i>\r\n\t\t\t\t\t\t\t<span>Publication of official price quotations<\/span>\t\t\t\t\t\t\t<h2>The Price Quotation Journal of the Budapest Commodity and Stock Exchange<\/h2>\t\t\t\t\t\t<\/div><!-- Section Header \/- -->\r\n\t\t\t\t\t\t<p>The Budapest Commodity and Stock Exchange's Price Quotation Journal was the publication where BSE's official price quotations were published. It was published almost without interruption between 1864 and 1948. Digitisation is ongoing: the period 1894-1913 has been completed so far.<\/p>\n\t\t\t\t\t\t<a href=\"\/en\/arjegyzolapok\/\" title=\"Read more...\">Read more...<\/a>\t\t\t\t\t<\/div>\r\n\t\t\t\t<\/div><!-- Row \/- -->\r\n\t\t\t<\/div><!-- Container \/- -->\r\n\t\t<\/div><!-- Welcome Section \/- -->\r\n\t\t\t\t<!-- Welcome Section -->\r\n\t\t<div class=\"container-fluid no-padding welcome-section2\">\r\n\t\t\t<!-- Container -->\r\n\t\t\t<div class=\"container\">\r\n\t\t\t\t<!-- Row -->\r\n\t\t\t\t<div class=\"row\">\t\t\t\r\n\t\t\t\t\t<div class=\"col-md-6 col-sm-6 img-block\">\r\n\t\t\t\t\t\t<i><img loading=\"lazy\" decoding=\"async\" width=\"700\" height=\"507\" src=\"https:\/\/tozsdemuzeum.hu\/wp-content\/uploads\/2018\/09\/\u00c9letat\u0151zsd\u00e9n.png\" class=\"attachment-full size-full\" alt=\"\" srcset=\"https:\/\/tozsdemuzeum.hu\/wp-content\/uploads\/2018\/09\/\u00c9letat\u0151zsd\u00e9n.png 700w, https:\/\/tozsdemuzeum.hu\/wp-content\/uploads\/2018\/09\/\u00c9letat\u0151zsd\u00e9n-300x217.png 300w\" sizes=\"auto, (max-width: 700px) 100vw, 700px\" \/><\/i>\r\n\t\t\t\t\t<\/div>\r\n\t\t\t\t\t<div class=\"col-md-6 col-sm-6 content-block\">\r\n\t\t\t\t\t\t<!-- Section Header -->\r\n\t\t\t\t\t\t<div class=\"section-header2\">\r\n\t\t\t\t\t\t\t<i><img decoding=\"async\" src=\"https:\/\/tozsdemuzeum.hu\/wp-content\/plugins\/history-toolkit\/lib\/images\/section-header2-1.png\" alt=\"Section Header\" \/><\/i>\r\n\t\t\t\t\t\t\t\t\t\t\t\t\t\t<h2>Films<\/h2>\t\t\t\t\t\t<\/div><!-- Section Header \/- -->\r\n\t\t\t\t\t\t<p>Some newsreel footage of the stock exchange and the people who worked there has survived.<\/p>\n\t\t\t\t\t\t<a href=\"\/en\/filmek-es-fotok\/\" title=\"Read more...\">Read more...<\/a>\t\t\t\t\t<\/div>\r\n\t\t\t\t<\/div><!-- Row \/- -->\r\n\t\t\t<\/div><!-- Container \/- -->\r\n\t\t<\/div><!-- Welcome Section \/- -->\r\n\t\t\t\t<!-- Welcome Section -->\r\n\t\t<div class=\"container-fluid no-padding welcome-section2\">\r\n\t\t\t<!-- Container -->\r\n\t\t\t<div class=\"container\">\r\n\t\t\t\t<!-- Row -->\r\n\t\t\t\t<div class=\"row\">\t\t\t\r\n\t\t\t\t\t<div class=\"col-md-6 col-sm-6 img-block\">\r\n\t\t\t\t\t\t<i><img loading=\"lazy\" decoding=\"async\" width=\"743\" height=\"1024\" src=\"https:\/\/tozsdemuzeum.hu\/wp-content\/uploads\/2018\/09\/4c0f704a-3e72-48c1-91e6-08f0b0e28506.jpg\" class=\"attachment-full size-full\" alt=\"\" srcset=\"https:\/\/tozsdemuzeum.hu\/wp-content\/uploads\/2018\/09\/4c0f704a-3e72-48c1-91e6-08f0b0e28506.jpg 743w, https:\/\/tozsdemuzeum.hu\/wp-content\/uploads\/2018\/09\/4c0f704a-3e72-48c1-91e6-08f0b0e28506-218x300.jpg 218w, https:\/\/tozsdemuzeum.hu\/wp-content\/uploads\/2018\/09\/4c0f704a-3e72-48c1-91e6-08f0b0e28506-600x827.jpg 600w\" sizes=\"auto, (max-width: 743px) 100vw, 743px\" \/><\/i>\r\n\t\t\t\t\t<\/div>\r\n\t\t\t\t\t<div class=\"col-md-6 col-sm-6 content-block\">\r\n\t\t\t\t\t\t<!-- Section Header -->\r\n\t\t\t\t\t\t<div class=\"section-header2\">\r\n\t\t\t\t\t\t\t<i><img decoding=\"async\" src=\"https:\/\/tozsdemuzeum.hu\/wp-content\/plugins\/history-toolkit\/lib\/images\/section-header2-1.png\" alt=\"Section Header\" \/><\/i>\r\n\t\t\t\t\t\t\t<span>A picture is worth a thousand words<\/span>\t\t\t\t\t\t\t<h2>Photos<\/h2>\t\t\t\t\t\t<\/div><!-- Section Header \/- -->\r\n\t\t\t\t\t\t<p>Many photos of the old stock exchange buildings have survived.<\/p>\n\t\t\t\t\t\t<a href=\"\/en\/fotok\/\" title=\"Read more...\">Read more...<\/a>\t\t\t\t\t<\/div>\r\n\t\t\t\t<\/div><!-- Row \/- -->\r\n\t\t\t<\/div><!-- Container \/- -->\r\n\t\t<\/div><!-- Welcome Section \/- -->\r\n\t\t<\/div><\/div><\/div><\/div><div class=\"vc_row wpb_row vc_row-fluid\"><div class=\"wpb_column vc_column_container vc_col-sm-12\"><div class=\"vc_column-inner\"><div class=\"wpb_wrapper\">\t\t\r\n\t\t\t<!-- Client Section -->\r\n\t\t\t<div class=\"container-fluid client-section no-padding\">\r\n\t\t\t\t<div class=\"client-carousel\">\r\n\t\t\t\t\t\t\t\t\t\t\t\t\t<div class=\"item\">\r\n\t\t\t\t\t\t\t\t\t<a href=\"https:\/\/www.ramasoft.hu\"><img loading=\"lazy\" decoding=\"async\" width=\"200\" height=\"117\" src=\"https:\/\/tozsdemuzeum.hu\/wp-content\/uploads\/2018\/09\/RAMASOFT-logo_1_newkicsi.png\" class=\"attachment-full size-full\" alt=\"\" \/><\/a>\r\n\t\t\t\t\t\t\t\t<\/div>\r\n\t\t\t\t\t\t\t\t\t\t\t\t\t\t\t\t<div class=\"item item-bg\">\r\n\t\t\t\t\t\t\t\t\t<a href=\"https:\/\/www.arcanum,hu\"><img loading=\"lazy\" decoding=\"async\" width=\"200\" height=\"45\" src=\"https:\/\/tozsdemuzeum.hu\/wp-content\/uploads\/2018\/09\/Arcanumlogo-compact-e1538126948230.png\" class=\"attachment-full size-full\" alt=\"\" \/><\/a>\r\n\t\t\t\t\t\t\t\t<\/div>\r\n\t\t\t\t\t\t\t\t\t\t\t\t\t\t\t\t<div class=\"item\">\r\n\t\t\t\t\t\t\t\t\t<a href=\"https:\/\/www.fszek.hu\"><img loading=\"lazy\" decoding=\"async\" width=\"132\" height=\"132\" src=\"https:\/\/tozsdemuzeum.hu\/wp-content\/uploads\/2018\/09\/logo-fszek-e1538126634936.png\" class=\"attachment-full size-full\" alt=\"\" \/><\/a>\r\n\t\t\t\t\t\t\t\t<\/div>\r\n\t\t\t\t\t\t\t\t\t\t\t\t\t\t\t\t<div class=\"item item-bg\">\r\n\t\t\t\t\t\t\t\t\t<a href=\"https:\/\/www.netfolio.hu\"><img loading=\"lazy\" decoding=\"async\" width=\"200\" height=\"49\" src=\"https:\/\/tozsdemuzeum.hu\/wp-content\/uploads\/2018\/09\/Netfoliologo-1.png\" class=\"attachment-full size-full\" alt=\"\" \/><\/a>\r\n\t\t\t\t\t\t\t\t<\/div>\r\n\t\t\t\t\t\t\t\t\t\t\t\t\t\t\t\t<div class=\"item\">\r\n\t\t\t\t\t\t\t\t\t<a href=\"https:\/\/www.bet.hu\"><img loading=\"lazy\" decoding=\"async\" width=\"132\" height=\"132\" src=\"https:\/\/tozsdemuzeum.hu\/wp-content\/uploads\/2018\/09\/B\u00c9T-log\u00f3-RGB-640px-e1538126668844.png\" class=\"attachment-full size-full\" alt=\"\" \/><\/a>\r\n\t\t\t\t\t\t\t\t<\/div>\r\n\t\t\t\t\t\t\t\t\t\t\t\t<\/div>\r\n\t\t\t<\/div><!-- Client Section \/- -->\r\n\t\t\t\t\r\n\t<!-- Testimonial Section -->\r\n\t<div class=\"testimonial-section container-fluid\">\r\n\t\t<!-- Container -->\r\n\t\t<div class=\"container\">\r\n\t\t\t<div class=\"col-md-8\">\r\n\t\t\t\t<div class=\"testimonial-slider\">\r\n\t\t\t\t\t<div class=\"mis-stage\">\t\r\n\t\t\t\t\t\t\t\t\t\t\t\t\t\t<ol class=\"mis-slider\">\r\n\t\t\t\t\t\t\t\t\t\t\t\t\t\t\t\t\t\t\t\t<li id=\"mis_slide-1\" class=\"mis-slide\" data-slide=\"1\">\r\n\t\t\t\t\t\t\t\t\t\t\t\t\t\t\t\t\t\t\t\t\t\t\t\t\t<a href=\"\/en\/ember\/kochmeister-frigyes\/\" class=\"mis-container\">\r\n\t\t\t\t\t\t\t\t\t\t\t\t\t\t<img loading=\"lazy\" decoding=\"async\" width=\"95\" height=\"95\" src=\"https:\/\/tozsdemuzeum.hu\/wp-content\/uploads\/2018\/09\/Kochmeister_Frigyes-95x95.jpg\" class=\"attachment-history_95_95 size-history_95_95\" alt=\"\" srcset=\"https:\/\/tozsdemuzeum.hu\/wp-content\/uploads\/2018\/09\/Kochmeister_Frigyes-95x95.jpg 95w, https:\/\/tozsdemuzeum.hu\/wp-content\/uploads\/2018\/09\/Kochmeister_Frigyes-150x150.jpg 150w, https:\/\/tozsdemuzeum.hu\/wp-content\/uploads\/2018\/09\/Kochmeister_Frigyes-82x82.jpg 82w\" sizes=\"auto, (max-width: 95px) 100vw, 95px\" \/>\t\t\t\t\t\t\t\t\t\t\t\t\t<\/a>\r\n\t\t\t\t\t\t\t\t\t\t\t\t\t\t\t\t\t\t\t\t\t\t\t\t<\/li>\r\n\t\t\t\t\t\t\t\t\t\t\t\t\t\t\t\t\t\t\t\t\t\t<li id=\"mis_slide-2\" class=\"mis-slide\" data-slide=\"2\">\r\n\t\t\t\t\t\t\t\t\t\t\t\t\t\t\t\t\t\t\t\t\t\t\t\t\t<a href=\"\/en\/ember\/kornfeld-zsigmond\/\" class=\"mis-container\">\r\n\t\t\t\t\t\t\t\t\t\t\t\t\t\t<img loading=\"lazy\" decoding=\"async\" width=\"95\" height=\"95\" src=\"https:\/\/tozsdemuzeum.hu\/wp-content\/uploads\/2018\/09\/Kornfeld_Zsigmond2-95x95.jpg\" class=\"attachment-history_95_95 size-history_95_95\" alt=\"\" srcset=\"https:\/\/tozsdemuzeum.hu\/wp-content\/uploads\/2018\/09\/Kornfeld_Zsigmond2-95x95.jpg 95w, https:\/\/tozsdemuzeum.hu\/wp-content\/uploads\/2018\/09\/Kornfeld_Zsigmond2-150x150.jpg 150w, https:\/\/tozsdemuzeum.hu\/wp-content\/uploads\/2018\/09\/Kornfeld_Zsigmond2-82x82.jpg 82w, https:\/\/tozsdemuzeum.hu\/wp-content\/uploads\/2018\/09\/Kornfeld_Zsigmond2-339x342.jpg 339w\" sizes=\"auto, (max-width: 95px) 100vw, 95px\" \/>\t\t\t\t\t\t\t\t\t\t\t\t\t<\/a>\r\n\t\t\t\t\t\t\t\t\t\t\t\t\t\t\t\t\t\t\t\t\t\t\t\t<\/li>\r\n\t\t\t\t\t\t\t\t\t\t\t\t\t\t\t\t\t\t\t\t\t\t<li id=\"mis_slide-3\" class=\"mis-slide\" data-slide=\"3\">\r\n\t\t\t\t\t\t\t\t\t\t\t\t\t\t\t\t\t\t\t\t\t\t\t\t\t<a href=\"\/en\/ember\/fleissig-sandor\/\" class=\"mis-container\">\r\n\t\t\t\t\t\t\t\t\t\t\t\t\t\t<img loading=\"lazy\" decoding=\"async\" width=\"95\" height=\"95\" src=\"https:\/\/tozsdemuzeum.hu\/wp-content\/uploads\/2018\/09\/Fleissig_S\u00e1ndor-95x95.jpg\" class=\"attachment-history_95_95 size-history_95_95\" alt=\"\" srcset=\"https:\/\/tozsdemuzeum.hu\/wp-content\/uploads\/2018\/09\/Fleissig_S\u00e1ndor-95x95.jpg 95w, https:\/\/tozsdemuzeum.hu\/wp-content\/uploads\/2018\/09\/Fleissig_S\u00e1ndor-150x150.jpg 150w, https:\/\/tozsdemuzeum.hu\/wp-content\/uploads\/2018\/09\/Fleissig_S\u00e1ndor-395x395.jpg 395w, https:\/\/tozsdemuzeum.hu\/wp-content\/uploads\/2018\/09\/Fleissig_S\u00e1ndor-82x82.jpg 82w\" sizes=\"auto, (max-width: 95px) 100vw, 95px\" \/>\t\t\t\t\t\t\t\t\t\t\t\t\t<\/a>\r\n\t\t\t\t\t\t\t\t\t\t\t\t\t\t\t\t\t\t\t\t\t\t\t\t<\/li>\r\n\t\t\t\t\t\t\t\t\t\t\t\t\t\t\t\t\t\t\t<\/ol>\r\n\t\t\t\t\t\t\t\t<div class=\"mis-content-block\">\r\n\t\t\t\t\t\t\t\t\t\t\t\t\t\t\t\t\t\t\t\t<div id=\"mis_slide_content-1\">\r\n\t\t\t\t\t\t\t\t\t\t\t\t<p>\"What is needed is a serious, persistent will on the part of each of us, directed to visit, use and animate the young institution frequently, perhaps at first with some sacrifice of our habits, our desires and our interests.\"<\/p>\n\t\t\t\t\t\t\t\t\t\t\t\t<i class=\"icon icon-MessageRight\"><\/i>\r\n\t\t\t\t\t\t\t\t\t\t\t\t<h3>Baron Frigyes Kochmeister (1816-1907)<\/h3>\t\t\t\t\t\t\t\t\t\t\t\t<span>President of the BSE (1864-1900)<\/span>\t\t\t\t\t\t\t\t\t\t\t<\/div>\r\n\t\t\t\t\t\t\t\t\t\t\t\t\t\t\t\t\t\t\t\t\t\t<div id=\"mis_slide_content-2\">\r\n\t\t\t\t\t\t\t\t\t\t\t\t<p>\"As regards freedom of action, our institution desires nothing more than to do what is in the interest of the country as a whole, and to be free from any unilateral tendency, as it has been far from seeking to cultivate its own interests at the expense of the common good. \"<\/p>\n\t\t\t\t\t\t\t\t\t\t\t\t<i class=\"icon icon-MessageRight\"><\/i>\r\n\t\t\t\t\t\t\t\t\t\t\t\t<h3>Baron Zsigmond Kornfeld (1852-1909)<\/h3>\t\t\t\t\t\t\t\t\t\t\t\t<span>President of the BSE (1900-1909)<\/span>\t\t\t\t\t\t\t\t\t\t\t<\/div>\r\n\t\t\t\t\t\t\t\t\t\t\t\t\t\t\t\t\t\t\t\t\t\t<div id=\"mis_slide_content-3\">\r\n\t\t\t\t\t\t\t\t\t\t\t\t<p>\"Our poor mother, this dismembered Hungary is sick, seriously sick, and let us put aside all other interests, real or apparent, and keep in mind the only point of view: what is necessary, what is good for our poor, sick mother: Hungary.\"<\/p>\n\t\t\t\t\t\t\t\t\t\t\t\t<i class=\"icon icon-MessageRight\"><\/i>\r\n\t\t\t\t\t\t\t\t\t\t\t\t<h3>S\u00e1ndor Fleissig (1869-1939)<\/h3>\t\t\t\t\t\t\t\t\t\t\t\t<span>President of the BSE (1931-1939)<\/span>\t\t\t\t\t\t\t\t\t\t\t<\/div>\r\n\t\t\t\t\t\t\t\t\t\t\t\t\t\t\t\t\t\t\t<\/div>\r\n\t\t\t\t\t\t\t\t\t\t\t\t\t<\/div>\r\n\t\t\t\t<\/div>\r\n\t\t\t<\/div>\r\n\t\t<\/div><!-- Container \/-  -->\r\n\t<\/div><!-- Testimonial Section \/- -->\r\n\t<\/div><\/div><\/div><\/div>\n<\/div>","protected":false},"excerpt":{"rendered":"A hivatalos \u00e1rjegyz\u00e9sek kiadv\u00e1nya A Budapesti \u00c1ru- \u00e9s \u00c9rt\u00e9kt\u0151zsde \u00c1rjegyz\u0151 Lapja A Budapesti \u00c1ru- \u00e9s \u00c9rt\u00e9kt\u0151zsde \u00c1rjegyz\u0151 Lapja volt az a kiadv\u00e1ny, ahol a B\u00c1\u00c9T hivatalos \u00e1rjegyz\u00e9seit publik\u00e1lt\u00e1k. 1864 \u00e9s 1948 k\u00f6z\u00f6tt szinte megszak\u00edt\u00e1s n\u00e9lk\u00fcl megjelent. Digitaliz\u00e1l\u00e1sa folyamatosan zajlik: eddig az 1894 \u00e9s 1913 k\u00f6z\u00f6tti id\u0151szak k\u00e9sz\u00fclt el. Tov\u00e1bb... Filmek A t\u0151zsdepalot\u00e1r\u00f3l \u00e9s a benne [...]","protected":false},"author":1,"featured_media":0,"parent":0,"menu_order":0,"comment_status":"closed","ping_status":"closed","template":"","meta":{"_acf_changed":false,"_monsterinsights_skip_tracking":false,"_monsterinsights_sitenote_active":false,"_monsterinsights_sitenote_note":"","_monsterinsights_sitenote_category":0,"footnotes":""},"class_list":["post-635","page","type-page","status-publish","hentry"],"acf":[],"_links":{"self":[{"href":"https:\/\/tozsdemuzeum.hu\/en\/wp-json\/wp\/v2\/pages\/635","targetHints":{"allow":["GET"]}}],"collection":[{"href":"https:\/\/tozsdemuzeum.hu\/en\/wp-json\/wp\/v2\/pages"}],"about":[{"href":"https:\/\/tozsdemuzeum.hu\/en\/wp-json\/wp\/v2\/types\/page"}],"author":[{"embeddable":true,"href":"https:\/\/tozsdemuzeum.hu\/en\/wp-json\/wp\/v2\/users\/1"}],"replies":[{"embeddable":true,"href":"https:\/\/tozsdemuzeum.hu\/en\/wp-json\/wp\/v2\/comments?post=635"}],"version-history":[{"count":10,"href":"https:\/\/tozsdemuzeum.hu\/en\/wp-json\/wp\/v2\/pages\/635\/revisions"}],"predecessor-version":[{"id":2949,"href":"https:\/\/tozsdemuzeum.hu\/en\/wp-json\/wp\/v2\/pages\/635\/revisions\/2949"}],"wp:attachment":[{"href":"https:\/\/tozsdemuzeum.hu\/en\/wp-json\/wp\/v2\/media?parent=635"}],"curies":[{"name":"wp","href":"https:\/\/api.w.org\/{rel}","templated":true}]}}