{"id":613,"date":"2018-09-27T15:25:22","date_gmt":"2018-09-27T13:25:22","guid":{"rendered":"http:\/\/muzeum.netfolio.hu\/?page_id=613"},"modified":"2024-11-22T11:03:23","modified_gmt":"2024-11-22T09:03:23","slug":"szerzok","status":"publish","type":"page","link":"https:\/\/tozsdemuzeum.hu\/en\/szerzok\/","title":{"rendered":"Authors"},"content":{"rendered":"<div class=\"wpb-content-wrapper\"><div class=\"vc_row wpb_row vc_row-fluid\"><div class=\"wpb_column vc_column_container vc_col-sm-12\"><div class=\"vc_column-inner\"><div class=\"wpb_wrapper\">\t\t<!-- Call Out -->\r\n\t\t<div class=\"call-out container-fluid no-padding\">\r\n\t\t\t<!-- Container -->\r\n\t\t\t<div class=\"container\">\r\n\t\t\t\t<div class=\"col-md-7 col-sm-7 col-xs-7 call-out-content\">\r\n\t\t\t\t\t<h3>Dr. M\u00e1rton Pelles<\/h3>\t\t\t\t\t<h5>Research Manager, Ramasoft Data Services and Information Technology Ltd.<\/h5>\t\t\t\t\t<p>M\u00e1rton Pelles graduated from the Faculty of Economics, University of P\u00e9cs, with a BSc degree in Applied Economics in 2015; MSc degree in Management and Organization in 2017 and PhD degree in 2021. As an economic historian, his primary research topics are Rijeka, the history of Hungarian merchant shipping and, more recently, Hungarian brewing. His professional achievements include the first place at the XXXII National Scientific Student Conference in 2015, the Pro Scientia Gold Medal Award from the Hungarian Academy of Sciences, the Hungarian Academy of Technology and the Hungarian Ministry of Education and Science in 2017 and the Tam\u00e1s Roska Scientific Lecture Award from the Hungarian Academy of Technology in 2021. He is the author of numerous scientific publications, including 3 monographs published in Hungarian, English, Croatian and Italian. His hobby is brewing beer and he also runs a Youtube channel called S\u00f6rdoktor. <a href=\"tel:\" title=\"\"><\/a><\/p>\r\n\t\t\t\t\t<a class=\"callout-info\" href=\"https:\/\/tozsdemuzeum.hu\/en\/cikkek\/?szerzo=Dr.%20Pelles%20M\u00e1rton\" title=\"Articles\">Articles<\/a>\t\t\t\t<\/div>\r\n\t\t\t\t<div class=\"col-md-5 col-sm-5 col-xs-5 call-out-img\">\r\n\t\t\t\t\t<i><img loading=\"lazy\" decoding=\"async\" width=\"499\" height=\"687\" src=\"https:\/\/tozsdemuzeum.hu\/wp-content\/uploads\/2022\/12\/Pelles4.png\" class=\"attachment-full size-full\" alt=\"\" srcset=\"https:\/\/tozsdemuzeum.hu\/wp-content\/uploads\/2022\/12\/Pelles4.png 499w, https:\/\/tozsdemuzeum.hu\/wp-content\/uploads\/2022\/12\/Pelles4-436x600.png 436w\" sizes=\"auto, (max-width: 499px) 100vw, 499px\" \/><\/i>\r\n\t\t\t\t<\/div>\r\n\t\t\t<\/div><!-- Container \/- -->\r\n\t\t<\/div><!-- Call Out -->\r\n\t\t<\/div><\/div><\/div><\/div><div class=\"vc_row wpb_row vc_row-fluid\"><div class=\"wpb_column vc_column_container vc_col-sm-12\"><div class=\"vc_column-inner\"><div class=\"wpb_wrapper\">\t\t<!-- Call Out -->\r\n\t\t<div class=\"call-out container-fluid no-padding\">\r\n\t\t\t<!-- Container -->\r\n\t\t\t<div class=\"container\">\r\n\t\t\t\t<div class=\"col-md-7 col-sm-7 col-xs-7 call-out-content\">\r\n\t\t\t\t\t<h3>Csaba Domonkos<\/h3>\t\t\t\t\t<h5>Chief Museologist, Head of Department, Hungarian Museum of Technology and Transport<\/h5>\t\t\t\t\t<p>In 1997 he graduated from the ELTE Faculty of Humanities, in 1998 as a history teacher. From 1997 to 2000, she worked as a museum ethnographer at the Museum of Transport. Between 2000 and 2010, she worked mainly as a communications specialist and journalist, at Civil Radio, a daily newspaper and as a press officer at the Municipality of District XI. He returned to the Museum of Transport (the Hungarian Museum of Technology and Transport) in 2010, which has since been merged with the National Museum of Technology, and was head of the communications team until 2016. Since 2016, he has been the museologist of the Collection of Road Tracks and Elevated Buildings, and first Deputy Head of Department of Technical Museology, then Head of Department, and from 2021 Head of the Industrial Heritage Department. His main research interest is the history of Hungarian bridge building, on which he has published several articles and, most recently, a book. He has also written hundreds of articles on urban, transport and technical history. <a href=\"tel:\" title=\"\"><\/a><\/p>\r\n\t\t\t\t\t<a class=\"callout-info\" href=\"https:\/\/tozsdemuzeum.hu\/en\/cikkek\/?szerzo=Domonkos%20Csaba\" title=\"Articles\">Articles<\/a>\t\t\t\t<\/div>\r\n\t\t\t\t<div class=\"col-md-5 col-sm-5 col-xs-5 call-out-img\">\r\n\t\t\t\t\t<i><img loading=\"lazy\" decoding=\"async\" width=\"1800\" height=\"2300\" src=\"https:\/\/tozsdemuzeum.hu\/wp-content\/uploads\/2024\/05\/DomonkosCsaba-1.png\" class=\"attachment-full size-full\" alt=\"\" srcset=\"https:\/\/tozsdemuzeum.hu\/wp-content\/uploads\/2024\/05\/DomonkosCsaba-1.png 1800w, https:\/\/tozsdemuzeum.hu\/wp-content\/uploads\/2024\/05\/DomonkosCsaba-1-470x600.png 470w, https:\/\/tozsdemuzeum.hu\/wp-content\/uploads\/2024\/05\/DomonkosCsaba-1-801x1024.png 801w, https:\/\/tozsdemuzeum.hu\/wp-content\/uploads\/2024\/05\/DomonkosCsaba-1-768x981.png 768w, https:\/\/tozsdemuzeum.hu\/wp-content\/uploads\/2024\/05\/DomonkosCsaba-1-1202x1536.png 1202w, https:\/\/tozsdemuzeum.hu\/wp-content\/uploads\/2024\/05\/DomonkosCsaba-1-1603x2048.png 1603w, https:\/\/tozsdemuzeum.hu\/wp-content\/uploads\/2024\/05\/DomonkosCsaba-1-9x12.png 9w\" sizes=\"auto, (max-width: 1800px) 100vw, 1800px\" \/><\/i>\r\n\t\t\t\t<\/div>\r\n\t\t\t<\/div><!-- Container \/- -->\r\n\t\t<\/div><!-- Call Out -->\r\n\t\t<\/div><\/div><\/div><\/div><div class=\"vc_row wpb_row vc_row-fluid\"><div class=\"wpb_column vc_column_container vc_col-sm-12\"><div class=\"vc_column-inner\"><div class=\"wpb_wrapper\">\t\t<!-- Call Out -->\r\n\t\t<div class=\"call-out container-fluid no-padding\">\r\n\t\t\t<!-- Container -->\r\n\t\t\t<div class=\"container\">\r\n\t\t\t\t<div class=\"col-md-7 col-sm-7 col-xs-7 call-out-content\">\r\n\t\t\t\t\t<h3>Dr. M\u00e1ria Hidv\u00e9gi<\/h3>\t\t\t\t\t<h5>historian, economist<\/h5>\t\t\t\t\t<p>He graduated in International Relations from the Budapest University of Economics and Public Administration (Corvinus University of Budapest) in 2004, and in History from the University of Leipzig in 2015. He was a research fellow at the Geisteswissenschaftliches Zentrum Geschichte und Kultur Ostmitteleuropas (GWZO) in Leipzig and later at the University of Konstanz. In 2018, he worked as an economist at the Patent Office, and since January 2019 as a historian at Tungsram Operations Kft. He is a collaborator on the research project Spoils of War: The Economic Consequences of the Great War in Central Europe, led by Professor Tam\u00e1s Vony\u00f3 at Bocconi University. His research interests include the development of Hungarian industry, especially electrical engineering and mechanical engineering, from an international perspective, the strategies of small firms in the world market, cartels as crisis management institutions, and the impact of the First World War on the development of industry in the Austro-Hungarian Empire and its successor states. He has published widely in English, German and Hungarian. <a href=\"tel:\" title=\"\"><\/a><\/p>\r\n\t\t\t\t\t<a class=\"callout-info\" href=\"https:\/\/tozsdemuzeum.hu\/en\/cikkek\/?szerzo=Hidvegi%20Maria\" title=\"Articles\">Articles<\/a>\t\t\t\t<\/div>\r\n\t\t\t\t<div class=\"col-md-5 col-sm-5 col-xs-5 call-out-img\">\r\n\t\t\t\t\t<i><img loading=\"lazy\" decoding=\"async\" width=\"1567\" height=\"1973\" src=\"https:\/\/tozsdemuzeum.hu\/wp-content\/uploads\/2024\/11\/CV-picture_HM_2_mod2.png\" class=\"attachment-full size-full\" alt=\"\" srcset=\"https:\/\/tozsdemuzeum.hu\/wp-content\/uploads\/2024\/11\/CV-picture_HM_2_mod2.png 1567w, https:\/\/tozsdemuzeum.hu\/wp-content\/uploads\/2024\/11\/CV-picture_HM_2_mod2-477x600.png 477w, https:\/\/tozsdemuzeum.hu\/wp-content\/uploads\/2024\/11\/CV-picture_HM_2_mod2-813x1024.png 813w, https:\/\/tozsdemuzeum.hu\/wp-content\/uploads\/2024\/11\/CV-picture_HM_2_mod2-768x967.png 768w, https:\/\/tozsdemuzeum.hu\/wp-content\/uploads\/2024\/11\/CV-picture_HM_2_mod2-1220x1536.png 1220w, https:\/\/tozsdemuzeum.hu\/wp-content\/uploads\/2024\/11\/CV-picture_HM_2_mod2-10x12.png 10w\" sizes=\"auto, (max-width: 1567px) 100vw, 1567px\" \/><\/i>\r\n\t\t\t\t<\/div>\r\n\t\t\t<\/div><!-- Container \/- -->\r\n\t\t<\/div><!-- Call Out -->\r\n\t\t<\/div><\/div><\/div><\/div><div class=\"vc_row wpb_row vc_row-fluid\"><div class=\"wpb_column vc_column_container vc_col-sm-12\"><div class=\"vc_column-inner\"><div class=\"wpb_wrapper\">\t\t<!-- Call Out -->\r\n\t\t<div class=\"call-out container-fluid no-padding\">\r\n\t\t\t<!-- Container -->\r\n\t\t\t<div class=\"container\">\r\n\t\t\t\t<div class=\"col-md-7 col-sm-7 col-xs-7 call-out-content\">\r\n\t\t\t\t\t<h3>Dr. Katalin M\u00e9r\u0151<\/h3>\t\t\t\t\t<h5>Economist, Associate Professor of Finance at the Budapest University of Economics and Business<\/h5>\t\t\t\t\t<p>He started his career as a statistician and worked as a researcher. After the establishment of the two-tier banking system in Hungary, he held various senior positions at the Commercial and Credit Bank of Hungary from 1990 to 2010, then at the Hungarian National Bank, and subsequently at the State Financial Supervisory Authority of Hungary. He received his PhD from the Budapest University of Technology and Economics in 2005 and his habilitation from the University of Szeged in 2018. Author of several publications in Hungarian and English. His research interests include operational characteristics and risks, structural and regulatory issues of financial systems and institutions. <a href=\"tel:\" title=\"\"><\/a><\/p>\r\n\t\t\t\t\t<a class=\"callout-info\" href=\"https:\/\/tozsdemuzeum.hu\/en\/cikkek\/?szerzo=Dr.%20M\u00e9r\u0151%20Katalin\" title=\"Articles\">Articles<\/a>\t\t\t\t<\/div>\r\n\t\t\t\t<div class=\"col-md-5 col-sm-5 col-xs-5 call-out-img\">\r\n\t\t\t\t\t<i><img loading=\"lazy\" decoding=\"async\" width=\"374\" height=\"511\" src=\"https:\/\/tozsdemuzeum.hu\/wp-content\/uploads\/2024\/01\/MeroKatalin_mod2.png\" class=\"attachment-full size-full\" alt=\"\" \/><\/i>\r\n\t\t\t\t<\/div>\r\n\t\t\t<\/div><!-- Container \/- -->\r\n\t\t<\/div><!-- Call Out -->\r\n\t\t<\/div><\/div><\/div><\/div><div class=\"vc_row wpb_row vc_row-fluid\"><div class=\"wpb_column vc_column_container vc_col-sm-12\"><div class=\"vc_column-inner\"><div class=\"wpb_wrapper\">\t\t<!-- Call Out -->\r\n\t\t<div class=\"call-out container-fluid no-padding\">\r\n\t\t\t<!-- Container -->\r\n\t\t\t<div class=\"container\">\r\n\t\t\t\t<div class=\"col-md-7 col-sm-7 col-xs-7 call-out-content\">\r\n\t\t\t\t\t<h3>Dr. M\u00e1rton Radnai<\/h3>\t\t\t\t\t<h5>CEO, Ramasoft Data Services and Information Technology Ltd.<\/h5>\t\t\t\t\t<p>In 1995, he graduated from the Budapest University of Economics and Business Administration, majoring in Finance, where he obtained a PhD in Economics in 2003. He also studied at the London Business School as a visiting PhD student. After graduating, he worked as a consultant for the Hungarian Capital Fund and then at the International Banking Training Centre. Subsequently, he founded Ramasoft Ltd. and Kevin &amp; Thorn Consulting Ltd., of which he has been the majority owner and director since its foundation. His areas of expertise include financial product design, pricing, market risk management, trading book and Basel III capital requirements regulation. He has numerous publications in Hungarian and foreign journals. <a href=\"tel:\" title=\"\"><\/a><\/p>\r\n\t\t\t\t\t<a class=\"callout-info\" href=\"https:\/\/tozsdemuzeum.hu\/en\/cikkek\/?szerzo=Radnai%20M\u00e1rton\" title=\"Articles\">Articles<\/a>\t\t\t\t<\/div>\r\n\t\t\t\t<div class=\"col-md-5 col-sm-5 col-xs-5 call-out-img\">\r\n\t\t\t\t\t<i><img loading=\"lazy\" decoding=\"async\" width=\"2627\" height=\"2975\" src=\"https:\/\/tozsdemuzeum.hu\/wp-content\/uploads\/2018\/09\/DSC0103b-e1538056212972.jpg\" class=\"attachment-full size-full\" alt=\"\" srcset=\"https:\/\/tozsdemuzeum.hu\/wp-content\/uploads\/2018\/09\/DSC0103b-e1538056212972.jpg 2627w, https:\/\/tozsdemuzeum.hu\/wp-content\/uploads\/2018\/09\/DSC0103b-e1538056212972-265x300.jpg 265w, https:\/\/tozsdemuzeum.hu\/wp-content\/uploads\/2018\/09\/DSC0103b-e1538056212972-768x870.jpg 768w, https:\/\/tozsdemuzeum.hu\/wp-content\/uploads\/2018\/09\/DSC0103b-e1538056212972-904x1024.jpg 904w\" sizes=\"auto, (max-width: 2627px) 100vw, 2627px\" \/><\/i>\r\n\t\t\t\t<\/div>\r\n\t\t\t<\/div><!-- Container \/- -->\r\n\t\t<\/div><!-- Call Out -->\r\n\t\t<\/div><\/div><\/div><\/div><div class=\"vc_row wpb_row vc_row-fluid\"><div class=\"wpb_column vc_column_container vc_col-sm-12\"><div class=\"vc_column-inner\"><div class=\"wpb_wrapper\">\t\t<!-- Call Out -->\r\n\t\t<div class=\"call-out container-fluid no-padding\">\r\n\t\t\t<!-- Container -->\r\n\t\t\t<div class=\"container\">\r\n\t\t\t\t<div class=\"col-md-7 col-sm-7 col-xs-7 call-out-content\">\r\n\t\t\t\t\t<h3>R\u00f3bert Szab\u00f3<\/h3>\t\t\t\t\t<h5>PhD student, ELTE Doctoral Program in Social and Economic History<\/h5>\t\t\t\t\t<p>R\u00f3bert Szab\u00f3 graduated from the E\u00f6tv\u00f6s Lor\u00e1nd University with a degree in physics and history in 2020. He is currently a doctoral student at the ELTE Doctoral School of History, Doctoral Program in Social and Economic History. Her research on social history, and thus on the issue of social mobility, focuses on schools as institutions and thus on the history of education, especially in relation to the First World War. Among her professional achievements, she was awarded first prize at the XXIV National Scientific Student Conference and the Pro Scientia Gold Medal in 2019. Among his publications in English and Hungarian, his studies on the First World War war immunity are prominent. <a href=\"tel:\" title=\"\"><\/a><\/p>\r\n\t\t\t\t\t<a class=\"callout-info\" href=\"https:\/\/tozsdemuzeum.hu\/en\/cikkek\/?szerzo=Szab\u00f3%20R\u00f3bert\" title=\"Articles\">Articles<\/a>\t\t\t\t<\/div>\r\n\t\t\t\t<div class=\"col-md-5 col-sm-5 col-xs-5 call-out-img\">\r\n\t\t\t\t\t<i><img loading=\"lazy\" decoding=\"async\" width=\"2857\" height=\"3330\" src=\"https:\/\/tozsdemuzeum.hu\/wp-content\/uploads\/2023\/01\/Szabo-Robert333333-1.png\" class=\"attachment-full size-full\" alt=\"\" srcset=\"https:\/\/tozsdemuzeum.hu\/wp-content\/uploads\/2023\/01\/Szabo-Robert333333-1.png 2857w, https:\/\/tozsdemuzeum.hu\/wp-content\/uploads\/2023\/01\/Szabo-Robert333333-1-515x600.png 515w, https:\/\/tozsdemuzeum.hu\/wp-content\/uploads\/2023\/01\/Szabo-Robert333333-1-879x1024.png 879w, https:\/\/tozsdemuzeum.hu\/wp-content\/uploads\/2023\/01\/Szabo-Robert333333-1-768x895.png 768w, https:\/\/tozsdemuzeum.hu\/wp-content\/uploads\/2023\/01\/Szabo-Robert333333-1-1318x1536.png 1318w, https:\/\/tozsdemuzeum.hu\/wp-content\/uploads\/2023\/01\/Szabo-Robert333333-1-1757x2048.png 1757w\" sizes=\"auto, (max-width: 2857px) 100vw, 2857px\" \/><\/i>\r\n\t\t\t\t<\/div>\r\n\t\t\t<\/div><!-- Container \/- -->\r\n\t\t<\/div><!-- Call Out -->\r\n\t\t<\/div><\/div><\/div><\/div><div class=\"vc_row wpb_row vc_row-fluid\"><div class=\"wpb_column vc_column_container vc_col-sm-12\"><div class=\"vc_column-inner\"><div class=\"wpb_wrapper\">\t\t<!-- Call Out -->\r\n\t\t<div class=\"call-out container-fluid no-padding\">\r\n\t\t\t<!-- Container -->\r\n\t\t\t<div class=\"container\">\r\n\t\t\t\t<div class=\"col-md-7 col-sm-7 col-xs-7 call-out-content\">\r\n\t\t\t\t\t<h3>Dr. G\u00e1bor Tam\u00e1s<\/h3>\t\t\t\t\t<h5>Senior Consultant, HORV\u00c1TH &amp; PARTNERS KFT.<\/h5>\t\t\t\t\t<p>G\u00e1bor Tam\u00e1s graduated from the Budapest University of Economics and Business Administration in 1996, majoring in Information Management. In 2008, he received an international MBA degree in English from Corvinus University. In 2023, he obtained a PhD degree in the Doctoral Program in Social and Economic History at ELTE. After graduation, he worked at Allianz Hung\u00e1ria Insurance, where he first held management positions in controlling, then in sales and customer service, and later became a member of the management board and COO of the company. Currently, he is a senior consultant at Horv\u00e1th &amp; Partners management consulting firm and an expert in the insurance market. His academic specialisation is the history of Hungarian insurance, in which he has published several papers and a book on the subject. <a href=\"tel:\" title=\"\"><\/a><\/p>\r\n\t\t\t\t\t<a class=\"callout-info\" href=\"https:\/\/tozsdemuzeum.hu\/en\/cikkek\/?szerzo=Tam\u00e1s%20G\u00e1bor\" title=\"Articles\">Articles<\/a>\t\t\t\t<\/div>\r\n\t\t\t\t<div class=\"col-md-5 col-sm-5 col-xs-5 call-out-img\">\r\n\t\t\t\t\t<i><img loading=\"lazy\" decoding=\"async\" width=\"374\" height=\"511\" src=\"https:\/\/tozsdemuzeum.hu\/wp-content\/uploads\/2023\/01\/Nevtelen-3.png\" class=\"attachment-full size-full\" alt=\"\" \/><\/i>\r\n\t\t\t\t<\/div>\r\n\t\t\t<\/div><!-- Container \/- -->\r\n\t\t<\/div><!-- Call Out -->\r\n\t\t<\/div><\/div><\/div><\/div><div class=\"vc_row wpb_row vc_row-fluid\"><div class=\"wpb_column vc_column_container vc_col-sm-12\"><div class=\"vc_column-inner\"><div class=\"wpb_wrapper\">\t\t\r\n\t\t\t<!-- Client Section -->\r\n\t\t\t<div class=\"container-fluid client-section no-padding\">\r\n\t\t\t\t<div class=\"client-carousel\">\r\n\t\t\t\t\t\t\t\t\t\t\t\t\t<div class=\"item\">\r\n\t\t\t\t\t\t\t\t\t<a href=\"https:\/\/www.ramasoft.hu\"><img loading=\"lazy\" decoding=\"async\" width=\"200\" height=\"117\" src=\"https:\/\/tozsdemuzeum.hu\/wp-content\/uploads\/2018\/09\/RAMASOFT-logo_1_newkicsi.png\" class=\"attachment-full size-full\" alt=\"\" \/><\/a>\r\n\t\t\t\t\t\t\t\t<\/div>\r\n\t\t\t\t\t\t\t\t\t\t\t\t\t\t\t\t<div class=\"item item-bg\">\r\n\t\t\t\t\t\t\t\t\t<a href=\"https:\/\/www.arcanum,hu\"><img loading=\"lazy\" decoding=\"async\" width=\"200\" height=\"45\" src=\"https:\/\/tozsdemuzeum.hu\/wp-content\/uploads\/2018\/09\/Arcanumlogo-compact-e1538126948230.png\" class=\"attachment-full size-full\" alt=\"\" \/><\/a>\r\n\t\t\t\t\t\t\t\t<\/div>\r\n\t\t\t\t\t\t\t\t\t\t\t\t\t\t\t\t<div class=\"item\">\r\n\t\t\t\t\t\t\t\t\t<a href=\"https:\/\/www.fszek.hu\"><img loading=\"lazy\" decoding=\"async\" width=\"132\" height=\"132\" src=\"https:\/\/tozsdemuzeum.hu\/wp-content\/uploads\/2018\/09\/logo-fszek-e1538126634936.png\" class=\"attachment-full size-full\" alt=\"\" \/><\/a>\r\n\t\t\t\t\t\t\t\t<\/div>\r\n\t\t\t\t\t\t\t\t\t\t\t\t\t\t\t\t<div class=\"item item-bg\">\r\n\t\t\t\t\t\t\t\t\t<a href=\"https:\/\/www.netfolio.hu\"><img loading=\"lazy\" decoding=\"async\" width=\"200\" height=\"49\" src=\"https:\/\/tozsdemuzeum.hu\/wp-content\/uploads\/2018\/09\/Netfoliologo-1.png\" class=\"attachment-full size-full\" alt=\"\" \/><\/a>\r\n\t\t\t\t\t\t\t\t<\/div>\r\n\t\t\t\t\t\t\t\t\t\t\t\t\t\t\t\t<div class=\"item\">\r\n\t\t\t\t\t\t\t\t\t<a href=\"https:\/\/www.bet.hu\"><img loading=\"lazy\" decoding=\"async\" width=\"132\" height=\"132\" src=\"https:\/\/tozsdemuzeum.hu\/wp-content\/uploads\/2018\/09\/B\u00c9T-log\u00f3-RGB-640px-e1538126668844.png\" class=\"attachment-full size-full\" alt=\"\" \/><\/a>\r\n\t\t\t\t\t\t\t\t<\/div>\r\n\t\t\t\t\t\t\t\t\t\t\t\t<\/div>\r\n\t\t\t<\/div><!-- Client Section \/- -->\r\n\t\t\t\t\r\n\t<!-- Testimonial Section -->\r\n\t<div class=\"testimonial-section container-fluid\">\r\n\t\t<!-- Container -->\r\n\t\t<div class=\"container\">\r\n\t\t\t<div class=\"col-md-8\">\r\n\t\t\t\t<div class=\"testimonial-slider\">\r\n\t\t\t\t\t<div class=\"mis-stage\">\t\r\n\t\t\t\t\t\t\t\t\t\t\t\t\t\t<ol class=\"mis-slider\">\r\n\t\t\t\t\t\t\t\t\t\t\t\t\t\t\t\t\t\t\t\t<li id=\"mis_slide-1\" class=\"mis-slide\" data-slide=\"1\">\r\n\t\t\t\t\t\t\t\t\t\t\t\t\t\t\t\t\t\t\t\t\t\t\t\t\t<a href=\"\/en\/ember\/kochmeister-frigyes\/\" class=\"mis-container\">\r\n\t\t\t\t\t\t\t\t\t\t\t\t\t\t<img loading=\"lazy\" decoding=\"async\" width=\"95\" height=\"95\" src=\"https:\/\/tozsdemuzeum.hu\/wp-content\/uploads\/2018\/09\/Kochmeister_Frigyes-95x95.jpg\" class=\"attachment-history_95_95 size-history_95_95\" alt=\"\" srcset=\"https:\/\/tozsdemuzeum.hu\/wp-content\/uploads\/2018\/09\/Kochmeister_Frigyes-95x95.jpg 95w, https:\/\/tozsdemuzeum.hu\/wp-content\/uploads\/2018\/09\/Kochmeister_Frigyes-150x150.jpg 150w, https:\/\/tozsdemuzeum.hu\/wp-content\/uploads\/2018\/09\/Kochmeister_Frigyes-82x82.jpg 82w\" sizes=\"auto, (max-width: 95px) 100vw, 95px\" \/>\t\t\t\t\t\t\t\t\t\t\t\t\t<\/a>\r\n\t\t\t\t\t\t\t\t\t\t\t\t\t\t\t\t\t\t\t\t\t\t\t\t<\/li>\r\n\t\t\t\t\t\t\t\t\t\t\t\t\t\t\t\t\t\t\t\t\t\t<li id=\"mis_slide-2\" class=\"mis-slide\" data-slide=\"2\">\r\n\t\t\t\t\t\t\t\t\t\t\t\t\t\t\t\t\t\t\t\t\t\t\t\t\t<a href=\"\/en\/ember\/kornfeld-zsigmond\/\" class=\"mis-container\">\r\n\t\t\t\t\t\t\t\t\t\t\t\t\t\t<img loading=\"lazy\" decoding=\"async\" width=\"95\" height=\"95\" src=\"https:\/\/tozsdemuzeum.hu\/wp-content\/uploads\/2018\/09\/Kornfeld_Zsigmond2-95x95.jpg\" class=\"attachment-history_95_95 size-history_95_95\" alt=\"\" srcset=\"https:\/\/tozsdemuzeum.hu\/wp-content\/uploads\/2018\/09\/Kornfeld_Zsigmond2-95x95.jpg 95w, https:\/\/tozsdemuzeum.hu\/wp-content\/uploads\/2018\/09\/Kornfeld_Zsigmond2-150x150.jpg 150w, https:\/\/tozsdemuzeum.hu\/wp-content\/uploads\/2018\/09\/Kornfeld_Zsigmond2-82x82.jpg 82w, https:\/\/tozsdemuzeum.hu\/wp-content\/uploads\/2018\/09\/Kornfeld_Zsigmond2-339x342.jpg 339w\" sizes=\"auto, (max-width: 95px) 100vw, 95px\" \/>\t\t\t\t\t\t\t\t\t\t\t\t\t<\/a>\r\n\t\t\t\t\t\t\t\t\t\t\t\t\t\t\t\t\t\t\t\t\t\t\t\t<\/li>\r\n\t\t\t\t\t\t\t\t\t\t\t\t\t\t\t\t\t\t\t\t\t\t<li id=\"mis_slide-3\" class=\"mis-slide\" data-slide=\"3\">\r\n\t\t\t\t\t\t\t\t\t\t\t\t\t\t\t\t\t\t\t\t\t\t\t\t\t<a href=\"\/en\/ember\/fleissig-sandor\/\" class=\"mis-container\">\r\n\t\t\t\t\t\t\t\t\t\t\t\t\t\t<img loading=\"lazy\" decoding=\"async\" width=\"95\" height=\"95\" src=\"https:\/\/tozsdemuzeum.hu\/wp-content\/uploads\/2018\/09\/Fleissig_S\u00e1ndor-95x95.jpg\" class=\"attachment-history_95_95 size-history_95_95\" alt=\"\" srcset=\"https:\/\/tozsdemuzeum.hu\/wp-content\/uploads\/2018\/09\/Fleissig_S\u00e1ndor-95x95.jpg 95w, https:\/\/tozsdemuzeum.hu\/wp-content\/uploads\/2018\/09\/Fleissig_S\u00e1ndor-150x150.jpg 150w, https:\/\/tozsdemuzeum.hu\/wp-content\/uploads\/2018\/09\/Fleissig_S\u00e1ndor-395x395.jpg 395w, https:\/\/tozsdemuzeum.hu\/wp-content\/uploads\/2018\/09\/Fleissig_S\u00e1ndor-82x82.jpg 82w\" sizes=\"auto, (max-width: 95px) 100vw, 95px\" \/>\t\t\t\t\t\t\t\t\t\t\t\t\t<\/a>\r\n\t\t\t\t\t\t\t\t\t\t\t\t\t\t\t\t\t\t\t\t\t\t\t\t<\/li>\r\n\t\t\t\t\t\t\t\t\t\t\t\t\t\t\t\t\t\t\t<\/ol>\r\n\t\t\t\t\t\t\t\t<div class=\"mis-content-block\">\r\n\t\t\t\t\t\t\t\t\t\t\t\t\t\t\t\t\t\t\t\t<div id=\"mis_slide_content-1\">\r\n\t\t\t\t\t\t\t\t\t\t\t\t<p>\"What is needed is a serious, persistent will on the part of each of us, directed to visit, use and animate the young institution frequently, perhaps at first with some sacrifice of our habits, our desires and our interests.\"<\/p>\n\t\t\t\t\t\t\t\t\t\t\t\t<i class=\"icon icon-MessageRight\"><\/i>\r\n\t\t\t\t\t\t\t\t\t\t\t\t<h3>Baron Frigyes Kochmeister (1816-1907)<\/h3>\t\t\t\t\t\t\t\t\t\t\t\t<span>President of the BSE (1864-1900)<\/span>\t\t\t\t\t\t\t\t\t\t\t<\/div>\r\n\t\t\t\t\t\t\t\t\t\t\t\t\t\t\t\t\t\t\t\t\t\t<div id=\"mis_slide_content-2\">\r\n\t\t\t\t\t\t\t\t\t\t\t\t<p>\"As regards freedom of action, our institution desires nothing more than to do what is in the interest of the country as a whole, and to be free from any unilateral tendency, as it has been far from seeking to cultivate its own interests at the expense of the common good. \"<\/p>\n\t\t\t\t\t\t\t\t\t\t\t\t<i class=\"icon icon-MessageRight\"><\/i>\r\n\t\t\t\t\t\t\t\t\t\t\t\t<h3>Baron Zsigmond Kornfeld (1852-1909)<\/h3>\t\t\t\t\t\t\t\t\t\t\t\t<span>President of the BSE (1900-1909)<\/span>\t\t\t\t\t\t\t\t\t\t\t<\/div>\r\n\t\t\t\t\t\t\t\t\t\t\t\t\t\t\t\t\t\t\t\t\t\t<div id=\"mis_slide_content-3\">\r\n\t\t\t\t\t\t\t\t\t\t\t\t<p>\"Our poor mother, this dismembered Hungary is sick, seriously sick, and let us put aside all other interests, real or apparent, and keep in mind the only point of view: what is necessary, what is good for our poor, sick mother: Hungary.\"<\/p>\n\t\t\t\t\t\t\t\t\t\t\t\t<i class=\"icon icon-MessageRight\"><\/i>\r\n\t\t\t\t\t\t\t\t\t\t\t\t<h3>S\u00e1ndor Fleissig (1869-1939)<\/h3>\t\t\t\t\t\t\t\t\t\t\t\t<span>President of the BSE (1931-1939)<\/span>\t\t\t\t\t\t\t\t\t\t\t<\/div>\r\n\t\t\t\t\t\t\t\t\t\t\t\t\t\t\t\t\t\t\t<\/div>\r\n\t\t\t\t\t\t\t\t\t\t\t\t\t<\/div>\r\n\t\t\t\t<\/div>\r\n\t\t\t<\/div>\r\n\t\t<\/div><!-- Container \/-  -->\r\n\t<\/div><!-- Testimonial Section \/- -->\r\n\t<\/div><\/div><\/div><\/div>\n<\/div>","protected":false},"excerpt":{"rendered":"Dr. Pelles M\u00e1rton kutat\u00e1svezet\u0151, Ramasoft Adatszolg\u00e1ltat\u00f3 \u00e9s Informatikai Zrt. Pelles M\u00e1rton P\u00e9csi Tudom\u00e1nyegyetem K\u00f6zgazdas\u00e1gtudom\u00e1nyi Kar\u00e1n szerzett Alkalmazott k\u00f6zgazdas\u00e1gtan BSc diplom\u00e1t 2015-ben; Vezet\u00e9s- \u00e9s szervez\u00e9s MSc diplom\u00e1t 2017-ben \u00e9s PhD fokozatot 2021-ben. Mint gazdas\u00e1gt\u00f6rt\u00e9n\u00e9sz, els\u0151dleges kutat\u00e1si t\u00e9m\u00e1i Fiume, a magyar kereskedelmi haj\u00f3z\u00e1s \u00e9s \u00fajabban a magyar s\u00f6rf\u0151z\u00e9s t\u00f6rt\u00e9nete. Szakmai elismer\u00e9sei k\u00f6z\u00fcl kiemelhet\u0151 a 2015-\u00f6s XXXII. Orsz\u00e1gos [...]","protected":false},"author":1,"featured_media":0,"parent":0,"menu_order":0,"comment_status":"closed","ping_status":"closed","template":"","meta":{"_acf_changed":false,"_monsterinsights_skip_tracking":false,"_monsterinsights_sitenote_active":false,"_monsterinsights_sitenote_note":"","_monsterinsights_sitenote_category":0,"footnotes":""},"class_list":["post-613","page","type-page","status-publish","hentry"],"acf":[],"_links":{"self":[{"href":"https:\/\/tozsdemuzeum.hu\/en\/wp-json\/wp\/v2\/pages\/613","targetHints":{"allow":["GET"]}}],"collection":[{"href":"https:\/\/tozsdemuzeum.hu\/en\/wp-json\/wp\/v2\/pages"}],"about":[{"href":"https:\/\/tozsdemuzeum.hu\/en\/wp-json\/wp\/v2\/types\/page"}],"author":[{"embeddable":true,"href":"https:\/\/tozsdemuzeum.hu\/en\/wp-json\/wp\/v2\/users\/1"}],"replies":[{"embeddable":true,"href":"https:\/\/tozsdemuzeum.hu\/en\/wp-json\/wp\/v2\/comments?post=613"}],"version-history":[{"count":32,"href":"https:\/\/tozsdemuzeum.hu\/en\/wp-json\/wp\/v2\/pages\/613\/revisions"}],"predecessor-version":[{"id":12919,"href":"https:\/\/tozsdemuzeum.hu\/en\/wp-json\/wp\/v2\/pages\/613\/revisions\/12919"}],"wp:attachment":[{"href":"https:\/\/tozsdemuzeum.hu\/en\/wp-json\/wp\/v2\/media?parent=613"}],"curies":[{"name":"wp","href":"https:\/\/api.w.org\/{rel}","templated":true}]}}