{"id":6,"date":"2016-10-24T20:00:35","date_gmt":"2016-10-24T20:00:35","guid":{"rendered":"http:\/\/themewisdom.com\/demo\/wpm\/history\/?page_id=6"},"modified":"2016-10-24T20:00:35","modified_gmt":"2016-10-24T20:00:35","slug":"history-homepage-2","status":"publish","type":"page","link":"https:\/\/tozsdemuzeum.hu\/en\/history-homepage-2\/","title":{"rendered":"History Homepage 2"},"content":{"rendered":"<div class=\"wpb-content-wrapper\"><div class=\"vc_row wpb_row vc_row-fluid\"><div class=\"wpb_column vc_column_container vc_col-sm-12\"><div class=\"vc_column-inner\"><div class=\"wpb_wrapper\"><div class=\"wpb_revslider_element wpb_content_element\">\t\t<div style=\"width:800px;height:300px;margin-bottom:10px;margin:0px auto;\">\r\n\t\t\t<div style=\"margin: auto; line-height: 40px; font-size: 14px; color: #FFF; padding: 15px; background: #E74C3C; margin: 20px 0px;\">\r\n\t\t\t\tRevolution Slider Error: Slider with alias <strong>home-slider-2<\/strong> not found. <br>Maybe you mean: 'home-slider1'\t\t\t<\/div>\r\n\t\t<\/div>\r\n\t\t<script type=\"text\/javascript\">\r\n\t\t\tjQuery(document).ready(function(){\r\n\t\t\t\tjQuery(\".rev_slider\").show();\r\n\t\t\t});\r\n\t\t<\/script>\r\n\t\t<\/div><\/div><\/div><\/div><\/div><div class=\"vc_row wpb_row vc_row-fluid\"><div class=\"wpb_column vc_column_container vc_col-sm-12\"><div class=\"vc_column-inner\"><div class=\"wpb_wrapper\">\t\t<!-- Welcome Section -->\r\n\t\t<div class=\"container-fluid no-padding welcome-section2\">\r\n\t\t\t<!-- Container -->\r\n\t\t\t<div class=\"container\">\r\n\t\t\t\t<!-- Row -->\r\n\t\t\t\t<div class=\"row\">\t\t\t\r\n\t\t\t\t\t<div class=\"col-md-6 col-sm-6 img-block\">\r\n\t\t\t\t\t\t<i><img loading=\"lazy\" decoding=\"async\" width=\"323\" height=\"520\" src=\"https:\/\/tozsdemuzeum.hu\/wp-content\/uploads\/2016\/10\/welcome-2.png\" class=\"attachment-full size-full\" alt=\"\" srcset=\"https:\/\/tozsdemuzeum.hu\/wp-content\/uploads\/2016\/10\/welcome-2.png 323w, https:\/\/tozsdemuzeum.hu\/wp-content\/uploads\/2016\/10\/welcome-2-186x300.png 186w\" sizes=\"auto, (max-width: 323px) 100vw, 323px\" \/><\/i>\r\n\t\t\t\t\t<\/div>\r\n\t\t\t\t\t<div class=\"col-md-6 col-sm-6 content-block\">\r\n\t\t\t\t\t\t<!-- Section Header -->\r\n\t\t\t\t\t\t<div class=\"section-header2\">\r\n\t\t\t\t\t\t\t<i><img decoding=\"async\" src=\"https:\/\/tozsdemuzeum.hu\/wp-content\/plugins\/history-toolkit\/lib\/images\/section-header2-1.png\" alt=\"Section Header\" \/><\/i>\r\n\t\t\t\t\t\t\t<span>Welcome to<\/span>\t\t\t\t\t\t\t<h2>Museum History<\/h2>\t\t\t\t\t\t<\/div><!-- Section Header \/- -->\r\n\t\t\t\t\t\t<p>Then one day he was shooting at some food and up through the ground came a bubbling crude oil that is so lets make the most of this beautiful day since we are together space the final frontier these are the voyages of the Starship Enterprise today still wanted by the government they survive as soldiers of fortune would not you like to get away sometimes you want to go where everybody knows your name.<\/p>\n\t\t\t\t\t\t<a href=\"#\" title=\"Read More\">Read More<\/a>\t\t\t\t\t<\/div>\r\n\t\t\t\t<\/div><!-- Row \/- -->\r\n\t\t\t<\/div><!-- Container \/- -->\r\n\t\t<\/div><!-- Welcome Section \/- -->\r\n\t\t\t\t\t<!-- Client Section -->\r\n\t\t\t<div class=\"container-fluid no-padding client-section client-section2\">\r\n\t\t\t\t<div class=\"container\">\r\n\t\t\t\t\t<div class=\"client-carousel\">\r\n\t\t\t\t\t\t\t\t\t\t\t\t\t\t\t<div class=\"item\">\r\n\t\t\t\t\t\t\t\t\t\t<a href=\"https:\/\/www.ramasoft.hu\"><img loading=\"lazy\" decoding=\"async\" width=\"200\" height=\"117\" src=\"https:\/\/tozsdemuzeum.hu\/wp-content\/uploads\/2018\/09\/RAMASOFT-logo_1_newkicsi.png\" class=\"attachment-full size-full\" alt=\"\" \/><\/a>\r\n\t\t\t\t\t\t\t\t\t<\/div>\r\n\t\t\t\t\t\t\t\t\t\t\t\t\t\t\t\t\t\t<div class=\"item item-bg\">\r\n\t\t\t\t\t\t\t\t\t\t<a href=\"https:\/\/www.arcanum,hu\"><img loading=\"lazy\" decoding=\"async\" width=\"200\" height=\"45\" src=\"https:\/\/tozsdemuzeum.hu\/wp-content\/uploads\/2018\/09\/Arcanumlogo-compact-e1538126948230.png\" class=\"attachment-full size-full\" alt=\"\" \/><\/a>\r\n\t\t\t\t\t\t\t\t\t<\/div>\r\n\t\t\t\t\t\t\t\t\t\t\t\t\t\t\t\t\t\t<div class=\"item\">\r\n\t\t\t\t\t\t\t\t\t\t<a href=\"https:\/\/www.fszek.hu\"><img loading=\"lazy\" decoding=\"async\" width=\"132\" height=\"132\" src=\"https:\/\/tozsdemuzeum.hu\/wp-content\/uploads\/2018\/09\/logo-fszek-e1538126634936.png\" class=\"attachment-full size-full\" alt=\"\" \/><\/a>\r\n\t\t\t\t\t\t\t\t\t<\/div>\r\n\t\t\t\t\t\t\t\t\t\t\t\t\t\t\t\t\t\t<div class=\"item item-bg\">\r\n\t\t\t\t\t\t\t\t\t\t<a href=\"https:\/\/www.netfolio.hu\"><img loading=\"lazy\" decoding=\"async\" width=\"200\" height=\"49\" src=\"https:\/\/tozsdemuzeum.hu\/wp-content\/uploads\/2018\/09\/Netfoliologo-1.png\" class=\"attachment-full size-full\" alt=\"\" \/><\/a>\r\n\t\t\t\t\t\t\t\t\t<\/div>\r\n\t\t\t\t\t\t\t\t\t\t\t\t\t\t\t\t\t\t<div class=\"item\">\r\n\t\t\t\t\t\t\t\t\t\t<a href=\"https:\/\/www.bet.hu\"><img loading=\"lazy\" decoding=\"async\" width=\"132\" height=\"132\" src=\"https:\/\/tozsdemuzeum.hu\/wp-content\/uploads\/2018\/09\/B\u00c9T-log\u00f3-RGB-640px-e1538126668844.png\" class=\"attachment-full size-full\" alt=\"\" \/><\/a>\r\n\t\t\t\t\t\t\t\t\t<\/div>\r\n\t\t\t\t\t\t\t\t\t\t\t\t\t\t<\/div>\r\n\t\t\t\t<\/div>\r\n\t\t\t<\/div><!-- Client Section \/- -->\r\n\t\t\t<div class=\"section-padding\"><\/div>\r\n\t\t\t\t\t<!-- Onview Section -->\r\n\t\t<div class=\"container-fluid no-padding onview-section2\">\r\n\t\t\t\t\t\t\t<div class=\"col-md-5 onview-left\">\r\n\t\t\t\t\t<!-- Section Header -->\r\n\t\t\t\t\t<div class=\"section-header2\">\r\n\t\t\t\t\t\t<i><img decoding=\"async\" src=\"https:\/\/tozsdemuzeum.hu\/wp-content\/plugins\/history-toolkit\/lib\/images\/section-header2-2.png\" alt=\"Section Header\" \/><\/i>\r\n\t\t\t\t\t\t<span>About us<\/span>\t\t\t\t\t\t<h2>ON VIEW<\/h2>\t\t\t\t\t<\/div><!-- Section Header \/- -->\r\n\t\t\t\t\t<p>Then one day he was shooting at some food and up through the ground came a bubbling crude oil that is so lets make the most of this beautiful day since we are together space the final frontier these are the voyages of the Starship Enterprise.<\/p>\n\t\t\t\t\t<a href=\"#\" title=\"Read More\">Read More<\/a>\t\t\t\t<\/div>\r\n\t\t\t\t\t\t\t<div class=\"col-md-7 onview-right\" style=\"background-image: url(https:\/\/tozsdemuzeum.hu\/wp-content\/uploads\/2016\/10\/onview-bg2.jpg);\">\r\n\t\t\t\t\t\t\t\t\t<div class=\"onview-content\">\r\n\t\t\t\t\t\t<ul>\r\n\t\t\t\t\t\t\t<li class='col-md-4 col-sm-6 col-xs-6'>Arts of Global Africa<\/li><li class='col-md-4 col-sm-6 col-xs-6'>Decorative Art<\/li><li class='col-md-4 col-sm-6 col-xs-6'>Decorative Art<\/li><li class='col-md-4 col-sm-6 col-xs-6'>American Art<\/li><li class='col-md-4 col-sm-6 col-xs-6'>Gardens<\/li><li class='col-md-4 col-sm-6 col-xs-6'>Gardens<\/li><li class='col-md-4 col-sm-6 col-xs-6'>Arts of Asia<\/li><li class='col-md-4 col-sm-6 col-xs-6'>War History<\/li><li class='col-md-4 col-sm-6 col-xs-6'>War History<\/li><li class='col-md-4 col-sm-6 col-xs-6'>Classical Art<\/li><li class='col-md-4 col-sm-6 col-xs-6'>Kings of History<\/li><li class='col-md-4 col-sm-6 col-xs-6'>Kings of History<\/li><li class='col-md-4 col-sm-6 col-xs-6'>German Arts<\/li><li class='col-md-4 col-sm-6 col-xs-6'>Vintage Arts<\/li><li class='col-md-4 col-sm-6 col-xs-6'>Vintage Arts<\/li>\t\t\t\t\t\t<\/ul>\r\n\t\t\t\t\t<\/div>\r\n\t\t\t\t\t\t\t\t<\/div>\r\n\t\t<\/div><!-- Onview Section \/- -->\r\n\t\t\t<!-- Intro Video -->\r\n\t<div class=\"intro-video container-fluid no-padding\">\r\n\t\t<div class=\"section-padding\"><\/div>\r\n\t\t<div class=\"col-md-6 col-sm-6 col-xs-6\">\r\n\t\t\t<img loading=\"lazy\" decoding=\"async\" width=\"899\" height=\"629\" src=\"https:\/\/tozsdemuzeum.hu\/wp-content\/uploads\/2016\/10\/video-tank.png\" class=\"attachment-full size-full\" alt=\"\" srcset=\"https:\/\/tozsdemuzeum.hu\/wp-content\/uploads\/2016\/10\/video-tank.png 899w, https:\/\/tozsdemuzeum.hu\/wp-content\/uploads\/2016\/10\/video-tank-300x210.png 300w, https:\/\/tozsdemuzeum.hu\/wp-content\/uploads\/2016\/10\/video-tank-768x537.png 768w, https:\/\/tozsdemuzeum.hu\/wp-content\/uploads\/2016\/10\/video-tank-600x420.png 600w\" sizes=\"auto, (max-width: 899px) 100vw, 899px\" \/>\t\t<\/div>\r\n\t\t<div class=\"col-md-6 col-sm-6 col-xs-6\">\r\n\t\t\t<div class=\"video-section\">\r\n\t\t\t\t<img loading=\"lazy\" decoding=\"async\" width=\"810\" height=\"540\" src=\"https:\/\/tozsdemuzeum.hu\/wp-content\/uploads\/2016\/10\/video-img.jpg\" class=\"attachment-full size-full\" alt=\"\" srcset=\"https:\/\/tozsdemuzeum.hu\/wp-content\/uploads\/2016\/10\/video-img.jpg 810w, https:\/\/tozsdemuzeum.hu\/wp-content\/uploads\/2016\/10\/video-img-300x200.jpg 300w, https:\/\/tozsdemuzeum.hu\/wp-content\/uploads\/2016\/10\/video-img-768x512.jpg 768w, https:\/\/tozsdemuzeum.hu\/wp-content\/uploads\/2016\/10\/video-img-600x400.jpg 600w\" sizes=\"auto, (max-width: 810px) 100vw, 810px\" \/>\t\t\t\t<div class=\"video-section-content\">\r\n\t\t\t\t\t<h3>Intro Video<\/h3>\t\t\t\t\t<a href=\"https:\/\/vimeo.com\/45830194\" class=\"popup-vimeo\"><i class=\"fa fa-play\"><\/i><\/a>\r\n\t\t\t\t\t<p>Then one day he was shooting at some food and up through the ground came a bubbling crude oil that is so lets make beautiful.<\/p>\n\t\t\t\t<\/div>\r\n\t\t\t<\/div>\r\n\t\t<\/div>\r\n\t<\/div><!-- Intro Video \/- -->\r\n\t\t\r\n\t<!-- Testimonial Section -->\r\n\t<div class=\"testimonial-section container-fluid\">\r\n\t\t<!-- Container -->\r\n\t\t<div class=\"container\">\r\n\t\t\t<div class=\"col-md-8\">\r\n\t\t\t\t<div class=\"testimonial-slider\">\r\n\t\t\t\t\t<div class=\"mis-stage\">\t\r\n\t\t\t\t\t\t\t\t\t\t\t\t\t\t<ol class=\"mis-slider\">\r\n\t\t\t\t\t\t\t\t\t\t\t\t\t\t\t\t\t\t\t\t<li id=\"mis_slide-1\" class=\"mis-slide\" data-slide=\"1\">\r\n\t\t\t\t\t\t\t\t\t\t\t\t\t\t\t\t\t\t\t\t\t\t\t\t\t<a href=\"\/ember\/kochmeister-frigyes\/\" class=\"mis-container\">\r\n\t\t\t\t\t\t\t\t\t\t\t\t\t\t<img loading=\"lazy\" decoding=\"async\" width=\"95\" height=\"95\" src=\"https:\/\/tozsdemuzeum.hu\/wp-content\/uploads\/2018\/09\/Kochmeister_Frigyes-95x95.jpg\" class=\"attachment-history_95_95 size-history_95_95\" alt=\"\" srcset=\"https:\/\/tozsdemuzeum.hu\/wp-content\/uploads\/2018\/09\/Kochmeister_Frigyes-95x95.jpg 95w, https:\/\/tozsdemuzeum.hu\/wp-content\/uploads\/2018\/09\/Kochmeister_Frigyes-150x150.jpg 150w, https:\/\/tozsdemuzeum.hu\/wp-content\/uploads\/2018\/09\/Kochmeister_Frigyes-82x82.jpg 82w\" sizes=\"auto, (max-width: 95px) 100vw, 95px\" \/>\t\t\t\t\t\t\t\t\t\t\t\t\t<\/a>\r\n\t\t\t\t\t\t\t\t\t\t\t\t\t\t\t\t\t\t\t\t\t\t\t\t<\/li>\r\n\t\t\t\t\t\t\t\t\t\t\t\t\t\t\t\t\t\t\t\t\t\t<li id=\"mis_slide-2\" class=\"mis-slide\" data-slide=\"2\">\r\n\t\t\t\t\t\t\t\t\t\t\t\t\t\t\t\t\t\t\t\t\t\t\t\t\t<a href=\"\/ember\/kornfeld-zsigmond\/\" class=\"mis-container\">\r\n\t\t\t\t\t\t\t\t\t\t\t\t\t\t<img loading=\"lazy\" decoding=\"async\" width=\"95\" height=\"95\" src=\"https:\/\/tozsdemuzeum.hu\/wp-content\/uploads\/2018\/09\/Kornfeld_Zsigmond2-95x95.jpg\" class=\"attachment-history_95_95 size-history_95_95\" alt=\"\" srcset=\"https:\/\/tozsdemuzeum.hu\/wp-content\/uploads\/2018\/09\/Kornfeld_Zsigmond2-95x95.jpg 95w, https:\/\/tozsdemuzeum.hu\/wp-content\/uploads\/2018\/09\/Kornfeld_Zsigmond2-150x150.jpg 150w, https:\/\/tozsdemuzeum.hu\/wp-content\/uploads\/2018\/09\/Kornfeld_Zsigmond2-82x82.jpg 82w, https:\/\/tozsdemuzeum.hu\/wp-content\/uploads\/2018\/09\/Kornfeld_Zsigmond2-339x342.jpg 339w\" sizes=\"auto, (max-width: 95px) 100vw, 95px\" \/>\t\t\t\t\t\t\t\t\t\t\t\t\t<\/a>\r\n\t\t\t\t\t\t\t\t\t\t\t\t\t\t\t\t\t\t\t\t\t\t\t\t<\/li>\r\n\t\t\t\t\t\t\t\t\t\t\t\t\t\t\t\t\t\t\t\t\t\t<li id=\"mis_slide-3\" class=\"mis-slide\" data-slide=\"3\">\r\n\t\t\t\t\t\t\t\t\t\t\t\t\t\t\t\t\t\t\t\t\t\t\t\t\t<a href=\"\/ember\/fleissig-sandor\/\" class=\"mis-container\">\r\n\t\t\t\t\t\t\t\t\t\t\t\t\t\t<img loading=\"lazy\" decoding=\"async\" width=\"95\" height=\"95\" src=\"https:\/\/tozsdemuzeum.hu\/wp-content\/uploads\/2018\/09\/Fleissig_S\u00e1ndor-95x95.jpg\" class=\"attachment-history_95_95 size-history_95_95\" alt=\"\" srcset=\"https:\/\/tozsdemuzeum.hu\/wp-content\/uploads\/2018\/09\/Fleissig_S\u00e1ndor-95x95.jpg 95w, https:\/\/tozsdemuzeum.hu\/wp-content\/uploads\/2018\/09\/Fleissig_S\u00e1ndor-150x150.jpg 150w, https:\/\/tozsdemuzeum.hu\/wp-content\/uploads\/2018\/09\/Fleissig_S\u00e1ndor-395x395.jpg 395w, https:\/\/tozsdemuzeum.hu\/wp-content\/uploads\/2018\/09\/Fleissig_S\u00e1ndor-82x82.jpg 82w\" sizes=\"auto, (max-width: 95px) 100vw, 95px\" \/>\t\t\t\t\t\t\t\t\t\t\t\t\t<\/a>\r\n\t\t\t\t\t\t\t\t\t\t\t\t\t\t\t\t\t\t\t\t\t\t\t\t<\/li>\r\n\t\t\t\t\t\t\t\t\t\t\t\t\t\t\t\t\t\t\t<\/ol>\r\n\t\t\t\t\t\t\t\t<div class=\"mis-content-block\">\r\n\t\t\t\t\t\t\t\t\t\t\t\t\t\t\t\t\t\t\t\t<div id=\"mis_slide_content-1\">\r\n\t\t\t\t\t\t\t\t\t\t\t\t<p>\"Mindegyik\u00fcnk komoly, kitart\u00f3 akarata sz\u00fcks\u00e9ges, mely arra legyen ir\u00e1nyozva, hogy a fiatal int\u00e9zm\u00e9nyt gyakorta, kezdetben tal\u00e1n szok\u00e1saink, k\u00e9nyelmi v\u00e1gyaink \u00e9s \u00e9rdekeink n\u00e9mi fel\u00e1ldoz\u00e1s\u00e1val is, keress\u00fck fel, haszn\u00e1ljuk \u00e9s \u00e9l\u00e9nk\u00edts\u00fck.\"<\/p>\n\t\t\t\t\t\t\t\t\t\t\t\t<i class=\"icon icon-MessageRight\"><\/i>\r\n\t\t\t\t\t\t\t\t\t\t\t\t<h3>B\u00e1r\u00f3 Kochmeister Frigyes (1816-1907)<\/h3>\t\t\t\t\t\t\t\t\t\t\t\t<span>A B\u00c1\u00c9T eln\u00f6ke (1864-1900)<\/span>\t\t\t\t\t\t\t\t\t\t\t<\/div>\r\n\t\t\t\t\t\t\t\t\t\t\t\t\t\t\t\t\t\t\t\t\t\t<div id=\"mis_slide_content-2\">\r\n\t\t\t\t\t\t\t\t\t\t\t\t<p>\"A cselekv\u00e9si szabads\u00e1g tekintet\u00e9ben nem k\u00edv\u00e1n int\u00e9zm\u00e9ny\u00fcnk t\u00f6bbet, mint azt, hogy azt tehesse, a mi az eg\u00e9sz orsz\u00e1g jav\u00e1ra v\u00e1lik \u00e9s t\u00e1vol van t\u0151le minden olyan egyoldal\u00fa t\u00f6rekv\u00e9s, mint t\u00e1vol volt eddig is, hogy saj\u00e1t \u00e9rdekeit a k\u00f6zj\u00f3 rov\u00e1s\u00e1ra igyekezz\u00e9k \u00e1polni. \"<\/p>\n\t\t\t\t\t\t\t\t\t\t\t\t<i class=\"icon icon-MessageRight\"><\/i>\r\n\t\t\t\t\t\t\t\t\t\t\t\t<h3>B\u00e1r\u00f3 Kornfeld Zsigmond (1852-1909)<\/h3>\t\t\t\t\t\t\t\t\t\t\t\t<span>A B\u00c1\u00c9T eln\u00f6ke (1900-1909)<\/span>\t\t\t\t\t\t\t\t\t\t\t<\/div>\r\n\t\t\t\t\t\t\t\t\t\t\t\t\t\t\t\t\t\t\t\t\t\t<div id=\"mis_slide_content-3\">\r\n\t\t\t\t\t\t\t\t\t\t\t\t<p>\"Szeg\u00e9ny \u00e9desany\u00e1nk, ez a sz\u00e9tdarabolt Magyarorsz\u00e1g beteg, s\u00falyosan beteg \u00e9s tegy\u00fcnk f\u00e9lre minden egy\u00e9b, val\u00f3di vagy l\u00e1tsz\u00f3lagos \u00e9rdeket \u00e9s tartsuk szem el\u0151tt azt az egyetlen, szempontot: mi kell, mi j\u00f3 a mi szeg\u00e9ny, beteg \u00e9desany\u00e1nknak: Magyarorsz\u00e1gnak.\"<\/p>\n\t\t\t\t\t\t\t\t\t\t\t\t<i class=\"icon icon-MessageRight\"><\/i>\r\n\t\t\t\t\t\t\t\t\t\t\t\t<h3>Fleissig S\u00e1ndor (1869-1939)<\/h3>\t\t\t\t\t\t\t\t\t\t\t\t<span>A B\u00c1\u00c9T eln\u00f6ke (1931-1939)<\/span>\t\t\t\t\t\t\t\t\t\t\t<\/div>\r\n\t\t\t\t\t\t\t\t\t\t\t\t\t\t\t\t\t\t\t<\/div>\r\n\t\t\t\t\t\t\t\t\t\t\t\t\t<\/div>\r\n\t\t\t\t<\/div>\r\n\t\t\t<\/div>\r\n\t\t<\/div><!-- Container \/-  -->\r\n\t<\/div><!-- Testimonial Section \/- -->\r\n\t\t\t<!-- Call Out -->\r\n\t\t<div class=\"call-out container-fluid no-padding\">\r\n\t\t\t<!-- Container -->\r\n\t\t\t<div class=\"container\">\r\n\t\t\t\t<div class=\"col-md-7 col-sm-7 col-xs-7 call-out-content\">\r\n\t\t\t\t\t<h3>hours of visiting: monday - sunday: 10.00am to 8.30pm<\/h3>\t\t\t\t\t<h5>open at all days<\/h5>\t\t\t\t\t<p>For More Queries Call at <a href=\"tel:1-800-23-456-7890\" title=\"1-800-23-456-7890\">1-800-23-456-7890<\/a><\/p>\r\n\t\t\t\t\t<a class=\"callout-info\" href=\"#\" title=\"Contact Us\">Contact Us<\/a>\t\t\t\t<\/div>\r\n\t\t\t\t<div class=\"col-md-5 col-sm-5 col-xs-5 call-out-img\">\r\n\t\t\t\t\t<i><img loading=\"lazy\" decoding=\"async\" width=\"288\" height=\"403\" src=\"https:\/\/tozsdemuzeum.hu\/wp-content\/uploads\/2016\/10\/callout-ic.png\" class=\"attachment-full size-full\" alt=\"\" srcset=\"https:\/\/tozsdemuzeum.hu\/wp-content\/uploads\/2016\/10\/callout-ic.png 288w, https:\/\/tozsdemuzeum.hu\/wp-content\/uploads\/2016\/10\/callout-ic-214x300.png 214w\" sizes=\"auto, (max-width: 288px) 100vw, 288px\" \/><\/i>\r\n\t\t\t\t<\/div>\r\n\t\t\t<\/div><!-- Container \/- -->\r\n\t\t<\/div><!-- Call Out -->\r\n\t\t<\/div><\/div><\/div><\/div><div class=\"vc_row wpb_row vc_row-fluid vc_custom_1477393562854\"><div class=\"wpb_column vc_column_container vc_col-sm-12\"><div class=\"vc_column-inner\"><div class=\"wpb_wrapper\">\t\t<!-- Upcoming Events -->\r\n\t\t<div class=\"container-fluid no-padding upcoming-event2\">\r\n\t\t\t<div class=\"container\">\r\n\t\t\t\t<div class=\"col-md-10 col-sm-12 col-xs-12 pull-right\">\r\n\t\t\t\t\t<!-- Section Header -->\r\n\t\t\t\t\t<div class=\"section-header2\">\r\n\t\t\t\t\t\t<i><img decoding=\"async\" src=\"https:\/\/tozsdemuzeum.hu\/wp-content\/plugins\/history-toolkit\/lib\/images\/section-header2-1.png\" alt=\"Section Header\" \/><\/i>\r\n\t\t\t\t\t\t<span>Exhibition<\/span>\t\t\t\t\t\t<h2>UPCOMING EVENTS<\/h2>\t\t\t\t\t<\/div><!-- Section Header \/- -->\r\n\t\t\t\t\t\t\t\t\t\t\t\t<!-- Event Block -->\r\n\t\t\t\t\t\t\t<div class=\"col-md-12 col-sm-12 col-xs-12 no-padding event-block\">\r\n\t\t\t\t\t\t\t\t<div class=\"col-md-6 col-sm-12 col-xs-12 event-cover\">\r\n\t\t\t\t\t\t\t\t\t<a href=\"https:\/\/tozsdemuzeum.hu\/en\/events-item\/british-museum\/\">\r\n\t\t\t\t\t\t\t\t\t\t<img loading=\"lazy\" decoding=\"async\" width=\"458\" height=\"373\" src=\"https:\/\/tozsdemuzeum.hu\/wp-content\/uploads\/2016\/10\/event-single-458x373.jpg\" class=\"attachment-history_458_373 size-history_458_373 wp-post-image\" alt=\"\" srcset=\"https:\/\/tozsdemuzeum.hu\/wp-content\/uploads\/2016\/10\/event-single-458x373.jpg 458w, https:\/\/tozsdemuzeum.hu\/wp-content\/uploads\/2016\/10\/event-single-85x70.jpg 85w\" sizes=\"auto, (max-width: 458px) 100vw, 458px\" \/>\t\t\t\t\t\t\t\t\t<\/a>\r\n\t\t\t\t\t\t\t\t<\/div>\r\n\t\t\t\t\t\t\t\t<div class=\"col-md-6 col-sm-12 col-xs-12 event-content\">\r\n\t\t\t\t\t\t\t\t\t<div class=\"post-date\">\r\n\t\t\t\t\t\t\t\t\t\t<span>25<\/span>\r\n\t\t\t\t\t\t\t\t\t\t<span>Oct<\/span>\r\n\t\t\t\t\t\t\t\t\t<\/div>\r\n\t\t\t\t\t\t\t\t\t<h3><a href=\"https:\/\/tozsdemuzeum.hu\/en\/events-item\/british-museum\/\" title=\"British Museum\">British Museum<\/a><\/h3>\r\n\t\t\t\t\t\t\t\t\t<h4>\r\n\t\t\t\t\t\t\t\t\t\t<span><i class=\"fa fa-map-marker\"><\/i>London<\/span>\r\n\t\t\t\t\t\t\t\t\t\t<a href=\"https:\/\/tozsdemuzeum.hu\/en\/events-item\/british-museum\/\"><i class=\"fa fa-clock-o\"><\/i>MON: 10AM - 6PM<\/a>\r\n\t\t\t\t\t\t\t\t\t<\/h4>\r\n\t\t\t\t\t\t\t\t\t<p>Then one day he was shooting at some food and up through the ground came a bubbling crude oil that is so lets make the most of this beautiful day the ground one day he was shooting at some food and up [...]<\/p>\r\n\t\t\t\t\t\t\t\t\t<a href=\"https:\/\/tozsdemuzeum.hu\/en\/events-item\/british-museum\/\" title=\"VIEW MORE\">\r\n\t\t\t\t\t\t\t\t\t\tVIEW MORE\t\t\t\t\t\t\t\t\t<\/a>\t\r\n\t\t\t\t\t\t\t\t<\/div>\r\n\t\t\t\t\t\t\t<\/div><!-- Event Block \/- -->\r\n\t\t\t\t\t\t\t\t\t\t\t<\/div>\r\n\t\t\t<\/div>\r\n\t\t<\/div><!-- Upcoming Events \/- -->\r\n\t\t<\/div><\/div><\/div><\/div>\n<\/div>","protected":false},"excerpt":{"rendered":"Then one day he was shooting at some food and up through the ground came a bubbling crude oil that is so lets make the most of this beautiful day the ground one day he was shooting at some food and up through the crude oil of this beautiful day came a bubbling crude oil [...]","protected":false},"author":1,"featured_media":0,"parent":0,"menu_order":0,"comment_status":"closed","ping_status":"closed","template":"","meta":{"_acf_changed":false,"_monsterinsights_skip_tracking":false,"_monsterinsights_sitenote_active":false,"_monsterinsights_sitenote_note":"","_monsterinsights_sitenote_category":0,"footnotes":""},"class_list":["post-6","page","type-page","status-publish","hentry","has-post-thumbnail"],"acf":[],"_links":{"self":[{"href":"https:\/\/tozsdemuzeum.hu\/en\/wp-json\/wp\/v2\/pages\/6","targetHints":{"allow":["GET"]}}],"collection":[{"href":"https:\/\/tozsdemuzeum.hu\/en\/wp-json\/wp\/v2\/pages"}],"about":[{"href":"https:\/\/tozsdemuzeum.hu\/en\/wp-json\/wp\/v2\/types\/page"}],"author":[{"embeddable":true,"href":"https:\/\/tozsdemuzeum.hu\/en\/wp-json\/wp\/v2\/users\/1"}],"replies":[{"embeddable":true,"href":"https:\/\/tozsdemuzeum.hu\/en\/wp-json\/wp\/v2\/comments?post=6"}],"version-history":[{"count":0,"href":"https:\/\/tozsdemuzeum.hu\/en\/wp-json\/wp\/v2\/pages\/6\/revisions"}],"wp:attachment":[{"href":"https:\/\/tozsdemuzeum.hu\/en\/wp-json\/wp\/v2\/media?parent=6"}],"curies":[{"name":"wp","href":"https:\/\/api.w.org\/{rel}","templated":true}]}}