{"id":593,"date":"2018-09-27T15:04:30","date_gmt":"2018-09-27T13:04:30","guid":{"rendered":"http:\/\/muzeum.netfolio.hu\/?page_id=593"},"modified":"2024-01-07T12:37:18","modified_gmt":"2024-01-07T10:37:18","slug":"irodalmak","status":"publish","type":"page","link":"https:\/\/tozsdemuzeum.hu\/en\/irodalmak\/","title":{"rendered":"Literature"},"content":{"rendered":"<div class=\"wpb-content-wrapper\"><div class=\"vc_row wpb_row vc_row-fluid\"><div class=\"wpb_column vc_column_container vc_col-sm-12\"><div class=\"vc_column-inner\"><div class=\"wpb_wrapper\">\n\t<div class=\"wpb_text_column wpb_content_element\" >\n\t\t<div class=\"wpb_wrapper\">\n\t\t\t<h2>History<\/h2>\n<p>Engel, E.-Bartha L. (1914):History of the Budapest Stock Exchange 1864-1914, Budapest Commodity and Value Exchange, Budapest, 1914<\/p>\n<p>F\u00e9legyh\u00e1zy, \u00c1. (1894), History of the Budapest Stock Exchange 1864-1895, Budapest Commodity and Value Exchange, Budapest, 1896<\/p>\n<p>Kor\u00e1nyi, G. T. (2014):Stellage transaction for ultimo: the history of the Budapest Stock Exchange 1864-1948, Budapest Stock Exchange, Budapest, 2014<\/p>\n<p>\u00a0<\/p>\n<h2>General research<\/h2>\n<p>K\u00f6v\u00e9r, Gy\u00f6rgy (1986): 1873. The Anatomy of a Crash, Kozmosz, Budapest, 1986<\/p>\n<p>K\u00f6v\u00e9r, Gy\u00f6rgy (2002): The arc of accumulation: social and economic history studies, \u00daj Mand\u00e1tum, Budapest, 2002<\/p>\n<p>M\u00e9r\u0151, K. (1988) The role and significance of the stock exchange in the economic life of capitalist Hungary, 1864-1944, Hungarian Stock Exchange Foundation, Budapest, 1988<\/p>\n<p>\u00a0<\/p>\n<h2>Corporate research<\/h2>\n<p>Hidv\u00e9gi, M.: Connecting to the world market: Hungary's leading electrical engineering companies 1867-1949<br \/>\nG\u00f6ttingen, Germany: Vandenhoeck &amp; Ruprecht (2016) , 414 p.<\/p>\n<p>Hidv\u00e9gi, M. - Nikolaus, W. (2019): Power failure: the electrification of Central-Eastern Europe, 1918-39<br \/>\nEUROPEAN REVIEW OF HISTORY \/ REVUE EUROPEENNE D'HISTOIRE 26 : 2 pp. 219-242.<\/p>\n<p>Klement, J. (2023): Budapest and the mills 1841-2008, T\u00f6rt\u00e9neti Szemle 65:1 pp. 155-167.<\/p>\n<p>Klement, J. (2010): Steam Mills on the Danube, Holnap Kiad\u00f3, 164 p.<\/p>\n<p>Pog\u00e1ny, \u00c1. (2023) From the Great War to the Great Crisis: studies on the history of banking and money in Hungary between the two world wars<br \/>\nBudapest, Hungary : L'Harmattan Kiad\u00f3, 2023<\/p>\n<p>Zsigmond G. - Pelles M. (2018): History of the Hungarian Merchant Navy of Rijeka - 1868-1918<br \/>\nPro Pann\u00f3nia Publishing Foundation, 2018<\/p>\n<p>\u00a0<\/p>\n<h2>Rate data<\/h2>\n<p><a href=\"https:\/\/adt.arcanum.com\/hu\/collection\/PestiNaplo\/\">Pesti Napl\u00f3 (1864-1865)<\/a><\/p>\n<p><a href=\"https:\/\/adtplus.arcanum.hu\/hu\/collection\/BudapestiKozlony\/\">Budapest Gazette (1866-1894)<\/a><\/p>\n<p><a href=\"\/en\/arjegyzolapok\/\">Budapest Commodity and Stock Exchange Price Quotation Journal (1894-1913)<\/a><\/p>\n<p>\u00a0<\/p>\n<h2>Company data<\/h2>\n<p><a href=\"https:\/\/adtplus.arcanum.hu\/hu\/collection\/MagyarCompass\/\">Mih\u00f3k, S. (ed.) (1874-1888) Hungarian Compass, Budapest, 1874-1888<\/a><\/p>\n<p><a href=\"https:\/\/adtplus.arcanum.hu\/hu\/collection\/MagyarCompass\/\">G. Nagy, S., Armbruster J. (ed.) (1889-1894) Hungarian Compass, Budapest, 1889-1894<\/a><\/p>\n<p><a href=\"https:\/\/adtplus.arcanum.hu\/hu\/collection\/MagyarCompass\/\">G. Nagy, S. (ed.) (1895-1911): Mih\u00f3k's Hungarian Compass, Budapest, 1895-1911<\/a><\/p>\n<p><a href=\"https:\/\/adtplus.arcanum.hu\/hu\/collection\/MagyarCompass\/\">G. Nagy, S. (ed.) (1912-1914): Nagy Magyar Compass, own edition 1912-1914<\/a><\/p>\n<p><a href=\"https:\/\/library.hungaricana.hu\/hu\/collection\/muze_orsz_kozl_magyar_vasuti_evkonyv\/\">V\u00f6r\u00f6s, L. (ed.) (1878-1884) Hungarian Railway Yearbook, Budapest, Mih\u00f3k, 1878-1884<\/a><\/p>\n<p><a href=\"https:\/\/portal.zedhia.at\/archive\">Leonhardt, G. et al. (ed.) (1868-1914): Compass, Vienna, Carl Fromme, Gustav Leonhardt, Alfred H\u00f6lder, Compassverlag 1868-1914.<\/a><\/p>\n<p>\u00a0<\/p>\n<h2>Macroeconomic data<\/h2>\n<p><a href=\"https:\/\/www.bankofgreece.gr\/BogDocumentEn\/II.%20AUSTRIA.pdf\">Jobst, C. -Schreiber T. (2014): Austria-Hungary from 1863 to 1914, in South-Eastern European Monetary and Economic Statistics from the Nineteenth Century to World War II, published by: Bank of Greece, Bulgarian National Bank, National Bank of Romania, Oesterreichische Nationalbank, 2014, Athens, Sofia, Bucharest, Vienna.<\/a><\/p>\n<p>Kausel, Anton (1979), \u00d6sterreichs Volkseinkommen 1830-1913 (Austria's national income 1830-1913), in: \u00d6sterreichisches Statistisches Zentralamt, Geschichte und Ergebnisse der zentralen amtlichen Statistik in \u00d6sterreich 1829-1979, Beitr\u00e4ge zur \u00f6sterreichischen Statistik, Heft 550, Vienna.<\/p>\n<p>M\u00fchlpeck, V.- Sandgruber, R. - Woitek, H. (1979): Index of consumer prices, 1800-1914, in: \u00d6sterreichisches Statistisches Zentralamt, Geschichte und Ergebnisse der zentralen amtlichen Statistik in \u00d6sterreich 1829-1979, Beitr\u00e4ge zur \u00f6sterreichischen Statistik, Heft 550, Vienna.<\/p>\n<p>Schulze, Max-Stephan (2000), Patterns of growth and stagnation in the late nineteenth century Habsburg economy, European Review of Economic History 4, 331-340.<\/p>\n\n\t\t<\/div>\n\t<\/div>\n<\/div><\/div><\/div><\/div>\n<\/div>","protected":false},"excerpt":{"rendered":"A t\u0151zsde t\u00f6rt\u00e9nete Engel, E.-Bartha L. (1914): A budapesti t\u0151zsde t\u00f6rt\u00e9nete 1864-1914, Budapesti \u00c1ru- \u00e9s \u00c9rt\u00e9kt\u0151zsde, Budapest, 1914 F\u00e9legyh\u00e1zy, \u00c1. (1894): A budapesti t\u0151zsde t\u00f6rt\u00e9nete 1864-1895, Budapesti \u00c1ru- \u00e9s \u00c9rt\u00e9kt\u0151zsde, Budapest, 1896 Kor\u00e1nyi, G. T. (2014): Sztell\u00e1zs \u00fcgylet ultim\u00f3ra: a Budapesti \u00e9rt\u00e9kt\u0151zsde t\u00f6rt\u00e9nete 1864-1948, Budapesti \u00c9rt\u00e9kt\u0151zsde, Budapest, 2014 \u00a0 \u00c1ltal\u00e1nos kutat\u00e1sok K\u00f6v\u00e9r, Gy\u00f6rgy (1986): 1873. [...]","protected":false},"author":1,"featured_media":0,"parent":0,"menu_order":0,"comment_status":"closed","ping_status":"closed","template":"","meta":{"_acf_changed":false,"_monsterinsights_skip_tracking":false,"_monsterinsights_sitenote_active":false,"_monsterinsights_sitenote_note":"","_monsterinsights_sitenote_category":0,"footnotes":""},"class_list":["post-593","page","type-page","status-publish","hentry"],"acf":[],"_links":{"self":[{"href":"https:\/\/tozsdemuzeum.hu\/en\/wp-json\/wp\/v2\/pages\/593","targetHints":{"allow":["GET"]}}],"collection":[{"href":"https:\/\/tozsdemuzeum.hu\/en\/wp-json\/wp\/v2\/pages"}],"about":[{"href":"https:\/\/tozsdemuzeum.hu\/en\/wp-json\/wp\/v2\/types\/page"}],"author":[{"embeddable":true,"href":"https:\/\/tozsdemuzeum.hu\/en\/wp-json\/wp\/v2\/users\/1"}],"replies":[{"embeddable":true,"href":"https:\/\/tozsdemuzeum.hu\/en\/wp-json\/wp\/v2\/comments?post=593"}],"version-history":[{"count":12,"href":"https:\/\/tozsdemuzeum.hu\/en\/wp-json\/wp\/v2\/pages\/593\/revisions"}],"predecessor-version":[{"id":11952,"href":"https:\/\/tozsdemuzeum.hu\/en\/wp-json\/wp\/v2\/pages\/593\/revisions\/11952"}],"wp:attachment":[{"href":"https:\/\/tozsdemuzeum.hu\/en\/wp-json\/wp\/v2\/media?parent=593"}],"curies":[{"name":"wp","href":"https:\/\/api.w.org\/{rel}","templated":true}]}}