{"id":5747,"date":"2020-08-29T15:36:58","date_gmt":"2020-08-29T13:36:58","guid":{"rendered":"http:\/\/muzeum.netfolio.hu\/?page_id=5747"},"modified":"2020-09-01T14:41:25","modified_gmt":"2020-09-01T12:41:25","slug":"ertekpapirok-kotvenyek","status":"publish","type":"page","link":"https:\/\/tozsdemuzeum.hu\/en\/ertekpapirok-kotvenyek\/","title":{"rendered":"Bonds"},"content":{"rendered":"<div class=\"wpb-content-wrapper\"><div class=\"vc_row wpb_row vc_row-fluid\"><div class=\"wpb_column vc_column_container vc_col-sm-12\"><div class=\"vc_column-inner\"><div class=\"wpb_wrapper\">\n\t<div class=\"wpb_text_column wpb_content_element\" >\n\t\t<div class=\"wpb_wrapper\">\n\t\t\t<style>\n#customers {<br \/>    font-family: \"Trebuchet MS\", Arial, Helvetica, sans-serif;<br \/>    border-collapse: collapse;<br \/>    width: 100%;<br \/>}<\/p>\n<p>#customers td, #customers th {<br \/>    border: 1px solid #ddd;<br \/>    padding: 8px;<br \/>}<\/p>\n<p>#customers tr:nth-child(even){background-color: #f2f2f2;}<\/p>\n<p>#customers tr:hover {background-color: #ddd;}<\/p>\n<p>#customers th {<br \/>    padding-top: 12px;<br \/>    padding-bottom: 12px;<br \/>    text-align: left;<br \/>    background-color: #4CAF50;<br \/>    color: white;<br \/>}<br \/><\/style>\n<p>\u00a0<\/p>\n<h1>List of bonds<\/h1>\n\n\t\t<\/div>\n\t<\/div>\n<\/div><\/div><\/div><\/div><div class=\"vc_row wpb_row vc_row-fluid\"><div class=\"wpb_column vc_column_container vc_col-sm-12\"><div class=\"vc_column-inner\"><div class=\"wpb_wrapper\">\n\t<div class=\"wpb_text_column wpb_content_element\" >\n\t\t<div class=\"wpb_wrapper\">\n\t\t\t\n\t\t<\/div>\n\t<\/div>\n\n\t<div class=\"wpb_text_column wpb_content_element\" >\n\t\t<div class=\"wpb_wrapper\">\n\t\t\t<table id=\"ertekpapirok_vanar\" class=\"ep_table\" style=\"height: 230px;\" width=\"902\">\n\t\t  <tbody>\n\t\t\t<tr class=\"ep_tr_h\">\n\t\t\t  <td class=\"ep_td_nev_h\" style=\"text-align: left;\">Name of security<\/td>\n\t\t\t  <td class=\"ep_td_kib_orsz_h\">Issued by<\/td>\n\t\t\t  <td class=\"ep_td_szaz_h\">Annual interest(%)<\/td>\n\t\t\t  <td class=\"ep_td_datum_h\">Issue date<\/td>\n\t\t\t  <td class=\"ep_td_datum_h\">Maturity date<\/td>\n\t\t\t<\/tr><tr class=\"ep_tr\">\n\t\t\t\t  <td class=\"ep_td_nev\" style=\"text-align: left;\"><a href=\"\/en\/kotveny\/magyar-kiralyi-aranyjaradek-kotveny-4-adomentes\/\">Royal Hungarian gilt bond 4%, tax-free<\/td>\n\t\t\t\t  <td class=\"ep_td_kib_orsz\">Kingdom of Hungary<\/td>\n\t\t\t\t  <td class=\"ep_td_szaz\">4.00%<\/td>\n\t\t\t\t  <td class=\"ep_td_datum\">1881-01-01<\/td>\n\t\t\t\t  <td class=\"ep_td_datum\">1913-12-31<\/td>\n\t\t\t\t<\/tr><tr class=\"ep_tr\">\n\t\t\t\t  <td class=\"ep_td_nev\" style=\"text-align: left;\"><a href=\"\/en\/kotveny\/magyar-kiralyi-aranyjaradek-kotveny-6-adomentes\/\">Royal Hungarian gilt bond 6%, tax-free<\/td>\n\t\t\t\t  <td class=\"ep_td_kib_orsz\">Kingdom of Hungary<\/td>\n\t\t\t\t  <td class=\"ep_td_szaz\">6.00%<\/td>\n\t\t\t\t  <td class=\"ep_td_datum\">1877-01-01<\/td>\n\t\t\t\t  <td class=\"ep_td_datum\">1884-12-31<\/td>\n\t\t\t\t<\/tr><tr class=\"ep_tr\">\n\t\t\t\t  <td class=\"ep_td_nev\" style=\"text-align: left;\"><a href=\"\/en\/kotveny\/magyar-kiralyi-koronaerteku-jaradek-3-12-adomentes\/\">Annuity equivalent to the Hungarian royal crown 3 1\/2%, tax-free<\/td>\n\t\t\t\t  <td class=\"ep_td_kib_orsz\">Kingdom of Hungary<\/td>\n\t\t\t\t  <td class=\"ep_td_szaz\">3.50%<\/td>\n\t\t\t\t  <td class=\"ep_td_datum\">1898-01-01<\/td>\n\t\t\t\t  <td class=\"ep_td_datum\">1913-12-31<\/td>\n\t\t\t\t<\/tr><tr class=\"ep_tr\">\n\t\t\t\t  <td class=\"ep_td_nev\" style=\"text-align: left;\"><a href=\"\/en\/kotveny\/magyar-kiralyi-koronaerteku-jaradek-4-adomentes\/\">Annuity equivalent to the Hungarian royal crown 4%, tax-free<\/td>\n\t\t\t\t  <td class=\"ep_td_kib_orsz\">Kingdom of Hungary<\/td>\n\t\t\t\t  <td class=\"ep_td_szaz\">4.00%<\/td>\n\t\t\t\t  <td class=\"ep_td_datum\">1893-01-01<\/td>\n\t\t\t\t  <td class=\"ep_td_datum\">1913-12-31<\/td>\n\t\t\t\t<\/tr><tr class=\"ep_tr\">\n\t\t\t\t  <td class=\"ep_td_nev\" style=\"text-align: left;\"><a href=\"\/en\/kotveny\/magyar-vasuti-kolcson-120-frt-o-e-300-frc-ezustben\/\">Hungarian railway loan, 120 frt. o. \u00e9. (300 frc) in silver<\/td>\n\t\t\t\t  <td class=\"ep_td_kib_orsz\">Kingdom of Hungary<\/td>\n\t\t\t\t  <td class=\"ep_td_szaz\">5.75%<\/td>\n\t\t\t\t  <td class=\"ep_td_datum\">1868-01-01<\/td>\n\t\t\t\t  <td class=\"ep_td_datum\">1888-12-31<\/td>\n\t\t\t\t<\/tr><tr class=\"ep_tr\">\n\t\t\t\t  <td class=\"ep_td_nev\" style=\"text-align: left;\"><a href=\"\/en\/kotveny\/szolo-dezsma-valtsag-5\/\">Grape and gum redemption 5%<\/td>\n\t\t\t\t  <td class=\"ep_td_kib_orsz\">Kingdom of Hungary<\/td>\n\t\t\t\t  <td class=\"ep_td_szaz\">5.00%<\/td>\n\t\t\t\t  <td class=\"ep_td_datum\">1870-01-01<\/td>\n\t\t\t\t  <td class=\"ep_td_datum\">1889-12-31<\/td>\n\t\t\t\t<\/tr><\/tbody><\/table>\n\n\t\t<\/div>\n\t<\/div>\n<\/div><\/div><\/div><\/div>\n<\/div>","protected":false},"excerpt":{"rendered":"\u00a0 K\u00f6tv\u00e9nyek list\u00e1ja \u00c9rt\u00e9kpap\u00edr neve Kibocs\u00e1t\u00f3ja \u00c9ves kamata(%) Kibocs\u00e1t\u00e1si ideje Lej\u00e1rata Magyar kir\u00e1lyi aranyj\u00e1rad\u00e9k k\u00f6tv\u00e9ny 4%, ad\u00f3mentes Magyar Kir\u00e1lys\u00e1g 4.00% 1881-01-01 1913-12-31 Magyar kir\u00e1lyi aranyj\u00e1rad\u00e9k k\u00f6tv\u00e9ny 6%, ad\u00f3mentes Magyar Kir\u00e1lys\u00e1g 6.00% 1877-01-01 1884-12-31 Magyar kir\u00e1lyi korona\u00e9rt\u00e9k\u0171 j\u00e1rad\u00e9k 3 1\/2%, ad\u00f3mentes Magyar Kir\u00e1lys\u00e1g 3.50% 1898-01-01 1913-12-31 Magyar kir\u00e1lyi korona\u00e9rt\u00e9k\u0171 j\u00e1rad\u00e9k 4%, ad\u00f3mentes Magyar Kir\u00e1lys\u00e1g 4.00% 1893-01-01 [...]","protected":false},"author":1,"featured_media":0,"parent":0,"menu_order":0,"comment_status":"closed","ping_status":"closed","template":"","meta":{"_acf_changed":false,"_monsterinsights_skip_tracking":false,"_monsterinsights_sitenote_active":false,"_monsterinsights_sitenote_note":"","_monsterinsights_sitenote_category":0,"footnotes":""},"class_list":["post-5747","page","type-page","status-publish","hentry"],"acf":[],"_links":{"self":[{"href":"https:\/\/tozsdemuzeum.hu\/en\/wp-json\/wp\/v2\/pages\/5747","targetHints":{"allow":["GET"]}}],"collection":[{"href":"https:\/\/tozsdemuzeum.hu\/en\/wp-json\/wp\/v2\/pages"}],"about":[{"href":"https:\/\/tozsdemuzeum.hu\/en\/wp-json\/wp\/v2\/types\/page"}],"author":[{"embeddable":true,"href":"https:\/\/tozsdemuzeum.hu\/en\/wp-json\/wp\/v2\/users\/1"}],"replies":[{"embeddable":true,"href":"https:\/\/tozsdemuzeum.hu\/en\/wp-json\/wp\/v2\/comments?post=5747"}],"version-history":[{"count":2,"href":"https:\/\/tozsdemuzeum.hu\/en\/wp-json\/wp\/v2\/pages\/5747\/revisions"}],"predecessor-version":[{"id":6528,"href":"https:\/\/tozsdemuzeum.hu\/en\/wp-json\/wp\/v2\/pages\/5747\/revisions\/6528"}],"wp:attachment":[{"href":"https:\/\/tozsdemuzeum.hu\/en\/wp-json\/wp\/v2\/media?parent=5747"}],"curies":[{"name":"wp","href":"https:\/\/api.w.org\/{rel}","templated":true}]}}