{"id":5746,"date":"2020-08-29T15:39:19","date_gmt":"2020-08-29T13:39:19","guid":{"rendered":"http:\/\/muzeum.netfolio.hu\/?page_id=5746"},"modified":"2020-09-01T16:26:10","modified_gmt":"2020-09-01T14:26:10","slug":"ertekpapirok-devizak-es-nemesfemek","status":"publish","type":"page","link":"https:\/\/tozsdemuzeum.hu\/en\/ertekpapirok-devizak-es-nemesfemek\/","title":{"rendered":"Currencies and metals"},"content":{"rendered":"<div class=\"wpb-content-wrapper\"><div class=\"vc_row wpb_row vc_row-fluid\"><div class=\"wpb_column vc_column_container vc_col-sm-12\"><div class=\"vc_column-inner\"><div class=\"wpb_wrapper\">\n\t<div class=\"wpb_text_column wpb_content_element\" >\n\t\t<div class=\"wpb_wrapper\">\n\t\t\t<style>\n#customers {<br \/>    font-family: \"Trebuchet MS\", Arial, Helvetica, sans-serif;<br \/>    border-collapse: collapse;<br \/>    width: 100%;<br \/>}<\/p>\n<p>#customers td, #customers th {<br \/>    border: 1px solid #ddd;<br \/>    padding: 8px;<br \/>}<\/p>\n<p>#customers tr:nth-child(even){background-color: #f2f2f2;}<\/p>\n<p>#customers tr:hover {background-color: #ddd;}<\/p>\n<p>#customers th {<br \/>    padding-top: 12px;<br \/>    padding-bottom: 12px;<br \/>    text-align: left;<br \/>    background-color: #4CAF50;<br \/>    color: white;<br \/>}<br \/><\/style>\n<p>\u00a0<\/p>\n<h1>List of currencies and metals<\/h1>\n\n\t\t<\/div>\n\t<\/div>\n<\/div><\/div><\/div><\/div><div class=\"vc_row wpb_row vc_row-fluid\"><div class=\"wpb_column vc_column_container vc_col-sm-12\"><div class=\"vc_column-inner\"><div class=\"wpb_wrapper\">\n\t<div class=\"wpb_text_column wpb_content_element\" >\n\t\t<div class=\"wpb_wrapper\">\n\t\t\t\n\t\t<\/div>\n\t<\/div>\n\n\t<div class=\"wpb_text_column wpb_content_element\" >\n\t\t<div class=\"wpb_wrapper\">\n\t\t\t<table id=\"ertekpapirok_vanar\" class=\"ep_table\" style=\"height: 230px;\" width=\"902\">\n\t\t  <tbody>\n\t\t\t<tr class=\"ep_tr_h\">\n\t\t\t  <td class=\"ep_td_nev_h\" style=\"text-align: left;\">Name of security<\/td>\n\t\t\t  <td class=\"ep_td_db_h\">Unit of trading<\/td>\n\t\t\t  <td class=\"ep_td_datum_h\">Date of the first price quotation<\/td>\n\t\t\t  <td class=\"ep_td_datum_h\">Date of last price quotation<\/td>\n\t\t\t<\/tr><tr class=\"ep_tr\">\n\t\t\t\t  <td class=\"ep_td_nev\" style=\"text-align: left;\"><a href=\"\/en\/kotveny\/dau\/\">$10 gold<\/td>\n\t\t\t\t  <td class=\"ep_td_db\">10<\/td>\n\t\t\t\t  <td class=\"ep_td_datum\">1946-12-31<\/td>\n\t\t\t\t  <td class=\"ep_td_datum\">1948-03-31<\/td>\n\t\t\t\t<\/tr><tr class=\"ep_tr\">\n\t\t\t\t  <td class=\"ep_td_nev\" style=\"text-align: left;\"><a href=\"\/en\/kotveny\/skl\/\">100 sokol<\/td>\n\t\t\t\t  <td class=\"ep_td_db\">100<\/td>\n\t\t\t\t  <td class=\"ep_td_datum\">1920-12-31<\/td>\n\t\t\t\t  <td class=\"ep_td_datum\">1920-12-31<\/td>\n\t\t\t\t<\/tr><tr class=\"ep_tr\">\n\t\t\t\t  <td class=\"ep_td_nev\" style=\"text-align: left;\"><a href=\"\/en\/kotveny\/fau\/\">20 franc gold<\/td>\n\t\t\t\t  <td class=\"ep_td_db\">20<\/td>\n\t\t\t\t  <td class=\"ep_td_datum\">1868-12-31<\/td>\n\t\t\t\t  <td class=\"ep_td_datum\">1948-03-31<\/td>\n\t\t\t\t<\/tr><tr class=\"ep_tr\">\n\t\t\t\t  <td class=\"ep_td_nev\" style=\"text-align: left;\"><a href=\"\/en\/kotveny\/lau\/\">20 lire gold<\/td>\n\t\t\t\t  <td class=\"ep_td_db\">20<\/td>\n\t\t\t\t  <td class=\"ep_td_datum\">1946-12-31<\/td>\n\t\t\t\t  <td class=\"ep_td_datum\">1948-03-31<\/td>\n\t\t\t\t<\/tr><tr class=\"ep_tr\">\n\t\t\t\t  <td class=\"ep_td_nev\" style=\"text-align: left;\"><a href=\"\/en\/kotveny\/usd\/\">US dollar<\/td>\n\t\t\t\t  <td class=\"ep_td_db\">1<\/td>\n\t\t\t\t  <td class=\"ep_td_datum\">1920-12-31<\/td>\n\t\t\t\t  <td class=\"ep_td_datum\">1948-03-31<\/td>\n\t\t\t\t<\/tr><tr class=\"ep_tr\">\n\t\t\t\t  <td class=\"ep_td_nev\" style=\"text-align: left;\"><a href=\"\/en\/kotveny\/gbp\/\">English pound<\/td>\n\t\t\t\t  <td class=\"ep_td_db\">1<\/td>\n\t\t\t\t  <td class=\"ep_td_datum\">1920-12-31<\/td>\n\t\t\t\t  <td class=\"ep_td_datum\">1939-12-31<\/td>\n\t\t\t\t<\/tr><tr class=\"ep_tr\">\n\t\t\t\t  <td class=\"ep_td_nev\" style=\"text-align: left;\"><a href=\"\/en\/kotveny\/gbs\/\">English sovereign<\/td>\n\t\t\t\t  <td class=\"ep_td_db\">1<\/td>\n\t\t\t\t  <td class=\"ep_td_datum\">1912-12-31<\/td>\n\t\t\t\t  <td class=\"ep_td_datum\">1919-12-31<\/td>\n\t\t\t\t<\/tr><tr class=\"ep_tr\">\n\t\t\t\t  <td class=\"ep_td_nev\" style=\"text-align: left;\"><a href=\"\/en\/kotveny\/ome\/\">Austrian and Hungarian silver<\/td>\n\t\t\t\t  <td class=\"ep_td_db\">1<\/td>\n\t\t\t\t  <td class=\"ep_td_datum\">1869-12-31<\/td>\n\t\t\t\t  <td class=\"ep_td_datum\">1878-12-31<\/td>\n\t\t\t\t<\/tr><tr class=\"ep_tr\">\n\t\t\t\t  <td class=\"ep_td_nev\" style=\"text-align: left;\"><a href=\"\/en\/kotveny\/bef\/\">Belgian 100 francs<\/td>\n\t\t\t\t  <td class=\"ep_td_db\">100<\/td>\n\t\t\t\t  <td class=\"ep_td_datum\">1922-12-31<\/td>\n\t\t\t\t  <td class=\"ep_td_datum\">1939-12-31<\/td>\n\t\t\t\t<\/tr><tr class=\"ep_tr\">\n\t\t\t\t  <td class=\"ep_td_nev\" style=\"text-align: left;\"><a href=\"\/en\/kotveny\/bgn\/\">Bulgarian 100 leva<\/td>\n\t\t\t\t  <td class=\"ep_td_db\">100<\/td>\n\t\t\t\t  <td class=\"ep_td_datum\">1920-12-31<\/td>\n\t\t\t\t  <td class=\"ep_td_datum\">1939-12-31<\/td>\n\t\t\t\t<\/tr><tr class=\"ep_tr\">\n\t\t\t\t  <td class=\"ep_td_nev\" style=\"text-align: left;\"><a href=\"\/en\/kotveny\/kak\/\">Imperial Royal Gold (circle)<\/td>\n\t\t\t\t  <td class=\"ep_td_db\">1<\/td>\n\t\t\t\t  <td class=\"ep_td_datum\">1868-12-31<\/td>\n\t\t\t\t  <td class=\"ep_td_datum\">1913-12-31<\/td>\n\t\t\t\t<\/tr><tr class=\"ep_tr\">\n\t\t\t\t  <td class=\"ep_td_nev\" style=\"text-align: left;\"><a href=\"\/en\/kotveny\/kav\/\">Imperial Royal Gold (minted)<\/td>\n\t\t\t\t  <td class=\"ep_td_db\">1<\/td>\n\t\t\t\t  <td class=\"ep_td_datum\">1880-12-31<\/td>\n\t\t\t\t  <td class=\"ep_td_datum\">1913-12-31<\/td>\n\t\t\t\t<\/tr><tr class=\"ep_tr\">\n\t\t\t\t  <td class=\"ep_td_nev\" style=\"text-align: left;\"><a href=\"\/en\/kotveny\/czk\/\">Czech 100 crowns<\/td>\n\t\t\t\t  <td class=\"ep_td_db\">100<\/td>\n\t\t\t\t  <td class=\"ep_td_datum\">1921-12-31<\/td>\n\t\t\t\t  <td class=\"ep_td_datum\">1939-12-31<\/td>\n\t\t\t\t<\/tr><tr class=\"ep_tr\">\n\t\t\t\t  <td class=\"ep_td_nev\" style=\"text-align: left;\"><a href=\"\/en\/kotveny\/dkk\/\">Danish 100 crowns<\/td>\n\t\t\t\t  <td class=\"ep_td_db\">100<\/td>\n\t\t\t\t  <td class=\"ep_td_datum\">1922-12-31<\/td>\n\t\t\t\t  <td class=\"ep_td_datum\">1939-12-31<\/td>\n\t\t\t\t<\/tr><tr class=\"ep_tr\">\n\t\t\t\t  <td class=\"ep_td_nev\" style=\"text-align: left;\"><a href=\"\/en\/kotveny\/frf\/\">French 100 francs<\/td>\n\t\t\t\t  <td class=\"ep_td_db\">100<\/td>\n\t\t\t\t  <td class=\"ep_td_datum\">1898-12-31<\/td>\n\t\t\t\t  <td class=\"ep_td_datum\">1939-12-31<\/td>\n\t\t\t\t<\/tr><tr class=\"ep_tr\">\n\t\t\t\t  <td class=\"ep_td_nev\" style=\"text-align: left;\"><a href=\"\/en\/kotveny\/nlg\/\">Dutch gulden<\/td>\n\t\t\t\t  <td class=\"ep_td_db\">1<\/td>\n\t\t\t\t  <td class=\"ep_td_datum\">1922-12-31<\/td>\n\t\t\t\t  <td class=\"ep_td_datum\">1939-12-31<\/td>\n\t\t\t\t<\/tr><tr class=\"ep_tr\">\n\t\t\t\t  <td class=\"ep_td_nev\" style=\"text-align: left;\"><a href=\"\/en\/kotveny\/yuk\/\">Yugoslav 100 crowns<\/td>\n\t\t\t\t  <td class=\"ep_td_db\">100<\/td>\n\t\t\t\t  <td class=\"ep_td_datum\">1922-12-31<\/td>\n\t\t\t\t  <td class=\"ep_td_datum\">1924-12-31<\/td>\n\t\t\t\t<\/tr><tr class=\"ep_tr\">\n\t\t\t\t  <td class=\"ep_td_nev\" style=\"text-align: left;\"><a href=\"\/en\/kotveny\/cad\/\">Canadian $100<\/td>\n\t\t\t\t  <td class=\"ep_td_db\">100<\/td>\n\t\t\t\t  <td class=\"ep_td_datum\">1932-12-31<\/td>\n\t\t\t\t  <td class=\"ep_td_datum\">1940-12-31<\/td>\n\t\t\t\t<\/tr><tr class=\"ep_tr\">\n\t\t\t\t  <td class=\"ep_td_nev\" style=\"text-align: left;\"><a href=\"\/en\/kotveny\/pln\/\">Polish 1 zloty<\/td>\n\t\t\t\t  <td class=\"ep_td_db\">1<\/td>\n\t\t\t\t  <td class=\"ep_td_datum\">1925-12-31<\/td>\n\t\t\t\t  <td class=\"ep_td_datum\">1938-12-31<\/td>\n\t\t\t\t<\/tr><tr class=\"ep_tr\">\n\t\t\t\t  <td class=\"ep_td_nev\" style=\"text-align: left;\"><a href=\"\/en\/kotveny\/plm\/\">Polish 100 marks<\/td>\n\t\t\t\t  <td class=\"ep_td_db\">100<\/td>\n\t\t\t\t  <td class=\"ep_td_datum\">1920-12-31<\/td>\n\t\t\t\t  <td class=\"ep_td_datum\">1923-12-31<\/td>\n\t\t\t\t<\/tr><tr class=\"ep_tr\">\n\t\t\t\t  <td class=\"ep_td_nev\" style=\"text-align: left;\"><a href=\"\/en\/kotveny\/huf\/\">Hungarian forint<\/td>\n\t\t\t\t  <td class=\"ep_td_db\">1<\/td>\n\t\t\t\t  <td class=\"ep_td_datum\"><\/td>\n\t\t\t\t  <td class=\"ep_td_datum\"><\/td>\n\t\t\t\t<\/tr><tr class=\"ep_tr\">\n\t\t\t\t  <td class=\"ep_td_nev\" style=\"text-align: left;\"><a href=\"\/en\/kotveny\/huk\/\">Hungarian crown<\/td>\n\t\t\t\t  <td class=\"ep_td_db\">1<\/td>\n\t\t\t\t  <td class=\"ep_td_datum\"><\/td>\n\t\t\t\t  <td class=\"ep_td_datum\"><\/td>\n\t\t\t\t<\/tr><tr class=\"ep_tr\">\n\t\t\t\t  <td class=\"ep_td_nev\" style=\"text-align: left;\"><a href=\"\/en\/kotveny\/hup\/\">Hungarian peng\u0151<\/td>\n\t\t\t\t  <td class=\"ep_td_db\">1<\/td>\n\t\t\t\t  <td class=\"ep_td_datum\"><\/td>\n\t\t\t\t  <td class=\"ep_td_datum\"><\/td>\n\t\t\t\t<\/tr><tr class=\"ep_tr\">\n\t\t\t\t  <td class=\"ep_td_nev\" style=\"text-align: left;\"><a href=\"\/en\/kotveny\/dem\/\">German 100 marks<\/td>\n\t\t\t\t  <td class=\"ep_td_db\">100<\/td>\n\t\t\t\t  <td class=\"ep_td_datum\">1876-12-31<\/td>\n\t\t\t\t  <td class=\"ep_td_datum\">1934-12-31<\/td>\n\t\t\t\t<\/tr><tr class=\"ep_tr\">\n\t\t\t\t  <td class=\"ep_td_nev\" style=\"text-align: left;\"><a href=\"\/en\/kotveny\/det\/\">Germany Taller<\/td>\n\t\t\t\t  <td class=\"ep_td_db\">1<\/td>\n\t\t\t\t  <td class=\"ep_td_datum\"><\/td>\n\t\t\t\t  <td class=\"ep_td_datum\"><\/td>\n\t\t\t\t<\/tr><tr class=\"ep_tr\">\n\t\t\t\t  <td class=\"ep_td_nev\" style=\"text-align: left;\"><a href=\"\/en\/kotveny\/nok\/\">Norwegian 100 kroner<\/td>\n\t\t\t\t  <td class=\"ep_td_db\">100<\/td>\n\t\t\t\t  <td class=\"ep_td_datum\">1922-12-31<\/td>\n\t\t\t\t  <td class=\"ep_td_datum\">1939-12-31<\/td>\n\t\t\t\t<\/tr><tr class=\"ep_tr\">\n\t\t\t\t  <td class=\"ep_td_nev\" style=\"text-align: left;\"><a href=\"\/en\/kotveny\/itl\/\">Italian 100 lira<\/td>\n\t\t\t\t  <td class=\"ep_td_db\">100<\/td>\n\t\t\t\t  <td class=\"ep_td_datum\">1894-12-31<\/td>\n\t\t\t\t  <td class=\"ep_td_datum\">1942-12-31<\/td>\n\t\t\t\t<\/tr><tr class=\"ep_tr\">\n\t\t\t\t  <td class=\"ep_td_nev\" style=\"text-align: left;\"><a href=\"\/en\/kotveny\/rur\/\">Russian 100 Romanov rubles<\/td>\n\t\t\t\t  <td class=\"ep_td_db\">100<\/td>\n\t\t\t\t  <td class=\"ep_td_datum\">1920-12-31<\/td>\n\t\t\t\t  <td class=\"ep_td_datum\">1921-12-31<\/td>\n\t\t\t\t<\/tr><tr class=\"ep_tr\">\n\t\t\t\t  <td class=\"ep_td_nev\" style=\"text-align: left;\"><a href=\"\/en\/kotveny\/rub\/\">Russian rouble<\/td>\n\t\t\t\t  <td class=\"ep_td_db\">1<\/td>\n\t\t\t\t  <td class=\"ep_td_datum\">1897-12-31<\/td>\n\t\t\t\t  <td class=\"ep_td_datum\">1919-12-31<\/td>\n\t\t\t\t<\/tr><tr class=\"ep_tr\">\n\t\t\t\t  <td class=\"ep_td_nev\" style=\"text-align: left;\"><a href=\"\/en\/kotveny\/ats\/\">Austrian 1 schilling<\/td>\n\t\t\t\t  <td class=\"ep_td_db\">1<\/td>\n\t\t\t\t  <td class=\"ep_td_datum\">1925-12-31<\/td>\n\t\t\t\t  <td class=\"ep_td_datum\">1937-12-31<\/td>\n\t\t\t\t<\/tr><tr class=\"ep_tr\">\n\t\t\t\t  <td class=\"ep_td_nev\" style=\"text-align: left;\"><a href=\"\/en\/kotveny\/atk\/\">Austrian 100 crowns<\/td>\n\t\t\t\t  <td class=\"ep_td_db\">100<\/td>\n\t\t\t\t  <td class=\"ep_td_datum\">1920-12-31<\/td>\n\t\t\t\t  <td class=\"ep_td_datum\">1926-12-31<\/td>\n\t\t\t\t<\/tr><tr class=\"ep_tr\">\n\t\t\t\t  <td class=\"ep_td_nev\" style=\"text-align: left;\"><a href=\"\/en\/kotveny\/oef\/\">Austrian Forint<\/td>\n\t\t\t\t  <td class=\"ep_td_db\">1<\/td>\n\t\t\t\t  <td class=\"ep_td_datum\"><\/td>\n\t\t\t\t  <td class=\"ep_td_datum\"><\/td>\n\t\t\t\t<\/tr><tr class=\"ep_tr\">\n\t\t\t\t  <td class=\"ep_td_nev\" style=\"text-align: left;\"><a href=\"\/en\/kotveny\/osz\/\">Austrian coupon<\/td>\n\t\t\t\t  <td class=\"ep_td_db\">1<\/td>\n\t\t\t\t  <td class=\"ep_td_datum\">1868-12-31<\/td>\n\t\t\t\t  <td class=\"ep_td_datum\">1868-12-31<\/td>\n\t\t\t\t<\/tr><tr class=\"ep_tr\">\n\t\t\t\t  <td class=\"ep_td_nev\" style=\"text-align: left;\"><a href=\"\/en\/kotveny\/oma\/\">Austro-Hungarian 8 forint gold<\/td>\n\t\t\t\t  <td class=\"ep_td_db\">8<\/td>\n\t\t\t\t  <td class=\"ep_td_datum\">1871-12-31<\/td>\n\t\t\t\t  <td class=\"ep_td_datum\">1913-12-31<\/td>\n\t\t\t\t<\/tr><tr class=\"ep_tr\">\n\t\t\t\t  <td class=\"ep_td_nev\" style=\"text-align: left;\"><a href=\"\/en\/kotveny\/ppu\/\">Prussian cash voucher<\/td>\n\t\t\t\t  <td class=\"ep_td_db\">1<\/td>\n\t\t\t\t  <td class=\"ep_td_datum\">1868-12-31<\/td>\n\t\t\t\t  <td class=\"ep_td_datum\">1875-12-31<\/td>\n\t\t\t\t<\/tr><tr class=\"ep_tr\">\n\t\t\t\t  <td class=\"ep_td_nev\" style=\"text-align: left;\"><a href=\"\/en\/kotveny\/ron\/\">Romanian 100 lei<\/td>\n\t\t\t\t  <td class=\"ep_td_db\">100<\/td>\n\t\t\t\t  <td class=\"ep_td_datum\">1901-12-31<\/td>\n\t\t\t\t  <td class=\"ep_td_datum\">1941-12-31<\/td>\n\t\t\t\t<\/tr><tr class=\"ep_tr\">\n\t\t\t\t  <td class=\"ep_td_nev\" style=\"text-align: left;\"><a href=\"\/en\/kotveny\/esp\/\">Spanish 100 pesetas<\/td>\n\t\t\t\t  <td class=\"ep_td_db\">100<\/td>\n\t\t\t\t  <td class=\"ep_td_datum\">1927-12-31<\/td>\n\t\t\t\t  <td class=\"ep_td_datum\">1929-12-31<\/td>\n\t\t\t\t<\/tr><tr class=\"ep_tr\">\n\t\t\t\t  <td class=\"ep_td_nev\" style=\"text-align: left;\"><a href=\"\/en\/kotveny\/chf\/\">Swiss 100 francs<\/td>\n\t\t\t\t  <td class=\"ep_td_db\">100<\/td>\n\t\t\t\t  <td class=\"ep_td_datum\">1920-12-31<\/td>\n\t\t\t\t  <td class=\"ep_td_datum\">1948-03-31<\/td>\n\t\t\t\t<\/tr><tr class=\"ep_tr\">\n\t\t\t\t  <td class=\"ep_td_nev\" style=\"text-align: left;\"><a href=\"\/en\/kotveny\/sek\/\">Swedish 100 krona<\/td>\n\t\t\t\t  <td class=\"ep_td_db\">100<\/td>\n\t\t\t\t  <td class=\"ep_td_datum\">1922-12-31<\/td>\n\t\t\t\t  <td class=\"ep_td_datum\">1948-03-31<\/td>\n\t\t\t\t<\/tr><tr class=\"ep_tr\">\n\t\t\t\t  <td class=\"ep_td_nev\" style=\"text-align: left;\"><a href=\"\/en\/kotveny\/sed\/\">Serbian 100 silver dinars<\/td>\n\t\t\t\t  <td class=\"ep_td_db\">100<\/td>\n\t\t\t\t  <td class=\"ep_td_datum\">1901-12-31<\/td>\n\t\t\t\t  <td class=\"ep_td_datum\">1940-12-31<\/td>\n\t\t\t\t<\/tr><tr class=\"ep_tr\">\n\t\t\t\t  <td class=\"ep_td_nev\" style=\"text-align: left;\"><a href=\"\/en\/kotveny\/skd\/\">Serbian 100 crown dinar<\/td>\n\t\t\t\t  <td class=\"ep_td_db\">100<\/td>\n\t\t\t\t  <td class=\"ep_td_datum\">1920-12-31<\/td>\n\t\t\t\t  <td class=\"ep_td_datum\">1921-12-31<\/td>\n\t\t\t\t<\/tr><tr class=\"ep_tr\">\n\t\t\t\t  <td class=\"ep_td_nev\" style=\"text-align: left;\"><a href=\"\/en\/kotveny\/szk\/\">Slovak 100 crowns<\/td>\n\t\t\t\t  <td class=\"ep_td_db\">100<\/td>\n\t\t\t\t  <td class=\"ep_td_datum\">1939-12-31<\/td>\n\t\t\t\t  <td class=\"ep_td_datum\">1944-12-12<\/td>\n\t\t\t\t<\/tr><tr class=\"ep_tr\">\n\t\t\t\t  <td class=\"ep_td_nev\" style=\"text-align: left;\"><a href=\"\/en\/kotveny\/try\/\">Turkish Lira<\/td>\n\t\t\t\t  <td class=\"ep_td_db\">1<\/td>\n\t\t\t\t  <td class=\"ep_td_datum\">1893-12-31<\/td>\n\t\t\t\t  <td class=\"ep_td_datum\">1893-12-31<\/td>\n\t\t\t\t<\/tr><\/tbody><\/table>\n\n\t\t<\/div>\n\t<\/div>\n<\/div><\/div><\/div><\/div>\n<\/div>","protected":false},"excerpt":{"rendered":"\u00a0 Deviz\u00e1k \u00e9s nemesf\u00e9mek list\u00e1ja \u00c9rt\u00e9kpap\u00edr neve Jegyz\u00e9si egys\u00e9ge A legels\u0151 \u00e1rjegyz\u00e9s ideje A legutols\u00f3 \u00e1rjegyz\u00e9s ideje 10 doll\u00e1ros arany 10 1946-12-31 1948-03-31 100 sokol 100 1920-12-31 1920-12-31 20 frankos arany 20 1868-12-31 1948-03-31 20 l\u00edr\u00e1s arany 20 1946-12-31 1948-03-31 Amerikai doll\u00e1r 1 1920-12-31 1948-03-31 Angol font 1 1920-12-31 1939-12-31 Angol sovereign 1 1912-12-31 1919-12-31 [...]","protected":false},"author":1,"featured_media":0,"parent":0,"menu_order":0,"comment_status":"closed","ping_status":"closed","template":"","meta":{"_acf_changed":false,"_monsterinsights_skip_tracking":false,"_monsterinsights_sitenote_active":false,"_monsterinsights_sitenote_note":"","_monsterinsights_sitenote_category":0,"footnotes":""},"class_list":["post-5746","page","type-page","status-publish","hentry"],"acf":[],"_links":{"self":[{"href":"https:\/\/tozsdemuzeum.hu\/en\/wp-json\/wp\/v2\/pages\/5746","targetHints":{"allow":["GET"]}}],"collection":[{"href":"https:\/\/tozsdemuzeum.hu\/en\/wp-json\/wp\/v2\/pages"}],"about":[{"href":"https:\/\/tozsdemuzeum.hu\/en\/wp-json\/wp\/v2\/types\/page"}],"author":[{"embeddable":true,"href":"https:\/\/tozsdemuzeum.hu\/en\/wp-json\/wp\/v2\/users\/1"}],"replies":[{"embeddable":true,"href":"https:\/\/tozsdemuzeum.hu\/en\/wp-json\/wp\/v2\/comments?post=5746"}],"version-history":[{"count":3,"href":"https:\/\/tozsdemuzeum.hu\/en\/wp-json\/wp\/v2\/pages\/5746\/revisions"}],"predecessor-version":[{"id":6538,"href":"https:\/\/tozsdemuzeum.hu\/en\/wp-json\/wp\/v2\/pages\/5746\/revisions\/6538"}],"wp:attachment":[{"href":"https:\/\/tozsdemuzeum.hu\/en\/wp-json\/wp\/v2\/media?parent=5746"}],"curies":[{"name":"wp","href":"https:\/\/api.w.org\/{rel}","templated":true}]}}