{"id":465,"date":"2018-09-27T09:32:37","date_gmt":"2018-09-27T07:32:37","guid":{"rendered":"http:\/\/muzeum.netfolio.hu\/?page_id=465"},"modified":"2018-10-02T17:03:28","modified_gmt":"2018-10-02T15:03:28","slug":"tozsde-szuletik","status":"publish","type":"page","link":"https:\/\/tozsdemuzeum.hu\/en\/tozsde-szuletik\/","title":{"rendered":"An exchange is born"},"content":{"rendered":"<div class=\"wpb-content-wrapper\"><div class=\"vc_row wpb_row vc_row-fluid\"><div class=\"wpb_column vc_column_container vc_col-sm-12\"><div class=\"vc_column-inner\"><div class=\"wpb_wrapper\">\n\t<div class=\"wpb_text_column wpb_content_element\" >\n\t\t<div class=\"wpb_wrapper\">\n\t\t\t<p>The Hungarian Stock Exchange started its operations on 18 January 1864 in the headquarters of the Pesti Lloyd Society in Pest, on the banks of the Danube. The preparatory committee for the stock exchange was headed by Frigyes Kochmeister, who was also elected as the first president of the exchange (1864-1900). The institution was first established as a stock exchange for securities, but four years later it absorbed the centre of grain trading, the Grain Exchange, and took the name Budapest Commodity and Stock Exchange (B\u00c1\u00c9T), and under this name it operated as one of Europe's leading exchanges for 80 years. At the time of its launch in 1864, the exchange listed 17 shares, one bond, 11 foreign currencies and 9 bills of exchange. After a few sleepy years, the real boom came in 1872. In that year, 15 industrial and 550 financial joint stock companies had their statutes approved by the Minister of Commerce and were listed on the stock exchange.<\/p>\n<p>The Budapest Stock Exchange moved in 1873, and until 1905 it moved to its new headquarters at the corner of Wurm (today: Szende P\u00e1l) and M\u00e1ria Ter\u00e9zia (today: Ap\u00e1czai Csere J\u00e1nos) streets, and then to the Exhange Palace on Szabads\u00e1g Square (1905-1948).<\/p>\n<p>The first real stock market crash shook the Budapest stock exchange in May 1873. It took a decade and a half after the stock market crash before domestic investors were willing to buy shares again.<\/p>\n<p>The early 1990s saw another spectacular long period, linked to the general investment boom of the millennium years and international stock market trends. The international importance of the Hungarian stock exchange is shown by the fact that from 1889 onwards, Budapest quotations were also published in Vienna, Frankfurt, London and Paris. From the 1990s onwards, Hungarian government bonds were regularly listed on the London, Paris, Amsterdam and Berlin stock exchanges. The main means of communication in these years was the new invention, the telephone.<\/p>\n<p>By the turn of the century, 310 securities were traded on the stock exchange, and by the beginning of the First World War, almost 500 securities were traded, with annual turnover reaching one million shares in 1913, and the turnover of the Budapest Giro and Minting Company amounted to 2.7 billion crowns. At the same time, the turnover of grain was also growing dynamically: after 400,000 tonnes a year in 1875, by the turn of the century there were one million tonnes of grain traded on the exchange, and before the World War almost one and a half million tonnes. This made BSE Europe's leading grain exchange.<\/p>\n<p style=\"text-align: right;\"><em>Source: G. Tam\u00e1s Kor\u00e1nyi - N\u00f3ra Szeles, Stock Exchange is Born (BSE, Budapest, 2005)<\/em><\/p>\n\n\t\t<\/div>\n\t<\/div>\n<\/div><\/div><\/div><\/div><div class=\"vc_row wpb_row vc_row-fluid\"><div class=\"wpb_column vc_column_container vc_col-sm-12\"><div class=\"vc_column-inner\"><div class=\"wpb_wrapper\">\t\t\r\n\t\t\t<!-- Client Section -->\r\n\t\t\t<div class=\"container-fluid client-section no-padding\">\r\n\t\t\t\t<div class=\"client-carousel\">\r\n\t\t\t\t\t\t\t\t\t\t\t\t\t<div class=\"item\">\r\n\t\t\t\t\t\t\t\t\t<a href=\"https:\/\/www.ramasoft.hu\"><img loading=\"lazy\" decoding=\"async\" width=\"200\" height=\"117\" src=\"https:\/\/tozsdemuzeum.hu\/wp-content\/uploads\/2018\/09\/RAMASOFT-logo_1_newkicsi.png\" class=\"attachment-full size-full\" alt=\"\" \/><\/a>\r\n\t\t\t\t\t\t\t\t<\/div>\r\n\t\t\t\t\t\t\t\t\t\t\t\t\t\t\t\t<div class=\"item item-bg\">\r\n\t\t\t\t\t\t\t\t\t<a href=\"https:\/\/www.arcanum,hu\"><img loading=\"lazy\" decoding=\"async\" width=\"200\" height=\"45\" src=\"https:\/\/tozsdemuzeum.hu\/wp-content\/uploads\/2018\/09\/Arcanumlogo-compact-e1538126948230.png\" class=\"attachment-full size-full\" alt=\"\" \/><\/a>\r\n\t\t\t\t\t\t\t\t<\/div>\r\n\t\t\t\t\t\t\t\t\t\t\t\t\t\t\t\t<div class=\"item\">\r\n\t\t\t\t\t\t\t\t\t<a href=\"https:\/\/www.fszek.hu\"><img loading=\"lazy\" decoding=\"async\" width=\"132\" height=\"132\" src=\"https:\/\/tozsdemuzeum.hu\/wp-content\/uploads\/2018\/09\/logo-fszek-e1538126634936.png\" class=\"attachment-full size-full\" alt=\"\" \/><\/a>\r\n\t\t\t\t\t\t\t\t<\/div>\r\n\t\t\t\t\t\t\t\t\t\t\t\t\t\t\t\t<div class=\"item item-bg\">\r\n\t\t\t\t\t\t\t\t\t<a href=\"https:\/\/www.netfolio.hu\"><img loading=\"lazy\" decoding=\"async\" width=\"200\" height=\"49\" src=\"https:\/\/tozsdemuzeum.hu\/wp-content\/uploads\/2018\/09\/Netfoliologo-1.png\" class=\"attachment-full size-full\" alt=\"\" \/><\/a>\r\n\t\t\t\t\t\t\t\t<\/div>\r\n\t\t\t\t\t\t\t\t\t\t\t\t\t\t\t\t<div class=\"item\">\r\n\t\t\t\t\t\t\t\t\t<a href=\"https:\/\/www.bet.hu\"><img loading=\"lazy\" decoding=\"async\" width=\"132\" height=\"132\" src=\"https:\/\/tozsdemuzeum.hu\/wp-content\/uploads\/2018\/09\/B\u00c9T-log\u00f3-RGB-640px-e1538126668844.png\" class=\"attachment-full size-full\" alt=\"\" \/><\/a>\r\n\t\t\t\t\t\t\t\t<\/div>\r\n\t\t\t\t\t\t\t\t\t\t\t\t<\/div>\r\n\t\t\t<\/div><!-- Client Section \/- -->\r\n\t\t\t\t\r\n\t<!-- Testimonial Section -->\r\n\t<div class=\"testimonial-section container-fluid\">\r\n\t\t<!-- Container -->\r\n\t\t<div class=\"container\">\r\n\t\t\t<div class=\"col-md-8\">\r\n\t\t\t\t<div class=\"testimonial-slider\">\r\n\t\t\t\t\t<div class=\"mis-stage\">\t\r\n\t\t\t\t\t\t\t\t\t\t\t\t\t\t<ol class=\"mis-slider\">\r\n\t\t\t\t\t\t\t\t\t\t\t\t\t\t\t\t\t\t\t\t<li id=\"mis_slide-1\" class=\"mis-slide\" data-slide=\"1\">\r\n\t\t\t\t\t\t\t\t\t\t\t\t\t\t\t\t\t\t\t\t\t\t\t\t\t<a href=\"\/en\/ember\/kochmeister-frigyes\/\" class=\"mis-container\">\r\n\t\t\t\t\t\t\t\t\t\t\t\t\t\t<img loading=\"lazy\" decoding=\"async\" width=\"95\" height=\"95\" src=\"https:\/\/tozsdemuzeum.hu\/wp-content\/uploads\/2018\/09\/Kochmeister_Frigyes-95x95.jpg\" class=\"attachment-history_95_95 size-history_95_95\" alt=\"\" srcset=\"https:\/\/tozsdemuzeum.hu\/wp-content\/uploads\/2018\/09\/Kochmeister_Frigyes-95x95.jpg 95w, https:\/\/tozsdemuzeum.hu\/wp-content\/uploads\/2018\/09\/Kochmeister_Frigyes-150x150.jpg 150w, https:\/\/tozsdemuzeum.hu\/wp-content\/uploads\/2018\/09\/Kochmeister_Frigyes-82x82.jpg 82w\" sizes=\"auto, (max-width: 95px) 100vw, 95px\" \/>\t\t\t\t\t\t\t\t\t\t\t\t\t<\/a>\r\n\t\t\t\t\t\t\t\t\t\t\t\t\t\t\t\t\t\t\t\t\t\t\t\t<\/li>\r\n\t\t\t\t\t\t\t\t\t\t\t\t\t\t\t\t\t\t\t\t\t\t<li id=\"mis_slide-2\" class=\"mis-slide\" data-slide=\"2\">\r\n\t\t\t\t\t\t\t\t\t\t\t\t\t\t\t\t\t\t\t\t\t\t\t\t\t<a href=\"\/en\/ember\/kornfeld-zsigmond\/\" class=\"mis-container\">\r\n\t\t\t\t\t\t\t\t\t\t\t\t\t\t<img loading=\"lazy\" decoding=\"async\" width=\"95\" height=\"95\" src=\"https:\/\/tozsdemuzeum.hu\/wp-content\/uploads\/2018\/09\/Kornfeld_Zsigmond2-95x95.jpg\" class=\"attachment-history_95_95 size-history_95_95\" alt=\"\" srcset=\"https:\/\/tozsdemuzeum.hu\/wp-content\/uploads\/2018\/09\/Kornfeld_Zsigmond2-95x95.jpg 95w, https:\/\/tozsdemuzeum.hu\/wp-content\/uploads\/2018\/09\/Kornfeld_Zsigmond2-150x150.jpg 150w, https:\/\/tozsdemuzeum.hu\/wp-content\/uploads\/2018\/09\/Kornfeld_Zsigmond2-82x82.jpg 82w, https:\/\/tozsdemuzeum.hu\/wp-content\/uploads\/2018\/09\/Kornfeld_Zsigmond2-339x342.jpg 339w\" sizes=\"auto, (max-width: 95px) 100vw, 95px\" \/>\t\t\t\t\t\t\t\t\t\t\t\t\t<\/a>\r\n\t\t\t\t\t\t\t\t\t\t\t\t\t\t\t\t\t\t\t\t\t\t\t\t<\/li>\r\n\t\t\t\t\t\t\t\t\t\t\t\t\t\t\t\t\t\t\t\t\t\t<li id=\"mis_slide-3\" class=\"mis-slide\" data-slide=\"3\">\r\n\t\t\t\t\t\t\t\t\t\t\t\t\t\t\t\t\t\t\t\t\t\t\t\t\t<a href=\"\/en\/ember\/fleissig-sandor\/\" class=\"mis-container\">\r\n\t\t\t\t\t\t\t\t\t\t\t\t\t\t<img loading=\"lazy\" decoding=\"async\" width=\"95\" height=\"95\" src=\"https:\/\/tozsdemuzeum.hu\/wp-content\/uploads\/2018\/09\/Fleissig_S\u00e1ndor-95x95.jpg\" class=\"attachment-history_95_95 size-history_95_95\" alt=\"\" srcset=\"https:\/\/tozsdemuzeum.hu\/wp-content\/uploads\/2018\/09\/Fleissig_S\u00e1ndor-95x95.jpg 95w, https:\/\/tozsdemuzeum.hu\/wp-content\/uploads\/2018\/09\/Fleissig_S\u00e1ndor-150x150.jpg 150w, https:\/\/tozsdemuzeum.hu\/wp-content\/uploads\/2018\/09\/Fleissig_S\u00e1ndor-395x395.jpg 395w, https:\/\/tozsdemuzeum.hu\/wp-content\/uploads\/2018\/09\/Fleissig_S\u00e1ndor-82x82.jpg 82w\" sizes=\"auto, (max-width: 95px) 100vw, 95px\" \/>\t\t\t\t\t\t\t\t\t\t\t\t\t<\/a>\r\n\t\t\t\t\t\t\t\t\t\t\t\t\t\t\t\t\t\t\t\t\t\t\t\t<\/li>\r\n\t\t\t\t\t\t\t\t\t\t\t\t\t\t\t\t\t\t\t<\/ol>\r\n\t\t\t\t\t\t\t\t<div class=\"mis-content-block\">\r\n\t\t\t\t\t\t\t\t\t\t\t\t\t\t\t\t\t\t\t\t<div id=\"mis_slide_content-1\">\r\n\t\t\t\t\t\t\t\t\t\t\t\t<p>\"What is needed is a serious, persistent will on the part of each of us, directed to visit, use and animate the young institution frequently, perhaps at first with some sacrifice of our habits, our desires and our interests.\"<\/p>\n\t\t\t\t\t\t\t\t\t\t\t\t<i class=\"icon icon-MessageRight\"><\/i>\r\n\t\t\t\t\t\t\t\t\t\t\t\t<h3>Baron Frigyes Kochmeister (1816-1907)<\/h3>\t\t\t\t\t\t\t\t\t\t\t\t<span>President of the BSE (1864-1900)<\/span>\t\t\t\t\t\t\t\t\t\t\t<\/div>\r\n\t\t\t\t\t\t\t\t\t\t\t\t\t\t\t\t\t\t\t\t\t\t<div id=\"mis_slide_content-2\">\r\n\t\t\t\t\t\t\t\t\t\t\t\t<p>\"As regards freedom of action, our institution desires nothing more than to do what is in the interest of the country as a whole, and to be free from any unilateral tendency, as it has been far from seeking to cultivate its own interests at the expense of the common good. \"<\/p>\n\t\t\t\t\t\t\t\t\t\t\t\t<i class=\"icon icon-MessageRight\"><\/i>\r\n\t\t\t\t\t\t\t\t\t\t\t\t<h3>Baron Zsigmond Kornfeld (1852-1909)<\/h3>\t\t\t\t\t\t\t\t\t\t\t\t<span>President of the BSE (1900-1909)<\/span>\t\t\t\t\t\t\t\t\t\t\t<\/div>\r\n\t\t\t\t\t\t\t\t\t\t\t\t\t\t\t\t\t\t\t\t\t\t<div id=\"mis_slide_content-3\">\r\n\t\t\t\t\t\t\t\t\t\t\t\t<p>\"Our poor mother, this dismembered Hungary is sick, seriously sick, and let us put aside all other interests, real or apparent, and keep in mind the only point of view: what is necessary, what is good for our poor, sick mother: Hungary.\"<\/p>\n\t\t\t\t\t\t\t\t\t\t\t\t<i class=\"icon icon-MessageRight\"><\/i>\r\n\t\t\t\t\t\t\t\t\t\t\t\t<h3>S\u00e1ndor Fleissig (1869-1939)<\/h3>\t\t\t\t\t\t\t\t\t\t\t\t<span>President of the BSE (1931-1939)<\/span>\t\t\t\t\t\t\t\t\t\t\t<\/div>\r\n\t\t\t\t\t\t\t\t\t\t\t\t\t\t\t\t\t\t\t<\/div>\r\n\t\t\t\t\t\t\t\t\t\t\t\t\t<\/div>\r\n\t\t\t\t<\/div>\r\n\t\t\t<\/div>\r\n\t\t<\/div><!-- Container \/-  -->\r\n\t<\/div><!-- Testimonial Section \/- -->\r\n\t<\/div><\/div><\/div><\/div>\n<\/div>","protected":false},"excerpt":{"rendered":"A magyar t\u0151zsde 1864. janu\u00e1r 18-\u00e1n kezdte meg m\u0171k\u00f6d\u00e9s\u00e9t Pesten, a Pesti Lloyd T\u00e1rsulat Duna-parti sz\u00e9kh\u00e1z\u00e1ban. A t\u0151zsd\u00e9t el\u0151k\u00e9sz\u00edt\u0151 bizotts\u00e1got Kochmeister Frigyes vezette, akit a t\u0151zsde els\u0151 eln\u00f6k\u00e9v\u00e9 (1864-1900) is v\u00e1lasztottak. Az int\u00e9zm\u00e9ny el\u0151sz\u00f6r \u00e9rt\u00e9kpap\u00edrt\u0151zsdek\u00e9nt j\u00f6tt l\u00e9tre, de n\u00e9gy \u00e9vvel k\u00e9s\u0151bb mag\u00e1ba olvasztotta a gabonakereskedelem k\u00f6zpontj\u00e1t, a Gabonacsarnokot, felvette a Budapesti \u00c1ru- \u00e9s \u00c9rt\u00e9kt\u0151zsde (B\u00c1\u00c9T) [...]","protected":false},"author":1,"featured_media":0,"parent":0,"menu_order":0,"comment_status":"closed","ping_status":"closed","template":"","meta":{"_acf_changed":false,"_monsterinsights_skip_tracking":false,"_monsterinsights_sitenote_active":false,"_monsterinsights_sitenote_note":"","_monsterinsights_sitenote_category":0,"footnotes":""},"class_list":["post-465","page","type-page","status-publish","hentry"],"acf":[],"_links":{"self":[{"href":"https:\/\/tozsdemuzeum.hu\/en\/wp-json\/wp\/v2\/pages\/465","targetHints":{"allow":["GET"]}}],"collection":[{"href":"https:\/\/tozsdemuzeum.hu\/en\/wp-json\/wp\/v2\/pages"}],"about":[{"href":"https:\/\/tozsdemuzeum.hu\/en\/wp-json\/wp\/v2\/types\/page"}],"author":[{"embeddable":true,"href":"https:\/\/tozsdemuzeum.hu\/en\/wp-json\/wp\/v2\/users\/1"}],"replies":[{"embeddable":true,"href":"https:\/\/tozsdemuzeum.hu\/en\/wp-json\/wp\/v2\/comments?post=465"}],"version-history":[{"count":8,"href":"https:\/\/tozsdemuzeum.hu\/en\/wp-json\/wp\/v2\/pages\/465\/revisions"}],"predecessor-version":[{"id":847,"href":"https:\/\/tozsdemuzeum.hu\/en\/wp-json\/wp\/v2\/pages\/465\/revisions\/847"}],"wp:attachment":[{"href":"https:\/\/tozsdemuzeum.hu\/en\/wp-json\/wp\/v2\/media?parent=465"}],"curies":[{"name":"wp","href":"https:\/\/api.w.org\/{rel}","templated":true}]}}