{"id":3219,"date":"2019-01-21T17:33:37","date_gmt":"2019-01-21T15:33:37","guid":{"rendered":"http:\/\/muzeum.netfolio.hu\/?page_id=3219"},"modified":"2025-12-14T12:10:39","modified_gmt":"2025-12-14T10:10:39","slug":"a-tozsdetanacs-tagjai","status":"publish","type":"page","link":"https:\/\/tozsdemuzeum.hu\/en\/a-tozsdetanacs-tagjai\/","title":{"rendered":"Members of the exchange council"},"content":{"rendered":"<div class=\"wpb-content-wrapper\"><div class=\"vc_row wpb_row vc_row-fluid\"><div data-vc-parallax=\"1.5\" class=\"wpb_column vc_column_container vc_col-sm-12 vc_col-has-fill vc_general vc_parallax vc_parallax-content-moving\"><div class=\"vc_column-inner\"><div class=\"wpb_wrapper\">\n\t<div class=\"wpb_text_column wpb_content_element\" >\n\t\t<div class=\"wpb_wrapper\">\n\t\t\t<style type=\"text\/css\">\n\ttable.tableizer-table {<br \/>\t\tfont-size: 16px;<br \/>\t}<br \/>\t.tableizer-table td {<br \/>\t\tpadding: 6px;<br \/>\t\tmargin: 6px;<br \/>\t\tborder: 1px solid #CCC;<br \/>\t}<br \/>\t.tableizer-table th {<br \/>\tpadding-top: 12px;<br \/>    \t\tpadding-bottom: 12px;<br \/>    \t\tbackground-color: #E2B447;<br \/>    \t\tcolor: white;<br \/>\t\tfont-weight: bold;<br \/>\t\tfont-size: 16px;<br \/>\t}<br \/><\/style>\n<table class=\"tableizer-table\">\n<thead>\n<tr class=\"tableizer-firstrow\">\n<th>Name<\/th>\n<th>Position<\/th>\n<th>Start at<\/th>\n<th>End<\/th>\n<\/tr>\n<\/thead>\n<tbody>\n<tr>\n<td>Adolf Aebly<\/td>\n<td>Stock Exchange Counsellor<\/td>\n<td>1864<\/td>\n<td>1896<\/td>\n<\/tr>\n<tr>\n<td>Simon Altschul<\/td>\n<td>Stock Exchange Counsellor<\/td>\n<td>1876<\/td>\n<td>1886<\/td>\n<\/tr>\n<tr>\n<td>Rezs\u0151 Altst\u00e4tter<\/td>\n<td>Stock Exchange Counsellor<\/td>\n<td>1870<\/td>\n<td>1889<\/td>\n<\/tr>\n<tr>\n<td>Vilmos Bachrach<\/td>\n<td>Stock Exchange Counsellor<\/td>\n<td>1870<\/td>\n<td>1875<\/td>\n<\/tr>\n<tr>\n<td>Benedek Baronyi<\/td>\n<td>Stock Exchange Counsellor<\/td>\n<td>1868<\/td>\n<td><\/td>\n<\/tr>\n<tr>\n<td><a href=\"\/en\/ember\/madarassy-beck-miksa\/\">Miksa Beck<\/a><\/td>\n<td>Stock Exchange Counsellor<\/td>\n<td>1875<\/td>\n<td><\/td>\n<\/tr>\n<tr>\n<td>Jakab Beimel<\/td>\n<td>Stock Exchange Counsellor<\/td>\n<td>1866<\/td>\n<td><\/td>\n<\/tr>\n<tr>\n<td>Arthur Bischitz<\/td>\n<td>Stock Exchange Counsellor<\/td>\n<td>1894<\/td>\n<td><\/td>\n<\/tr>\n<tr>\n<td>Adolf B\u00f6lcskey<\/td>\n<td>Stock Exchange Counsellor<\/td>\n<td>1867<\/td>\n<td>1869<\/td>\n<\/tr>\n<tr>\n<td>\u00c1rmin Br\u00fcll<\/td>\n<td>Stock Exchange Counsellor<\/td>\n<td>1878<\/td>\n<td><\/td>\n<\/tr>\n<tr>\n<td>Ign\u00e1c Br\u00fcll<\/td>\n<td>Stock Exchange Counsellor<\/td>\n<td>1867<\/td>\n<td>1869<\/td>\n<\/tr>\n<tr>\n<td>Lip\u00f3t Br\u00fcll<\/td>\n<td>Stock Exchange Counsellor<\/td>\n<td>1893<\/td>\n<td>1894<\/td>\n<\/tr>\n<tr>\n<td>Jen\u0151 Cs\u00e1sz\u00e1r<\/td>\n<td>Stock Exchange Counsellor<\/td>\n<td>1887<\/td>\n<td><\/td>\n<\/tr>\n<tr>\n<td>Bern\u00e1t Deutsch<\/td>\n<td>Stock Exchange Counsellor<\/td>\n<td>1865<\/td>\n<td>1865<\/td>\n<\/tr>\n<tr>\n<td>K\u00e1roly G. Deutsch<\/td>\n<td>Stock Exchange Counsellor<\/td>\n<td>1868<\/td>\n<td>1889<\/td>\n<\/tr>\n<tr>\n<td>S\u00e1ndor Deutsch<\/td>\n<td>Stock Exchange Counsellor<\/td>\n<td>1884<\/td>\n<td><\/td>\n<\/tr>\n<tr>\n<td>Zsigmond Ertner<\/td>\n<td>Stock Exchange Counsellor<\/td>\n<td>1866<\/td>\n<td>1869<\/td>\n<\/tr>\n<tr>\n<td>M\u00f3r Flesch<\/td>\n<td>Stock Exchange Counsellor<\/td>\n<td>1864<\/td>\n<td>1865<\/td>\n<\/tr>\n<tr>\n<td>J\u00f3zsef Frankl<\/td>\n<td>Stock Exchange Counsellor<\/td>\n<td>1893<\/td>\n<td><\/td>\n<\/tr>\n<tr>\n<td>Ferenc Freund<\/td>\n<td>Stock Exchange Counsellor<\/td>\n<td>1894<\/td>\n<td><\/td>\n<\/tr>\n<tr>\n<td>F\u00fcl\u00f6p Freund<\/td>\n<td>Stock Exchange Counsellor<\/td>\n<td>1893<\/td>\n<td><\/td>\n<\/tr>\n<tr>\n<td>Happy Frigyes<\/td>\n<td>Stock Exchange Counsellor<\/td>\n<td>1864<\/td>\n<td>1864<\/td>\n<\/tr>\n<tr>\n<td>Zsigmond B. Geiger<\/td>\n<td>Stock Exchange Counsellor<\/td>\n<td>1881<\/td>\n<td><\/td>\n<\/tr>\n<tr>\n<td>Zsigmond Gold<\/td>\n<td>Stock Exchange Counsellor<\/td>\n<td>1868<\/td>\n<td><\/td>\n<\/tr>\n<tr>\n<td>Jakab Gruber<\/td>\n<td>Stock Exchange Counsellor<\/td>\n<td>1865<\/td>\n<td>1873<\/td>\n<\/tr>\n<tr>\n<td>Mih\u00e1ly Gschwindt<\/td>\n<td>Stock Exchange Counsellor<\/td>\n<td>1868<\/td>\n<td>1883<\/td>\n<\/tr>\n<tr>\n<td><a href=\"\/en\/ember\/haggenmacher-henrik\/\">Henrik Haggenmacher<\/a><\/td>\n<td>Stock Exchange Counsellor<\/td>\n<td>1870<\/td>\n<td>1871<\/td>\n<\/tr>\n<tr>\n<td>M. L. Hajduska<\/td>\n<td>Stock Exchange Counsellor<\/td>\n<td>1868<\/td>\n<td>1871<\/td>\n<\/tr>\n<tr>\n<td>Miksa Hanover<\/td>\n<td>Stock Exchange Counsellor<\/td>\n<td>1868<\/td>\n<td>1877<\/td>\n<\/tr>\n<tr>\n<td>Adolf Hars\u00e1nyi<\/td>\n<td>Stock Exchange Counsellor<\/td>\n<td>1885<\/td>\n<td>1890<\/td>\n<\/tr>\n<tr>\n<td>G\u00e1bor Heller<\/td>\n<td>Stock Exchange Counsellor<\/td>\n<td>1878<\/td>\n<td><\/td>\n<\/tr>\n<tr>\n<td>Frigyes Herzfeld<\/td>\n<td>Stock Exchange Counsellor<\/td>\n<td>1893<\/td>\n<td>1895<\/td>\n<\/tr>\n<tr>\n<td>P\u00e9ter Herzog<\/td>\n<td>Stock Exchange Counsellor<\/td>\n<td>1895<\/td>\n<td><\/td>\n<\/tr>\n<tr>\n<td>J\u00f3zsef Lajos Hirsch<\/td>\n<td>Stock Exchange Counsellor<\/td>\n<td>1890<\/td>\n<td>1894<\/td>\n<\/tr>\n<tr>\n<td>H. S. Hirschl<\/td>\n<td>Stock Exchange Counsellor<\/td>\n<td>1867<\/td>\n<td>1881<\/td>\n<\/tr>\n<tr>\n<td>S\u00e1muel Hoffmann<\/td>\n<td>Stock Exchange Counsellor<\/td>\n<td>1893<\/td>\n<td><\/td>\n<\/tr>\n<tr>\n<td>F\u00fcl\u00f6p Holitscher<\/td>\n<td>Stock Exchange Counsellor<\/td>\n<td>1866<\/td>\n<td>1874<\/td>\n<\/tr>\n<tr>\n<td>Man\u00f3 Holitscher<\/td>\n<td>Stock Exchange Counsellor<\/td>\n<td>1874<\/td>\n<td>1892<\/td>\n<\/tr>\n<tr>\n<td>Vilmos Holitscher<\/td>\n<td>Stock Exchange Counsellor<\/td>\n<td>1892<\/td>\n<td>1894<\/td>\n<\/tr>\n<tr>\n<td>Frigyes Holl<\/td>\n<td>Stock Exchange Counsellor<\/td>\n<td>1864<\/td>\n<td>1873<\/td>\n<\/tr>\n<tr>\n<td>Bern\u00e1t Holl\u00e4nder<\/td>\n<td>Stock Exchange Counsellor<\/td>\n<td>1868<\/td>\n<td>1877<\/td>\n<\/tr>\n<tr>\n<td>\u00c1goston H\u00fcrsch<\/td>\n<td>Stock Exchange Counsellor<\/td>\n<td>1865<\/td>\n<td>1877<\/td>\n<\/tr>\n<tr>\n<td><a href=\"\/en\/ember\/jalics-kalman\/\">K\u00e1lm\u00e1n J\u00e1lics<\/a><\/td>\n<td>Stock Exchange Counsellor<\/td>\n<td>1876<\/td>\n<td>1883<\/td>\n<\/tr>\n<tr>\n<td><a href=\"\/en\/ember\/haraszti-jellinek-henrik\/\">Henrik Jellinek<\/a><\/td>\n<td>Stock Exchange Counsellor<\/td>\n<td>1893<\/td>\n<td><\/td>\n<\/tr>\n<tr>\n<td><a href=\"\/en\/ember\/jellinek-mor\/\">M\u00f3r Jellinek<\/a><\/td>\n<td>Stock Exchange Counsellor<\/td>\n<td>1865<\/td>\n<td>1865<\/td>\n<\/tr>\n<tr>\n<td>Izidor K\u00e1lnoky<\/td>\n<td>Stock Exchange Counsellor<\/td>\n<td>1880<\/td>\n<td>1883<\/td>\n<\/tr>\n<tr>\n<td>Jakab Kern<\/td>\n<td>Stock Exchange Counsellor<\/td>\n<td>1864<\/td>\n<td>1864<\/td>\n<\/tr>\n<tr>\n<td><a href=\"\/en\/ember\/kochmeister-frigyes\/\">Frigyes Kochmeister Br.<\/a><\/td>\n<td>Stock Exchange Counsellor<\/td>\n<td>1864<\/td>\n<td><\/td>\n<\/tr>\n<tr>\n<td>\u00d6d\u00f6n Koechlin<\/td>\n<td>Stock Exchange Counsellor<\/td>\n<td>1870<\/td>\n<td>1880<\/td>\n<\/tr>\n<tr>\n<td>J. J. Koh\u00e9n<\/td>\n<td>Stock Exchange Counsellor<\/td>\n<td>1865<\/td>\n<td>1869<\/td>\n<\/tr>\n<tr>\n<td>Ifj. \u00c1rmin Kohn<\/td>\n<td>Stock Exchange Counsellor<\/td>\n<td>1896<\/td>\n<td><\/td>\n<\/tr>\n<tr>\n<td><a href=\"\/en\/ember\/kohner-agoston\/\">\u00c1gost Kohner<\/a><\/td>\n<td>Stock Exchange Counsellor<\/td>\n<td>1895<\/td>\n<td><\/td>\n<\/tr>\n<tr>\n<td><a href=\"\/en\/ember\/kohner-zsigmond\/\">Zsigmond Kohner<\/a><\/td>\n<td>Stock Exchange Counsellor<\/td>\n<td>1876<\/td>\n<td>1894<\/td>\n<\/tr>\n<tr>\n<td><a href=\"\/en\/ember\/kornfeld-zsigmond\/\">Zsigmond Kornfeld<\/a><\/td>\n<td>Stock Exchange Counsellor<\/td>\n<td>1891<\/td>\n<td>1893<\/td>\n<\/tr>\n<tr>\n<td>Lip\u00f3t K\u00f6nig<\/td>\n<td>Stock Exchange Counsellor<\/td>\n<td>1865<\/td>\n<td>1869<\/td>\n<\/tr>\n<tr>\n<td>Lajos Krausz<\/td>\n<td>Stock Exchange Counsellor<\/td>\n<td>1878<\/td>\n<td><\/td>\n<\/tr>\n<tr>\n<td>M. L. Kunewalder<\/td>\n<td>Stock Exchange Counsellor<\/td>\n<td>1864<\/td>\n<td>1865<\/td>\n<\/tr>\n<tr>\n<td><a href=\"\/en\/ember\/lanczy-leo\/\">Le\u00f3 L\u00e1nczy<\/a><\/td>\n<td>Stock Exchange Counsellor<\/td>\n<td>1887<\/td>\n<td>1893<\/td>\n<\/tr>\n<tr>\n<td>Jakab L\u00e1nyi<\/td>\n<td>Stock Exchange Counsellor<\/td>\n<td>1865<\/td>\n<td>1879<\/td>\n<\/tr>\n<tr>\n<td>S\u00e1ndor Lederer<\/td>\n<td>Stock Exchange Counsellor<\/td>\n<td>1892<\/td>\n<td>1894<\/td>\n<\/tr>\n<tr>\n<td>Ign\u00e1c Leopold<\/td>\n<td>Stock Exchange Counsellor<\/td>\n<td>1866<\/td>\n<td>1866<\/td>\n<\/tr>\n<tr>\n<td>J\u00f3zsef Luk\u00e1cs<\/td>\n<td>Stock Exchange Counsellor<\/td>\n<td>1893<\/td>\n<td>1895<\/td>\n<\/tr>\n<tr>\n<td>M\u00e1rk Maerle<\/td>\n<td>Stock Exchange Counsellor<\/td>\n<td>1868<\/td>\n<td>1886<\/td>\n<\/tr>\n<tr>\n<td>Lajos Mandl<\/td>\n<td>Stock Exchange Counsellor<\/td>\n<td>1872<\/td>\n<td>1877<\/td>\n<\/tr>\n<tr>\n<td>Albert Mark\u00f3<\/td>\n<td>Stock Exchange Counsellor<\/td>\n<td>1884<\/td>\n<td><\/td>\n<\/tr>\n<tr>\n<td>Zsigmond Mauthner<\/td>\n<td>Stock Exchange Counsellor<\/td>\n<td>1874<\/td>\n<td>1889<\/td>\n<\/tr>\n<tr>\n<td>J\u00f3zsef Medetz<\/td>\n<td>Stock Exchange Counsellor<\/td>\n<td>1864<\/td>\n<td>1868<\/td>\n<\/tr>\n<tr>\n<td>K\u00e1roly Mekler<\/td>\n<td>Stock Exchange Counsellor<\/td>\n<td>1876<\/td>\n<td>1876<\/td>\n<\/tr>\n<tr>\n<td>M\u00f3r M\u0171nk<\/td>\n<td>Stock Exchange Counsellor<\/td>\n<td>1864<\/td>\n<td>1864<\/td>\n<\/tr>\n<tr>\n<td>\u00c1rmin Nagel<\/td>\n<td>Stock Exchange Counsellor<\/td>\n<td>1868<\/td>\n<td>1890<\/td>\n<\/tr>\n<tr>\n<td>Albert Netter<\/td>\n<td>Stock Exchange Counsellor<\/td>\n<td>1869<\/td>\n<td>1870<\/td>\n<\/tr>\n<tr>\n<td>Frigyes Neumann<\/td>\n<td>Stock Exchange Counsellor<\/td>\n<td>1874<\/td>\n<td><\/td>\n<\/tr>\n<tr>\n<td>Miksa Neumann<\/td>\n<td>Stock Exchange Counsellor<\/td>\n<td>1880<\/td>\n<td><\/td>\n<\/tr>\n<tr>\n<td>Gyula Oblath<\/td>\n<td>Stock Exchange Counsellor<\/td>\n<td>1893<\/td>\n<td><\/td>\n<\/tr>\n<tr>\n<td>Imre P\u00e9k\u00e1r<\/td>\n<td>Stock Exchange Counsellor<\/td>\n<td>1893<\/td>\n<td><\/td>\n<\/tr>\n<tr>\n<td>Jakab Pirnitzer<\/td>\n<td>Stock Exchange Counsellor<\/td>\n<td>1870<\/td>\n<td>1882<\/td>\n<\/tr>\n<tr>\n<td>Jakab Redl<\/td>\n<td>Stock Exchange Counsellor<\/td>\n<td>1883<\/td>\n<td>1884<\/td>\n<\/tr>\n<tr>\n<td>J\u00f3n\u00e1s Reich<\/td>\n<td>Stock Exchange Counsellor<\/td>\n<td>1872<\/td>\n<td>1873<\/td>\n<\/tr>\n<tr>\n<td>Ferenc R\u00f6tzer<\/td>\n<td>Stock Exchange Counsellor<\/td>\n<td>1895<\/td>\n<td><\/td>\n<\/tr>\n<tr>\n<td>\u00c1ron Russo<\/td>\n<td>Stock Exchange Counsellor<\/td>\n<td>1872<\/td>\n<td>1879<\/td>\n<\/tr>\n<tr>\n<td>M\u00f3r Schlesinger<\/td>\n<td>Stock Exchange Counsellor<\/td>\n<td>1885<\/td>\n<td>1895<\/td>\n<\/tr>\n<tr>\n<td>M\u00f3r Schreiber<\/td>\n<td>Stock Exchange Counsellor<\/td>\n<td>1868<\/td>\n<td>1874<\/td>\n<\/tr>\n<tr>\n<td>F\u00e9lix Schwarz<\/td>\n<td>Stock Exchange Counsellor<\/td>\n<td>1896<\/td>\n<td><\/td>\n<\/tr>\n<tr>\n<td>M\u00e1rton Schweiger<\/td>\n<td>Stock Exchange Counsellor<\/td>\n<td>1870<\/td>\n<td><\/td>\n<\/tr>\n<tr>\n<td>Frigyes Semler<\/td>\n<td>Stock Exchange Counsellor<\/td>\n<td>1864<\/td>\n<td>1866<\/td>\n<\/tr>\n<tr>\n<td>Jakab Simon<\/td>\n<td>Stock Exchange Counsellor<\/td>\n<td>1890<\/td>\n<td><\/td>\n<\/tr>\n<tr>\n<td>Imre Sonnenberg<\/td>\n<td>Stock Exchange Counsellor<\/td>\n<td>1893<\/td>\n<td><\/td>\n<\/tr>\n<tr>\n<td>Alajos Strasser<\/td>\n<td>Stock Exchange Counsellor<\/td>\n<td>1864<\/td>\n<td>1888<\/td>\n<\/tr>\n<tr>\n<td>S\u00e1ndor Strasser<\/td>\n<td>Stock Exchange Counsellor<\/td>\n<td>1890<\/td>\n<td><\/td>\n<\/tr>\n<tr>\n<td>Antal Strausz<\/td>\n<td>Stock Exchange Counsellor<\/td>\n<td>1896<\/td>\n<td><\/td>\n<\/tr>\n<tr>\n<td>Emil Strausz<\/td>\n<td>Stock Exchange Counsellor<\/td>\n<td>1890<\/td>\n<td><\/td>\n<\/tr>\n<tr>\n<td>Alajos Strobentz<\/td>\n<td>Stock Exchange Counsellor<\/td>\n<td>1866<\/td>\n<td>1866<\/td>\n<\/tr>\n<tr>\n<td>Alfonz Sz\u00e1voszt<\/td>\n<td>Stock Exchange Counsellor<\/td>\n<td>1891<\/td>\n<td>1894<\/td>\n<\/tr>\n<tr>\n<td>Adolf Totis<\/td>\n<td>Stock Exchange Counsellor<\/td>\n<td>1872<\/td>\n<td>1875<\/td>\n<\/tr>\n<tr>\n<td>J\u00e1nos Tsch\u00f6gl<\/td>\n<td>Stock Exchange Counsellor<\/td>\n<td>1867<\/td>\n<td>1869<\/td>\n<\/tr>\n<tr>\n<td>Emil Ullmann<\/td>\n<td>Stock Exchange Counsellor<\/td>\n<td>1892<\/td>\n<td><\/td>\n<\/tr>\n<tr>\n<td>M. G. Ullmann<\/td>\n<td>Stock Exchange Counsellor<\/td>\n<td>1864<\/td>\n<td>1892<\/td>\n<\/tr>\n<tr>\n<td>B\u00e9la Wahl<\/td>\n<td>Stock Exchange Counsellor<\/td>\n<td>1893<\/td>\n<td><\/td>\n<\/tr>\n<tr>\n<td>M\u00f3r Wahrmann<\/td>\n<td>Stock Exchange Counsellor<\/td>\n<td>1864<\/td>\n<td>1889<\/td>\n<\/tr>\n<tr>\n<td>Endre Weisenbacher<\/td>\n<td>Stock Exchange Counsellor<\/td>\n<td>1895<\/td>\n<td><\/td>\n<\/tr>\n<tr>\n<td>M\u00f3r Weismann<\/td>\n<td>Stock Exchange Counsellor<\/td>\n<td>1879<\/td>\n<td>1891<\/td>\n<\/tr>\n<tr>\n<td><a href=\"\/en\/ember\/weiss-fulop\/\">F\u00fcl\u00f6p Weiss<\/a><\/td>\n<td>Stock Exchange Counsellor<\/td>\n<td>1893<\/td>\n<td><\/td>\n<\/tr>\n<tr>\n<td>Berthold Weisz<\/td>\n<td>Stock Exchange Counsellor<\/td>\n<td>1874<\/td>\n<td><\/td>\n<\/tr>\n<tr>\n<td>B. F. Weisz<\/td>\n<td>Stock Exchange Counsellor<\/td>\n<td>1864<\/td>\n<td>1864<\/td>\n<\/tr>\n<tr>\n<td>Lip\u00f3t Wiener<\/td>\n<td>Stock Exchange Counsellor<\/td>\n<td>1868<\/td>\n<td>1873<\/td>\n<\/tr>\n<tr>\n<td>B\u00e9la Wodi\u00e1ner<\/td>\n<td>Stock Exchange Counsellor<\/td>\n<td>1865<\/td>\n<td>1869<\/td>\n<\/tr>\n<\/tbody>\n<\/table>\n\n\t\t<\/div>\n\t<\/div>\n<\/div><\/div><\/div><\/div><div class=\"vc_row wpb_row vc_row-fluid\"><div class=\"wpb_column vc_column_container vc_col-sm-12\"><div class=\"vc_column-inner\"><div class=\"wpb_wrapper\">\t\t\r\n\t\t\t<!-- Client Section -->\r\n\t\t\t<div class=\"container-fluid client-section no-padding\">\r\n\t\t\t\t<div class=\"client-carousel\">\r\n\t\t\t\t\t\t\t\t\t\t\t\t\t<div class=\"item\">\r\n\t\t\t\t\t\t\t\t\t<a href=\"https:\/\/www.ramasoft.hu\"><img loading=\"lazy\" decoding=\"async\" width=\"200\" height=\"117\" src=\"https:\/\/tozsdemuzeum.hu\/wp-content\/uploads\/2018\/09\/RAMASOFT-logo_1_newkicsi.png\" class=\"attachment-full size-full\" alt=\"\" \/><\/a>\r\n\t\t\t\t\t\t\t\t<\/div>\r\n\t\t\t\t\t\t\t\t\t\t\t\t\t\t\t\t<div class=\"item item-bg\">\r\n\t\t\t\t\t\t\t\t\t<a href=\"https:\/\/www.arcanum,hu\"><img loading=\"lazy\" decoding=\"async\" width=\"200\" height=\"45\" src=\"https:\/\/tozsdemuzeum.hu\/wp-content\/uploads\/2018\/09\/Arcanumlogo-compact-e1538126948230.png\" class=\"attachment-full size-full\" alt=\"\" \/><\/a>\r\n\t\t\t\t\t\t\t\t<\/div>\r\n\t\t\t\t\t\t\t\t\t\t\t\t\t\t\t\t<div class=\"item\">\r\n\t\t\t\t\t\t\t\t\t<a href=\"https:\/\/www.fszek.hu\"><img loading=\"lazy\" decoding=\"async\" width=\"132\" height=\"132\" src=\"https:\/\/tozsdemuzeum.hu\/wp-content\/uploads\/2018\/09\/logo-fszek-e1538126634936.png\" class=\"attachment-full size-full\" alt=\"\" \/><\/a>\r\n\t\t\t\t\t\t\t\t<\/div>\r\n\t\t\t\t\t\t\t\t\t\t\t\t\t\t\t\t<div class=\"item item-bg\">\r\n\t\t\t\t\t\t\t\t\t<a href=\"https:\/\/www.netfolio.hu\"><img loading=\"lazy\" decoding=\"async\" width=\"200\" height=\"49\" src=\"https:\/\/tozsdemuzeum.hu\/wp-content\/uploads\/2018\/09\/Netfoliologo-1.png\" class=\"attachment-full size-full\" alt=\"\" \/><\/a>\r\n\t\t\t\t\t\t\t\t<\/div>\r\n\t\t\t\t\t\t\t\t\t\t\t\t\t\t\t\t<div class=\"item\">\r\n\t\t\t\t\t\t\t\t\t<a href=\"https:\/\/www.bet.hu\"><img loading=\"lazy\" decoding=\"async\" width=\"132\" height=\"132\" src=\"https:\/\/tozsdemuzeum.hu\/wp-content\/uploads\/2018\/09\/B\u00c9T-log\u00f3-RGB-640px-e1538126668844.png\" class=\"attachment-full size-full\" alt=\"\" \/><\/a>\r\n\t\t\t\t\t\t\t\t<\/div>\r\n\t\t\t\t\t\t\t\t\t\t\t\t<\/div>\r\n\t\t\t<\/div><!-- Client Section \/- -->\r\n\t\t\t\t\r\n\t<!-- Testimonial Section -->\r\n\t<div class=\"testimonial-section container-fluid\">\r\n\t\t<!-- Container -->\r\n\t\t<div class=\"container\">\r\n\t\t\t<div class=\"col-md-8\">\r\n\t\t\t\t<div class=\"testimonial-slider\">\r\n\t\t\t\t\t<div class=\"mis-stage\">\t\r\n\t\t\t\t\t\t\t\t\t\t\t\t\t\t<ol class=\"mis-slider\">\r\n\t\t\t\t\t\t\t\t\t\t\t\t\t\t\t\t\t\t\t\t<li id=\"mis_slide-1\" class=\"mis-slide\" data-slide=\"1\">\r\n\t\t\t\t\t\t\t\t\t\t\t\t\t\t\t\t\t\t\t\t\t\t\t\t\t<a href=\"\/en\/ember\/kochmeister-frigyes\/\" class=\"mis-container\">\r\n\t\t\t\t\t\t\t\t\t\t\t\t\t\t<img loading=\"lazy\" decoding=\"async\" width=\"95\" height=\"95\" src=\"https:\/\/tozsdemuzeum.hu\/wp-content\/uploads\/2018\/09\/Kochmeister_Frigyes-95x95.jpg\" class=\"attachment-history_95_95 size-history_95_95\" alt=\"\" srcset=\"https:\/\/tozsdemuzeum.hu\/wp-content\/uploads\/2018\/09\/Kochmeister_Frigyes-95x95.jpg 95w, https:\/\/tozsdemuzeum.hu\/wp-content\/uploads\/2018\/09\/Kochmeister_Frigyes-150x150.jpg 150w, https:\/\/tozsdemuzeum.hu\/wp-content\/uploads\/2018\/09\/Kochmeister_Frigyes-82x82.jpg 82w\" sizes=\"auto, (max-width: 95px) 100vw, 95px\" \/>\t\t\t\t\t\t\t\t\t\t\t\t\t<\/a>\r\n\t\t\t\t\t\t\t\t\t\t\t\t\t\t\t\t\t\t\t\t\t\t\t\t<\/li>\r\n\t\t\t\t\t\t\t\t\t\t\t\t\t\t\t\t\t\t\t\t\t\t<li id=\"mis_slide-2\" class=\"mis-slide\" data-slide=\"2\">\r\n\t\t\t\t\t\t\t\t\t\t\t\t\t\t\t\t\t\t\t\t\t\t\t\t\t<a href=\"\/en\/ember\/kornfeld-zsigmond\/\" class=\"mis-container\">\r\n\t\t\t\t\t\t\t\t\t\t\t\t\t\t<img loading=\"lazy\" decoding=\"async\" width=\"95\" height=\"95\" src=\"https:\/\/tozsdemuzeum.hu\/wp-content\/uploads\/2018\/09\/Kornfeld_Zsigmond2-95x95.jpg\" class=\"attachment-history_95_95 size-history_95_95\" alt=\"\" srcset=\"https:\/\/tozsdemuzeum.hu\/wp-content\/uploads\/2018\/09\/Kornfeld_Zsigmond2-95x95.jpg 95w, https:\/\/tozsdemuzeum.hu\/wp-content\/uploads\/2018\/09\/Kornfeld_Zsigmond2-150x150.jpg 150w, https:\/\/tozsdemuzeum.hu\/wp-content\/uploads\/2018\/09\/Kornfeld_Zsigmond2-82x82.jpg 82w, https:\/\/tozsdemuzeum.hu\/wp-content\/uploads\/2018\/09\/Kornfeld_Zsigmond2-339x342.jpg 339w\" sizes=\"auto, (max-width: 95px) 100vw, 95px\" \/>\t\t\t\t\t\t\t\t\t\t\t\t\t<\/a>\r\n\t\t\t\t\t\t\t\t\t\t\t\t\t\t\t\t\t\t\t\t\t\t\t\t<\/li>\r\n\t\t\t\t\t\t\t\t\t\t\t\t\t\t\t\t\t\t\t\t\t\t<li id=\"mis_slide-3\" class=\"mis-slide\" data-slide=\"3\">\r\n\t\t\t\t\t\t\t\t\t\t\t\t\t\t\t\t\t\t\t\t\t\t\t\t\t<a href=\"\/en\/ember\/fleissig-sandor\/\" class=\"mis-container\">\r\n\t\t\t\t\t\t\t\t\t\t\t\t\t\t<img loading=\"lazy\" decoding=\"async\" width=\"95\" height=\"95\" src=\"https:\/\/tozsdemuzeum.hu\/wp-content\/uploads\/2018\/09\/Fleissig_S\u00e1ndor-95x95.jpg\" class=\"attachment-history_95_95 size-history_95_95\" alt=\"\" srcset=\"https:\/\/tozsdemuzeum.hu\/wp-content\/uploads\/2018\/09\/Fleissig_S\u00e1ndor-95x95.jpg 95w, https:\/\/tozsdemuzeum.hu\/wp-content\/uploads\/2018\/09\/Fleissig_S\u00e1ndor-150x150.jpg 150w, https:\/\/tozsdemuzeum.hu\/wp-content\/uploads\/2018\/09\/Fleissig_S\u00e1ndor-395x395.jpg 395w, https:\/\/tozsdemuzeum.hu\/wp-content\/uploads\/2018\/09\/Fleissig_S\u00e1ndor-82x82.jpg 82w\" sizes=\"auto, (max-width: 95px) 100vw, 95px\" \/>\t\t\t\t\t\t\t\t\t\t\t\t\t<\/a>\r\n\t\t\t\t\t\t\t\t\t\t\t\t\t\t\t\t\t\t\t\t\t\t\t\t<\/li>\r\n\t\t\t\t\t\t\t\t\t\t\t\t\t\t\t\t\t\t\t<\/ol>\r\n\t\t\t\t\t\t\t\t<div class=\"mis-content-block\">\r\n\t\t\t\t\t\t\t\t\t\t\t\t\t\t\t\t\t\t\t\t<div id=\"mis_slide_content-1\">\r\n\t\t\t\t\t\t\t\t\t\t\t\t<p>\"What is needed is a serious, persistent will on the part of each of us, directed to visit, use and animate the young institution frequently, perhaps at first with some sacrifice of our habits, our desires and our interests.\"<\/p>\n\t\t\t\t\t\t\t\t\t\t\t\t<i class=\"icon icon-MessageRight\"><\/i>\r\n\t\t\t\t\t\t\t\t\t\t\t\t<h3>Baron Frigyes Kochmeister (1816-1907)<\/h3>\t\t\t\t\t\t\t\t\t\t\t\t<span>President of the BSE (1864-1900)<\/span>\t\t\t\t\t\t\t\t\t\t\t<\/div>\r\n\t\t\t\t\t\t\t\t\t\t\t\t\t\t\t\t\t\t\t\t\t\t<div id=\"mis_slide_content-2\">\r\n\t\t\t\t\t\t\t\t\t\t\t\t<p>\"As regards freedom of action, our institution desires nothing more than to do what is in the interest of the country as a whole, and to be free from any unilateral tendency, as it has been far from seeking to cultivate its own interests at the expense of the common good. \"<\/p>\n\t\t\t\t\t\t\t\t\t\t\t\t<i class=\"icon icon-MessageRight\"><\/i>\r\n\t\t\t\t\t\t\t\t\t\t\t\t<h3>Baron Zsigmond Kornfeld (1852-1909)<\/h3>\t\t\t\t\t\t\t\t\t\t\t\t<span>President of the BSE (1900-1909)<\/span>\t\t\t\t\t\t\t\t\t\t\t<\/div>\r\n\t\t\t\t\t\t\t\t\t\t\t\t\t\t\t\t\t\t\t\t\t\t<div id=\"mis_slide_content-3\">\r\n\t\t\t\t\t\t\t\t\t\t\t\t<p>\"Our poor mother, this dismembered Hungary is sick, seriously sick, and let us put aside all other interests, real or apparent, and keep in mind the only point of view: what is necessary, what is good for our poor, sick mother: Hungary.\"<\/p>\n\t\t\t\t\t\t\t\t\t\t\t\t<i class=\"icon icon-MessageRight\"><\/i>\r\n\t\t\t\t\t\t\t\t\t\t\t\t<h3>S\u00e1ndor Fleissig (1869-1939)<\/h3>\t\t\t\t\t\t\t\t\t\t\t\t<span>President of the BSE (1931-1939)<\/span>\t\t\t\t\t\t\t\t\t\t\t<\/div>\r\n\t\t\t\t\t\t\t\t\t\t\t\t\t\t\t\t\t\t\t<\/div>\r\n\t\t\t\t\t\t\t\t\t\t\t\t\t<\/div>\r\n\t\t\t\t<\/div>\r\n\t\t\t<\/div>\r\n\t\t<\/div><!-- Container \/-  -->\r\n\t<\/div><!-- Testimonial Section \/- -->\r\n\t<\/div><\/div><\/div><\/div>\n<\/div>","protected":false},"excerpt":{"rendered":"N\u00e9v Tiszts\u00e9g Kezdet V\u00e9g Aebly Adolf T\u0151zsdetan\u00e1csos 1864 1896 Altschul Simon T\u0151zsdetan\u00e1csos 1876 1886 Altst\u00e4tter Rezs\u0151 T\u0151zsdetan\u00e1csos 1870 1889 Bachrach Vilmos T\u0151zsdetan\u00e1csos 1870 1875 Baronyi Benedek T\u0151zsdetan\u00e1csos 1868 Beck Miksa T\u0151zsdetan\u00e1csos 1875 Beimel Jakab T\u0151zsdetan\u00e1csos 1866 Bischitz Arthur T\u0151zsdetan\u00e1csos 1894 B\u00f6lcskey Adolf T\u0151zsdetan\u00e1csos 1867 1869 Br\u00fcll \u00c1rmin T\u0151zsdetan\u00e1csos 1878 Br\u00fcll Ign\u00e1c T\u0151zsdetan\u00e1csos 1867 1869 Br\u00fcll [...]","protected":false},"author":1,"featured_media":0,"parent":0,"menu_order":0,"comment_status":"closed","ping_status":"closed","template":"","meta":{"_acf_changed":false,"_monsterinsights_skip_tracking":false,"_monsterinsights_sitenote_active":false,"_monsterinsights_sitenote_note":"","_monsterinsights_sitenote_category":0,"footnotes":""},"class_list":["post-3219","page","type-page","status-publish","hentry"],"acf":[],"_links":{"self":[{"href":"https:\/\/tozsdemuzeum.hu\/en\/wp-json\/wp\/v2\/pages\/3219","targetHints":{"allow":["GET"]}}],"collection":[{"href":"https:\/\/tozsdemuzeum.hu\/en\/wp-json\/wp\/v2\/pages"}],"about":[{"href":"https:\/\/tozsdemuzeum.hu\/en\/wp-json\/wp\/v2\/types\/page"}],"author":[{"embeddable":true,"href":"https:\/\/tozsdemuzeum.hu\/en\/wp-json\/wp\/v2\/users\/1"}],"replies":[{"embeddable":true,"href":"https:\/\/tozsdemuzeum.hu\/en\/wp-json\/wp\/v2\/comments?post=3219"}],"version-history":[{"count":22,"href":"https:\/\/tozsdemuzeum.hu\/en\/wp-json\/wp\/v2\/pages\/3219\/revisions"}],"predecessor-version":[{"id":15861,"href":"https:\/\/tozsdemuzeum.hu\/en\/wp-json\/wp\/v2\/pages\/3219\/revisions\/15861"}],"wp:attachment":[{"href":"https:\/\/tozsdemuzeum.hu\/en\/wp-json\/wp\/v2\/media?parent=3219"}],"curies":[{"name":"wp","href":"https:\/\/api.w.org\/{rel}","templated":true}]}}