{"id":3005,"date":"2018-11-14T11:04:29","date_gmt":"2018-11-14T09:04:29","guid":{"rendered":"http:\/\/muzeum.netfolio.hu\/?page_id=3005"},"modified":"2018-11-14T12:48:55","modified_gmt":"2018-11-14T10:48:55","slug":"penztortenet","status":"publish","type":"page","link":"https:\/\/tozsdemuzeum.hu\/en\/penztortenet\/","title":{"rendered":"Currencies"},"content":{"rendered":"<div class=\"wpb-content-wrapper\"><div class=\"vc_row wpb_row vc_row-fluid\"><div class=\"wpb_column vc_column_container vc_col-sm-12\"><div class=\"vc_column-inner\"><div class=\"wpb_wrapper\">\t\t<!-- Welcome Section -->\r\n\t\t<div class=\"container-fluid no-padding welcome-section2\">\r\n\t\t\t<!-- Container -->\r\n\t\t\t<div class=\"container\">\r\n\t\t\t\t<!-- Row -->\r\n\t\t\t\t<div class=\"row\">\t\t\t\r\n\t\t\t\t\t<div class=\"col-md-6 col-sm-6 img-block\">\r\n\t\t\t\t\t\t<i><img loading=\"lazy\" decoding=\"async\" width=\"684\" height=\"471\" src=\"https:\/\/tozsdemuzeum.hu\/wp-content\/uploads\/2018\/11\/AHG_1000_1880_obverse.jpg\" class=\"attachment-full size-full\" alt=\"\" srcset=\"https:\/\/tozsdemuzeum.hu\/wp-content\/uploads\/2018\/11\/AHG_1000_1880_obverse.jpg 684w, https:\/\/tozsdemuzeum.hu\/wp-content\/uploads\/2018\/11\/AHG_1000_1880_obverse-300x207.jpg 300w\" sizes=\"auto, (max-width: 684px) 100vw, 684px\" \/><\/i>\r\n\t\t\t\t\t<\/div>\r\n\t\t\t\t\t<div class=\"col-md-6 col-sm-6 content-block\">\r\n\t\t\t\t\t\t<!-- Section Header -->\r\n\t\t\t\t\t\t<div class=\"section-header2\">\r\n\t\t\t\t\t\t\t<i><img decoding=\"async\" src=\"https:\/\/tozsdemuzeum.hu\/wp-content\/plugins\/history-toolkit\/lib\/images\/section-header2-1.png\" alt=\"Section Header\" \/><\/i>\r\n\t\t\t\t\t\t\t<span>1864-1899<\/span>\t\t\t\t\t\t\t<h2>Austrian Forint<\/h2>\t\t\t\t\t\t<\/div><!-- Section Header \/- -->\r\n\t\t\t\t\t\t<p>From 1858, the currency of the Austrian Empire was the Austrian Value Franc, initially issued by the Bank of Austria. From 1867, it became the common currency of the Austro-Hungarian Monarchy, with the Hungarian version issued by the Austro-Hungarian Bank. Its value was in principle linked to silver, but in 1879 the conversion of silver into forint was suspended due to the large inflow of silver, so from then on it was not legally, but in practice more closely linked to gold. Because of the duality of the precious metal content (known at the time as the coinage), it was also known as the gibbet currency. In addition to paper money, there were also silver and gold forints in coinage, the value of which was linked to the individual precious metals.<\/p>\n\t\t\t\t\t\t\t\t\t\t\t<\/div>\r\n\t\t\t\t<\/div><!-- Row \/- -->\r\n\t\t\t<\/div><!-- Container \/- -->\r\n\t\t<\/div><!-- Welcome Section \/- -->\r\n\t\t\t\t<!-- Welcome Section -->\r\n\t\t<div class=\"container-fluid no-padding welcome-section2\">\r\n\t\t\t<!-- Container -->\r\n\t\t\t<div class=\"container\">\r\n\t\t\t\t<!-- Row -->\r\n\t\t\t\t<div class=\"row\">\t\t\t\r\n\t\t\t\t\t<div class=\"col-md-6 col-sm-6 img-block\">\r\n\t\t\t\t\t\t<i><img loading=\"lazy\" decoding=\"async\" width=\"1131\" height=\"730\" src=\"https:\/\/tozsdemuzeum.hu\/wp-content\/uploads\/2018\/11\/HUK_1000_1920_obverse.jpg\" class=\"attachment-full size-full\" alt=\"\" srcset=\"https:\/\/tozsdemuzeum.hu\/wp-content\/uploads\/2018\/11\/HUK_1000_1920_obverse.jpg 1131w, https:\/\/tozsdemuzeum.hu\/wp-content\/uploads\/2018\/11\/HUK_1000_1920_obverse-300x194.jpg 300w, https:\/\/tozsdemuzeum.hu\/wp-content\/uploads\/2018\/11\/HUK_1000_1920_obverse-768x496.jpg 768w, https:\/\/tozsdemuzeum.hu\/wp-content\/uploads\/2018\/11\/HUK_1000_1920_obverse-1024x661.jpg 1024w\" sizes=\"auto, (max-width: 1131px) 100vw, 1131px\" \/><\/i>\r\n\t\t\t\t\t<\/div>\r\n\t\t\t\t\t<div class=\"col-md-6 col-sm-6 content-block\">\r\n\t\t\t\t\t\t<!-- Section Header -->\r\n\t\t\t\t\t\t<div class=\"section-header2\">\r\n\t\t\t\t\t\t\t<i><img decoding=\"async\" src=\"https:\/\/tozsdemuzeum.hu\/wp-content\/plugins\/history-toolkit\/lib\/images\/section-header2-1.png\" alt=\"Section Header\" \/><\/i>\r\n\t\t\t\t\t\t\t<span>1900-1926<\/span>\t\t\t\t\t\t\t<h2>Crown<\/h2>\t\t\t\t\t\t<\/div><!-- Section Header \/- -->\r\n\t\t\t\t\t\t<p>The Crown was already legally linked to gold. Although it was issued in 1892, it was only compulsory from 1900 onwards, so for a while it was in circulation alongside the Austrian Forint. It was switched to the stock exchange on 1 January 1900. The exchange rate was 1:2, i.e. 2 crowns were given for 1 Austrian forint.<\/p>\n<p>After the First World War and the break-up of the Monarchy, each country overstamped the koruna banknotes in circulation in its territory, and in 1920 the Hungarian Crown was created. During and after the war, the inflation of the koruna accelerated and was only halted in 1924 with the establishment of the Hungarian National Bank and the taking out of a loan by the League of Nations.<\/p>\n\t\t\t\t\t\t\t\t\t\t\t<\/div>\r\n\t\t\t\t<\/div><!-- Row \/- -->\r\n\t\t\t<\/div><!-- Container \/- -->\r\n\t\t<\/div><!-- Welcome Section \/- -->\r\n\t\t\t\t<!-- Welcome Section -->\r\n\t\t<div class=\"container-fluid no-padding welcome-section2\">\r\n\t\t\t<!-- Container -->\r\n\t\t\t<div class=\"container\">\r\n\t\t\t\t<!-- Row -->\r\n\t\t\t\t<div class=\"row\">\t\t\t\r\n\t\t\t\t\t<div class=\"col-md-6 col-sm-6 img-block\">\r\n\t\t\t\t\t\t<i><img loading=\"lazy\" decoding=\"async\" width=\"1184\" height=\"588\" src=\"https:\/\/tozsdemuzeum.hu\/wp-content\/uploads\/2018\/11\/HUP_5_1926_obverse.jpg\" class=\"attachment-full size-full\" alt=\"\" srcset=\"https:\/\/tozsdemuzeum.hu\/wp-content\/uploads\/2018\/11\/HUP_5_1926_obverse.jpg 1184w, https:\/\/tozsdemuzeum.hu\/wp-content\/uploads\/2018\/11\/HUP_5_1926_obverse-300x149.jpg 300w, https:\/\/tozsdemuzeum.hu\/wp-content\/uploads\/2018\/11\/HUP_5_1926_obverse-768x381.jpg 768w, https:\/\/tozsdemuzeum.hu\/wp-content\/uploads\/2018\/11\/HUP_5_1926_obverse-1024x509.jpg 1024w\" sizes=\"auto, (max-width: 1184px) 100vw, 1184px\" \/><\/i>\r\n\t\t\t\t\t<\/div>\r\n\t\t\t\t\t<div class=\"col-md-6 col-sm-6 content-block\">\r\n\t\t\t\t\t\t<!-- Section Header -->\r\n\t\t\t\t\t\t<div class=\"section-header2\">\r\n\t\t\t\t\t\t\t<i><img decoding=\"async\" src=\"https:\/\/tozsdemuzeum.hu\/wp-content\/plugins\/history-toolkit\/lib\/images\/section-header2-1.png\" alt=\"Section Header\" \/><\/i>\r\n\t\t\t\t\t\t\t<span>1927-1946<\/span>\t\t\t\t\t\t\t<h2>Peng\u0151<\/h2>\t\t\t\t\t\t<\/div><!-- Section Header \/- -->\r\n\t\t\t\t\t\t<p>Although it was no longer needed for stabilisation, the practical difficulties caused by the high denominations of the Crown and the symbolic end of the crisis led to the introduction of a new currency, the Peng\u0151, on 1 January 1927. Its conversion rate to the koruna was 1:12500.<\/p>\n<p>During and after World War II, hyperinflation also occurred in the Peng\u0151. Nevertheless, when the stock exchange opened in 1946, the Peng\u0151 (or the temporarily introduced fiscal Peng\u0151) was still quoted,<\/p>\n\t\t\t\t\t\t\t\t\t\t\t<\/div>\r\n\t\t\t\t<\/div><!-- Row \/- -->\r\n\t\t\t<\/div><!-- Container \/- -->\r\n\t\t<\/div><!-- Welcome Section \/- -->\r\n\t\t\t\t<!-- Welcome Section -->\r\n\t\t<div class=\"container-fluid no-padding welcome-section2\">\r\n\t\t\t<!-- Container -->\r\n\t\t\t<div class=\"container\">\r\n\t\t\t\t<!-- Row -->\r\n\t\t\t\t<div class=\"row\">\t\t\t\r\n\t\t\t\t\t<div class=\"col-md-6 col-sm-6 img-block\">\r\n\t\t\t\t\t\t<i><img loading=\"lazy\" decoding=\"async\" width=\"1142\" height=\"498\" src=\"https:\/\/tozsdemuzeum.hu\/wp-content\/uploads\/2018\/11\/100_forint_1946_3-1200x600-1.jpg\" class=\"attachment-full size-full\" alt=\"\" srcset=\"https:\/\/tozsdemuzeum.hu\/wp-content\/uploads\/2018\/11\/100_forint_1946_3-1200x600-1.jpg 1142w, https:\/\/tozsdemuzeum.hu\/wp-content\/uploads\/2018\/11\/100_forint_1946_3-1200x600-1-300x131.jpg 300w, https:\/\/tozsdemuzeum.hu\/wp-content\/uploads\/2018\/11\/100_forint_1946_3-1200x600-1-768x335.jpg 768w, https:\/\/tozsdemuzeum.hu\/wp-content\/uploads\/2018\/11\/100_forint_1946_3-1200x600-1-1024x447.jpg 1024w\" sizes=\"auto, (max-width: 1142px) 100vw, 1142px\" \/><\/i>\r\n\t\t\t\t\t<\/div>\r\n\t\t\t\t\t<div class=\"col-md-6 col-sm-6 content-block\">\r\n\t\t\t\t\t\t<!-- Section Header -->\r\n\t\t\t\t\t\t<div class=\"section-header2\">\r\n\t\t\t\t\t\t\t<i><img decoding=\"async\" src=\"https:\/\/tozsdemuzeum.hu\/wp-content\/plugins\/history-toolkit\/lib\/images\/section-header2-1.png\" alt=\"Section Header\" \/><\/i>\r\n\t\t\t\t\t\t\t<span>1946-1948<\/span>\t\t\t\t\t\t\t<h2>Forint<\/h2>\t\t\t\t\t\t<\/div><!-- Section Header \/- -->\r\n\t\t\t\t\t\t<p>As part of the financial stabilisation following World War II, but also as a symbol of the nascent socialist Hungary, the new currency, the Forint, was introduced on 1 August 1946. From then on, exchange rates were quoted in this currency on the stock exchange. Contrary to popular belief, inflation did not disappear with the introduction of the forint, but only decreased.<\/p>\n\t\t\t\t\t\t\t\t\t\t\t<\/div>\r\n\t\t\t\t<\/div><!-- Row \/- -->\r\n\t\t\t<\/div><!-- Container \/- -->\r\n\t\t<\/div><!-- Welcome Section \/- -->\r\n\t\t<\/div><\/div><\/div><\/div><div class=\"vc_row wpb_row vc_row-fluid\"><div class=\"wpb_column vc_column_container vc_col-sm-12\"><div class=\"vc_column-inner\"><div class=\"wpb_wrapper\">\t\t\r\n\t\t\t<!-- Client Section -->\r\n\t\t\t<div class=\"container-fluid client-section no-padding\">\r\n\t\t\t\t<div class=\"client-carousel\">\r\n\t\t\t\t\t\t\t\t\t\t\t\t\t<div class=\"item\">\r\n\t\t\t\t\t\t\t\t\t<a href=\"https:\/\/www.ramasoft.hu\"><img loading=\"lazy\" decoding=\"async\" width=\"200\" height=\"117\" src=\"https:\/\/tozsdemuzeum.hu\/wp-content\/uploads\/2018\/09\/RAMASOFT-logo_1_newkicsi.png\" class=\"attachment-full size-full\" alt=\"\" \/><\/a>\r\n\t\t\t\t\t\t\t\t<\/div>\r\n\t\t\t\t\t\t\t\t\t\t\t\t\t\t\t\t<div class=\"item item-bg\">\r\n\t\t\t\t\t\t\t\t\t<a href=\"https:\/\/www.arcanum,hu\"><img loading=\"lazy\" decoding=\"async\" width=\"200\" height=\"45\" src=\"https:\/\/tozsdemuzeum.hu\/wp-content\/uploads\/2018\/09\/Arcanumlogo-compact-e1538126948230.png\" class=\"attachment-full size-full\" alt=\"\" \/><\/a>\r\n\t\t\t\t\t\t\t\t<\/div>\r\n\t\t\t\t\t\t\t\t\t\t\t\t\t\t\t\t<div class=\"item\">\r\n\t\t\t\t\t\t\t\t\t<a href=\"https:\/\/www.fszek.hu\"><img loading=\"lazy\" decoding=\"async\" width=\"132\" height=\"132\" src=\"https:\/\/tozsdemuzeum.hu\/wp-content\/uploads\/2018\/09\/logo-fszek-e1538126634936.png\" class=\"attachment-full size-full\" alt=\"\" \/><\/a>\r\n\t\t\t\t\t\t\t\t<\/div>\r\n\t\t\t\t\t\t\t\t\t\t\t\t\t\t\t\t<div class=\"item item-bg\">\r\n\t\t\t\t\t\t\t\t\t<a href=\"https:\/\/www.netfolio.hu\"><img loading=\"lazy\" decoding=\"async\" width=\"200\" height=\"49\" src=\"https:\/\/tozsdemuzeum.hu\/wp-content\/uploads\/2018\/09\/Netfoliologo-1.png\" class=\"attachment-full size-full\" alt=\"\" \/><\/a>\r\n\t\t\t\t\t\t\t\t<\/div>\r\n\t\t\t\t\t\t\t\t\t\t\t\t\t\t\t\t<div class=\"item\">\r\n\t\t\t\t\t\t\t\t\t<a href=\"https:\/\/www.bet.hu\"><img loading=\"lazy\" decoding=\"async\" width=\"132\" height=\"132\" src=\"https:\/\/tozsdemuzeum.hu\/wp-content\/uploads\/2018\/09\/B\u00c9T-log\u00f3-RGB-640px-e1538126668844.png\" class=\"attachment-full size-full\" alt=\"\" \/><\/a>\r\n\t\t\t\t\t\t\t\t<\/div>\r\n\t\t\t\t\t\t\t\t\t\t\t\t<\/div>\r\n\t\t\t<\/div><!-- Client Section \/- -->\r\n\t\t\t\t\r\n\t<!-- Testimonial Section -->\r\n\t<div class=\"testimonial-section container-fluid\">\r\n\t\t<!-- Container -->\r\n\t\t<div class=\"container\">\r\n\t\t\t<div class=\"col-md-8\">\r\n\t\t\t\t<div class=\"testimonial-slider\">\r\n\t\t\t\t\t<div class=\"mis-stage\">\t\r\n\t\t\t\t\t\t\t\t\t\t\t\t\t\t<ol class=\"mis-slider\">\r\n\t\t\t\t\t\t\t\t\t\t\t\t\t\t\t\t\t\t\t\t<li id=\"mis_slide-1\" class=\"mis-slide\" data-slide=\"1\">\r\n\t\t\t\t\t\t\t\t\t\t\t\t\t\t\t\t\t\t\t\t\t\t\t\t\t<a href=\"\/en\/ember\/kochmeister-frigyes\/\" class=\"mis-container\">\r\n\t\t\t\t\t\t\t\t\t\t\t\t\t\t<img loading=\"lazy\" decoding=\"async\" width=\"95\" height=\"95\" src=\"https:\/\/tozsdemuzeum.hu\/wp-content\/uploads\/2018\/09\/Kochmeister_Frigyes-95x95.jpg\" class=\"attachment-history_95_95 size-history_95_95\" alt=\"\" srcset=\"https:\/\/tozsdemuzeum.hu\/wp-content\/uploads\/2018\/09\/Kochmeister_Frigyes-95x95.jpg 95w, https:\/\/tozsdemuzeum.hu\/wp-content\/uploads\/2018\/09\/Kochmeister_Frigyes-150x150.jpg 150w, https:\/\/tozsdemuzeum.hu\/wp-content\/uploads\/2018\/09\/Kochmeister_Frigyes-82x82.jpg 82w\" sizes=\"auto, (max-width: 95px) 100vw, 95px\" \/>\t\t\t\t\t\t\t\t\t\t\t\t\t<\/a>\r\n\t\t\t\t\t\t\t\t\t\t\t\t\t\t\t\t\t\t\t\t\t\t\t\t<\/li>\r\n\t\t\t\t\t\t\t\t\t\t\t\t\t\t\t\t\t\t\t\t\t\t<li id=\"mis_slide-2\" class=\"mis-slide\" data-slide=\"2\">\r\n\t\t\t\t\t\t\t\t\t\t\t\t\t\t\t\t\t\t\t\t\t\t\t\t\t<a href=\"\/en\/ember\/kornfeld-zsigmond\/\" class=\"mis-container\">\r\n\t\t\t\t\t\t\t\t\t\t\t\t\t\t<img loading=\"lazy\" decoding=\"async\" width=\"95\" height=\"95\" src=\"https:\/\/tozsdemuzeum.hu\/wp-content\/uploads\/2018\/09\/Kornfeld_Zsigmond2-95x95.jpg\" class=\"attachment-history_95_95 size-history_95_95\" alt=\"\" srcset=\"https:\/\/tozsdemuzeum.hu\/wp-content\/uploads\/2018\/09\/Kornfeld_Zsigmond2-95x95.jpg 95w, https:\/\/tozsdemuzeum.hu\/wp-content\/uploads\/2018\/09\/Kornfeld_Zsigmond2-150x150.jpg 150w, https:\/\/tozsdemuzeum.hu\/wp-content\/uploads\/2018\/09\/Kornfeld_Zsigmond2-82x82.jpg 82w, https:\/\/tozsdemuzeum.hu\/wp-content\/uploads\/2018\/09\/Kornfeld_Zsigmond2-339x342.jpg 339w\" sizes=\"auto, (max-width: 95px) 100vw, 95px\" \/>\t\t\t\t\t\t\t\t\t\t\t\t\t<\/a>\r\n\t\t\t\t\t\t\t\t\t\t\t\t\t\t\t\t\t\t\t\t\t\t\t\t<\/li>\r\n\t\t\t\t\t\t\t\t\t\t\t\t\t\t\t\t\t\t\t\t\t\t<li id=\"mis_slide-3\" class=\"mis-slide\" data-slide=\"3\">\r\n\t\t\t\t\t\t\t\t\t\t\t\t\t\t\t\t\t\t\t\t\t\t\t\t\t<a href=\"\/en\/ember\/fleissig-sandor\/\" class=\"mis-container\">\r\n\t\t\t\t\t\t\t\t\t\t\t\t\t\t<img loading=\"lazy\" decoding=\"async\" width=\"95\" height=\"95\" src=\"https:\/\/tozsdemuzeum.hu\/wp-content\/uploads\/2018\/09\/Fleissig_S\u00e1ndor-95x95.jpg\" class=\"attachment-history_95_95 size-history_95_95\" alt=\"\" srcset=\"https:\/\/tozsdemuzeum.hu\/wp-content\/uploads\/2018\/09\/Fleissig_S\u00e1ndor-95x95.jpg 95w, https:\/\/tozsdemuzeum.hu\/wp-content\/uploads\/2018\/09\/Fleissig_S\u00e1ndor-150x150.jpg 150w, https:\/\/tozsdemuzeum.hu\/wp-content\/uploads\/2018\/09\/Fleissig_S\u00e1ndor-395x395.jpg 395w, https:\/\/tozsdemuzeum.hu\/wp-content\/uploads\/2018\/09\/Fleissig_S\u00e1ndor-82x82.jpg 82w\" sizes=\"auto, (max-width: 95px) 100vw, 95px\" \/>\t\t\t\t\t\t\t\t\t\t\t\t\t<\/a>\r\n\t\t\t\t\t\t\t\t\t\t\t\t\t\t\t\t\t\t\t\t\t\t\t\t<\/li>\r\n\t\t\t\t\t\t\t\t\t\t\t\t\t\t\t\t\t\t\t<\/ol>\r\n\t\t\t\t\t\t\t\t<div class=\"mis-content-block\">\r\n\t\t\t\t\t\t\t\t\t\t\t\t\t\t\t\t\t\t\t\t<div id=\"mis_slide_content-1\">\r\n\t\t\t\t\t\t\t\t\t\t\t\t<p>\"What is needed is a serious, persistent will on the part of each of us, directed to visit, use and animate the young institution frequently, perhaps at first with some sacrifice of our habits, our desires and our interests.\"<\/p>\n\t\t\t\t\t\t\t\t\t\t\t\t<i class=\"icon icon-MessageRight\"><\/i>\r\n\t\t\t\t\t\t\t\t\t\t\t\t<h3>Baron Frigyes Kochmeister (1816-1907)<\/h3>\t\t\t\t\t\t\t\t\t\t\t\t<span>President of the BSE (1864-1900)<\/span>\t\t\t\t\t\t\t\t\t\t\t<\/div>\r\n\t\t\t\t\t\t\t\t\t\t\t\t\t\t\t\t\t\t\t\t\t\t<div id=\"mis_slide_content-2\">\r\n\t\t\t\t\t\t\t\t\t\t\t\t<p>\"As regards freedom of action, our institution desires nothing more than to do what is in the interest of the country as a whole, and to be free from any unilateral tendency, as it has been far from seeking to cultivate its own interests at the expense of the common good. \"<\/p>\n\t\t\t\t\t\t\t\t\t\t\t\t<i class=\"icon icon-MessageRight\"><\/i>\r\n\t\t\t\t\t\t\t\t\t\t\t\t<h3>Baron Zsigmond Kornfeld (1852-1909)<\/h3>\t\t\t\t\t\t\t\t\t\t\t\t<span>President of the BSE (1900-1909)<\/span>\t\t\t\t\t\t\t\t\t\t\t<\/div>\r\n\t\t\t\t\t\t\t\t\t\t\t\t\t\t\t\t\t\t\t\t\t\t<div id=\"mis_slide_content-3\">\r\n\t\t\t\t\t\t\t\t\t\t\t\t<p>\"Our poor mother, this dismembered Hungary is sick, seriously sick, and let us put aside all other interests, real or apparent, and keep in mind the only point of view: what is necessary, what is good for our poor, sick mother: Hungary.\"<\/p>\n\t\t\t\t\t\t\t\t\t\t\t\t<i class=\"icon icon-MessageRight\"><\/i>\r\n\t\t\t\t\t\t\t\t\t\t\t\t<h3>S\u00e1ndor Fleissig (1869-1939)<\/h3>\t\t\t\t\t\t\t\t\t\t\t\t<span>President of the BSE (1931-1939)<\/span>\t\t\t\t\t\t\t\t\t\t\t<\/div>\r\n\t\t\t\t\t\t\t\t\t\t\t\t\t\t\t\t\t\t\t<\/div>\r\n\t\t\t\t\t\t\t\t\t\t\t\t\t<\/div>\r\n\t\t\t\t<\/div>\r\n\t\t\t<\/div>\r\n\t\t<\/div><!-- Container \/-  -->\r\n\t<\/div><!-- Testimonial Section \/- -->\r\n\t<\/div><\/div><\/div><\/div>\n<\/div>","protected":false},"excerpt":{"rendered":"1864-1899 Osztr\u00e1k \u00e9rt\u00e9k\u0171 forint 1858-t\u00f3l volt az Osztr\u00e1k Cs\u00e1sz\u00e1rs\u00e1g p\u00e9nzneme az Osztr\u00e1k \u00c9rt\u00e9k\u0171 Forint, amit kezdetben az Osztr\u00e1k Bank bocs\u00e1tott ki. 1867-t\u0151l az Osztr\u00e1k-Magyar Monarchia k\u00f6z\u00f6s p\u00e9nznem\u00e9v\u00e9 v\u00e1lt, magyar v\u00e1ltozat\u00e1t az Osztr\u00e1k-Magyar Bank bocs\u00e1tott ki. \u00c9rt\u00e9ke elvileg az ez\u00fcsth\u00f6z volt k\u00f6tve, azonban 1879-ben az ez\u00fcst forintra t\u00f6rt\u00e9n\u0151 konverzi\u00f3j\u00e1t a nagym\u00e9rt\u00e9k\u0171 ez\u00fcstbe\u00e1raml\u00e1s miatt felf\u00fcggesztett\u00e9k, \u00edgy ett\u0151l [...]","protected":false},"author":1,"featured_media":0,"parent":0,"menu_order":0,"comment_status":"closed","ping_status":"closed","template":"","meta":{"_acf_changed":false,"_monsterinsights_skip_tracking":false,"_monsterinsights_sitenote_active":false,"_monsterinsights_sitenote_note":"","_monsterinsights_sitenote_category":0,"footnotes":""},"class_list":["post-3005","page","type-page","status-publish","hentry"],"acf":[],"_links":{"self":[{"href":"https:\/\/tozsdemuzeum.hu\/en\/wp-json\/wp\/v2\/pages\/3005","targetHints":{"allow":["GET"]}}],"collection":[{"href":"https:\/\/tozsdemuzeum.hu\/en\/wp-json\/wp\/v2\/pages"}],"about":[{"href":"https:\/\/tozsdemuzeum.hu\/en\/wp-json\/wp\/v2\/types\/page"}],"author":[{"embeddable":true,"href":"https:\/\/tozsdemuzeum.hu\/en\/wp-json\/wp\/v2\/users\/1"}],"replies":[{"embeddable":true,"href":"https:\/\/tozsdemuzeum.hu\/en\/wp-json\/wp\/v2\/comments?post=3005"}],"version-history":[{"count":19,"href":"https:\/\/tozsdemuzeum.hu\/en\/wp-json\/wp\/v2\/pages\/3005\/revisions"}],"predecessor-version":[{"id":3065,"href":"https:\/\/tozsdemuzeum.hu\/en\/wp-json\/wp\/v2\/pages\/3005\/revisions\/3065"}],"wp:attachment":[{"href":"https:\/\/tozsdemuzeum.hu\/en\/wp-json\/wp\/v2\/media?parent=3005"}],"curies":[{"name":"wp","href":"https:\/\/api.w.org\/{rel}","templated":true}]}}