{"id":3,"date":"2018-09-26T08:19:12","date_gmt":"2018-09-26T08:19:12","guid":{"rendered":"http:\/\/muzeum.netfolio.hu\/?page_id=2"},"modified":"2018-09-26T08:19:12","modified_gmt":"2018-09-26T08:19:12","slug":"ez-egy-minta-oldal","status":"publish","type":"page","link":"https:\/\/tozsdemuzeum.hu\/en\/ez-egy-minta-oldal\/","title":{"rendered":"This is a sample page"},"content":{"rendered":"<p>This is a sample site for creating a page for a WordPress-based website. The page is different from a post because the page is permanently visible in the home page menu, during navigation (in most templates). Most people use the About page, which is used to tell potential visitors a few typical sentences about themselves, their business, the website. One possible way to do this is e.g.:<\/p>\n<blockquote><p>Hello Folks!This translation was done by the WordPress Hungary Translation Team. Hundreds of hours of work have been invested to make this great content management system available in Hungarian, our native language.<\/p><\/blockquote>\n<p>.... or another example:<\/p>\n<blockquote><p>A<strong> WordPress Hungary<\/strong> has existed from the beginning without having proclaimed its existence. <strong>WordPress Hungary is a community!<\/strong> - we joined forces to use, learn and learn the brilliant open source content management system WordPress.<\/p><\/blockquote>\n<p>As a new WordPress user, the <a href=\"http:\/\/www.tozsdemuzeum.hu\/wp-admin\/\">Control panel<\/a>This page can be deleted, modified and new pages can be created with your own content. Have fun with the WordPress Intergenerational Community!<\/p>","protected":false},"excerpt":{"rendered":"<p>Ez egy mintaoldal, egy WordPress-alap\u00fa honlap egy oldal\u00e1nak l\u00e9trehoz\u00e1s\u00e1hoz. Az oldal k\u00fcl\u00f6nb\u00f6zik a bejegyz\u00e9st\u0151l, mert az oldal \u00e1lland\u00f3an l\u00e1tszik a honlap men\u00fcj\u00e9ben, a navig\u00e1ci\u00f3 sor\u00e1n (a legt\u00f6bb sablonban). Az emberek t\u00f6bbs\u00e9ge haszn\u00e1lja a N\u00e9vjegy oldalt, amely arra szolg\u00e1l, hogy a lehets\u00e9ges l\u00e1togat\u00f3i sz\u00e1m\u00e1ra elmondjanak magukr\u00f3l, v\u00e1llalkoz\u00e1sukr\u00f3l, a honlapr\u00f3l n\u00e9h\u00e1ny jellemz\u0151 mondatot. Egyik lehets\u00e9ges megold\u00e1s erre [&hellip;]<\/p>\n","protected":false},"author":1,"featured_media":0,"parent":0,"menu_order":0,"comment_status":"closed","ping_status":"open","template":"","meta":{"_acf_changed":false,"_monsterinsights_skip_tracking":false,"_monsterinsights_sitenote_active":false,"_monsterinsights_sitenote_note":"","_monsterinsights_sitenote_category":0,"footnotes":""},"class_list":["post-3","page","type-page","status-publish","hentry"],"acf":[],"_links":{"self":[{"href":"https:\/\/tozsdemuzeum.hu\/en\/wp-json\/wp\/v2\/pages\/3","targetHints":{"allow":["GET"]}}],"collection":[{"href":"https:\/\/tozsdemuzeum.hu\/en\/wp-json\/wp\/v2\/pages"}],"about":[{"href":"https:\/\/tozsdemuzeum.hu\/en\/wp-json\/wp\/v2\/types\/page"}],"author":[{"embeddable":true,"href":"https:\/\/tozsdemuzeum.hu\/en\/wp-json\/wp\/v2\/users\/1"}],"replies":[{"embeddable":true,"href":"https:\/\/tozsdemuzeum.hu\/en\/wp-json\/wp\/v2\/comments?post=3"}],"version-history":[{"count":0,"href":"https:\/\/tozsdemuzeum.hu\/en\/wp-json\/wp\/v2\/pages\/3\/revisions"}],"wp:attachment":[{"href":"https:\/\/tozsdemuzeum.hu\/en\/wp-json\/wp\/v2\/media?parent=3"}],"curies":[{"name":"wp","href":"https:\/\/api.w.org\/{rel}","templated":true}]}}