{"id":2571,"date":"2018-10-19T14:35:51","date_gmt":"2018-10-19T12:35:51","guid":{"rendered":"http:\/\/muzeum.netfolio.hu\/?page_id=2571"},"modified":"2026-02-14T12:08:33","modified_gmt":"2026-02-14T10:08:33","slug":"uj-tozsdeepulet-fotok","status":"publish","type":"page","link":"https:\/\/tozsdemuzeum.hu\/en\/uj-tozsdeepulet-fotok\/","title":{"rendered":"New stock exchange building photos"},"content":{"rendered":"<div class=\"wpb-content-wrapper\"><div class=\"vc_row wpb_row vc_row-fluid\"><div class=\"wpb_column vc_column_container vc_col-sm-12\"><div class=\"vc_column-inner\"><div class=\"wpb_wrapper\">\t\t\t\r\n\t\t<!-- Call To Action -->\r\n\t\t<div class=\"container-fluid cta-section\">\r\n\t\t\t<!-- Container -->\r\n\t\t\t<div class=\"container\">\r\n\t\t\t\t<h3><img loading=\"lazy\" decoding=\"async\" width=\"1892\" height=\"2314\" src=\"https:\/\/tozsdemuzeum.hu\/wp-content\/uploads\/2018\/09\/HU_BFL_XV_19_d_1_05_070kicsi.jpg\" class=\"attachment-full size-full\" alt=\"\" srcset=\"https:\/\/tozsdemuzeum.hu\/wp-content\/uploads\/2018\/09\/HU_BFL_XV_19_d_1_05_070kicsi.jpg 1892w, https:\/\/tozsdemuzeum.hu\/wp-content\/uploads\/2018\/09\/HU_BFL_XV_19_d_1_05_070kicsi-245x300.jpg 245w, https:\/\/tozsdemuzeum.hu\/wp-content\/uploads\/2018\/09\/HU_BFL_XV_19_d_1_05_070kicsi-768x939.jpg 768w, https:\/\/tozsdemuzeum.hu\/wp-content\/uploads\/2018\/09\/HU_BFL_XV_19_d_1_05_070kicsi-837x1024.jpg 837w, https:\/\/tozsdemuzeum.hu\/wp-content\/uploads\/2018\/09\/HU_BFL_XV_19_d_1_05_070kicsi-600x734.jpg 600w\" sizes=\"auto, (max-width: 1892px) 100vw, 1892px\" \/><span>Wekerle S\u00e1ndor (Wurm) Street - Ap\u00e1czai Csere J\u00e1nos (M\u00e1ria Val\u00e9ria) Street, the headquarters of the Budapest Commodity and Value Exchange. The photograph was taken between 1880 and 1890.<\/span><\/h3>\r\n\t\t\t\t<a href=\"http:\/\/fortepan.hu\/\" title=\"Fortepan \/ Budapest City Archives. Archive reference: HU.BFL.XV.19.d.1.05.070\">Fortepan \/ Budapest City Archives. Archive reference: HU.BFL.XV.19.d.1.05.070<\/a>\t\t\t<\/div>\r\n\t\t\t<!-- Container \/- -->\r\n\t\t<\/div><!-- Call To Action \/- -->\r\n\t\t\t\t\t\r\n\t\t<!-- Call To Action -->\r\n\t\t<div class=\"container-fluid cta-section\">\r\n\t\t\t<!-- Container -->\r\n\t\t\t<div class=\"container\">\r\n\t\t\t\t<h3><img loading=\"lazy\" decoding=\"async\" width=\"1280\" height=\"993\" src=\"https:\/\/tozsdemuzeum.hu\/wp-content\/uploads\/2019\/01\/010695.jpg\" class=\"attachment-full size-full\" alt=\"\" srcset=\"https:\/\/tozsdemuzeum.hu\/wp-content\/uploads\/2019\/01\/010695.jpg 1280w, https:\/\/tozsdemuzeum.hu\/wp-content\/uploads\/2019\/01\/010695-300x233.jpg 300w, https:\/\/tozsdemuzeum.hu\/wp-content\/uploads\/2019\/01\/010695-768x596.jpg 768w, https:\/\/tozsdemuzeum.hu\/wp-content\/uploads\/2019\/01\/010695-1024x794.jpg 1024w\" sizes=\"auto, (max-width: 1280px) 100vw, 1280px\" \/><span>The main hall of the stock exchange, from above. Below, a crowd of heavily retouched figures. The picture was taken in the 1870s.<\/span><\/h3>\r\n\t\t\t\t<a href=\"http:\/\/www.fszek.hu\/konyvtaraink\/kozponti_konyvtar\/budapest_gyujtemeny\/\" title=\"FSZEK Budapest Collection\">FSZEK Budapest Collection<\/a>\t\t\t<\/div>\r\n\t\t\t<!-- Container \/- -->\r\n\t\t<\/div><!-- Call To Action \/- -->\r\n\t\t\t\t\t\r\n\t\t<!-- Call To Action -->\r\n\t\t<div class=\"container-fluid cta-section\">\r\n\t\t\t<!-- Container -->\r\n\t\t\t<div class=\"container\">\r\n\t\t\t\t<h3><img loading=\"lazy\" decoding=\"async\" width=\"2560\" height=\"1838\" src=\"https:\/\/tozsdemuzeum.hu\/wp-content\/uploads\/2026\/02\/fortepan_82608-scaled.jpg\" class=\"attachment-full size-full\" alt=\"\" srcset=\"https:\/\/tozsdemuzeum.hu\/wp-content\/uploads\/2026\/02\/fortepan_82608-scaled.jpg 2560w, https:\/\/tozsdemuzeum.hu\/wp-content\/uploads\/2026\/02\/fortepan_82608-600x431.jpg 600w, https:\/\/tozsdemuzeum.hu\/wp-content\/uploads\/2026\/02\/fortepan_82608-1024x735.jpg 1024w, https:\/\/tozsdemuzeum.hu\/wp-content\/uploads\/2026\/02\/fortepan_82608-768x551.jpg 768w, https:\/\/tozsdemuzeum.hu\/wp-content\/uploads\/2026\/02\/fortepan_82608-1536x1103.jpg 1536w, https:\/\/tozsdemuzeum.hu\/wp-content\/uploads\/2026\/02\/fortepan_82608-2048x1470.jpg 2048w, https:\/\/tozsdemuzeum.hu\/wp-content\/uploads\/2026\/02\/fortepan_82608-18x12.jpg 18w\" sizes=\"auto, (max-width: 2560px) 100vw, 2560px\" \/><span>The Dunapalota \/ Ritz hotel building and the rebuilt New Stock Exchange building. The picture was taken in 1916.<\/span><\/h3>\r\n\t\t\t\t<a href=\"http:\/\/fortepan.hu\/\" title=\"Fortepan \/ Budapest City Archives. Archive reference: HU.BFL.XV.19.d.1.08.083\">Fortepan \/ Budapest City Archives. Archive reference: HU.BFL.XV.19.d.1.08.083<\/a>\t\t\t<\/div>\r\n\t\t\t<!-- Container \/- -->\r\n\t\t<\/div><!-- Call To Action \/- -->\r\n\t\t\t\t\t\r\n\t\t<!-- Call To Action -->\r\n\t\t<div class=\"container-fluid cta-section\">\r\n\t\t\t<!-- Container -->\r\n\t\t\t<div class=\"container\">\r\n\t\t\t\t<h3><img loading=\"lazy\" decoding=\"async\" width=\"2560\" height=\"1646\" src=\"https:\/\/tozsdemuzeum.hu\/wp-content\/uploads\/2026\/02\/fortepan_159921-scaled.jpg\" class=\"attachment-full size-full\" alt=\"\" srcset=\"https:\/\/tozsdemuzeum.hu\/wp-content\/uploads\/2026\/02\/fortepan_159921-scaled.jpg 2560w, https:\/\/tozsdemuzeum.hu\/wp-content\/uploads\/2026\/02\/fortepan_159921-600x386.jpg 600w, https:\/\/tozsdemuzeum.hu\/wp-content\/uploads\/2026\/02\/fortepan_159921-1024x659.jpg 1024w, https:\/\/tozsdemuzeum.hu\/wp-content\/uploads\/2026\/02\/fortepan_159921-768x494.jpg 768w, https:\/\/tozsdemuzeum.hu\/wp-content\/uploads\/2026\/02\/fortepan_159921-1536x988.jpg 1536w, https:\/\/tozsdemuzeum.hu\/wp-content\/uploads\/2026\/02\/fortepan_159921-2048x1317.jpg 2048w, https:\/\/tozsdemuzeum.hu\/wp-content\/uploads\/2026\/02\/fortepan_159921-18x12.jpg 18w\" sizes=\"auto, (max-width: 2560px) 100vw, 2560px\" \/><span>New Stock Exchange building. The picture was taken in 1936.<\/span><\/h3>\r\n\t\t\t\t<a href=\"http:\/\/fortepan.hu\/\" title=\"Fortepan \/ P\u00e1l Breuer\">Fortepan \/ P\u00e1l Breuer<\/a>\t\t\t<\/div>\r\n\t\t\t<!-- Container \/- -->\r\n\t\t<\/div><!-- Call To Action \/- -->\r\n\t\t\t\t\t\r\n\t\t<!-- Call To Action -->\r\n\t\t<div class=\"container-fluid cta-section\">\r\n\t\t\t<!-- Container -->\r\n\t\t\t<div class=\"container\">\r\n\t\t\t\t<h3><img loading=\"lazy\" decoding=\"async\" width=\"2560\" height=\"1531\" src=\"https:\/\/tozsdemuzeum.hu\/wp-content\/uploads\/2026\/02\/fortepan_105683-scaled.jpg\" class=\"attachment-full size-full\" alt=\"\" srcset=\"https:\/\/tozsdemuzeum.hu\/wp-content\/uploads\/2026\/02\/fortepan_105683-scaled.jpg 2560w, https:\/\/tozsdemuzeum.hu\/wp-content\/uploads\/2026\/02\/fortepan_105683-600x359.jpg 600w, https:\/\/tozsdemuzeum.hu\/wp-content\/uploads\/2026\/02\/fortepan_105683-1024x612.jpg 1024w, https:\/\/tozsdemuzeum.hu\/wp-content\/uploads\/2026\/02\/fortepan_105683-768x459.jpg 768w, https:\/\/tozsdemuzeum.hu\/wp-content\/uploads\/2026\/02\/fortepan_105683-1536x918.jpg 1536w, https:\/\/tozsdemuzeum.hu\/wp-content\/uploads\/2026\/02\/fortepan_105683-2048x1224.jpg 2048w, https:\/\/tozsdemuzeum.hu\/wp-content\/uploads\/2026\/02\/fortepan_105683-18x12.jpg 18w\" sizes=\"auto, (max-width: 2560px) 100vw, 2560px\" \/><span>The Dunapalota \/ Ritz Hotel and the rebuilt New Stock Exchange Building. On the far left is Swiss diplomat Carl Lutz. The picture was taken in 1943.<\/span><\/h3>\r\n\t\t\t\t<a href=\"http:\/\/fortepan.hu\/\" title=\"Fortepan \/ Archive for Contemporary History ETH Zurich \/ Agnes Hirschi \/ Carl Lutz\">Fortepan \/ Archive for Contemporary History ETH Zurich \/ Agnes Hirschi \/ Carl Lutz<\/a>\t\t\t<\/div>\r\n\t\t\t<!-- Container \/- -->\r\n\t\t<\/div><!-- Call To Action \/- -->\r\n\t\t\t\t\t\r\n\t\t<!-- Call To Action -->\r\n\t\t<div class=\"container-fluid cta-section\">\r\n\t\t\t<!-- Container -->\r\n\t\t\t<div class=\"container\">\r\n\t\t\t\t<h3><img loading=\"lazy\" decoding=\"async\" width=\"2560\" height=\"1655\" src=\"https:\/\/tozsdemuzeum.hu\/wp-content\/uploads\/2026\/02\/fortepan_217677-scaled.jpg\" class=\"attachment-full size-full\" alt=\"\" srcset=\"https:\/\/tozsdemuzeum.hu\/wp-content\/uploads\/2026\/02\/fortepan_217677-scaled.jpg 2560w, https:\/\/tozsdemuzeum.hu\/wp-content\/uploads\/2026\/02\/fortepan_217677-600x388.jpg 600w, https:\/\/tozsdemuzeum.hu\/wp-content\/uploads\/2026\/02\/fortepan_217677-1024x662.jpg 1024w, https:\/\/tozsdemuzeum.hu\/wp-content\/uploads\/2026\/02\/fortepan_217677-768x497.jpg 768w, https:\/\/tozsdemuzeum.hu\/wp-content\/uploads\/2026\/02\/fortepan_217677-1536x993.jpg 1536w, https:\/\/tozsdemuzeum.hu\/wp-content\/uploads\/2026\/02\/fortepan_217677-2048x1324.jpg 2048w, https:\/\/tozsdemuzeum.hu\/wp-content\/uploads\/2026\/02\/fortepan_217677-18x12.jpg 18w\" sizes=\"auto, (max-width: 2560px) 100vw, 2560px\" \/><span>The Dunapalota \/ Ritz Hotel and the New Stock Exchange Building were set on fire by a bombing raid on 15 January 1945 and burnt to the ground for several days. The picture was taken in 1945.<\/span><\/h3>\r\n\t\t\t\t<a href=\"http:\/\/fortepan.hu\/\" title=\"Fortepan \/ Red Army\">Fortepan \/ Red Army<\/a>\t\t\t<\/div>\r\n\t\t\t<!-- Container \/- -->\r\n\t\t<\/div><!-- Call To Action \/- -->\r\n\t\t\t\t\t\r\n\t\t<!-- Call To Action -->\r\n\t\t<div class=\"container-fluid cta-section\">\r\n\t\t\t<!-- Container -->\r\n\t\t\t<div class=\"container\">\r\n\t\t\t\t<h3><img loading=\"lazy\" decoding=\"async\" width=\"2322\" height=\"2560\" src=\"https:\/\/tozsdemuzeum.hu\/wp-content\/uploads\/2026\/02\/fortepan_235928-scaled.jpg\" class=\"attachment-full size-full\" alt=\"\" srcset=\"https:\/\/tozsdemuzeum.hu\/wp-content\/uploads\/2026\/02\/fortepan_235928-scaled.jpg 2322w, https:\/\/tozsdemuzeum.hu\/wp-content\/uploads\/2026\/02\/fortepan_235928-544x600.jpg 544w, https:\/\/tozsdemuzeum.hu\/wp-content\/uploads\/2026\/02\/fortepan_235928-929x1024.jpg 929w, https:\/\/tozsdemuzeum.hu\/wp-content\/uploads\/2026\/02\/fortepan_235928-768x847.jpg 768w, https:\/\/tozsdemuzeum.hu\/wp-content\/uploads\/2026\/02\/fortepan_235928-1393x1536.jpg 1393w, https:\/\/tozsdemuzeum.hu\/wp-content\/uploads\/2026\/02\/fortepan_235928-1858x2048.jpg 1858w, https:\/\/tozsdemuzeum.hu\/wp-content\/uploads\/2026\/02\/fortepan_235928-11x12.jpg 11w\" sizes=\"auto, (max-width: 2322px) 100vw, 2322px\" \/><span>Wekerle S\u00e1ndor (Wurm) street - corner of Dunakorz\u00f3, behind the ruined New Exchange building the demolished Sz\u00e9chenyi Chain Bridge. The picture was taken in 1945.<\/span><\/h3>\r\n\t\t\t\t<a href=\"http:\/\/fortepan.hu\/\" title=\"Fortepan \/ Gergely Kirilly\">Fortepan \/ Gergely Kirilly<\/a>\t\t\t<\/div>\r\n\t\t\t<!-- Container \/- -->\r\n\t\t<\/div><!-- Call To Action \/- -->\r\n\t\t\t\t\t\r\n\t\t<!-- Call To Action -->\r\n\t\t<div class=\"container-fluid cta-section\">\r\n\t\t\t<!-- Container -->\r\n\t\t\t<div class=\"container\">\r\n\t\t\t\t<h3><img loading=\"lazy\" decoding=\"async\" width=\"2560\" height=\"2418\" src=\"https:\/\/tozsdemuzeum.hu\/wp-content\/uploads\/2026\/02\/fortepan_235968-scaled.jpg\" class=\"attachment-full size-full\" alt=\"\" srcset=\"https:\/\/tozsdemuzeum.hu\/wp-content\/uploads\/2026\/02\/fortepan_235968-scaled.jpg 2560w, https:\/\/tozsdemuzeum.hu\/wp-content\/uploads\/2026\/02\/fortepan_235968-600x567.jpg 600w, https:\/\/tozsdemuzeum.hu\/wp-content\/uploads\/2026\/02\/fortepan_235968-1024x967.jpg 1024w, https:\/\/tozsdemuzeum.hu\/wp-content\/uploads\/2026\/02\/fortepan_235968-768x725.jpg 768w, https:\/\/tozsdemuzeum.hu\/wp-content\/uploads\/2026\/02\/fortepan_235968-1536x1451.jpg 1536w, https:\/\/tozsdemuzeum.hu\/wp-content\/uploads\/2026\/02\/fortepan_235968-2048x1934.jpg 2048w, https:\/\/tozsdemuzeum.hu\/wp-content\/uploads\/2026\/02\/fortepan_235968-13x12.jpg 13w\" sizes=\"auto, (max-width: 2560px) 100vw, 2560px\" \/><span>Wekerle S\u00e1ndor (Wurm) street - Ap\u00e1czai Csere J\u00e1nos (M\u00e1ria Val\u00e9ria) street, behind the ruined New Stock Exchange building, behind the Parliament. On the right is the Wurm Courtyard, later Dorottya Palace. The picture was taken in 1945.<\/span><\/h3>\r\n\t\t\t\t<a href=\"http:\/\/fortepan.hu\/\" title=\"Fortepan \/ Gergely Kirilly\">Fortepan \/ Gergely Kirilly<\/a>\t\t\t<\/div>\r\n\t\t\t<!-- Container \/- -->\r\n\t\t<\/div><!-- Call To Action \/- -->\r\n\t\t\t\t\t\r\n\t\t<!-- Call To Action -->\r\n\t\t<div class=\"container-fluid cta-section\">\r\n\t\t\t<!-- Container -->\r\n\t\t\t<div class=\"container\">\r\n\t\t\t\t<h3><img loading=\"lazy\" decoding=\"async\" width=\"1343\" height=\"2000\" src=\"https:\/\/tozsdemuzeum.hu\/wp-content\/uploads\/2026\/02\/fortepan_175167.jpg\" class=\"attachment-full size-full\" alt=\"\" srcset=\"https:\/\/tozsdemuzeum.hu\/wp-content\/uploads\/2026\/02\/fortepan_175167.jpg 1343w, https:\/\/tozsdemuzeum.hu\/wp-content\/uploads\/2026\/02\/fortepan_175167-403x600.jpg 403w, https:\/\/tozsdemuzeum.hu\/wp-content\/uploads\/2026\/02\/fortepan_175167-688x1024.jpg 688w, https:\/\/tozsdemuzeum.hu\/wp-content\/uploads\/2026\/02\/fortepan_175167-768x1144.jpg 768w, https:\/\/tozsdemuzeum.hu\/wp-content\/uploads\/2026\/02\/fortepan_175167-1031x1536.jpg 1031w, https:\/\/tozsdemuzeum.hu\/wp-content\/uploads\/2026\/02\/fortepan_175167-8x12.jpg 8w\" sizes=\"auto, (max-width: 1343px) 100vw, 1343px\" \/><span>The Danube Corridor, Thonet Courtyard on the right, with the burnt-out New Exchange Building in the background. The picture was taken in 1945.<\/span><\/h3>\r\n\t\t\t\t<a href=\"http:\/\/fortepan.hu\/\" title=\"Fortepan \/ Red Army\">Fortepan \/ Red Army<\/a>\t\t\t<\/div>\r\n\t\t\t<!-- Container \/- -->\r\n\t\t<\/div><!-- Call To Action \/- -->\r\n\t\t<\/div><\/div><\/div><\/div><div class=\"vc_row wpb_row vc_row-fluid\"><div class=\"wpb_column vc_column_container vc_col-sm-12\"><div class=\"vc_column-inner\"><div class=\"wpb_wrapper\">\t\t\r\n\t\t\t<!-- Client Section -->\r\n\t\t\t<div class=\"container-fluid client-section no-padding\">\r\n\t\t\t\t<div class=\"client-carousel\">\r\n\t\t\t\t\t\t\t\t\t\t\t\t\t<div class=\"item\">\r\n\t\t\t\t\t\t\t\t\t<a href=\"https:\/\/www.ramasoft.hu\"><img loading=\"lazy\" decoding=\"async\" width=\"200\" height=\"117\" src=\"https:\/\/tozsdemuzeum.hu\/wp-content\/uploads\/2018\/09\/RAMASOFT-logo_1_newkicsi.png\" class=\"attachment-full size-full\" alt=\"\" \/><\/a>\r\n\t\t\t\t\t\t\t\t<\/div>\r\n\t\t\t\t\t\t\t\t\t\t\t\t\t\t\t\t<div class=\"item item-bg\">\r\n\t\t\t\t\t\t\t\t\t<a href=\"https:\/\/www.arcanum,hu\"><img loading=\"lazy\" decoding=\"async\" width=\"200\" height=\"45\" src=\"https:\/\/tozsdemuzeum.hu\/wp-content\/uploads\/2018\/09\/Arcanumlogo-compact-e1538126948230.png\" class=\"attachment-full size-full\" alt=\"\" \/><\/a>\r\n\t\t\t\t\t\t\t\t<\/div>\r\n\t\t\t\t\t\t\t\t\t\t\t\t\t\t\t\t<div class=\"item\">\r\n\t\t\t\t\t\t\t\t\t<a href=\"https:\/\/www.fszek.hu\"><img loading=\"lazy\" decoding=\"async\" width=\"132\" height=\"132\" src=\"https:\/\/tozsdemuzeum.hu\/wp-content\/uploads\/2018\/09\/logo-fszek-e1538126634936.png\" class=\"attachment-full size-full\" alt=\"\" \/><\/a>\r\n\t\t\t\t\t\t\t\t<\/div>\r\n\t\t\t\t\t\t\t\t\t\t\t\t\t\t\t\t<div class=\"item item-bg\">\r\n\t\t\t\t\t\t\t\t\t<a href=\"https:\/\/www.netfolio.hu\"><img loading=\"lazy\" decoding=\"async\" width=\"200\" height=\"49\" src=\"https:\/\/tozsdemuzeum.hu\/wp-content\/uploads\/2018\/09\/Netfoliologo-1.png\" class=\"attachment-full size-full\" alt=\"\" \/><\/a>\r\n\t\t\t\t\t\t\t\t<\/div>\r\n\t\t\t\t\t\t\t\t\t\t\t\t\t\t\t\t<div class=\"item\">\r\n\t\t\t\t\t\t\t\t\t<a href=\"https:\/\/www.bet.hu\"><img loading=\"lazy\" decoding=\"async\" width=\"132\" height=\"132\" src=\"https:\/\/tozsdemuzeum.hu\/wp-content\/uploads\/2018\/09\/B\u00c9T-log\u00f3-RGB-640px-e1538126668844.png\" class=\"attachment-full size-full\" alt=\"\" \/><\/a>\r\n\t\t\t\t\t\t\t\t<\/div>\r\n\t\t\t\t\t\t\t\t\t\t\t\t<\/div>\r\n\t\t\t<\/div><!-- Client Section \/- -->\r\n\t\t\t\t\r\n\t<!-- Testimonial Section -->\r\n\t<div class=\"testimonial-section container-fluid\">\r\n\t\t<!-- Container -->\r\n\t\t<div class=\"container\">\r\n\t\t\t<div class=\"col-md-8\">\r\n\t\t\t\t<div class=\"testimonial-slider\">\r\n\t\t\t\t\t<div class=\"mis-stage\">\t\r\n\t\t\t\t\t\t\t\t\t\t\t\t\t\t<ol class=\"mis-slider\">\r\n\t\t\t\t\t\t\t\t\t\t\t\t\t\t\t\t\t\t\t\t<li id=\"mis_slide-1\" class=\"mis-slide\" data-slide=\"1\">\r\n\t\t\t\t\t\t\t\t\t\t\t\t\t\t\t\t\t\t\t\t\t\t\t\t\t<a href=\"\/en\/ember\/kochmeister-frigyes\/\" class=\"mis-container\">\r\n\t\t\t\t\t\t\t\t\t\t\t\t\t\t<img loading=\"lazy\" decoding=\"async\" width=\"95\" height=\"95\" src=\"https:\/\/tozsdemuzeum.hu\/wp-content\/uploads\/2018\/09\/Kochmeister_Frigyes-95x95.jpg\" class=\"attachment-history_95_95 size-history_95_95\" alt=\"\" srcset=\"https:\/\/tozsdemuzeum.hu\/wp-content\/uploads\/2018\/09\/Kochmeister_Frigyes-95x95.jpg 95w, https:\/\/tozsdemuzeum.hu\/wp-content\/uploads\/2018\/09\/Kochmeister_Frigyes-150x150.jpg 150w, https:\/\/tozsdemuzeum.hu\/wp-content\/uploads\/2018\/09\/Kochmeister_Frigyes-82x82.jpg 82w\" sizes=\"auto, (max-width: 95px) 100vw, 95px\" \/>\t\t\t\t\t\t\t\t\t\t\t\t\t<\/a>\r\n\t\t\t\t\t\t\t\t\t\t\t\t\t\t\t\t\t\t\t\t\t\t\t\t<\/li>\r\n\t\t\t\t\t\t\t\t\t\t\t\t\t\t\t\t\t\t\t\t\t\t<li id=\"mis_slide-2\" class=\"mis-slide\" data-slide=\"2\">\r\n\t\t\t\t\t\t\t\t\t\t\t\t\t\t\t\t\t\t\t\t\t\t\t\t\t<a href=\"\/en\/ember\/kornfeld-zsigmond\/\" class=\"mis-container\">\r\n\t\t\t\t\t\t\t\t\t\t\t\t\t\t<img loading=\"lazy\" decoding=\"async\" width=\"95\" height=\"95\" src=\"https:\/\/tozsdemuzeum.hu\/wp-content\/uploads\/2018\/09\/Kornfeld_Zsigmond2-95x95.jpg\" class=\"attachment-history_95_95 size-history_95_95\" alt=\"\" srcset=\"https:\/\/tozsdemuzeum.hu\/wp-content\/uploads\/2018\/09\/Kornfeld_Zsigmond2-95x95.jpg 95w, https:\/\/tozsdemuzeum.hu\/wp-content\/uploads\/2018\/09\/Kornfeld_Zsigmond2-150x150.jpg 150w, https:\/\/tozsdemuzeum.hu\/wp-content\/uploads\/2018\/09\/Kornfeld_Zsigmond2-82x82.jpg 82w, https:\/\/tozsdemuzeum.hu\/wp-content\/uploads\/2018\/09\/Kornfeld_Zsigmond2-339x342.jpg 339w\" sizes=\"auto, (max-width: 95px) 100vw, 95px\" \/>\t\t\t\t\t\t\t\t\t\t\t\t\t<\/a>\r\n\t\t\t\t\t\t\t\t\t\t\t\t\t\t\t\t\t\t\t\t\t\t\t\t<\/li>\r\n\t\t\t\t\t\t\t\t\t\t\t\t\t\t\t\t\t\t\t\t\t\t<li id=\"mis_slide-3\" class=\"mis-slide\" data-slide=\"3\">\r\n\t\t\t\t\t\t\t\t\t\t\t\t\t\t\t\t\t\t\t\t\t\t\t\t\t<a href=\"\/en\/ember\/fleissig-sandor\/\" class=\"mis-container\">\r\n\t\t\t\t\t\t\t\t\t\t\t\t\t\t<img loading=\"lazy\" decoding=\"async\" width=\"95\" height=\"95\" src=\"https:\/\/tozsdemuzeum.hu\/wp-content\/uploads\/2018\/09\/Fleissig_S\u00e1ndor-95x95.jpg\" class=\"attachment-history_95_95 size-history_95_95\" alt=\"\" srcset=\"https:\/\/tozsdemuzeum.hu\/wp-content\/uploads\/2018\/09\/Fleissig_S\u00e1ndor-95x95.jpg 95w, https:\/\/tozsdemuzeum.hu\/wp-content\/uploads\/2018\/09\/Fleissig_S\u00e1ndor-150x150.jpg 150w, https:\/\/tozsdemuzeum.hu\/wp-content\/uploads\/2018\/09\/Fleissig_S\u00e1ndor-395x395.jpg 395w, https:\/\/tozsdemuzeum.hu\/wp-content\/uploads\/2018\/09\/Fleissig_S\u00e1ndor-82x82.jpg 82w\" sizes=\"auto, (max-width: 95px) 100vw, 95px\" \/>\t\t\t\t\t\t\t\t\t\t\t\t\t<\/a>\r\n\t\t\t\t\t\t\t\t\t\t\t\t\t\t\t\t\t\t\t\t\t\t\t\t<\/li>\r\n\t\t\t\t\t\t\t\t\t\t\t\t\t\t\t\t\t\t\t<\/ol>\r\n\t\t\t\t\t\t\t\t<div class=\"mis-content-block\">\r\n\t\t\t\t\t\t\t\t\t\t\t\t\t\t\t\t\t\t\t\t<div id=\"mis_slide_content-1\">\r\n\t\t\t\t\t\t\t\t\t\t\t\t<p>\"What is needed is a serious, persistent will on the part of each of us, directed to visit, use and animate the young institution frequently, perhaps at first with some sacrifice of our habits, our desires and our interests.\"<\/p>\n\t\t\t\t\t\t\t\t\t\t\t\t<i class=\"icon icon-MessageRight\"><\/i>\r\n\t\t\t\t\t\t\t\t\t\t\t\t<h3>Baron Frigyes Kochmeister (1816-1907)<\/h3>\t\t\t\t\t\t\t\t\t\t\t\t<span>President of the BSE (1864-1900)<\/span>\t\t\t\t\t\t\t\t\t\t\t<\/div>\r\n\t\t\t\t\t\t\t\t\t\t\t\t\t\t\t\t\t\t\t\t\t\t<div id=\"mis_slide_content-2\">\r\n\t\t\t\t\t\t\t\t\t\t\t\t<p>\"As regards freedom of action, our institution desires nothing more than to do what is in the interest of the country as a whole, and to be free from any unilateral tendency, as it has been far from seeking to cultivate its own interests at the expense of the common good. \"<\/p>\n\t\t\t\t\t\t\t\t\t\t\t\t<i class=\"icon icon-MessageRight\"><\/i>\r\n\t\t\t\t\t\t\t\t\t\t\t\t<h3>Baron Zsigmond Kornfeld (1852-1909)<\/h3>\t\t\t\t\t\t\t\t\t\t\t\t<span>President of the BSE (1900-1909)<\/span>\t\t\t\t\t\t\t\t\t\t\t<\/div>\r\n\t\t\t\t\t\t\t\t\t\t\t\t\t\t\t\t\t\t\t\t\t\t<div id=\"mis_slide_content-3\">\r\n\t\t\t\t\t\t\t\t\t\t\t\t<p>\"Our poor mother, this dismembered Hungary is sick, seriously sick, and let us put aside all other interests, real or apparent, and keep in mind the only point of view: what is necessary, what is good for our poor, sick mother: Hungary.\"<\/p>\n\t\t\t\t\t\t\t\t\t\t\t\t<i class=\"icon icon-MessageRight\"><\/i>\r\n\t\t\t\t\t\t\t\t\t\t\t\t<h3>S\u00e1ndor Fleissig (1869-1939)<\/h3>\t\t\t\t\t\t\t\t\t\t\t\t<span>President of the BSE (1931-1939)<\/span>\t\t\t\t\t\t\t\t\t\t\t<\/div>\r\n\t\t\t\t\t\t\t\t\t\t\t\t\t\t\t\t\t\t\t<\/div>\r\n\t\t\t\t\t\t\t\t\t\t\t\t\t<\/div>\r\n\t\t\t\t<\/div>\r\n\t\t\t<\/div>\r\n\t\t<\/div><!-- Container \/-  -->\r\n\t<\/div><!-- Testimonial Section \/- -->\r\n\t<\/div><\/div><\/div><\/div>\n<\/div>","protected":false},"excerpt":{"rendered":"Wekerle S\u00e1ndor (Wurm) utca - Ap\u00e1czai Csere J\u00e1nos (M\u00e1ria Val\u00e9ria) utca sarok, a Budapesti \u00c1ru- \u00e9s \u00c9rt\u00e9kt\u0151zsde sz\u00e9kh\u00e1za. A felv\u00e9tel 1880-1890 k\u00f6z\u00f6tt k\u00e9sz\u00fclt. Fortepan \/ Budapest F\u0151v\u00e1ros Lev\u00e9lt\u00e1ra. Lev\u00e9lt\u00e1ri jelzet: HU.BFL.XV.19.d.1.05.070 A t\u00f5zsde nagyterme, fel\u00fclr\u00f5l. Lent sokas\u00e1g, er\u00f5sen retus\u00e1lt alakok. A k\u00e9p az 1870-es \u00e9vekben k\u00e9sz\u00fclt. FSZEK Budapest Gy\u0171jtem\u00e9ny A Dunapalota \/ Ritz sz\u00e1ll\u00f3 \u00e9p\u00fclete [...]","protected":false},"author":1,"featured_media":0,"parent":0,"menu_order":0,"comment_status":"closed","ping_status":"closed","template":"","meta":{"_acf_changed":false,"_monsterinsights_skip_tracking":false,"_monsterinsights_sitenote_active":false,"_monsterinsights_sitenote_note":"","_monsterinsights_sitenote_category":0,"footnotes":""},"class_list":["post-2571","page","type-page","status-publish","hentry"],"acf":[],"_links":{"self":[{"href":"https:\/\/tozsdemuzeum.hu\/en\/wp-json\/wp\/v2\/pages\/2571","targetHints":{"allow":["GET"]}}],"collection":[{"href":"https:\/\/tozsdemuzeum.hu\/en\/wp-json\/wp\/v2\/pages"}],"about":[{"href":"https:\/\/tozsdemuzeum.hu\/en\/wp-json\/wp\/v2\/types\/page"}],"author":[{"embeddable":true,"href":"https:\/\/tozsdemuzeum.hu\/en\/wp-json\/wp\/v2\/users\/1"}],"replies":[{"embeddable":true,"href":"https:\/\/tozsdemuzeum.hu\/en\/wp-json\/wp\/v2\/comments?post=2571"}],"version-history":[{"count":12,"href":"https:\/\/tozsdemuzeum.hu\/en\/wp-json\/wp\/v2\/pages\/2571\/revisions"}],"predecessor-version":[{"id":16434,"href":"https:\/\/tozsdemuzeum.hu\/en\/wp-json\/wp\/v2\/pages\/2571\/revisions\/16434"}],"wp:attachment":[{"href":"https:\/\/tozsdemuzeum.hu\/en\/wp-json\/wp\/v2\/media?parent=2571"}],"curies":[{"name":"wp","href":"https:\/\/api.w.org\/{rel}","templated":true}]}}