{"id":2541,"date":"2018-10-19T14:06:58","date_gmt":"2018-10-19T12:06:58","guid":{"rendered":"http:\/\/muzeum.netfolio.hu\/?page_id=2541"},"modified":"2026-02-13T23:51:44","modified_gmt":"2026-02-13T21:51:44","slug":"lloyd-palota-fotok","status":"publish","type":"page","link":"https:\/\/tozsdemuzeum.hu\/en\/lloyd-palota-fotok\/","title":{"rendered":"Lloyd Palace photos"},"content":{"rendered":"<div class=\"wpb-content-wrapper\"><div class=\"vc_row wpb_row vc_row-fluid\"><div class=\"wpb_column vc_column_container vc_col-sm-12\"><div class=\"vc_column-inner\"><div class=\"wpb_wrapper\">\t\t\t\r\n\t\t<!-- Call To Action -->\r\n\t\t<div class=\"container-fluid cta-section\">\r\n\t\t\t<!-- Container -->\r\n\t\t\t<div class=\"container\">\r\n\t\t\t\t<h3><img loading=\"lazy\" decoding=\"async\" width=\"2285\" height=\"1882\" src=\"https:\/\/tozsdemuzeum.hu\/wp-content\/uploads\/2018\/09\/HU_BFL_XV_19_d_1_05_080kicsi.jpg\" class=\"attachment-full size-full\" alt=\"\" srcset=\"https:\/\/tozsdemuzeum.hu\/wp-content\/uploads\/2018\/09\/HU_BFL_XV_19_d_1_05_080kicsi.jpg 2285w, https:\/\/tozsdemuzeum.hu\/wp-content\/uploads\/2018\/09\/HU_BFL_XV_19_d_1_05_080kicsi-300x247.jpg 300w, https:\/\/tozsdemuzeum.hu\/wp-content\/uploads\/2018\/09\/HU_BFL_XV_19_d_1_05_080kicsi-768x633.jpg 768w, https:\/\/tozsdemuzeum.hu\/wp-content\/uploads\/2018\/09\/HU_BFL_XV_19_d_1_05_080kicsi-1024x843.jpg 1024w, https:\/\/tozsdemuzeum.hu\/wp-content\/uploads\/2018\/09\/HU_BFL_XV_19_d_1_05_080kicsi-85x70.jpg 85w, https:\/\/tozsdemuzeum.hu\/wp-content\/uploads\/2018\/09\/HU_BFL_XV_19_d_1_05_080kicsi-600x494.jpg 600w\" sizes=\"auto, (max-width: 2285px) 100vw, 2285px\" \/><span>Istv\u00e1n Sz\u00e9chenyi (Franz Joseph) Square seen from the coronation hill, Lloyd Palace opposite. The photo was taken between 1873-1879.<\/span><\/h3>\r\n\t\t\t\t<a href=\"http:\/\/fortepan.hu\/\" title=\"Fortepan \/ Budapest City Archives. Archive reference: HU.BFL.XV.19.d.1.05.080\">Fortepan \/ Budapest City Archives. Archive reference: HU.BFL.XV.19.d.1.05.080<\/a>\t\t\t<\/div>\r\n\t\t\t<!-- Container \/- -->\r\n\t\t<\/div><!-- Call To Action \/- -->\r\n\t\t\t\t\t\r\n\t\t<!-- Call To Action -->\r\n\t\t<div class=\"container-fluid cta-section\">\r\n\t\t\t<!-- Container -->\r\n\t\t\t<div class=\"container\">\r\n\t\t\t\t<h3><img loading=\"lazy\" decoding=\"async\" width=\"5840\" height=\"4730\" src=\"https:\/\/tozsdemuzeum.hu\/wp-content\/uploads\/2018\/10\/fortepan_82276.jpg\" class=\"attachment-full size-full\" alt=\"\" srcset=\"https:\/\/tozsdemuzeum.hu\/wp-content\/uploads\/2018\/10\/fortepan_82276.jpg 5840w, https:\/\/tozsdemuzeum.hu\/wp-content\/uploads\/2018\/10\/fortepan_82276-300x243.jpg 300w, https:\/\/tozsdemuzeum.hu\/wp-content\/uploads\/2018\/10\/fortepan_82276-768x622.jpg 768w, https:\/\/tozsdemuzeum.hu\/wp-content\/uploads\/2018\/10\/fortepan_82276-1024x829.jpg 1024w, https:\/\/tozsdemuzeum.hu\/wp-content\/uploads\/2018\/10\/fortepan_82276-85x70.jpg 85w\" sizes=\"auto, (max-width: 5840px) 100vw, 5840px\" \/><span>Freighter port and warehouses on the lower quay of Pest, seen from the Chain Bridge. Lloyd's Palace on E\u00f6tv\u00f6s Square on the left, Stein House on the right. The photo was taken between 1880 and 1890.<\/span><\/h3>\r\n\t\t\t\t<a href=\"http:\/\/fortepan.hu\/\" title=\"Fortepan \/ Budapest City Archives. Archive reference: HU.BFL.XV.19.d.1.06.015\">Fortepan \/ Budapest City Archives. Archive reference: HU.BFL.XV.19.d.1.06.015<\/a>\t\t\t<\/div>\r\n\t\t\t<!-- Container \/- -->\r\n\t\t<\/div><!-- Call To Action \/- -->\r\n\t\t\t\t\t\r\n\t\t<!-- Call To Action -->\r\n\t\t<div class=\"container-fluid cta-section\">\r\n\t\t\t<!-- Container -->\r\n\t\t\t<div class=\"container\">\r\n\t\t\t\t<h3><img loading=\"lazy\" decoding=\"async\" width=\"5830\" height=\"4730\" src=\"https:\/\/tozsdemuzeum.hu\/wp-content\/uploads\/2018\/10\/fortepan_82477-1.jpg\" class=\"attachment-full size-full\" alt=\"\" srcset=\"https:\/\/tozsdemuzeum.hu\/wp-content\/uploads\/2018\/10\/fortepan_82477-1.jpg 5830w, https:\/\/tozsdemuzeum.hu\/wp-content\/uploads\/2018\/10\/fortepan_82477-1-300x243.jpg 300w, https:\/\/tozsdemuzeum.hu\/wp-content\/uploads\/2018\/10\/fortepan_82477-1-768x623.jpg 768w, https:\/\/tozsdemuzeum.hu\/wp-content\/uploads\/2018\/10\/fortepan_82477-1-1024x831.jpg 1024w, https:\/\/tozsdemuzeum.hu\/wp-content\/uploads\/2018\/10\/fortepan_82477-1-85x70.jpg 85w, https:\/\/tozsdemuzeum.hu\/wp-content\/uploads\/2018\/10\/fortepan_82477-1-458x373.jpg 458w\" sizes=\"auto, (max-width: 5830px) 100vw, 5830px\" \/><span>Istv\u00e1n Sz\u00e9chenyi (Ferenc J\u00f3zsef) Square, opposite Lloyd Palace and Stein House. At the bridgehead of the L\u00e1ch\u00edd is the cargo ship harbour and warehouses. The photo was taken around 1893.<\/span><\/h3>\r\n\t\t\t\t<a href=\"http:\/\/fortepan.hu\/\" title=\"Fortepan \/ Budapest City Archives. Archive reference: HU.BFL.XV.19.d.1.07.153\">Fortepan \/ Budapest City Archives. Archive reference: HU.BFL.XV.19.d.1.07.153<\/a>\t\t\t<\/div>\r\n\t\t\t<!-- Container \/- -->\r\n\t\t<\/div><!-- Call To Action \/- -->\r\n\t\t\t\t\t\r\n\t\t<!-- Call To Action -->\r\n\t\t<div class=\"container-fluid cta-section\">\r\n\t\t\t<!-- Container -->\r\n\t\t\t<div class=\"container\">\r\n\t\t\t\t<h3><img loading=\"lazy\" decoding=\"async\" width=\"5772\" height=\"4730\" src=\"https:\/\/tozsdemuzeum.hu\/wp-content\/uploads\/2018\/10\/fortepan_82376.jpg\" class=\"attachment-full size-full\" alt=\"\" srcset=\"https:\/\/tozsdemuzeum.hu\/wp-content\/uploads\/2018\/10\/fortepan_82376.jpg 5772w, https:\/\/tozsdemuzeum.hu\/wp-content\/uploads\/2018\/10\/fortepan_82376-300x246.jpg 300w, https:\/\/tozsdemuzeum.hu\/wp-content\/uploads\/2018\/10\/fortepan_82376-768x629.jpg 768w, https:\/\/tozsdemuzeum.hu\/wp-content\/uploads\/2018\/10\/fortepan_82376-1024x839.jpg 1024w, https:\/\/tozsdemuzeum.hu\/wp-content\/uploads\/2018\/10\/fortepan_82376-85x70.jpg 85w\" sizes=\"auto, (max-width: 5772px) 100vw, 5772px\" \/><span>Istv\u00e1n Sz\u00e9chenyi (Ferenc J\u00f3zsef) Square, statue of Ferenc De\u00e1k (Adolf Husz\u00e1r, 1887), Lloyd Palace in the background. The photo was taken in 1896.<\/span><\/h3>\r\n\t\t\t\t<a href=\"http:\/\/fortepan.hu\" title=\"Fortepan \/ Budapest City Archives. Archive reference: HU.BFL.XV.19.d.1.07.052\">Fortepan \/ Budapest City Archives. Archive reference: HU.BFL.XV.19.d.1.07.052<\/a>\t\t\t<\/div>\r\n\t\t\t<!-- Container \/- -->\r\n\t\t<\/div><!-- Call To Action \/- -->\r\n\t\t\t\t\t\r\n\t\t<!-- Call To Action -->\r\n\t\t<div class=\"container-fluid cta-section\">\r\n\t\t\t<!-- Container -->\r\n\t\t\t<div class=\"container\">\r\n\t\t\t\t<h3><img loading=\"lazy\" decoding=\"async\" width=\"5792\" height=\"8688\" src=\"https:\/\/tozsdemuzeum.hu\/wp-content\/uploads\/2018\/10\/fortepan_134899.jpg\" class=\"attachment-full size-full\" alt=\"\" srcset=\"https:\/\/tozsdemuzeum.hu\/wp-content\/uploads\/2018\/10\/fortepan_134899.jpg 5792w, https:\/\/tozsdemuzeum.hu\/wp-content\/uploads\/2018\/10\/fortepan_134899-200x300.jpg 200w, https:\/\/tozsdemuzeum.hu\/wp-content\/uploads\/2018\/10\/fortepan_134899-768x1152.jpg 768w, https:\/\/tozsdemuzeum.hu\/wp-content\/uploads\/2018\/10\/fortepan_134899-683x1024.jpg 683w\" sizes=\"auto, (max-width: 5792px) 100vw, 5792px\" \/><span>Sz\u00e9chenyi Istv\u00e1n (Ferenc J\u00f3zsef) Square, opposite Lloyd Palace. The photo was taken in 1932.<\/span><\/h3>\r\n\t\t\t\t<a href=\"http:\/\/fortepan.hu\/\" title=\"Fortepan\">Fortepan<\/a>\t\t\t<\/div>\r\n\t\t\t<!-- Container \/- -->\r\n\t\t<\/div><!-- Call To Action \/- -->\r\n\t\t\t\t\t\r\n\t\t<!-- Call To Action -->\r\n\t\t<div class=\"container-fluid cta-section\">\r\n\t\t\t<!-- Container -->\r\n\t\t\t<div class=\"container\">\r\n\t\t\t\t<h3><img loading=\"lazy\" decoding=\"async\" width=\"5686\" height=\"3651\" src=\"https:\/\/tozsdemuzeum.hu\/wp-content\/uploads\/2018\/10\/fortepan_124063.jpg\" class=\"attachment-full size-full\" alt=\"\" srcset=\"https:\/\/tozsdemuzeum.hu\/wp-content\/uploads\/2018\/10\/fortepan_124063.jpg 5686w, https:\/\/tozsdemuzeum.hu\/wp-content\/uploads\/2018\/10\/fortepan_124063-300x193.jpg 300w, https:\/\/tozsdemuzeum.hu\/wp-content\/uploads\/2018\/10\/fortepan_124063-768x493.jpg 768w, https:\/\/tozsdemuzeum.hu\/wp-content\/uploads\/2018\/10\/fortepan_124063-1024x658.jpg 1024w\" sizes=\"auto, (max-width: 5686px) 100vw, 5686px\" \/><span>Sz\u00e9chenyi Istv\u00e1n (Ferenc J\u00f3zsef) Square in front of the headquarters of the Hungarian Commercial Bank of Pest (now the Ministry of the Interior). The photo was taken on the occasion of the repatriation of the 1848 flags from the Soviet Union on 24 March 1941. In the background, the Lloyd Palace on the corner of Dorottya Street.<\/span><\/h3>\r\n\t\t\t\t<a href=\"http:\/\/fortepan.hu\/\" title=\"Fortepan\">Fortepan<\/a>\t\t\t<\/div>\r\n\t\t\t<!-- Container \/- -->\r\n\t\t<\/div><!-- Call To Action \/- -->\r\n\t\t\t\t\t\r\n\t\t<!-- Call To Action -->\r\n\t\t<div class=\"container-fluid cta-section\">\r\n\t\t\t<!-- Container -->\r\n\t\t\t<div class=\"container\">\r\n\t\t\t\t<h3><img loading=\"lazy\" decoding=\"async\" width=\"5000\" height=\"3624\" src=\"https:\/\/tozsdemuzeum.hu\/wp-content\/uploads\/2018\/10\/fortepan_60143.jpg\" class=\"attachment-full size-full\" alt=\"\" srcset=\"https:\/\/tozsdemuzeum.hu\/wp-content\/uploads\/2018\/10\/fortepan_60143.jpg 5000w, https:\/\/tozsdemuzeum.hu\/wp-content\/uploads\/2018\/10\/fortepan_60143-300x217.jpg 300w, https:\/\/tozsdemuzeum.hu\/wp-content\/uploads\/2018\/10\/fortepan_60143-768x557.jpg 768w, https:\/\/tozsdemuzeum.hu\/wp-content\/uploads\/2018\/10\/fortepan_60143-1024x742.jpg 1024w\" sizes=\"auto, (max-width: 5000px) 100vw, 5000px\" \/><span>Istv\u00e1n Sz\u00e9chenyi (Ferenc J\u00f3zsef) Square, Lloyd Palace. The photo was taken in 1945.<\/span><\/h3>\r\n\t\t\t\t<a href=\"http:\/\/fortepan.hu\/\" title=\"Fortepan\">Fortepan<\/a>\t\t\t<\/div>\r\n\t\t\t<!-- Container \/- -->\r\n\t\t<\/div><!-- Call To Action \/- -->\r\n\t\t\t\t\t\r\n\t\t<!-- Call To Action -->\r\n\t\t<div class=\"container-fluid cta-section\">\r\n\t\t\t<!-- Container -->\r\n\t\t\t<div class=\"container\">\r\n\t\t\t\t<h3><img loading=\"lazy\" decoding=\"async\" width=\"5564\" height=\"3658\" src=\"https:\/\/tozsdemuzeum.hu\/wp-content\/uploads\/2018\/10\/fortepan_5798.jpg\" class=\"attachment-full size-full\" alt=\"\" srcset=\"https:\/\/tozsdemuzeum.hu\/wp-content\/uploads\/2018\/10\/fortepan_5798.jpg 5564w, https:\/\/tozsdemuzeum.hu\/wp-content\/uploads\/2018\/10\/fortepan_5798-300x197.jpg 300w, https:\/\/tozsdemuzeum.hu\/wp-content\/uploads\/2018\/10\/fortepan_5798-768x505.jpg 768w, https:\/\/tozsdemuzeum.hu\/wp-content\/uploads\/2018\/10\/fortepan_5798-1024x673.jpg 1024w\" sizes=\"auto, (max-width: 5564px) 100vw, 5564px\" \/><span>Sz\u00e9chenyi Istv\u00e1n (Ferenc J\u00f3zsef) Square - E\u00f6tv\u00f6s Square - Ap\u00e1czai Csere J\u00e1nos Street, Lloyd Palace on the left. The photo was taken in 1945.<\/span><\/h3>\r\n\t\t\t\t<a href=\"http:\/\/fortepan.hu\/\" title=\"Fortepan\">Fortepan<\/a>\t\t\t<\/div>\r\n\t\t\t<!-- Container \/- -->\r\n\t\t<\/div><!-- Call To Action \/- -->\r\n\t\t\t\t\t\r\n\t\t<!-- Call To Action -->\r\n\t\t<div class=\"container-fluid cta-section\">\r\n\t\t\t<!-- Container -->\r\n\t\t\t<div class=\"container\">\r\n\t\t\t\t<h3><img loading=\"lazy\" decoding=\"async\" width=\"5524\" height=\"3547\" src=\"https:\/\/tozsdemuzeum.hu\/wp-content\/uploads\/2018\/10\/fortepan_5803.jpg\" class=\"attachment-full size-full\" alt=\"\" srcset=\"https:\/\/tozsdemuzeum.hu\/wp-content\/uploads\/2018\/10\/fortepan_5803.jpg 5524w, https:\/\/tozsdemuzeum.hu\/wp-content\/uploads\/2018\/10\/fortepan_5803-300x193.jpg 300w, https:\/\/tozsdemuzeum.hu\/wp-content\/uploads\/2018\/10\/fortepan_5803-768x493.jpg 768w, https:\/\/tozsdemuzeum.hu\/wp-content\/uploads\/2018\/10\/fortepan_5803-1024x658.jpg 1024w\" sizes=\"auto, (max-width: 5524px) 100vw, 5524px\" \/><span>E\u00f6tv\u00f6s Square. The shot is taken from the front of the Danube Palace (formerly the Ritz Hotel), showing the houses on J\u00e1nos Ap\u00e1czai Csere (M\u00e1ria Val\u00e9ria) Street, with the Lloyd Palace side facade on the left. The photo was taken in 1945.<\/span><\/h3>\r\n\t\t\t\t<a href=\"http:\/\/fortepan.hu\/\" title=\"Fortepan\">Fortepan<\/a>\t\t\t<\/div>\r\n\t\t\t<!-- Container \/- -->\r\n\t\t<\/div><!-- Call To Action \/- -->\r\n\t\t\t\t\t\r\n\t\t<!-- Call To Action -->\r\n\t\t<div class=\"container-fluid cta-section\">\r\n\t\t\t<!-- Container -->\r\n\t\t\t<div class=\"container\">\r\n\t\t\t\t<h3><img loading=\"lazy\" decoding=\"async\" width=\"2358\" height=\"2560\" src=\"https:\/\/tozsdemuzeum.hu\/wp-content\/uploads\/2026\/02\/fortepan_235969-scaled.jpg\" class=\"attachment-full size-full\" alt=\"\" srcset=\"https:\/\/tozsdemuzeum.hu\/wp-content\/uploads\/2026\/02\/fortepan_235969-scaled.jpg 2358w, https:\/\/tozsdemuzeum.hu\/wp-content\/uploads\/2026\/02\/fortepan_235969-553x600.jpg 553w, https:\/\/tozsdemuzeum.hu\/wp-content\/uploads\/2026\/02\/fortepan_235969-943x1024.jpg 943w, https:\/\/tozsdemuzeum.hu\/wp-content\/uploads\/2026\/02\/fortepan_235969-768x834.jpg 768w, https:\/\/tozsdemuzeum.hu\/wp-content\/uploads\/2026\/02\/fortepan_235969-1415x1536.jpg 1415w, https:\/\/tozsdemuzeum.hu\/wp-content\/uploads\/2026\/02\/fortepan_235969-1886x2048.jpg 1886w, https:\/\/tozsdemuzeum.hu\/wp-content\/uploads\/2026\/02\/fortepan_235969-11x12.jpg 11w\" sizes=\"auto, (max-width: 2358px) 100vw, 2358px\" \/><span>Istv\u00e1n Sz\u00e9chenyi (Ferenc J\u00f3zsef) Square, Lloyd Palace. The photo was taken in 1945.<\/span><\/h3>\r\n\t\t\t\t<a href=\"http:\/\/fortepan.hu\/\" title=\"Fortepan \/ Gergely Kirilly\">Fortepan \/ Gergely Kirilly<\/a>\t\t\t<\/div>\r\n\t\t\t<!-- Container \/- -->\r\n\t\t<\/div><!-- Call To Action \/- -->\r\n\t\t<\/div><\/div><\/div><\/div><div class=\"vc_row wpb_row vc_row-fluid\"><div class=\"wpb_column vc_column_container vc_col-sm-12\"><div class=\"vc_column-inner\"><div class=\"wpb_wrapper\">\t\t\r\n\t\t\t<!-- Client Section -->\r\n\t\t\t<div class=\"container-fluid client-section no-padding\">\r\n\t\t\t\t<div class=\"client-carousel\">\r\n\t\t\t\t\t\t\t\t\t\t\t\t\t<div class=\"item\">\r\n\t\t\t\t\t\t\t\t\t<a href=\"https:\/\/www.ramasoft.hu\"><img loading=\"lazy\" decoding=\"async\" width=\"200\" height=\"117\" src=\"https:\/\/tozsdemuzeum.hu\/wp-content\/uploads\/2018\/09\/RAMASOFT-logo_1_newkicsi.png\" class=\"attachment-full size-full\" alt=\"\" \/><\/a>\r\n\t\t\t\t\t\t\t\t<\/div>\r\n\t\t\t\t\t\t\t\t\t\t\t\t\t\t\t\t<div class=\"item item-bg\">\r\n\t\t\t\t\t\t\t\t\t<a href=\"https:\/\/www.arcanum,hu\"><img loading=\"lazy\" decoding=\"async\" width=\"200\" height=\"45\" src=\"https:\/\/tozsdemuzeum.hu\/wp-content\/uploads\/2018\/09\/Arcanumlogo-compact-e1538126948230.png\" class=\"attachment-full size-full\" alt=\"\" \/><\/a>\r\n\t\t\t\t\t\t\t\t<\/div>\r\n\t\t\t\t\t\t\t\t\t\t\t\t\t\t\t\t<div class=\"item\">\r\n\t\t\t\t\t\t\t\t\t<a href=\"https:\/\/www.fszek.hu\"><img loading=\"lazy\" decoding=\"async\" width=\"132\" height=\"132\" src=\"https:\/\/tozsdemuzeum.hu\/wp-content\/uploads\/2018\/09\/logo-fszek-e1538126634936.png\" class=\"attachment-full size-full\" alt=\"\" \/><\/a>\r\n\t\t\t\t\t\t\t\t<\/div>\r\n\t\t\t\t\t\t\t\t\t\t\t\t\t\t\t\t<div class=\"item item-bg\">\r\n\t\t\t\t\t\t\t\t\t<a href=\"https:\/\/www.netfolio.hu\"><img loading=\"lazy\" decoding=\"async\" width=\"200\" height=\"49\" src=\"https:\/\/tozsdemuzeum.hu\/wp-content\/uploads\/2018\/09\/Netfoliologo-1.png\" class=\"attachment-full size-full\" alt=\"\" \/><\/a>\r\n\t\t\t\t\t\t\t\t<\/div>\r\n\t\t\t\t\t\t\t\t\t\t\t\t\t\t\t\t<div class=\"item\">\r\n\t\t\t\t\t\t\t\t\t<a href=\"https:\/\/www.bet.hu\"><img loading=\"lazy\" decoding=\"async\" width=\"132\" height=\"132\" src=\"https:\/\/tozsdemuzeum.hu\/wp-content\/uploads\/2018\/09\/B\u00c9T-log\u00f3-RGB-640px-e1538126668844.png\" class=\"attachment-full size-full\" alt=\"\" \/><\/a>\r\n\t\t\t\t\t\t\t\t<\/div>\r\n\t\t\t\t\t\t\t\t\t\t\t\t<\/div>\r\n\t\t\t<\/div><!-- Client Section \/- -->\r\n\t\t\t\t\r\n\t<!-- Testimonial Section -->\r\n\t<div class=\"testimonial-section container-fluid\">\r\n\t\t<!-- Container -->\r\n\t\t<div class=\"container\">\r\n\t\t\t<div class=\"col-md-8\">\r\n\t\t\t\t<div class=\"testimonial-slider\">\r\n\t\t\t\t\t<div class=\"mis-stage\">\t\r\n\t\t\t\t\t\t\t\t\t\t\t\t\t\t<ol class=\"mis-slider\">\r\n\t\t\t\t\t\t\t\t\t\t\t\t\t\t\t\t\t\t\t\t<li id=\"mis_slide-1\" class=\"mis-slide\" data-slide=\"1\">\r\n\t\t\t\t\t\t\t\t\t\t\t\t\t\t\t\t\t\t\t\t\t\t\t\t\t<a href=\"\/en\/ember\/kochmeister-frigyes\/\" class=\"mis-container\">\r\n\t\t\t\t\t\t\t\t\t\t\t\t\t\t<img loading=\"lazy\" decoding=\"async\" width=\"95\" height=\"95\" src=\"https:\/\/tozsdemuzeum.hu\/wp-content\/uploads\/2018\/09\/Kochmeister_Frigyes-95x95.jpg\" class=\"attachment-history_95_95 size-history_95_95\" alt=\"\" srcset=\"https:\/\/tozsdemuzeum.hu\/wp-content\/uploads\/2018\/09\/Kochmeister_Frigyes-95x95.jpg 95w, https:\/\/tozsdemuzeum.hu\/wp-content\/uploads\/2018\/09\/Kochmeister_Frigyes-150x150.jpg 150w, https:\/\/tozsdemuzeum.hu\/wp-content\/uploads\/2018\/09\/Kochmeister_Frigyes-82x82.jpg 82w\" sizes=\"auto, (max-width: 95px) 100vw, 95px\" \/>\t\t\t\t\t\t\t\t\t\t\t\t\t<\/a>\r\n\t\t\t\t\t\t\t\t\t\t\t\t\t\t\t\t\t\t\t\t\t\t\t\t<\/li>\r\n\t\t\t\t\t\t\t\t\t\t\t\t\t\t\t\t\t\t\t\t\t\t<li id=\"mis_slide-2\" class=\"mis-slide\" data-slide=\"2\">\r\n\t\t\t\t\t\t\t\t\t\t\t\t\t\t\t\t\t\t\t\t\t\t\t\t\t<a href=\"\/en\/ember\/kornfeld-zsigmond\/\" class=\"mis-container\">\r\n\t\t\t\t\t\t\t\t\t\t\t\t\t\t<img loading=\"lazy\" decoding=\"async\" width=\"95\" height=\"95\" src=\"https:\/\/tozsdemuzeum.hu\/wp-content\/uploads\/2018\/09\/Kornfeld_Zsigmond2-95x95.jpg\" class=\"attachment-history_95_95 size-history_95_95\" alt=\"\" srcset=\"https:\/\/tozsdemuzeum.hu\/wp-content\/uploads\/2018\/09\/Kornfeld_Zsigmond2-95x95.jpg 95w, https:\/\/tozsdemuzeum.hu\/wp-content\/uploads\/2018\/09\/Kornfeld_Zsigmond2-150x150.jpg 150w, https:\/\/tozsdemuzeum.hu\/wp-content\/uploads\/2018\/09\/Kornfeld_Zsigmond2-82x82.jpg 82w, https:\/\/tozsdemuzeum.hu\/wp-content\/uploads\/2018\/09\/Kornfeld_Zsigmond2-339x342.jpg 339w\" sizes=\"auto, (max-width: 95px) 100vw, 95px\" \/>\t\t\t\t\t\t\t\t\t\t\t\t\t<\/a>\r\n\t\t\t\t\t\t\t\t\t\t\t\t\t\t\t\t\t\t\t\t\t\t\t\t<\/li>\r\n\t\t\t\t\t\t\t\t\t\t\t\t\t\t\t\t\t\t\t\t\t\t<li id=\"mis_slide-3\" class=\"mis-slide\" data-slide=\"3\">\r\n\t\t\t\t\t\t\t\t\t\t\t\t\t\t\t\t\t\t\t\t\t\t\t\t\t<a href=\"\/en\/ember\/fleissig-sandor\/\" class=\"mis-container\">\r\n\t\t\t\t\t\t\t\t\t\t\t\t\t\t<img loading=\"lazy\" decoding=\"async\" width=\"95\" height=\"95\" src=\"https:\/\/tozsdemuzeum.hu\/wp-content\/uploads\/2018\/09\/Fleissig_S\u00e1ndor-95x95.jpg\" class=\"attachment-history_95_95 size-history_95_95\" alt=\"\" srcset=\"https:\/\/tozsdemuzeum.hu\/wp-content\/uploads\/2018\/09\/Fleissig_S\u00e1ndor-95x95.jpg 95w, https:\/\/tozsdemuzeum.hu\/wp-content\/uploads\/2018\/09\/Fleissig_S\u00e1ndor-150x150.jpg 150w, https:\/\/tozsdemuzeum.hu\/wp-content\/uploads\/2018\/09\/Fleissig_S\u00e1ndor-395x395.jpg 395w, https:\/\/tozsdemuzeum.hu\/wp-content\/uploads\/2018\/09\/Fleissig_S\u00e1ndor-82x82.jpg 82w\" sizes=\"auto, (max-width: 95px) 100vw, 95px\" \/>\t\t\t\t\t\t\t\t\t\t\t\t\t<\/a>\r\n\t\t\t\t\t\t\t\t\t\t\t\t\t\t\t\t\t\t\t\t\t\t\t\t<\/li>\r\n\t\t\t\t\t\t\t\t\t\t\t\t\t\t\t\t\t\t\t<\/ol>\r\n\t\t\t\t\t\t\t\t<div class=\"mis-content-block\">\r\n\t\t\t\t\t\t\t\t\t\t\t\t\t\t\t\t\t\t\t\t<div id=\"mis_slide_content-1\">\r\n\t\t\t\t\t\t\t\t\t\t\t\t<p>\"What is needed is a serious, persistent will on the part of each of us, directed to visit, use and animate the young institution frequently, perhaps at first with some sacrifice of our habits, our desires and our interests.\"<\/p>\n\t\t\t\t\t\t\t\t\t\t\t\t<i class=\"icon icon-MessageRight\"><\/i>\r\n\t\t\t\t\t\t\t\t\t\t\t\t<h3>Baron Frigyes Kochmeister (1816-1907)<\/h3>\t\t\t\t\t\t\t\t\t\t\t\t<span>President of the BSE (1864-1900)<\/span>\t\t\t\t\t\t\t\t\t\t\t<\/div>\r\n\t\t\t\t\t\t\t\t\t\t\t\t\t\t\t\t\t\t\t\t\t\t<div id=\"mis_slide_content-2\">\r\n\t\t\t\t\t\t\t\t\t\t\t\t<p>\"As regards freedom of action, our institution desires nothing more than to do what is in the interest of the country as a whole, and to be free from any unilateral tendency, as it has been far from seeking to cultivate its own interests at the expense of the common good. \"<\/p>\n\t\t\t\t\t\t\t\t\t\t\t\t<i class=\"icon icon-MessageRight\"><\/i>\r\n\t\t\t\t\t\t\t\t\t\t\t\t<h3>Baron Zsigmond Kornfeld (1852-1909)<\/h3>\t\t\t\t\t\t\t\t\t\t\t\t<span>President of the BSE (1900-1909)<\/span>\t\t\t\t\t\t\t\t\t\t\t<\/div>\r\n\t\t\t\t\t\t\t\t\t\t\t\t\t\t\t\t\t\t\t\t\t\t<div id=\"mis_slide_content-3\">\r\n\t\t\t\t\t\t\t\t\t\t\t\t<p>\"Our poor mother, this dismembered Hungary is sick, seriously sick, and let us put aside all other interests, real or apparent, and keep in mind the only point of view: what is necessary, what is good for our poor, sick mother: Hungary.\"<\/p>\n\t\t\t\t\t\t\t\t\t\t\t\t<i class=\"icon icon-MessageRight\"><\/i>\r\n\t\t\t\t\t\t\t\t\t\t\t\t<h3>S\u00e1ndor Fleissig (1869-1939)<\/h3>\t\t\t\t\t\t\t\t\t\t\t\t<span>President of the BSE (1931-1939)<\/span>\t\t\t\t\t\t\t\t\t\t\t<\/div>\r\n\t\t\t\t\t\t\t\t\t\t\t\t\t\t\t\t\t\t\t<\/div>\r\n\t\t\t\t\t\t\t\t\t\t\t\t\t<\/div>\r\n\t\t\t\t<\/div>\r\n\t\t\t<\/div>\r\n\t\t<\/div><!-- Container \/-  -->\r\n\t<\/div><!-- Testimonial Section \/- -->\r\n\t<\/div><\/div><\/div><\/div>\n<\/div>","protected":false},"excerpt":{"rendered":"Sz\u00e9chenyi Istv\u00e1n (Ferenc J\u00f3zsef) t\u00e9r a koron\u00e1z\u00e1si dombr\u00f3l n\u00e9zve, szemben a Lloyd palota. A felv\u00e9tel 1873-1879 k\u00f6z\u00f6tt k\u00e9sz\u00fclt. Fortepan \/ Budapest F\u0151v\u00e1ros Lev\u00e9lt\u00e1ra. Lev\u00e9lt\u00e1ri jelzet: HU.BFL.XV.19.d.1.05.080 Teherhaj\u00f3 kik\u00f6t\u0151 \u00e9s rakt\u00e1rai a pesti als\u00f3 rakparton a L\u00e1nch\u00eddr\u00f3l n\u00e9zve. Balra az E\u00f6tv\u00f6s t\u00e9ren a Lloyd palota, jobbra a Stein-h\u00e1z. A felv\u00e9tel 1880-1890 k\u00f6z\u00f6tt k\u00e9sz\u00fclt. Fortepan \/ Budapest [...]","protected":false},"author":1,"featured_media":0,"parent":0,"menu_order":0,"comment_status":"closed","ping_status":"closed","template":"","meta":{"_acf_changed":false,"_monsterinsights_skip_tracking":false,"_monsterinsights_sitenote_active":false,"_monsterinsights_sitenote_note":"","_monsterinsights_sitenote_category":0,"footnotes":""},"class_list":["post-2541","page","type-page","status-publish","hentry"],"acf":[],"_links":{"self":[{"href":"https:\/\/tozsdemuzeum.hu\/en\/wp-json\/wp\/v2\/pages\/2541","targetHints":{"allow":["GET"]}}],"collection":[{"href":"https:\/\/tozsdemuzeum.hu\/en\/wp-json\/wp\/v2\/pages"}],"about":[{"href":"https:\/\/tozsdemuzeum.hu\/en\/wp-json\/wp\/v2\/types\/page"}],"author":[{"embeddable":true,"href":"https:\/\/tozsdemuzeum.hu\/en\/wp-json\/wp\/v2\/users\/1"}],"replies":[{"embeddable":true,"href":"https:\/\/tozsdemuzeum.hu\/en\/wp-json\/wp\/v2\/comments?post=2541"}],"version-history":[{"count":16,"href":"https:\/\/tozsdemuzeum.hu\/en\/wp-json\/wp\/v2\/pages\/2541\/revisions"}],"predecessor-version":[{"id":16419,"href":"https:\/\/tozsdemuzeum.hu\/en\/wp-json\/wp\/v2\/pages\/2541\/revisions\/16419"}],"wp:attachment":[{"href":"https:\/\/tozsdemuzeum.hu\/en\/wp-json\/wp\/v2\/media?parent=2541"}],"curies":[{"name":"wp","href":"https:\/\/api.w.org\/{rel}","templated":true}]}}