{"id":2403,"date":"2018-10-19T10:39:28","date_gmt":"2018-10-19T08:39:28","guid":{"rendered":"http:\/\/muzeum.netfolio.hu\/?page_id=2403"},"modified":"2026-02-14T14:35:47","modified_gmt":"2026-02-14T12:35:47","slug":"tozsdepalota-fotok","status":"publish","type":"page","link":"https:\/\/tozsdemuzeum.hu\/en\/tozsdepalota-fotok\/","title":{"rendered":"Fireplace Palace photos"},"content":{"rendered":"<div class=\"wpb-content-wrapper\"><div class=\"vc_row wpb_row vc_row-fluid\"><div class=\"wpb_column vc_column_container vc_col-sm-12\"><div class=\"vc_column-inner\"><div class=\"wpb_wrapper\">\t\t\t\r\n\t\t<!-- Call To Action -->\r\n\t\t<div class=\"container-fluid cta-section\">\r\n\t\t\t<!-- Container -->\r\n\t\t\t<div class=\"container\">\r\n\t\t\t\t<h3><img loading=\"lazy\" decoding=\"async\" width=\"1280\" height=\"876\" src=\"https:\/\/tozsdemuzeum.hu\/wp-content\/uploads\/2019\/01\/AN053698.jpg\" class=\"attachment-full size-full\" alt=\"\" srcset=\"https:\/\/tozsdemuzeum.hu\/wp-content\/uploads\/2019\/01\/AN053698.jpg 1280w, https:\/\/tozsdemuzeum.hu\/wp-content\/uploads\/2019\/01\/AN053698-300x205.jpg 300w, https:\/\/tozsdemuzeum.hu\/wp-content\/uploads\/2019\/01\/AN053698-768x526.jpg 768w, https:\/\/tozsdemuzeum.hu\/wp-content\/uploads\/2019\/01\/AN053698-1024x701.jpg 1024w\" sizes=\"auto, (max-width: 1280px) 100vw, 1280px\" \/><span>The Budapest Commodity and Stock Exchange from Liberty Square. Main facade. The picture was taken in 1908.<\/span><\/h3>\r\n\t\t\t\t<a href=\"http:\/\/www.fszek.hu\/konyvtaraink\/kozponti_konyvtar\/budapest_gyujtemeny\/\" title=\"FSZEK Budapest collection\">FSZEK Budapest collection<\/a>\t\t\t<\/div>\r\n\t\t\t<!-- Container \/- -->\r\n\t\t<\/div><!-- Call To Action \/- -->\r\n\t\t\t\t\t\r\n\t\t<!-- Call To Action -->\r\n\t\t<div class=\"container-fluid cta-section\">\r\n\t\t\t<!-- Container -->\r\n\t\t\t<div class=\"container\">\r\n\t\t\t\t<h3><img loading=\"lazy\" decoding=\"async\" width=\"1280\" height=\"711\" src=\"https:\/\/tozsdemuzeum.hu\/wp-content\/uploads\/2019\/01\/000782.jpg\" class=\"attachment-full size-full\" alt=\"\" srcset=\"https:\/\/tozsdemuzeum.hu\/wp-content\/uploads\/2019\/01\/000782.jpg 1280w, https:\/\/tozsdemuzeum.hu\/wp-content\/uploads\/2019\/01\/000782-300x167.jpg 300w, https:\/\/tozsdemuzeum.hu\/wp-content\/uploads\/2019\/01\/000782-768x427.jpg 768w, https:\/\/tozsdemuzeum.hu\/wp-content\/uploads\/2019\/01\/000782-1024x569.jpg 1024w\" sizes=\"auto, (max-width: 1280px) 100vw, 1280px\" \/><span>Floor plan of the Stock Exchange. The photo was taken in 1907.<\/span><\/h3>\r\n\t\t\t\t<a href=\"http:\/\/www.fszek.hu\/konyvtaraink\/kozponti_konyvtar\/budapest_gyujtemeny\" title=\"FSZEK Budapest Collection\">FSZEK Budapest Collection<\/a>\t\t\t<\/div>\r\n\t\t\t<!-- Container \/- -->\r\n\t\t<\/div><!-- Call To Action \/- -->\r\n\t\t\t\t\t\r\n\t\t<!-- Call To Action -->\r\n\t\t<div class=\"container-fluid cta-section\">\r\n\t\t\t<!-- Container -->\r\n\t\t\t<div class=\"container\">\r\n\t\t\t\t<h3><img loading=\"lazy\" decoding=\"async\" width=\"1280\" height=\"997\" src=\"https:\/\/tozsdemuzeum.hu\/wp-content\/uploads\/2019\/01\/010694.jpg\" class=\"attachment-full size-full\" alt=\"\" srcset=\"https:\/\/tozsdemuzeum.hu\/wp-content\/uploads\/2019\/01\/010694.jpg 1280w, https:\/\/tozsdemuzeum.hu\/wp-content\/uploads\/2019\/01\/010694-300x234.jpg 300w, https:\/\/tozsdemuzeum.hu\/wp-content\/uploads\/2019\/01\/010694-768x598.jpg 768w, https:\/\/tozsdemuzeum.hu\/wp-content\/uploads\/2019\/01\/010694-1024x798.jpg 1024w\" sizes=\"auto, (max-width: 1280px) 100vw, 1280px\" \/><span>The main hall of the stock exchange with the signage of each bank. Photo taken in 1908.<\/span><\/h3>\r\n\t\t\t\t<a href=\"http:\/\/www.fszek.hu\/konyvtaraink\/kozponti_konyvtar\/budapest_gyujtemeny\" title=\"FSZEK Budapest Collection\">FSZEK Budapest Collection<\/a>\t\t\t<\/div>\r\n\t\t\t<!-- Container \/- -->\r\n\t\t<\/div><!-- Call To Action \/- -->\r\n\t\t\t\t\t\r\n\t\t<!-- Call To Action -->\r\n\t\t<div class=\"container-fluid cta-section\">\r\n\t\t\t<!-- Container -->\r\n\t\t\t<div class=\"container\">\r\n\t\t\t\t<h3><img loading=\"lazy\" decoding=\"async\" width=\"1280\" height=\"902\" src=\"https:\/\/tozsdemuzeum.hu\/wp-content\/uploads\/2019\/01\/AN053733.jpg\" class=\"attachment-full size-full\" alt=\"\" srcset=\"https:\/\/tozsdemuzeum.hu\/wp-content\/uploads\/2019\/01\/AN053733.jpg 1280w, https:\/\/tozsdemuzeum.hu\/wp-content\/uploads\/2019\/01\/AN053733-300x211.jpg 300w, https:\/\/tozsdemuzeum.hu\/wp-content\/uploads\/2019\/01\/AN053733-768x541.jpg 768w, https:\/\/tozsdemuzeum.hu\/wp-content\/uploads\/2019\/01\/AN053733-1024x722.jpg 1024w\" sizes=\"auto, (max-width: 1280px) 100vw, 1280px\" \/><span>The commodity exchange hall. The photo was taken in 1908.<\/span><\/h3>\r\n\t\t\t\t<a href=\"http:\/\/www.fszek.hu\/konyvtaraink\/kozponti_konyvtar\/budapest_gyujtemeny\" title=\"FSZEK Budapest Collection\">FSZEK Budapest Collection<\/a>\t\t\t<\/div>\r\n\t\t\t<!-- Container \/- -->\r\n\t\t<\/div><!-- Call To Action \/- -->\r\n\t\t\t\t\t\r\n\t\t<!-- Call To Action -->\r\n\t\t<div class=\"container-fluid cta-section\">\r\n\t\t\t<!-- Container -->\r\n\t\t\t<div class=\"container\">\r\n\t\t\t\t<h3><img loading=\"lazy\" decoding=\"async\" width=\"1280\" height=\"902\" src=\"https:\/\/tozsdemuzeum.hu\/wp-content\/uploads\/2019\/01\/AN053734.jpg\" class=\"attachment-full size-full\" alt=\"\" srcset=\"https:\/\/tozsdemuzeum.hu\/wp-content\/uploads\/2019\/01\/AN053734.jpg 1280w, https:\/\/tozsdemuzeum.hu\/wp-content\/uploads\/2019\/01\/AN053734-300x211.jpg 300w, https:\/\/tozsdemuzeum.hu\/wp-content\/uploads\/2019\/01\/AN053734-768x541.jpg 768w, https:\/\/tozsdemuzeum.hu\/wp-content\/uploads\/2019\/01\/AN053734-1024x722.jpg 1024w\" sizes=\"auto, (max-width: 1280px) 100vw, 1280px\" \/><span>The stock exchange room. The photo was taken in 1908.<\/span><\/h3>\r\n\t\t\t\t<a href=\"http:\/\/www.fszek.hu\/konyvtaraink\/kozponti_konyvtar\/budapest_gyujtemeny\" title=\"FSZEK Budapest Collection\">FSZEK Budapest Collection<\/a>\t\t\t<\/div>\r\n\t\t\t<!-- Container \/- -->\r\n\t\t<\/div><!-- Call To Action \/- -->\r\n\t\t\t\t\t\r\n\t\t<!-- Call To Action -->\r\n\t\t<div class=\"container-fluid cta-section\">\r\n\t\t\t<!-- Container -->\r\n\t\t\t<div class=\"container\">\r\n\t\t\t\t<h3><img loading=\"lazy\" decoding=\"async\" width=\"1280\" height=\"910\" src=\"https:\/\/tozsdemuzeum.hu\/wp-content\/uploads\/2019\/01\/AN053732.jpg\" class=\"attachment-full size-full\" alt=\"\" srcset=\"https:\/\/tozsdemuzeum.hu\/wp-content\/uploads\/2019\/01\/AN053732.jpg 1280w, https:\/\/tozsdemuzeum.hu\/wp-content\/uploads\/2019\/01\/AN053732-300x213.jpg 300w, https:\/\/tozsdemuzeum.hu\/wp-content\/uploads\/2019\/01\/AN053732-768x546.jpg 768w, https:\/\/tozsdemuzeum.hu\/wp-content\/uploads\/2019\/01\/AN053732-1024x728.jpg 1024w\" sizes=\"auto, (max-width: 1280px) 100vw, 1280px\" \/><span>Clothes room in the north basilica. The photo was taken in 1908.<\/span><\/h3>\r\n\t\t\t\t<a href=\"http:\/\/www.fszek.hu\/konyvtaraink\/kozponti_konyvtar\/budapest_gyujtemeny\" title=\"FSZEK Budapest Collection\">FSZEK Budapest Collection<\/a>\t\t\t<\/div>\r\n\t\t\t<!-- Container \/- -->\r\n\t\t<\/div><!-- Call To Action \/- -->\r\n\t\t\t\t\t\r\n\t\t<!-- Call To Action -->\r\n\t\t<div class=\"container-fluid cta-section\">\r\n\t\t\t<!-- Container -->\r\n\t\t\t<div class=\"container\">\r\n\t\t\t\t<h3><img loading=\"lazy\" decoding=\"async\" width=\"930\" height=\"1280\" src=\"https:\/\/tozsdemuzeum.hu\/wp-content\/uploads\/2019\/01\/AN053699.jpg\" class=\"attachment-full size-full\" alt=\"\" srcset=\"https:\/\/tozsdemuzeum.hu\/wp-content\/uploads\/2019\/01\/AN053699.jpg 930w, https:\/\/tozsdemuzeum.hu\/wp-content\/uploads\/2019\/01\/AN053699-218x300.jpg 218w, https:\/\/tozsdemuzeum.hu\/wp-content\/uploads\/2019\/01\/AN053699-768x1057.jpg 768w, https:\/\/tozsdemuzeum.hu\/wp-content\/uploads\/2019\/01\/AN053699-744x1024.jpg 744w\" sizes=\"auto, (max-width: 930px) 100vw, 930px\" \/><span>The main staircase (1908).<\/span><\/h3>\r\n\t\t\t\t<a href=\"http:\/\/www.fszek.hu\/konyvtaraink\/kozponti_konyvtar\/budapest_gyujtemeny\" title=\"FSZEK Budapest Collection\">FSZEK Budapest Collection<\/a>\t\t\t<\/div>\r\n\t\t\t<!-- Container \/- -->\r\n\t\t<\/div><!-- Call To Action \/- -->\r\n\t\t\t\t\t\r\n\t\t<!-- Call To Action -->\r\n\t\t<div class=\"container-fluid cta-section\">\r\n\t\t\t<!-- Container -->\r\n\t\t\t<div class=\"container\">\r\n\t\t\t\t<h3><img loading=\"lazy\" decoding=\"async\" width=\"930\" height=\"1280\" src=\"https:\/\/tozsdemuzeum.hu\/wp-content\/uploads\/2019\/01\/AN053731.jpg\" class=\"attachment-full size-full\" alt=\"\" srcset=\"https:\/\/tozsdemuzeum.hu\/wp-content\/uploads\/2019\/01\/AN053731.jpg 930w, https:\/\/tozsdemuzeum.hu\/wp-content\/uploads\/2019\/01\/AN053731-218x300.jpg 218w, https:\/\/tozsdemuzeum.hu\/wp-content\/uploads\/2019\/01\/AN053731-768x1057.jpg 768w, https:\/\/tozsdemuzeum.hu\/wp-content\/uploads\/2019\/01\/AN053731-744x1024.jpg 744w\" sizes=\"auto, (max-width: 930px) 100vw, 930px\" \/><span>The Dome Hall (1908).<\/span><\/h3>\r\n\t\t\t\t<a href=\"http:\/\/www.fszek.hu\/konyvtaraink\/kozponti_konyvtar\/budapest_gyujtemeny\" title=\"FSZEK Budapest Collection\">FSZEK Budapest Collection<\/a>\t\t\t<\/div>\r\n\t\t\t<!-- Container \/- -->\r\n\t\t<\/div><!-- Call To Action \/- -->\r\n\t\t\t\t\t\r\n\t\t<!-- Call To Action -->\r\n\t\t<div class=\"container-fluid cta-section\">\r\n\t\t\t<!-- Container -->\r\n\t\t\t<div class=\"container\">\r\n\t\t\t\t<h3><img loading=\"lazy\" decoding=\"async\" width=\"1280\" height=\"910\" src=\"https:\/\/tozsdemuzeum.hu\/wp-content\/uploads\/2019\/01\/AN053735.jpg\" class=\"attachment-full size-full\" alt=\"\" srcset=\"https:\/\/tozsdemuzeum.hu\/wp-content\/uploads\/2019\/01\/AN053735.jpg 1280w, https:\/\/tozsdemuzeum.hu\/wp-content\/uploads\/2019\/01\/AN053735-300x213.jpg 300w, https:\/\/tozsdemuzeum.hu\/wp-content\/uploads\/2019\/01\/AN053735-768x546.jpg 768w, https:\/\/tozsdemuzeum.hu\/wp-content\/uploads\/2019\/01\/AN053735-1024x728.jpg 1024w\" sizes=\"auto, (max-width: 1280px) 100vw, 1280px\" \/><span>The waiting room of the stock exchange parties. Photo taken in 1908.<\/span><\/h3>\r\n\t\t\t\t<a href=\"http:\/\/www.fszek.hu\/konyvtaraink\/kozponti_konyvtar\/budapest_gyujtemeny\" title=\"FSZEK Budapest Collection\">FSZEK Budapest Collection<\/a>\t\t\t<\/div>\r\n\t\t\t<!-- Container \/- -->\r\n\t\t<\/div><!-- Call To Action \/- -->\r\n\t\t\t\t\t\r\n\t\t<!-- Call To Action -->\r\n\t\t<div class=\"container-fluid cta-section\">\r\n\t\t\t<!-- Container -->\r\n\t\t\t<div class=\"container\">\r\n\t\t\t\t<h3><img loading=\"lazy\" decoding=\"async\" width=\"1536\" height=\"2288\" src=\"https:\/\/tozsdemuzeum.hu\/wp-content\/uploads\/2026\/02\/Brokerek_19461202.jpg\" class=\"attachment-full size-full\" alt=\"\" srcset=\"https:\/\/tozsdemuzeum.hu\/wp-content\/uploads\/2026\/02\/Brokerek_19461202.jpg 1536w, https:\/\/tozsdemuzeum.hu\/wp-content\/uploads\/2026\/02\/Brokerek_19461202-403x600.jpg 403w, https:\/\/tozsdemuzeum.hu\/wp-content\/uploads\/2026\/02\/Brokerek_19461202-687x1024.jpg 687w, https:\/\/tozsdemuzeum.hu\/wp-content\/uploads\/2026\/02\/Brokerek_19461202-768x1144.jpg 768w, https:\/\/tozsdemuzeum.hu\/wp-content\/uploads\/2026\/02\/Brokerek_19461202-1031x1536.jpg 1031w, https:\/\/tozsdemuzeum.hu\/wp-content\/uploads\/2026\/02\/Brokerek_19461202-1375x2048.jpg 1375w, https:\/\/tozsdemuzeum.hu\/wp-content\/uploads\/2026\/02\/Brokerek_19461202-8x12.jpg 8w\" sizes=\"auto, (max-width: 1536px) 100vw, 1536px\" \/><span>Opening of the stock exchange. Photo taken in 1946.<\/span><\/h3>\r\n\t\t\t\t<a href=\"https:\/\/nemzetiarchivum.hu\/photobank\/item\/FOTO-8ceab69b1dbc409fa9bb8d2ed2817e3a\" title=\"MTI Photo Editorial Office\">MTI Photo Editorial Office<\/a>\t\t\t<\/div>\r\n\t\t\t<!-- Container \/- -->\r\n\t\t<\/div><!-- Call To Action \/- -->\r\n\t\t\t\t\t\r\n\t\t<!-- Call To Action -->\r\n\t\t<div class=\"container-fluid cta-section\">\r\n\t\t\t<!-- Container -->\r\n\t\t\t<div class=\"container\">\r\n\t\t\t\t<h3><img loading=\"lazy\" decoding=\"async\" width=\"2560\" height=\"1738\" src=\"https:\/\/tozsdemuzeum.hu\/wp-content\/uploads\/2026\/02\/Tozsdepalotahaborusserulesek_19480401-scaled.jpg\" class=\"attachment-full size-full\" alt=\"\" srcset=\"https:\/\/tozsdemuzeum.hu\/wp-content\/uploads\/2026\/02\/Tozsdepalotahaborusserulesek_19480401-scaled.jpg 2560w, https:\/\/tozsdemuzeum.hu\/wp-content\/uploads\/2026\/02\/Tozsdepalotahaborusserulesek_19480401-600x407.jpg 600w, https:\/\/tozsdemuzeum.hu\/wp-content\/uploads\/2026\/02\/Tozsdepalotahaborusserulesek_19480401-1024x695.jpg 1024w, https:\/\/tozsdemuzeum.hu\/wp-content\/uploads\/2026\/02\/Tozsdepalotahaborusserulesek_19480401-768x521.jpg 768w, https:\/\/tozsdemuzeum.hu\/wp-content\/uploads\/2026\/02\/Tozsdepalotahaborusserulesek_19480401-1536x1043.jpg 1536w, https:\/\/tozsdemuzeum.hu\/wp-content\/uploads\/2026\/02\/Tozsdepalotahaborusserulesek_19480401-2048x1390.jpg 2048w, https:\/\/tozsdemuzeum.hu\/wp-content\/uploads\/2026\/02\/Tozsdepalotahaborusserulesek_19480401-18x12.jpg 18w\" sizes=\"auto, (max-width: 2560px) 100vw, 2560px\" \/><span>War injuries at the T\u0151zsdepalota (1948)<\/span><\/h3>\r\n\t\t\t\t<a href=\"https:\/\/nemzetiarchivum.hu\/photobank\/item\/FOTO-5d465d4050ca465880170b816e39ca83\" title=\"MTI Photo Editorial Office\">MTI Photo Editorial Office<\/a>\t\t\t<\/div>\r\n\t\t\t<!-- Container \/- -->\r\n\t\t<\/div><!-- Call To Action \/- -->\r\n\t\t\t\t\t\r\n\t\t<!-- Call To Action -->\r\n\t\t<div class=\"container-fluid cta-section\">\r\n\t\t\t<!-- Container -->\r\n\t\t\t<div class=\"container\">\r\n\t\t\t\t<h3><img loading=\"lazy\" decoding=\"async\" width=\"1506\" height=\"823\" src=\"https:\/\/tozsdemuzeum.hu\/wp-content\/uploads\/2026\/01\/Tozsdepalotaatepites1.png\" class=\"attachment-full size-full\" alt=\"\" srcset=\"https:\/\/tozsdemuzeum.hu\/wp-content\/uploads\/2026\/01\/Tozsdepalotaatepites1.png 1506w, https:\/\/tozsdemuzeum.hu\/wp-content\/uploads\/2026\/01\/Tozsdepalotaatepites1-600x328.png 600w, https:\/\/tozsdemuzeum.hu\/wp-content\/uploads\/2026\/01\/Tozsdepalotaatepites1-1024x560.png 1024w, https:\/\/tozsdemuzeum.hu\/wp-content\/uploads\/2026\/01\/Tozsdepalotaatepites1-768x420.png 768w, https:\/\/tozsdemuzeum.hu\/wp-content\/uploads\/2026\/01\/Tozsdepalotaatepites1-18x10.png 18w\" sizes=\"auto, (max-width: 1506px) 100vw, 1506px\" \/><span>The interior of the T\u0151zsdepalota in its original state and after the renovations<\/span><\/h3>\r\n\t\t\t\t<a href=\"https:\/\/epiteszforum.hu\/csobor-es-vodor\" title=\"epiteszforum.hu \/ Tippin Corporation\">epiteszforum.hu \/ Tippin Corporation<\/a>\t\t\t<\/div>\r\n\t\t\t<!-- Container \/- -->\r\n\t\t<\/div><!-- Call To Action \/- -->\r\n\t\t\t\t\t\r\n\t\t<!-- Call To Action -->\r\n\t\t<div class=\"container-fluid cta-section\">\r\n\t\t\t<!-- Container -->\r\n\t\t\t<div class=\"container\">\r\n\t\t\t\t<h3><img loading=\"lazy\" decoding=\"async\" width=\"1839\" height=\"927\" src=\"https:\/\/tozsdemuzeum.hu\/wp-content\/uploads\/2026\/01\/Tozsdepalotaatepites2.png\" class=\"attachment-full size-full\" alt=\"\" srcset=\"https:\/\/tozsdemuzeum.hu\/wp-content\/uploads\/2026\/01\/Tozsdepalotaatepites2.png 1839w, https:\/\/tozsdemuzeum.hu\/wp-content\/uploads\/2026\/01\/Tozsdepalotaatepites2-600x302.png 600w, https:\/\/tozsdemuzeum.hu\/wp-content\/uploads\/2026\/01\/Tozsdepalotaatepites2-1024x516.png 1024w, https:\/\/tozsdemuzeum.hu\/wp-content\/uploads\/2026\/01\/Tozsdepalotaatepites2-768x387.png 768w, https:\/\/tozsdemuzeum.hu\/wp-content\/uploads\/2026\/01\/Tozsdepalotaatepites2-1536x774.png 1536w, https:\/\/tozsdemuzeum.hu\/wp-content\/uploads\/2026\/01\/Tozsdepalotaatepites2-18x9.png 18w\" sizes=\"auto, (max-width: 1839px) 100vw, 1839px\" \/><span>The interior renovations of the T\u0151zsdepalota, marked on the floor plans<\/span><\/h3>\r\n\t\t\t\t<a href=\"https:\/\/epiteszforum.hu\/csobor-es-vodor\" title=\"epiteszforum.hu \/ Tippin Corporation\">epiteszforum.hu \/ Tippin Corporation<\/a>\t\t\t<\/div>\r\n\t\t\t<!-- Container \/- -->\r\n\t\t<\/div><!-- Call To Action \/- -->\r\n\t\t<\/div><\/div><\/div><\/div><div class=\"vc_row wpb_row vc_row-fluid\"><div class=\"wpb_column vc_column_container vc_col-sm-12\"><div class=\"vc_column-inner\"><div class=\"wpb_wrapper\">\t\t\r\n\t\t\t<!-- Client Section -->\r\n\t\t\t<div class=\"container-fluid client-section no-padding\">\r\n\t\t\t\t<div class=\"client-carousel\">\r\n\t\t\t\t\t\t\t\t\t\t\t\t\t<div class=\"item\">\r\n\t\t\t\t\t\t\t\t\t<a href=\"https:\/\/www.ramasoft.hu\"><img loading=\"lazy\" decoding=\"async\" width=\"200\" height=\"117\" src=\"https:\/\/tozsdemuzeum.hu\/wp-content\/uploads\/2018\/09\/RAMASOFT-logo_1_newkicsi.png\" class=\"attachment-full size-full\" alt=\"\" \/><\/a>\r\n\t\t\t\t\t\t\t\t<\/div>\r\n\t\t\t\t\t\t\t\t\t\t\t\t\t\t\t\t<div class=\"item item-bg\">\r\n\t\t\t\t\t\t\t\t\t<a href=\"https:\/\/www.arcanum,hu\"><img loading=\"lazy\" decoding=\"async\" width=\"200\" height=\"45\" src=\"https:\/\/tozsdemuzeum.hu\/wp-content\/uploads\/2018\/09\/Arcanumlogo-compact-e1538126948230.png\" class=\"attachment-full size-full\" alt=\"\" \/><\/a>\r\n\t\t\t\t\t\t\t\t<\/div>\r\n\t\t\t\t\t\t\t\t\t\t\t\t\t\t\t\t<div class=\"item\">\r\n\t\t\t\t\t\t\t\t\t<a href=\"https:\/\/www.fszek.hu\"><img loading=\"lazy\" decoding=\"async\" width=\"132\" height=\"132\" src=\"https:\/\/tozsdemuzeum.hu\/wp-content\/uploads\/2018\/09\/logo-fszek-e1538126634936.png\" class=\"attachment-full size-full\" alt=\"\" \/><\/a>\r\n\t\t\t\t\t\t\t\t<\/div>\r\n\t\t\t\t\t\t\t\t\t\t\t\t\t\t\t\t<div class=\"item item-bg\">\r\n\t\t\t\t\t\t\t\t\t<a href=\"https:\/\/www.netfolio.hu\"><img loading=\"lazy\" decoding=\"async\" width=\"200\" height=\"49\" src=\"https:\/\/tozsdemuzeum.hu\/wp-content\/uploads\/2018\/09\/Netfoliologo-1.png\" class=\"attachment-full size-full\" alt=\"\" \/><\/a>\r\n\t\t\t\t\t\t\t\t<\/div>\r\n\t\t\t\t\t\t\t\t\t\t\t\t\t\t\t\t<div class=\"item\">\r\n\t\t\t\t\t\t\t\t\t<a href=\"https:\/\/www.bet.hu\"><img loading=\"lazy\" decoding=\"async\" width=\"132\" height=\"132\" src=\"https:\/\/tozsdemuzeum.hu\/wp-content\/uploads\/2018\/09\/B\u00c9T-log\u00f3-RGB-640px-e1538126668844.png\" class=\"attachment-full size-full\" alt=\"\" \/><\/a>\r\n\t\t\t\t\t\t\t\t<\/div>\r\n\t\t\t\t\t\t\t\t\t\t\t\t<\/div>\r\n\t\t\t<\/div><!-- Client Section \/- -->\r\n\t\t\t\t\r\n\t<!-- Testimonial Section -->\r\n\t<div class=\"testimonial-section container-fluid\">\r\n\t\t<!-- Container -->\r\n\t\t<div class=\"container\">\r\n\t\t\t<div class=\"col-md-8\">\r\n\t\t\t\t<div class=\"testimonial-slider\">\r\n\t\t\t\t\t<div class=\"mis-stage\">\t\r\n\t\t\t\t\t\t\t\t\t\t\t\t\t\t<ol class=\"mis-slider\">\r\n\t\t\t\t\t\t\t\t\t\t\t\t\t\t\t\t\t\t\t\t<li id=\"mis_slide-1\" class=\"mis-slide\" data-slide=\"1\">\r\n\t\t\t\t\t\t\t\t\t\t\t\t\t\t\t\t\t\t\t\t\t\t\t\t\t<a href=\"\/en\/ember\/kochmeister-frigyes\/\" class=\"mis-container\">\r\n\t\t\t\t\t\t\t\t\t\t\t\t\t\t<img loading=\"lazy\" decoding=\"async\" width=\"95\" height=\"95\" src=\"https:\/\/tozsdemuzeum.hu\/wp-content\/uploads\/2018\/09\/Kochmeister_Frigyes-95x95.jpg\" class=\"attachment-history_95_95 size-history_95_95\" alt=\"\" srcset=\"https:\/\/tozsdemuzeum.hu\/wp-content\/uploads\/2018\/09\/Kochmeister_Frigyes-95x95.jpg 95w, https:\/\/tozsdemuzeum.hu\/wp-content\/uploads\/2018\/09\/Kochmeister_Frigyes-150x150.jpg 150w, https:\/\/tozsdemuzeum.hu\/wp-content\/uploads\/2018\/09\/Kochmeister_Frigyes-82x82.jpg 82w\" sizes=\"auto, (max-width: 95px) 100vw, 95px\" \/>\t\t\t\t\t\t\t\t\t\t\t\t\t<\/a>\r\n\t\t\t\t\t\t\t\t\t\t\t\t\t\t\t\t\t\t\t\t\t\t\t\t<\/li>\r\n\t\t\t\t\t\t\t\t\t\t\t\t\t\t\t\t\t\t\t\t\t\t<li id=\"mis_slide-2\" class=\"mis-slide\" data-slide=\"2\">\r\n\t\t\t\t\t\t\t\t\t\t\t\t\t\t\t\t\t\t\t\t\t\t\t\t\t<a href=\"\/en\/ember\/kornfeld-zsigmond\/\" class=\"mis-container\">\r\n\t\t\t\t\t\t\t\t\t\t\t\t\t\t<img loading=\"lazy\" decoding=\"async\" width=\"95\" height=\"95\" src=\"https:\/\/tozsdemuzeum.hu\/wp-content\/uploads\/2018\/09\/Kornfeld_Zsigmond2-95x95.jpg\" class=\"attachment-history_95_95 size-history_95_95\" alt=\"\" srcset=\"https:\/\/tozsdemuzeum.hu\/wp-content\/uploads\/2018\/09\/Kornfeld_Zsigmond2-95x95.jpg 95w, https:\/\/tozsdemuzeum.hu\/wp-content\/uploads\/2018\/09\/Kornfeld_Zsigmond2-150x150.jpg 150w, https:\/\/tozsdemuzeum.hu\/wp-content\/uploads\/2018\/09\/Kornfeld_Zsigmond2-82x82.jpg 82w, https:\/\/tozsdemuzeum.hu\/wp-content\/uploads\/2018\/09\/Kornfeld_Zsigmond2-339x342.jpg 339w\" sizes=\"auto, (max-width: 95px) 100vw, 95px\" \/>\t\t\t\t\t\t\t\t\t\t\t\t\t<\/a>\r\n\t\t\t\t\t\t\t\t\t\t\t\t\t\t\t\t\t\t\t\t\t\t\t\t<\/li>\r\n\t\t\t\t\t\t\t\t\t\t\t\t\t\t\t\t\t\t\t\t\t\t<li id=\"mis_slide-3\" class=\"mis-slide\" data-slide=\"3\">\r\n\t\t\t\t\t\t\t\t\t\t\t\t\t\t\t\t\t\t\t\t\t\t\t\t\t<a href=\"\/en\/ember\/fleissig-sandor\/\" class=\"mis-container\">\r\n\t\t\t\t\t\t\t\t\t\t\t\t\t\t<img loading=\"lazy\" decoding=\"async\" width=\"95\" height=\"95\" src=\"https:\/\/tozsdemuzeum.hu\/wp-content\/uploads\/2018\/09\/Fleissig_S\u00e1ndor-95x95.jpg\" class=\"attachment-history_95_95 size-history_95_95\" alt=\"\" srcset=\"https:\/\/tozsdemuzeum.hu\/wp-content\/uploads\/2018\/09\/Fleissig_S\u00e1ndor-95x95.jpg 95w, https:\/\/tozsdemuzeum.hu\/wp-content\/uploads\/2018\/09\/Fleissig_S\u00e1ndor-150x150.jpg 150w, https:\/\/tozsdemuzeum.hu\/wp-content\/uploads\/2018\/09\/Fleissig_S\u00e1ndor-395x395.jpg 395w, https:\/\/tozsdemuzeum.hu\/wp-content\/uploads\/2018\/09\/Fleissig_S\u00e1ndor-82x82.jpg 82w\" sizes=\"auto, (max-width: 95px) 100vw, 95px\" \/>\t\t\t\t\t\t\t\t\t\t\t\t\t<\/a>\r\n\t\t\t\t\t\t\t\t\t\t\t\t\t\t\t\t\t\t\t\t\t\t\t\t<\/li>\r\n\t\t\t\t\t\t\t\t\t\t\t\t\t\t\t\t\t\t\t<\/ol>\r\n\t\t\t\t\t\t\t\t<div class=\"mis-content-block\">\r\n\t\t\t\t\t\t\t\t\t\t\t\t\t\t\t\t\t\t\t\t<div id=\"mis_slide_content-1\">\r\n\t\t\t\t\t\t\t\t\t\t\t\t<p>\"What is needed is a serious, persistent will on the part of each of us, directed to visit, use and animate the young institution frequently, perhaps at first with some sacrifice of our habits, our desires and our interests.\"<\/p>\n\t\t\t\t\t\t\t\t\t\t\t\t<i class=\"icon icon-MessageRight\"><\/i>\r\n\t\t\t\t\t\t\t\t\t\t\t\t<h3>Baron Frigyes Kochmeister (1816-1907)<\/h3>\t\t\t\t\t\t\t\t\t\t\t\t<span>President of the BSE (1864-1900)<\/span>\t\t\t\t\t\t\t\t\t\t\t<\/div>\r\n\t\t\t\t\t\t\t\t\t\t\t\t\t\t\t\t\t\t\t\t\t\t<div id=\"mis_slide_content-2\">\r\n\t\t\t\t\t\t\t\t\t\t\t\t<p>\"As regards freedom of action, our institution desires nothing more than to do what is in the interest of the country as a whole, and to be free from any unilateral tendency, as it has been far from seeking to cultivate its own interests at the expense of the common good. \"<\/p>\n\t\t\t\t\t\t\t\t\t\t\t\t<i class=\"icon icon-MessageRight\"><\/i>\r\n\t\t\t\t\t\t\t\t\t\t\t\t<h3>Baron Zsigmond Kornfeld (1852-1909)<\/h3>\t\t\t\t\t\t\t\t\t\t\t\t<span>President of the BSE (1900-1909)<\/span>\t\t\t\t\t\t\t\t\t\t\t<\/div>\r\n\t\t\t\t\t\t\t\t\t\t\t\t\t\t\t\t\t\t\t\t\t\t<div id=\"mis_slide_content-3\">\r\n\t\t\t\t\t\t\t\t\t\t\t\t<p>\"Our poor mother, this dismembered Hungary is sick, seriously sick, and let us put aside all other interests, real or apparent, and keep in mind the only point of view: what is necessary, what is good for our poor, sick mother: Hungary.\"<\/p>\n\t\t\t\t\t\t\t\t\t\t\t\t<i class=\"icon icon-MessageRight\"><\/i>\r\n\t\t\t\t\t\t\t\t\t\t\t\t<h3>S\u00e1ndor Fleissig (1869-1939)<\/h3>\t\t\t\t\t\t\t\t\t\t\t\t<span>President of the BSE (1931-1939)<\/span>\t\t\t\t\t\t\t\t\t\t\t<\/div>\r\n\t\t\t\t\t\t\t\t\t\t\t\t\t\t\t\t\t\t\t<\/div>\r\n\t\t\t\t\t\t\t\t\t\t\t\t\t<\/div>\r\n\t\t\t\t<\/div>\r\n\t\t\t<\/div>\r\n\t\t<\/div><!-- Container \/-  -->\r\n\t<\/div><!-- Testimonial Section \/- -->\r\n\t<\/div><\/div><\/div><\/div><div class=\"vc_row wpb_row vc_row-fluid\"><div class=\"wpb_column vc_column_container vc_col-sm-12\"><div class=\"vc_column-inner\"><div class=\"wpb_wrapper\">\n\t<div class=\"wpb_text_column wpb_content_element\" >\n\t\t<div class=\"wpb_wrapper\">\n\t\t\t<p>I am a text block. Click the edit button to change the text. Lorem ipsum dolor sit amet, consectetur adipiscing elit. Ut elit tellus, luctus nec ullamcorper mattis, pulvinar dapibus leo.<\/p>\n\n\t\t<\/div>\n\t<\/div>\n<\/div><\/div><\/div><\/div>\n<\/div>","protected":false},"excerpt":{"rendered":"A budapesti \u00e1r\u00fa- \u00e9s \u00e9rt\u00e9kt\u0151zsde a Szabads\u00e1g t\u00e9r fel\u0151l. F\u0151homlokzat. A k\u00e9p 1908-ban k\u00e9sz\u00fclt. FSZEK Budapest gy\u0171jtem\u00e9ny T\u00f5zsde f\u00f6ldszinti alaprajza. A fot\u00f3 1907-ben k\u00e9sz\u00fclt. FSZEK Budapest Gy\u0171jtem\u00e9ny A t\u0151zsde nagyterme az egyes bankok felirataival. A fot\u00f3 1908-ban k\u00e9sz\u00fclt. FSZEK Budapest Gy\u0171jtem\u00e9ny Az \u00e1rut\u0151zsde terme. A fot\u00f3 1908-ban k\u00e9sz\u00fclt. FSZEK Budapest Gy\u0171jtem\u00e9ny Az \u00e9rt\u00e9kt\u0151zsde terme. A [...]","protected":false},"author":1,"featured_media":0,"parent":0,"menu_order":0,"comment_status":"closed","ping_status":"closed","template":"","meta":{"_acf_changed":false,"_monsterinsights_skip_tracking":false,"_monsterinsights_sitenote_active":false,"_monsterinsights_sitenote_note":"","_monsterinsights_sitenote_category":0,"footnotes":""},"class_list":["post-2403","page","type-page","status-publish","hentry"],"acf":[],"_links":{"self":[{"href":"https:\/\/tozsdemuzeum.hu\/en\/wp-json\/wp\/v2\/pages\/2403","targetHints":{"allow":["GET"]}}],"collection":[{"href":"https:\/\/tozsdemuzeum.hu\/en\/wp-json\/wp\/v2\/pages"}],"about":[{"href":"https:\/\/tozsdemuzeum.hu\/en\/wp-json\/wp\/v2\/types\/page"}],"author":[{"embeddable":true,"href":"https:\/\/tozsdemuzeum.hu\/en\/wp-json\/wp\/v2\/users\/1"}],"replies":[{"embeddable":true,"href":"https:\/\/tozsdemuzeum.hu\/en\/wp-json\/wp\/v2\/comments?post=2403"}],"version-history":[{"count":30,"href":"https:\/\/tozsdemuzeum.hu\/en\/wp-json\/wp\/v2\/pages\/2403\/revisions"}],"predecessor-version":[{"id":16435,"href":"https:\/\/tozsdemuzeum.hu\/en\/wp-json\/wp\/v2\/pages\/2403\/revisions\/16435"}],"wp:attachment":[{"href":"https:\/\/tozsdemuzeum.hu\/en\/wp-json\/wp\/v2\/media?parent=2403"}],"curies":[{"name":"wp","href":"https:\/\/api.w.org\/{rel}","templated":true}]}}