{"id":2077,"date":"2018-10-11T10:42:37","date_gmt":"2018-10-11T08:42:37","guid":{"rendered":"http:\/\/muzeum.netfolio.hu\/?page_id=2077"},"modified":"2025-12-27T08:51:47","modified_gmt":"2025-12-27T06:51:47","slug":"statisztika","status":"publish","type":"page","link":"https:\/\/tozsdemuzeum.hu\/en\/statisztika\/","title":{"rendered":"Data"},"content":{"rendered":"<div class=\"wpb-content-wrapper\"><div class=\"vc_row wpb_row vc_row-fluid\"><div class=\"wpb_column vc_column_container vc_col-sm-6\"><div class=\"vc_column-inner\"><div class=\"wpb_wrapper\">\n\t<div class=\"wpb_text_column wpb_content_element vc_custom_1539614928760\" >\n\t\t<div class=\"wpb_wrapper\">\n\t\t\t<h2>Bevezetett r\u00e9szv\u00e9nyek sz\u00e1ma<\/h2>\n<p>\u00a0<\/p>\n<p>\u00a0<\/p>\n<p>A k\u00f6vetkez\u0151 \u00e1br\u00e1n l\u00e1that\u00f3 a t\u0151zsd\u00e9re bevezetett r\u00e9szv\u00e9nyek sz\u00e1m\u00e1nak alakul\u00e1sa 1864 \u00e9s 1913 k\u00f6z\u00f6tt. Nyit\u00e1skor 13 r\u00e9szv\u00e9nnyel kezd\u0151d\u00f6tt meg a keresked\u00e9s, ami 1913-ra 174-re n\u0151tt. L\u00e1that\u00f3, hogy a n\u00f6veked\u00e9s nem volt line\u00e1ris, abban t\u00f6bb gyors n\u00f6veked\u00e9si peri\u00f3dus l\u00e1that\u00f3, amit \u00e1ltal\u00e1ban n\u00e9mi visszaes\u00e9s k\u00f6vetett \u2013 ezek a ciklusok \u00f6sszef\u00fcggenek a t\u0151zsdei \u00e1rak ciklusaival (\u00e1ltal\u00e1ban a jelent\u0151s \u00e1remelked\u00e9st k\u00f6vette a bevezet\u00e9sek sz\u00e1m\u00e1nak n\u00f6veked\u00e9se).<\/p>\n<p>Az els\u0151 gyors n\u00f6veked\u00e9s az 1867-73 \u00e9vekre tehet\u0151, amikor a r\u00e9szv\u00e9nyek sz\u00e1ma 27-r\u0151l 115-re n\u0151tt. Az id\u0151szakra a kiegyez\u00e9st k\u00f6vet\u0151 gazdas\u00e1gi euf\u00f3ria volt jellemz\u0151, amit az 1873-as nemzetk\u00f6zi t\u0151zsdev\u00e1ls\u00e1g t\u00f6rt meg.<\/p>\n<p>A m\u00e1sodik gyors n\u00f6veked\u00e9s az 1890-95-\u00f6s id\u0151szakban volt megfigyelhet\u0151, a r\u00e9szv\u00e9nyek sz\u00e1ma ebben az id\u0151szakban 93-r\u00f3l 158-ig n\u0151tt. Az id\u0151szak a korona bevezet\u00e9s\u00e9vel kezd\u0151d\u00f6tt \u00e9s az 1896-os milleneumi ki\u00e1ll\u00edt\u00e1ssal z\u00e1r\u00f3dott.<\/p>\n<p>A harmadik n\u00f6veked\u00e9si id\u0151szak az 1906-11-es \u00e9vekben l\u00e1that\u00f3, amikor a r\u00e9szv\u00e9nyek sz\u00e1ma 138-r\u00f3l 178-ra n\u0151tt, ami egyben a dualizmus kor\u00e1ban el\u00e9rt legmagasabb \u00e9rt\u00e9k is volt.<\/p>\n\n\t\t<\/div>\n\t<\/div>\n<\/div><\/div><\/div><div class=\"wpb_column vc_column_container vc_col-sm-6\"><div class=\"vc_column-inner\"><div class=\"wpb_wrapper\">\n\t<div class=\"wpb_text_column wpb_content_element\" >\n\t\t<div class=\"wpb_wrapper\">\n\t\t\t<p><img loading=\"lazy\" decoding=\"async\" class=\"alignnone size-medium wp-image-7109\" src=\"http:\/\/www.tozsdemuzeum.hu\/wp-content\/uploads\/2022\/04\/bevezetett-rszvnyek-szma-600x400.png\" alt=\"\" width=\"600\" height=\"400\" srcset=\"https:\/\/tozsdemuzeum.hu\/wp-content\/uploads\/2022\/04\/bevezetett-rszvnyek-szma-600x400.png 600w, https:\/\/tozsdemuzeum.hu\/wp-content\/uploads\/2022\/04\/bevezetett-rszvnyek-szma-1024x683.png 1024w, https:\/\/tozsdemuzeum.hu\/wp-content\/uploads\/2022\/04\/bevezetett-rszvnyek-szma-768x512.png 768w, https:\/\/tozsdemuzeum.hu\/wp-content\/uploads\/2022\/04\/bevezetett-rszvnyek-szma.png 1200w\" sizes=\"auto, (max-width: 600px) 100vw, 600px\" \/><\/p>\n\n\t\t<\/div>\n\t<\/div>\n<\/div><\/div><\/div><\/div><div class=\"vc_row wpb_row vc_row-fluid vc_custom_1539769657885\"><div class=\"wpb_column vc_column_container vc_col-sm-6\"><div class=\"vc_column-inner\"><div class=\"wpb_wrapper\">\n\t<div class=\"wpb_text_column wpb_content_element vc_custom_1539614266580\" >\n\t\t<div class=\"wpb_wrapper\">\n\t\t\t<h2>\u00c1gazati megoszl\u00e1s<\/h2>\n<p>\u00a0<\/p>\n<p>A r\u00e9szv\u00e9nyek \u00e1gazati megoszl\u00e1s\u00e1ban is \u00e9rdekes id\u0151szakok figyelhet\u0151ek meg. A t\u0151zsde kezdetben 6 \u00e1gazatba sorolta be a r\u00e9szv\u00e9nyeket (bankok, takar\u00e9kp\u00e9nzt\u00e1rak, biztos\u00edt\u00f3k, g\u0151zmalmok, k\u00f6zleked\u00e9si v\u00e1llalatok, k\u00fcl\u00f6nf\u00e9le v\u00e1llalatok), amit 1894-ben b\u0151v\u00edtett tov\u00e1bbi 3 \u00e1gazattal (b\u00e1ny\u00e1k \u00e9s t\u00e9glagy\u00e1rak, k\u00f6nyvnyomd\u00e1k, vasm\u0171vek \u00e9s g\u00e9pgy\u00e1rak). A 3 \u00faj \u00e1gazatban az szerepl\u0151 r\u00e9szv\u00e9nyek kor\u00e1bban a k\u00fcl\u00f6nf\u00e9le v\u00e1llalatok k\u00f6z\u00f6tt szerepeltek.<\/p>\n<p>Kezdetben a legjelent\u0151sebb a h\u00e1rom p\u00e9nz\u00fcgyi \u00e1gazat volt (ezek adt\u00e1k a r\u00e9szv\u00e9nyek csaknem fel\u00e9t), azonban 1870-re az egy\u00e9b bevezet\u00e9seknek k\u00f6sz\u00f6nhet\u0151en a p\u00e9nz\u00fcgyi \u00e1gazatok \u00f6sszs\u00falya 30%-ra cs\u00f6kkent. 1870 \u00e9s 73 k\u00f6z\u00f6tt azonban bankalap\u00edt\u00e1si l\u00e1z t\u00f6rt ki, ami visszaemelte a p\u00e9nz\u00fcgyi \u00e1gazatok ar\u00e1ny\u00e1t 50%-ra. Ez a t\u0151zsdekrach \u00e9s az azt k\u00f6vet\u0151 bankcs\u0151d\u00f6k nyom\u00e1n ism\u00e9t cs\u00f6kkenni kezdett \u00e9s 1894-re \u00e1llt be ism\u00e9t 30%-k\u00f6r\u00fcli \u00e9rt\u00e9kre, ahol az id\u0151szak h\u00e1tral\u00e9v\u0151 r\u00e9sz\u00e9ben tart\u00f3zkodott.<\/p>\n<p>Az 1864-70-es id\u0151szak sl\u00e1ger\u00e1gazata a g\u0151zmalmok voltak, amelyek 1870-re csaknem el\u00e9rt\u00e9k a r\u00e9szv\u00e9nyek 25%-\u00e1t. Ezut\u00e1n r\u00e9szar\u00e1nyuk fokozatosan cs\u00f6kkent, 1894-re 6%- k\u00f6r\u00fcli \u00e9rt\u00e9kre,\u00e9s itt is maradt az els\u0151 vil\u00e1gh\u00e1bor\u00faig.<\/p>\n<p>1870 \u00e9s 1885 a legjobban n\u00f6vekv\u0151 \u00e1gazat a k\u00f6zleked\u00e9si v\u00e1llalatok voltak, azon bel\u00fcl is a vasutak. Ugyan 1876-t\u00f3l kezdve 1891-ig a vasutakat folyamatosan \u00e1llamos\u00edtott\u00e1k, azonban sz\u00e1mos r\u00e9szv\u00e9ny az \u00e1llamos\u00edt\u00e1st k\u00f6vet\u0151en is a t\u0151zsd\u00e9n maradt, mint a Magyar Kir\u00e1lyi \u00c1llamvasutak k\u00f6telezetts\u00e9ge, \u00e9s gyakorlatilag \u00e1llami j\u00e1rad\u00e9kk\u00f6tv\u00e9nyk\u00e9nt funkcion\u00e1ltak.<\/p>\n<p>V\u00e9g\u00fcl az 1890-95 id\u0151szakra tehet\u0151 az ipari v\u00e1llalatok r\u00e9szar\u00e1ny\u00e1nak n\u00f6veked\u00e9se, ami maga ut\u00e1n vonta az \u00faj \u00e1gazatok kialak\u00edt\u00e1s\u00e1t is a t\u0151zsd\u00e9n.<\/p>\n\n\t\t<\/div>\n\t<\/div>\n<\/div><\/div><\/div><div class=\"wpb_column vc_column_container vc_col-sm-6\"><div class=\"vc_column-inner\"><div class=\"wpb_wrapper\">\n\t<div class=\"wpb_text_column wpb_content_element\" >\n\t\t<div class=\"wpb_wrapper\">\n\t\t\t<p><img loading=\"lazy\" decoding=\"async\" class=\"alignnone size-medium wp-image-7107\" src=\"http:\/\/www.tozsdemuzeum.hu\/wp-content\/uploads\/2022\/04\/a-bevezetett-rszvnyek-ga-600x400.png\" alt=\"\" width=\"600\" height=\"400\" srcset=\"https:\/\/tozsdemuzeum.hu\/wp-content\/uploads\/2022\/04\/a-bevezetett-rszvnyek-ga-600x400.png 600w, https:\/\/tozsdemuzeum.hu\/wp-content\/uploads\/2022\/04\/a-bevezetett-rszvnyek-ga-1024x683.png 1024w, https:\/\/tozsdemuzeum.hu\/wp-content\/uploads\/2022\/04\/a-bevezetett-rszvnyek-ga-768x512.png 768w, https:\/\/tozsdemuzeum.hu\/wp-content\/uploads\/2022\/04\/a-bevezetett-rszvnyek-ga.png 1200w\" sizes=\"auto, (max-width: 600px) 100vw, 600px\" \/><!--[everviz id=\"uS59h_6WQ\"]\n<iframe class=\"highcharts-iframe\" style=\"border: 0; width: 100%; height: 500px;\" title=\"Chart: \" src=\"https:\/\/app.everviz.com\/embed\/uS59h_6WQ\/\"><\/iframe>--><\/p>\n\n\t\t<\/div>\n\t<\/div>\n<\/div><\/div><\/div><\/div><div class=\"vc_row wpb_row vc_row-fluid vc_custom_1539265482112\"><div class=\"wpb_column vc_column_container vc_col-sm-6\"><div class=\"vc_column-inner\"><div class=\"wpb_wrapper\">\n\t<div class=\"wpb_text_column wpb_content_element vc_custom_1539615581082\" >\n\t\t<div class=\"wpb_wrapper\">\n\t\t\t<h2>A kapitaliz\u00e1ci\u00f3 \u00e9s a GDP ar\u00e1nya<\/h2>\n<p>\u00a0<\/p>\n<p>\u00a0<\/p>\n<p>\u00c9rdekes m\u00f3don a kapitaliz\u00e1ci\u00f3 \u00e9s a GDP ar\u00e1ny\u00e1ban kev\u00e9sb\u00e9 l\u00e1that\u00f3ak azok a ciklusok, amik a r\u00e9szv\u00e9nyek sz\u00e1m\u00e1ban megjelennek, ink\u00e1bb a folyamatos n\u00f6veked\u00e9s jellemzi.<\/p>\n<p>A kapitaliz\u00e1ci\u00f3r\u00f3l egyel\u0151re csak 1874-t\u0151l rendelkez\u00fcnk adatokkal, mivel 1875-ben jelent meg el\u0151sz\u00f6r a Magyar Compass. A GDP a t\u00f6rt\u00e9nelmi Magyarorsz\u00e1g gazdas\u00e1g\u00e1ra sz\u00e1m\u00edtott \u00e9rt\u00e9ket jelzi. 1877-ben t\u00f6bb, jelent\u0151s kapitaliz\u00e1ci\u00f3j\u00fa, a b\u00e9csi t\u0151zsd\u00e9n m\u00e1r jegyzett r\u00e9szv\u00e9nyt is bevezetnek a magyar t\u0151zsd\u00e9re (D\u00e9li Vas\u00fat, Kassa-Oderbergi Vas\u00fat, Els\u0151 Cs\u00e1sz\u00e1ri \u00e9s Kir\u00e1lyi Dunag\u0151zhaj\u00f3z\u00e1si T\u00e1rsas\u00e1g, Osztr\u00e1k Hitelint\u00e9zet, Osztr\u00e1k-Magyar \u00c1llamvas\u00fat). Ezeket k\u00fclf\u00f6ldi r\u00e9szv\u00e9nynek min\u0151s\u00edtett\u00fck annak ellen\u00e9re, hogy a legt\u00f6bbj\u00fck tev\u00e9kenys\u00e9gre kiterjedt Magyarorsz\u00e1gra is. Emiatt k\u00e9t g\u00f6rb\u00e9t is \u00e1br\u00e1zoltunk: k\u00e9kkel jelezt\u00fck azt az ar\u00e1nyt, ami ezeket a r\u00e9szv\u00e9nyeket tartalmazza, s\u00e1rg\u00e1val pedig azt, amelyik nem.<\/p>\n<p>A csak hazai r\u00e9szv\u00e9nyekb\u0151l sz\u00e1m\u00edtott kapitaliz\u00e1ci\u00f3 ar\u00e1nya az 1874-es 3,3%-r\u00f3l 1913-ra 25,4%-ra n\u0151, szinte \u00e1lland\u00f3 \u00fctemben. A k\u00fclf\u00f6ldi r\u00e9szv\u00e9nyekkel kieg\u00e9sz\u00edtett kapitaliz\u00e1ci\u00f3 ar\u00e1nya m\u00e1r 1894-ben el\u00e9ri a 40%-os \u00e9rt\u00e9ket, \u00e9s ezut\u00e1n nagyj\u00e1b\u00f3l v\u00e1ltozatlan marad, 1913-ban 37,7% a z\u00e1r\u00f3\u00e9rt\u00e9ke. A hazai r\u00e9szv\u00e9nyek ar\u00e1nya teh\u00e1t folyamatosan egyre n\u0151tt a kapitaliz\u00e1ci\u00f3n bel\u00fcl.<\/p>\n\n\t\t<\/div>\n\t<\/div>\n<\/div><\/div><\/div><div class=\"wpb_column vc_column_container vc_col-sm-6\"><div class=\"vc_column-inner\"><div class=\"wpb_wrapper\">\n\t<div class=\"wpb_text_column wpb_content_element\" >\n\t\t<div class=\"wpb_wrapper\">\n\t\t\t<p><!--[everviz id=\"vrWBhsFra\"]\n<iframe class=\"highcharts-iframe\" style=\"border: 0; width: 100%; height: 500px;\" title=\"Chart: \" src=\"https:\/\/app.everviz.com\/embed\/vrWBhsFra\/\"><\/iframe>--><\/p>\n<p><img loading=\"lazy\" decoding=\"async\" class=\"alignnone size-medium wp-image-7108\" src=\"http:\/\/www.tozsdemuzeum.hu\/wp-content\/uploads\/2022\/04\/a-kapitalizci-gdp-hez-vi-600x400.png\" alt=\"\" width=\"600\" height=\"400\" srcset=\"https:\/\/tozsdemuzeum.hu\/wp-content\/uploads\/2022\/04\/a-kapitalizci-gdp-hez-vi-600x400.png 600w, https:\/\/tozsdemuzeum.hu\/wp-content\/uploads\/2022\/04\/a-kapitalizci-gdp-hez-vi-1024x683.png 1024w, https:\/\/tozsdemuzeum.hu\/wp-content\/uploads\/2022\/04\/a-kapitalizci-gdp-hez-vi-768x512.png 768w, https:\/\/tozsdemuzeum.hu\/wp-content\/uploads\/2022\/04\/a-kapitalizci-gdp-hez-vi.png 1200w\" sizes=\"auto, (max-width: 600px) 100vw, 600px\" \/><\/p>\n\n\t\t<\/div>\n\t<\/div>\n<\/div><\/div><\/div><\/div><div class=\"vc_row wpb_row vc_row-fluid\"><div class=\"wpb_column vc_column_container vc_col-sm-12\"><div class=\"vc_column-inner\"><div class=\"wpb_wrapper\">\t\t\r\n\t\t\t<!-- Client Section -->\r\n\t\t\t<div class=\"container-fluid client-section no-padding\">\r\n\t\t\t\t<div class=\"client-carousel\">\r\n\t\t\t\t\t\t\t\t\t\t\t\t\t<div class=\"item\">\r\n\t\t\t\t\t\t\t\t\t<a href=\"https:\/\/www.ramasoft.hu\"><img loading=\"lazy\" decoding=\"async\" width=\"200\" height=\"117\" src=\"https:\/\/tozsdemuzeum.hu\/wp-content\/uploads\/2018\/09\/RAMASOFT-logo_1_newkicsi.png\" class=\"attachment-full size-full\" alt=\"\" \/><\/a>\r\n\t\t\t\t\t\t\t\t<\/div>\r\n\t\t\t\t\t\t\t\t\t\t\t\t\t\t\t\t<div class=\"item item-bg\">\r\n\t\t\t\t\t\t\t\t\t<a href=\"https:\/\/www.arcanum,hu\"><img loading=\"lazy\" decoding=\"async\" width=\"200\" height=\"45\" src=\"https:\/\/tozsdemuzeum.hu\/wp-content\/uploads\/2018\/09\/Arcanumlogo-compact-e1538126948230.png\" class=\"attachment-full size-full\" alt=\"\" \/><\/a>\r\n\t\t\t\t\t\t\t\t<\/div>\r\n\t\t\t\t\t\t\t\t\t\t\t\t\t\t\t\t<div class=\"item\">\r\n\t\t\t\t\t\t\t\t\t<a href=\"https:\/\/www.fszek.hu\"><img loading=\"lazy\" decoding=\"async\" width=\"132\" height=\"132\" src=\"https:\/\/tozsdemuzeum.hu\/wp-content\/uploads\/2018\/09\/logo-fszek-e1538126634936.png\" class=\"attachment-full size-full\" alt=\"\" \/><\/a>\r\n\t\t\t\t\t\t\t\t<\/div>\r\n\t\t\t\t\t\t\t\t\t\t\t\t\t\t\t\t<div class=\"item item-bg\">\r\n\t\t\t\t\t\t\t\t\t<a href=\"https:\/\/www.netfolio.hu\"><img loading=\"lazy\" decoding=\"async\" width=\"200\" height=\"49\" src=\"https:\/\/tozsdemuzeum.hu\/wp-content\/uploads\/2018\/09\/Netfoliologo-1.png\" class=\"attachment-full size-full\" alt=\"\" \/><\/a>\r\n\t\t\t\t\t\t\t\t<\/div>\r\n\t\t\t\t\t\t\t\t\t\t\t\t\t\t\t\t<div class=\"item\">\r\n\t\t\t\t\t\t\t\t\t<a href=\"https:\/\/www.bet.hu\"><img loading=\"lazy\" decoding=\"async\" width=\"132\" height=\"132\" src=\"https:\/\/tozsdemuzeum.hu\/wp-content\/uploads\/2018\/09\/B\u00c9T-log\u00f3-RGB-640px-e1538126668844.png\" class=\"attachment-full size-full\" alt=\"\" \/><\/a>\r\n\t\t\t\t\t\t\t\t<\/div>\r\n\t\t\t\t\t\t\t\t\t\t\t\t<\/div>\r\n\t\t\t<\/div><!-- Client Section \/- -->\r\n\t\t\t\t\r\n\t<!-- Testimonial Section -->\r\n\t<div class=\"testimonial-section container-fluid\">\r\n\t\t<!-- Container -->\r\n\t\t<div class=\"container\">\r\n\t\t\t<div class=\"col-md-8\">\r\n\t\t\t\t<div class=\"testimonial-slider\">\r\n\t\t\t\t\t<div class=\"mis-stage\">\t\r\n\t\t\t\t\t\t\t\t\t\t\t\t\t\t<ol class=\"mis-slider\">\r\n\t\t\t\t\t\t\t\t\t\t\t\t\t\t\t\t\t\t\t\t<li id=\"mis_slide-1\" class=\"mis-slide\" data-slide=\"1\">\r\n\t\t\t\t\t\t\t\t\t\t\t\t\t\t\t\t\t\t\t\t\t\t\t\t\t<a href=\"\/ember\/kochmeister-frigyes\/\" class=\"mis-container\">\r\n\t\t\t\t\t\t\t\t\t\t\t\t\t\t<img loading=\"lazy\" decoding=\"async\" width=\"95\" height=\"95\" src=\"https:\/\/tozsdemuzeum.hu\/wp-content\/uploads\/2018\/09\/Kochmeister_Frigyes-95x95.jpg\" class=\"attachment-history_95_95 size-history_95_95\" alt=\"\" srcset=\"https:\/\/tozsdemuzeum.hu\/wp-content\/uploads\/2018\/09\/Kochmeister_Frigyes-95x95.jpg 95w, https:\/\/tozsdemuzeum.hu\/wp-content\/uploads\/2018\/09\/Kochmeister_Frigyes-150x150.jpg 150w, https:\/\/tozsdemuzeum.hu\/wp-content\/uploads\/2018\/09\/Kochmeister_Frigyes-82x82.jpg 82w\" sizes=\"auto, (max-width: 95px) 100vw, 95px\" \/>\t\t\t\t\t\t\t\t\t\t\t\t\t<\/a>\r\n\t\t\t\t\t\t\t\t\t\t\t\t\t\t\t\t\t\t\t\t\t\t\t\t<\/li>\r\n\t\t\t\t\t\t\t\t\t\t\t\t\t\t\t\t\t\t\t\t\t\t<li id=\"mis_slide-2\" class=\"mis-slide\" data-slide=\"2\">\r\n\t\t\t\t\t\t\t\t\t\t\t\t\t\t\t\t\t\t\t\t\t\t\t\t\t<a href=\"\/ember\/kornfeld-zsigmond\/\" class=\"mis-container\">\r\n\t\t\t\t\t\t\t\t\t\t\t\t\t\t<img loading=\"lazy\" decoding=\"async\" width=\"95\" height=\"95\" src=\"https:\/\/tozsdemuzeum.hu\/wp-content\/uploads\/2018\/09\/Kornfeld_Zsigmond2-95x95.jpg\" class=\"attachment-history_95_95 size-history_95_95\" alt=\"\" srcset=\"https:\/\/tozsdemuzeum.hu\/wp-content\/uploads\/2018\/09\/Kornfeld_Zsigmond2-95x95.jpg 95w, https:\/\/tozsdemuzeum.hu\/wp-content\/uploads\/2018\/09\/Kornfeld_Zsigmond2-150x150.jpg 150w, https:\/\/tozsdemuzeum.hu\/wp-content\/uploads\/2018\/09\/Kornfeld_Zsigmond2-82x82.jpg 82w, https:\/\/tozsdemuzeum.hu\/wp-content\/uploads\/2018\/09\/Kornfeld_Zsigmond2-339x342.jpg 339w\" sizes=\"auto, (max-width: 95px) 100vw, 95px\" \/>\t\t\t\t\t\t\t\t\t\t\t\t\t<\/a>\r\n\t\t\t\t\t\t\t\t\t\t\t\t\t\t\t\t\t\t\t\t\t\t\t\t<\/li>\r\n\t\t\t\t\t\t\t\t\t\t\t\t\t\t\t\t\t\t\t\t\t\t<li id=\"mis_slide-3\" class=\"mis-slide\" data-slide=\"3\">\r\n\t\t\t\t\t\t\t\t\t\t\t\t\t\t\t\t\t\t\t\t\t\t\t\t\t<a href=\"\/ember\/fleissig-sandor\/\" class=\"mis-container\">\r\n\t\t\t\t\t\t\t\t\t\t\t\t\t\t<img loading=\"lazy\" decoding=\"async\" width=\"95\" height=\"95\" src=\"https:\/\/tozsdemuzeum.hu\/wp-content\/uploads\/2018\/09\/Fleissig_S\u00e1ndor-95x95.jpg\" class=\"attachment-history_95_95 size-history_95_95\" alt=\"\" srcset=\"https:\/\/tozsdemuzeum.hu\/wp-content\/uploads\/2018\/09\/Fleissig_S\u00e1ndor-95x95.jpg 95w, https:\/\/tozsdemuzeum.hu\/wp-content\/uploads\/2018\/09\/Fleissig_S\u00e1ndor-150x150.jpg 150w, https:\/\/tozsdemuzeum.hu\/wp-content\/uploads\/2018\/09\/Fleissig_S\u00e1ndor-395x395.jpg 395w, https:\/\/tozsdemuzeum.hu\/wp-content\/uploads\/2018\/09\/Fleissig_S\u00e1ndor-82x82.jpg 82w\" sizes=\"auto, (max-width: 95px) 100vw, 95px\" \/>\t\t\t\t\t\t\t\t\t\t\t\t\t<\/a>\r\n\t\t\t\t\t\t\t\t\t\t\t\t\t\t\t\t\t\t\t\t\t\t\t\t<\/li>\r\n\t\t\t\t\t\t\t\t\t\t\t\t\t\t\t\t\t\t\t<\/ol>\r\n\t\t\t\t\t\t\t\t<div class=\"mis-content-block\">\r\n\t\t\t\t\t\t\t\t\t\t\t\t\t\t\t\t\t\t\t\t<div id=\"mis_slide_content-1\">\r\n\t\t\t\t\t\t\t\t\t\t\t\t<p>\"Mindegyik\u00fcnk komoly, kitart\u00f3 akarata sz\u00fcks\u00e9ges, mely arra legyen ir\u00e1nyozva, hogy a fiatal int\u00e9zm\u00e9nyt gyakorta, kezdetben tal\u00e1n szok\u00e1saink, k\u00e9nyelmi v\u00e1gyaink \u00e9s \u00e9rdekeink n\u00e9mi fel\u00e1ldoz\u00e1s\u00e1val is, keress\u00fck fel, haszn\u00e1ljuk \u00e9s \u00e9l\u00e9nk\u00edts\u00fck.\"<\/p>\n\t\t\t\t\t\t\t\t\t\t\t\t<i class=\"icon icon-MessageRight\"><\/i>\r\n\t\t\t\t\t\t\t\t\t\t\t\t<h3>B\u00e1r\u00f3 Kochmeister Frigyes (1816-1907)<\/h3>\t\t\t\t\t\t\t\t\t\t\t\t<span>A B\u00c1\u00c9T eln\u00f6ke (1864-1900)<\/span>\t\t\t\t\t\t\t\t\t\t\t<\/div>\r\n\t\t\t\t\t\t\t\t\t\t\t\t\t\t\t\t\t\t\t\t\t\t<div id=\"mis_slide_content-2\">\r\n\t\t\t\t\t\t\t\t\t\t\t\t<p>\"A cselekv\u00e9si szabads\u00e1g tekintet\u00e9ben nem k\u00edv\u00e1n int\u00e9zm\u00e9ny\u00fcnk t\u00f6bbet, mint azt, hogy azt tehesse, a mi az eg\u00e9sz orsz\u00e1g jav\u00e1ra v\u00e1lik \u00e9s t\u00e1vol van t\u0151le minden olyan egyoldal\u00fa t\u00f6rekv\u00e9s, mint t\u00e1vol volt eddig is, hogy saj\u00e1t \u00e9rdekeit a k\u00f6zj\u00f3 rov\u00e1s\u00e1ra igyekezz\u00e9k \u00e1polni. \"<\/p>\n\t\t\t\t\t\t\t\t\t\t\t\t<i class=\"icon icon-MessageRight\"><\/i>\r\n\t\t\t\t\t\t\t\t\t\t\t\t<h3>B\u00e1r\u00f3 Kornfeld Zsigmond (1852-1909)<\/h3>\t\t\t\t\t\t\t\t\t\t\t\t<span>A B\u00c1\u00c9T eln\u00f6ke (1900-1909)<\/span>\t\t\t\t\t\t\t\t\t\t\t<\/div>\r\n\t\t\t\t\t\t\t\t\t\t\t\t\t\t\t\t\t\t\t\t\t\t<div id=\"mis_slide_content-3\">\r\n\t\t\t\t\t\t\t\t\t\t\t\t<p>\"Szeg\u00e9ny \u00e9desany\u00e1nk, ez a sz\u00e9tdarabolt Magyarorsz\u00e1g beteg, s\u00falyosan beteg \u00e9s tegy\u00fcnk f\u00e9lre minden egy\u00e9b, val\u00f3di vagy l\u00e1tsz\u00f3lagos \u00e9rdeket \u00e9s tartsuk szem el\u0151tt azt az egyetlen, szempontot: mi kell, mi j\u00f3 a mi szeg\u00e9ny, beteg \u00e9desany\u00e1nknak: Magyarorsz\u00e1gnak.\"<\/p>\n\t\t\t\t\t\t\t\t\t\t\t\t<i class=\"icon icon-MessageRight\"><\/i>\r\n\t\t\t\t\t\t\t\t\t\t\t\t<h3>Fleissig S\u00e1ndor (1869-1939)<\/h3>\t\t\t\t\t\t\t\t\t\t\t\t<span>A B\u00c1\u00c9T eln\u00f6ke (1931-1939)<\/span>\t\t\t\t\t\t\t\t\t\t\t<\/div>\r\n\t\t\t\t\t\t\t\t\t\t\t\t\t\t\t\t\t\t\t<\/div>\r\n\t\t\t\t\t\t\t\t\t\t\t\t\t<\/div>\r\n\t\t\t\t<\/div>\r\n\t\t\t<\/div>\r\n\t\t<\/div><!-- Container \/-  -->\r\n\t<\/div><!-- Testimonial Section \/- -->\r\n\t<\/div><\/div><\/div><\/div>\n<\/div>","protected":false},"excerpt":{"rendered":"Bevezetett r\u00e9szv\u00e9nyek sz\u00e1ma \u00a0 \u00a0 A k\u00f6vetkez\u0151 \u00e1br\u00e1n l\u00e1that\u00f3 a t\u0151zsd\u00e9re bevezetett r\u00e9szv\u00e9nyek sz\u00e1m\u00e1nak alakul\u00e1sa 1864 \u00e9s 1913 k\u00f6z\u00f6tt. Nyit\u00e1skor 13 r\u00e9szv\u00e9nnyel kezd\u0151d\u00f6tt meg a keresked\u00e9s, ami 1913-ra 174-re n\u0151tt. L\u00e1that\u00f3, hogy a n\u00f6veked\u00e9s nem volt line\u00e1ris, abban t\u00f6bb gyors n\u00f6veked\u00e9si peri\u00f3dus l\u00e1that\u00f3, amit \u00e1ltal\u00e1ban n\u00e9mi visszaes\u00e9s k\u00f6vetett - ezek a ciklusok \u00f6sszef\u00fcggenek a t\u0151zsdei [...]","protected":false},"author":1,"featured_media":0,"parent":0,"menu_order":0,"comment_status":"closed","ping_status":"closed","template":"","meta":{"_acf_changed":false,"_monsterinsights_skip_tracking":false,"_monsterinsights_sitenote_active":false,"_monsterinsights_sitenote_note":"","_monsterinsights_sitenote_category":0,"footnotes":""},"class_list":["post-2077","page","type-page","status-publish","hentry"],"acf":[],"_links":{"self":[{"href":"https:\/\/tozsdemuzeum.hu\/en\/wp-json\/wp\/v2\/pages\/2077","targetHints":{"allow":["GET"]}}],"collection":[{"href":"https:\/\/tozsdemuzeum.hu\/en\/wp-json\/wp\/v2\/pages"}],"about":[{"href":"https:\/\/tozsdemuzeum.hu\/en\/wp-json\/wp\/v2\/types\/page"}],"author":[{"embeddable":true,"href":"https:\/\/tozsdemuzeum.hu\/en\/wp-json\/wp\/v2\/users\/1"}],"replies":[{"embeddable":true,"href":"https:\/\/tozsdemuzeum.hu\/en\/wp-json\/wp\/v2\/comments?post=2077"}],"version-history":[{"count":75,"href":"https:\/\/tozsdemuzeum.hu\/en\/wp-json\/wp\/v2\/pages\/2077\/revisions"}],"predecessor-version":[{"id":15997,"href":"https:\/\/tozsdemuzeum.hu\/en\/wp-json\/wp\/v2\/pages\/2077\/revisions\/15997"}],"wp:attachment":[{"href":"https:\/\/tozsdemuzeum.hu\/en\/wp-json\/wp\/v2\/media?parent=2077"}],"curies":[{"name":"wp","href":"https:\/\/api.w.org\/{rel}","templated":true}]}}