{"id":16287,"date":"2026-01-29T13:00:00","date_gmt":"2026-01-29T11:00:00","guid":{"rendered":"https:\/\/tozsdemuzeum.hu\/?page_id=16287"},"modified":"2026-01-29T13:01:39","modified_gmt":"2026-01-29T11:01:39","slug":"lloyd-palota","status":"publish","type":"page","link":"https:\/\/tozsdemuzeum.hu\/en\/lloyd-palota\/","title":{"rendered":"Lloyd Palace"},"content":{"rendered":"<div class=\"wpb-content-wrapper\"><div class=\"vc_row wpb_row vc_row-fluid\"><div class=\"wpb_column vc_column_container vc_col-sm-12\"><div class=\"vc_column-inner\"><div class=\"wpb_wrapper\">\n\t<div class=\"wpb_text_column wpb_content_element\" >\n\t\t<div class=\"wpb_wrapper\">\n\t\t\t<figure id=\"attachment_16290\" aria-describedby=\"caption-attachment-16290\" style=\"width: 600px\" class=\"wp-caption alignright\"><img loading=\"lazy\" decoding=\"async\" class=\"wp-image-16290 size-medium\" src=\"https:\/\/tozsdemuzeum.hu\/wp-content\/uploads\/2026\/01\/fortepan_82135-600x419.jpg\" alt=\"\" width=\"600\" height=\"419\" srcset=\"https:\/\/tozsdemuzeum.hu\/wp-content\/uploads\/2026\/01\/fortepan_82135-600x419.jpg 600w, https:\/\/tozsdemuzeum.hu\/wp-content\/uploads\/2026\/01\/fortepan_82135-1024x715.jpg 1024w, https:\/\/tozsdemuzeum.hu\/wp-content\/uploads\/2026\/01\/fortepan_82135-768x536.jpg 768w, https:\/\/tozsdemuzeum.hu\/wp-content\/uploads\/2026\/01\/fortepan_82135-1536x1072.jpg 1536w, https:\/\/tozsdemuzeum.hu\/wp-content\/uploads\/2026\/01\/fortepan_82135-2048x1430.jpg 2048w, https:\/\/tozsdemuzeum.hu\/wp-content\/uploads\/2026\/01\/fortepan_82135-18x12.jpg 18w\" sizes=\"auto, (max-width: 600px) 100vw, 600px\" \/><figcaption id=\"caption-attachment-16290\" class=\"wp-caption-text\">Lloyd-Palota. Source: Fortepan \/ Budapest City Archives. Archive reference: HU.BFL.XV.19.d.1.05.080<\/figcaption><\/figure>\n<p>The headquarters of the former Pesti Civic Trade Board was designed by J\u00f3zsef Hild in 1826 in neoclassical style, after the board bought a plot of land in 1820 on the area bounded by the former Kirakod\u00f3 Square, Dorottya Street and Maria Valeria Street. Construction lasted from 1827 to 1830. The main fa\u00e7ade rested on huge pillars, and the three naves could be accessed through a ground-floor arcaded passageway, giving a view of the fountain and the courtyard.<\/p>\n<p>The Commercial Hall was opened in the building on 7 March 1831, but the National Casino was also located there between 1830 and 1851. Istv\u00e1n Sz\u00e9chenyi also lived here between 1832 and 1836. The offices of the Hungarian Bank were located in one part of the building. During the War of Independence in 1849, the building suffered considerable damage and was almost completely burnt down, but it was restored.<\/p>\n<p>Restored by 1850, the Grain Hall continued to operate in it. In 1851, it was renamed Lloyd Palace from the Pesti Lloyd Society, when the Society took over the Hall.In 1861, it became the meeting place of the House of the Estates, and from 1864 the De\u00e1k Circle also met here. In 1867, Queen Elisabeth watched the coronation from here. On 18 January 1864, the Pesti Commodity and Stock Exchange started its operations in this building.<\/p>\n<p>The Lloyd Palace was once the seat of the General Council and the headquarters of the Libertarian Party led by Ferenc De\u00e1k.From 1875 the party's circle and club operated here. The building had traces of classicism, with two floors and a spacious courtyard. The Liberal Club consisted of nine rooms. The central meeting room was used for party meetings. It also provided a wide range of entertainment for politicians, with billiards, card rooms and reading rooms. The Libertarian Party used the building for twenty years, until 1905, when Istv\u00e1n Tisza dissolved it after the defeat of the governing party.<\/p>\n<p>It was then acquired by the Trieste General Insurance Company and used until 1944. The building suffered extensive damage during the bombing of Budapest in 1945. Although it could have been salvaged, its iconic character led to its demolition: first the parts of the building that were life-threatening to passers-by were demolished, and then, in 1949, the building itself. It was reported in the press that the demolition had to be carried out by explosives, after a labourer died in a firewall collapse.<\/p>\n<p>The building was for a long time a parking lot. In 1981-1982, the hotel, formerly known as the Atrium Hyatt, was built and is now known as the Sofitel. Its redevelopment was declared a priority investment in 2022 and the modernisation of the hotel is still ongoing.<\/p>\n<p><strong>\u00a0<\/strong><\/p>\n<p><strong>Literature<\/strong><\/p>\n<p>L\u00e1szl\u00f3 Berza (ed.):\u00a0<em>Budapest Lexicon<\/em>. Budapest, 1973. 653-654.<\/p>\n<p><a href=\"https:\/\/pestbuda.hu\/cikk\/20210313_amikor_a_lloyd_palotaban_dolt_el_az_orszag_sorsa\">https:\/\/pestbuda.hu\/cikk\/20210313_amikor_a_lloyd_palotaban_dolt_el_az_orszag_sorsa<\/a><\/p>\n<p><a href=\"https:\/\/pestbuda.hu\/cikk\/20221012_atepitik_a_duna_parti_szallodat_amely_az_egykori_lloyd_palota_helyen_all\">https:\/\/pestbuda.hu\/cikk\/20221012_atepitik_a_duna_parti_szallodat_amely_az_egykori_lloyd_palota_helyen_all<\/a><\/p>\n<p>Lor\u00e1nt Radnai 1947: the reorganisation of the Lloyd Palace area.\u00a0<em>Space and form<\/em>\u00a020. (6.) 122-124.<\/p>\n<p>L\u00e1szl\u00f3 Proh\u00e1szka:\u00a0<em>Danube Corridor<\/em>. Budapest Metropolitan Municipality, Mayor's Office. Budapest, 1998.<\/p>\n<p>\u00a0<\/p>\n<p>Written by: R\u00f3bert Szab\u00f3<\/p>\n<h1 style=\"text-align: center;\"><a href=\"\/en\/lloyd-palota-fotok\/\">More photos<\/a><\/h1>\n\n\t\t<\/div>\n\t<\/div>\n<\/div><\/div><\/div><\/div><div class=\"vc_row wpb_row vc_row-fluid\"><div class=\"wpb_column vc_column_container vc_col-sm-12\"><div class=\"vc_column-inner\"><div class=\"wpb_wrapper\">\t\t\r\n\t\t\t<!-- Client Section -->\r\n\t\t\t<div class=\"container-fluid client-section no-padding\">\r\n\t\t\t\t<div class=\"client-carousel\">\r\n\t\t\t\t\t\t\t\t\t\t\t\t\t<div class=\"item\">\r\n\t\t\t\t\t\t\t\t\t<a href=\"https:\/\/www.ramasoft.hu\"><img loading=\"lazy\" decoding=\"async\" width=\"200\" height=\"117\" src=\"https:\/\/tozsdemuzeum.hu\/wp-content\/uploads\/2018\/09\/RAMASOFT-logo_1_newkicsi.png\" class=\"attachment-full size-full\" alt=\"\" \/><\/a>\r\n\t\t\t\t\t\t\t\t<\/div>\r\n\t\t\t\t\t\t\t\t\t\t\t\t\t\t\t\t<div class=\"item item-bg\">\r\n\t\t\t\t\t\t\t\t\t<a href=\"https:\/\/www.arcanum,hu\"><img loading=\"lazy\" decoding=\"async\" width=\"200\" height=\"45\" src=\"https:\/\/tozsdemuzeum.hu\/wp-content\/uploads\/2018\/09\/Arcanumlogo-compact-e1538126948230.png\" class=\"attachment-full size-full\" alt=\"\" \/><\/a>\r\n\t\t\t\t\t\t\t\t<\/div>\r\n\t\t\t\t\t\t\t\t\t\t\t\t\t\t\t\t<div class=\"item\">\r\n\t\t\t\t\t\t\t\t\t<a href=\"https:\/\/www.fszek.hu\"><img loading=\"lazy\" decoding=\"async\" width=\"132\" height=\"132\" src=\"https:\/\/tozsdemuzeum.hu\/wp-content\/uploads\/2018\/09\/logo-fszek-e1538126634936.png\" class=\"attachment-full size-full\" alt=\"\" \/><\/a>\r\n\t\t\t\t\t\t\t\t<\/div>\r\n\t\t\t\t\t\t\t\t\t\t\t\t\t\t\t\t<div class=\"item item-bg\">\r\n\t\t\t\t\t\t\t\t\t<a href=\"https:\/\/www.netfolio.hu\"><img loading=\"lazy\" decoding=\"async\" width=\"200\" height=\"49\" src=\"https:\/\/tozsdemuzeum.hu\/wp-content\/uploads\/2018\/09\/Netfoliologo-1.png\" class=\"attachment-full size-full\" alt=\"\" \/><\/a>\r\n\t\t\t\t\t\t\t\t<\/div>\r\n\t\t\t\t\t\t\t\t\t\t\t\t\t\t\t\t<div class=\"item\">\r\n\t\t\t\t\t\t\t\t\t<a href=\"https:\/\/www.bet.hu\"><img loading=\"lazy\" decoding=\"async\" width=\"132\" height=\"132\" src=\"https:\/\/tozsdemuzeum.hu\/wp-content\/uploads\/2018\/09\/B\u00c9T-log\u00f3-RGB-640px-e1538126668844.png\" class=\"attachment-full size-full\" alt=\"\" \/><\/a>\r\n\t\t\t\t\t\t\t\t<\/div>\r\n\t\t\t\t\t\t\t\t\t\t\t\t<\/div>\r\n\t\t\t<\/div><!-- Client Section \/- -->\r\n\t\t\t\t\r\n\t<!-- Testimonial Section -->\r\n\t<div class=\"testimonial-section container-fluid\">\r\n\t\t<!-- Container -->\r\n\t\t<div class=\"container\">\r\n\t\t\t<div class=\"col-md-8\">\r\n\t\t\t\t<div class=\"testimonial-slider\">\r\n\t\t\t\t\t<div class=\"mis-stage\">\t\r\n\t\t\t\t\t\t\t\t\t\t\t\t\t\t<ol class=\"mis-slider\">\r\n\t\t\t\t\t\t\t\t\t\t\t\t\t\t\t\t\t\t\t\t<li id=\"mis_slide-1\" class=\"mis-slide\" data-slide=\"1\">\r\n\t\t\t\t\t\t\t\t\t\t\t\t\t\t\t\t\t\t\t\t\t\t\t\t\t<a href=\"\/en\/ember\/kochmeister-frigyes\/\" class=\"mis-container\">\r\n\t\t\t\t\t\t\t\t\t\t\t\t\t\t<img loading=\"lazy\" decoding=\"async\" width=\"95\" height=\"95\" src=\"https:\/\/tozsdemuzeum.hu\/wp-content\/uploads\/2018\/09\/Kochmeister_Frigyes-95x95.jpg\" class=\"attachment-history_95_95 size-history_95_95\" alt=\"\" srcset=\"https:\/\/tozsdemuzeum.hu\/wp-content\/uploads\/2018\/09\/Kochmeister_Frigyes-95x95.jpg 95w, https:\/\/tozsdemuzeum.hu\/wp-content\/uploads\/2018\/09\/Kochmeister_Frigyes-150x150.jpg 150w, https:\/\/tozsdemuzeum.hu\/wp-content\/uploads\/2018\/09\/Kochmeister_Frigyes-82x82.jpg 82w\" sizes=\"auto, (max-width: 95px) 100vw, 95px\" \/>\t\t\t\t\t\t\t\t\t\t\t\t\t<\/a>\r\n\t\t\t\t\t\t\t\t\t\t\t\t\t\t\t\t\t\t\t\t\t\t\t\t<\/li>\r\n\t\t\t\t\t\t\t\t\t\t\t\t\t\t\t\t\t\t\t\t\t\t<li id=\"mis_slide-2\" class=\"mis-slide\" data-slide=\"2\">\r\n\t\t\t\t\t\t\t\t\t\t\t\t\t\t\t\t\t\t\t\t\t\t\t\t\t<a href=\"\/en\/ember\/kornfeld-zsigmond\/\" class=\"mis-container\">\r\n\t\t\t\t\t\t\t\t\t\t\t\t\t\t<img loading=\"lazy\" decoding=\"async\" width=\"95\" height=\"95\" src=\"https:\/\/tozsdemuzeum.hu\/wp-content\/uploads\/2018\/09\/Kornfeld_Zsigmond2-95x95.jpg\" class=\"attachment-history_95_95 size-history_95_95\" alt=\"\" srcset=\"https:\/\/tozsdemuzeum.hu\/wp-content\/uploads\/2018\/09\/Kornfeld_Zsigmond2-95x95.jpg 95w, https:\/\/tozsdemuzeum.hu\/wp-content\/uploads\/2018\/09\/Kornfeld_Zsigmond2-150x150.jpg 150w, https:\/\/tozsdemuzeum.hu\/wp-content\/uploads\/2018\/09\/Kornfeld_Zsigmond2-82x82.jpg 82w, https:\/\/tozsdemuzeum.hu\/wp-content\/uploads\/2018\/09\/Kornfeld_Zsigmond2-339x342.jpg 339w\" sizes=\"auto, (max-width: 95px) 100vw, 95px\" \/>\t\t\t\t\t\t\t\t\t\t\t\t\t<\/a>\r\n\t\t\t\t\t\t\t\t\t\t\t\t\t\t\t\t\t\t\t\t\t\t\t\t<\/li>\r\n\t\t\t\t\t\t\t\t\t\t\t\t\t\t\t\t\t\t\t\t\t\t<li id=\"mis_slide-3\" class=\"mis-slide\" data-slide=\"3\">\r\n\t\t\t\t\t\t\t\t\t\t\t\t\t\t\t\t\t\t\t\t\t\t\t\t\t<a href=\"\/en\/ember\/fleissig-sandor\/\" class=\"mis-container\">\r\n\t\t\t\t\t\t\t\t\t\t\t\t\t\t<img loading=\"lazy\" decoding=\"async\" width=\"95\" height=\"95\" src=\"https:\/\/tozsdemuzeum.hu\/wp-content\/uploads\/2018\/09\/Fleissig_S\u00e1ndor-95x95.jpg\" class=\"attachment-history_95_95 size-history_95_95\" alt=\"\" srcset=\"https:\/\/tozsdemuzeum.hu\/wp-content\/uploads\/2018\/09\/Fleissig_S\u00e1ndor-95x95.jpg 95w, https:\/\/tozsdemuzeum.hu\/wp-content\/uploads\/2018\/09\/Fleissig_S\u00e1ndor-150x150.jpg 150w, https:\/\/tozsdemuzeum.hu\/wp-content\/uploads\/2018\/09\/Fleissig_S\u00e1ndor-395x395.jpg 395w, https:\/\/tozsdemuzeum.hu\/wp-content\/uploads\/2018\/09\/Fleissig_S\u00e1ndor-82x82.jpg 82w\" sizes=\"auto, (max-width: 95px) 100vw, 95px\" \/>\t\t\t\t\t\t\t\t\t\t\t\t\t<\/a>\r\n\t\t\t\t\t\t\t\t\t\t\t\t\t\t\t\t\t\t\t\t\t\t\t\t<\/li>\r\n\t\t\t\t\t\t\t\t\t\t\t\t\t\t\t\t\t\t\t<\/ol>\r\n\t\t\t\t\t\t\t\t<div class=\"mis-content-block\">\r\n\t\t\t\t\t\t\t\t\t\t\t\t\t\t\t\t\t\t\t\t<div id=\"mis_slide_content-1\">\r\n\t\t\t\t\t\t\t\t\t\t\t\t<p>\"What is needed is a serious, persistent will on the part of each of us, directed to visit, use and animate the young institution frequently, perhaps at first with some sacrifice of our habits, our desires and our interests.\"<\/p>\n\t\t\t\t\t\t\t\t\t\t\t\t<i class=\"icon icon-MessageRight\"><\/i>\r\n\t\t\t\t\t\t\t\t\t\t\t\t<h3>Baron Frigyes Kochmeister (1816-1907)<\/h3>\t\t\t\t\t\t\t\t\t\t\t\t<span>President of the BSE (1864-1900)<\/span>\t\t\t\t\t\t\t\t\t\t\t<\/div>\r\n\t\t\t\t\t\t\t\t\t\t\t\t\t\t\t\t\t\t\t\t\t\t<div id=\"mis_slide_content-2\">\r\n\t\t\t\t\t\t\t\t\t\t\t\t<p>\"As regards freedom of action, our institution desires nothing more than to do what is in the interest of the country as a whole, and to be free from any unilateral tendency, as it has been far from seeking to cultivate its own interests at the expense of the common good. \"<\/p>\n\t\t\t\t\t\t\t\t\t\t\t\t<i class=\"icon icon-MessageRight\"><\/i>\r\n\t\t\t\t\t\t\t\t\t\t\t\t<h3>Baron Zsigmond Kornfeld (1852-1909)<\/h3>\t\t\t\t\t\t\t\t\t\t\t\t<span>President of the BSE (1900-1909)<\/span>\t\t\t\t\t\t\t\t\t\t\t<\/div>\r\n\t\t\t\t\t\t\t\t\t\t\t\t\t\t\t\t\t\t\t\t\t\t<div id=\"mis_slide_content-3\">\r\n\t\t\t\t\t\t\t\t\t\t\t\t<p>\"Our poor mother, this dismembered Hungary is sick, seriously sick, and let us put aside all other interests, real or apparent, and keep in mind the only point of view: what is necessary, what is good for our poor, sick mother: Hungary.\"<\/p>\n\t\t\t\t\t\t\t\t\t\t\t\t<i class=\"icon icon-MessageRight\"><\/i>\r\n\t\t\t\t\t\t\t\t\t\t\t\t<h3>S\u00e1ndor Fleissig (1869-1939)<\/h3>\t\t\t\t\t\t\t\t\t\t\t\t<span>President of the BSE (1931-1939)<\/span>\t\t\t\t\t\t\t\t\t\t\t<\/div>\r\n\t\t\t\t\t\t\t\t\t\t\t\t\t\t\t\t\t\t\t<\/div>\r\n\t\t\t\t\t\t\t\t\t\t\t\t\t<\/div>\r\n\t\t\t\t<\/div>\r\n\t\t\t<\/div>\r\n\t\t<\/div><!-- Container \/-  -->\r\n\t<\/div><!-- Testimonial Section \/- -->\r\n\t<\/div><\/div><\/div><\/div>\n<\/div>","protected":false},"excerpt":{"rendered":"Lloyd-Palota. Forr\u00e1s: Fortepan \/ Budapest F\u0151v\u00e1ros Lev\u00e9lt\u00e1ra. Lev\u00e9lt\u00e1ri jelzet: HU.BFL.XV.19.d.1.05.080 Az egykori Pesti Polg\u00e1ri Kereskedelmi Test\u00fclet sz\u00e9kh\u00e1z\u00e1t Hild J\u00f3zsef tervezte 1826-ban klasszicista st\u00edlusban azut\u00e1n, hogy a test\u00fclet 1820-ban telket v\u00e1s\u00e1rolt az egykori Kirakod\u00f3 t\u00e9r, a Dorottya utca \u00e9s a M\u00e1ria Val\u00e9ria utca \u00e1ltal hat\u00e1rolt ter\u00fcleten. Az \u00e9p\u00edtkez\u00e9s 1827-t\u0151l 1830-ig tartott. A f\u0151homlokzat hatalmas pill\u00e9reken nyugodott, [...]","protected":false},"author":1,"featured_media":0,"parent":0,"menu_order":0,"comment_status":"closed","ping_status":"closed","template":"","meta":{"_acf_changed":false,"_monsterinsights_skip_tracking":false,"_monsterinsights_sitenote_active":false,"_monsterinsights_sitenote_note":"","_monsterinsights_sitenote_category":0,"footnotes":""},"class_list":["post-16287","page","type-page","status-publish","hentry"],"acf":[],"_links":{"self":[{"href":"https:\/\/tozsdemuzeum.hu\/en\/wp-json\/wp\/v2\/pages\/16287","targetHints":{"allow":["GET"]}}],"collection":[{"href":"https:\/\/tozsdemuzeum.hu\/en\/wp-json\/wp\/v2\/pages"}],"about":[{"href":"https:\/\/tozsdemuzeum.hu\/en\/wp-json\/wp\/v2\/types\/page"}],"author":[{"embeddable":true,"href":"https:\/\/tozsdemuzeum.hu\/en\/wp-json\/wp\/v2\/users\/1"}],"replies":[{"embeddable":true,"href":"https:\/\/tozsdemuzeum.hu\/en\/wp-json\/wp\/v2\/comments?post=16287"}],"version-history":[{"count":4,"href":"https:\/\/tozsdemuzeum.hu\/en\/wp-json\/wp\/v2\/pages\/16287\/revisions"}],"predecessor-version":[{"id":16292,"href":"https:\/\/tozsdemuzeum.hu\/en\/wp-json\/wp\/v2\/pages\/16287\/revisions\/16292"}],"wp:attachment":[{"href":"https:\/\/tozsdemuzeum.hu\/en\/wp-json\/wp\/v2\/media?parent=16287"}],"curies":[{"name":"wp","href":"https:\/\/api.w.org\/{rel}","templated":true}]}}