{"id":16274,"date":"2026-01-29T12:31:18","date_gmt":"2026-01-29T10:31:18","guid":{"rendered":"https:\/\/tozsdemuzeum.hu\/?page_id=16274"},"modified":"2026-01-31T10:27:30","modified_gmt":"2026-01-31T08:27:30","slug":"tozsdepalota","status":"publish","type":"page","link":"https:\/\/tozsdemuzeum.hu\/en\/tozsdepalota\/","title":{"rendered":"Exchange Palace"},"content":{"rendered":"<div class=\"wpb-content-wrapper\"><div class=\"vc_row wpb_row vc_row-fluid\"><div class=\"wpb_column vc_column_container vc_col-sm-12\"><div class=\"vc_column-inner\"><div class=\"wpb_wrapper\">\n\t<div class=\"wpb_text_column wpb_content_element\" >\n\t\t<div class=\"wpb_wrapper\">\n\t\t\t<figure id=\"attachment_16277\" aria-describedby=\"caption-attachment-16277\" style=\"width: 600px\" class=\"wp-caption alignleft\"><img loading=\"lazy\" decoding=\"async\" class=\"wp-image-16277 size-medium\" src=\"https:\/\/tozsdemuzeum.hu\/wp-content\/uploads\/2026\/01\/fortepan_277766-600x374.jpg\" alt=\"\" width=\"600\" height=\"374\" srcset=\"https:\/\/tozsdemuzeum.hu\/wp-content\/uploads\/2026\/01\/fortepan_277766-600x374.jpg 600w, https:\/\/tozsdemuzeum.hu\/wp-content\/uploads\/2026\/01\/fortepan_277766-1024x638.jpg 1024w, https:\/\/tozsdemuzeum.hu\/wp-content\/uploads\/2026\/01\/fortepan_277766-768x478.jpg 768w, https:\/\/tozsdemuzeum.hu\/wp-content\/uploads\/2026\/01\/fortepan_277766-1536x957.jpg 1536w, https:\/\/tozsdemuzeum.hu\/wp-content\/uploads\/2026\/01\/fortepan_277766-2048x1276.jpg 2048w, https:\/\/tozsdemuzeum.hu\/wp-content\/uploads\/2026\/01\/fortepan_277766-18x12.jpg 18w\" sizes=\"auto, (max-width: 600px) 100vw, 600px\" \/><figcaption id=\"caption-attachment-16277\" class=\"wp-caption-text\">The T\u0151zsdepalota Palace on Szabads\u00e1g Square, 1905. Source: Fortepan 277766\/Deutsche Fotothek \/ Br\u00fcck und Sohn<\/figcaption><\/figure>\n<p>The first Hungarian stock exchange, the Pesti Commodity and Stock Exchange, started its operations on 18 January 1864. It first operated in the Lloyd Palace in Pest, built in 1830. By 1870, however, it had become so important that it had to move to a new building: the next location of the Exchange was the building built between 1870 and 1872 on the corner of Wurm Street (today Szende P\u00e1l Street) and M\u00e1ria Val\u00e9ria Street (today Ap\u00e1czai Csere J\u00e1nos Street).<\/p>\n<p>The stock exchange, led by Zsigmond Kornfeld, outgrew the building on Wurm Street, thanks to its extraordinary development. In 1898, Kornfeld therefore asked the Minister of Finance, L\u00e1szl\u00f3 Luk\u00e1cs, for a plot of land to build a new stock exchange building. A public tender was launched in 1899 for the building on the site, which received 33 entries. Ign\u00e1c Alp\u00e1r won the right to build the building with his historicist, late eclectic concept. After months of refinement, the building was constructed on Liberty Square from 1902. Even before the stock exchange building was built, the square was an important political and administrative centre: the Hungarian National Bank, the Post Office and the Hungarian Trade Hall were located here.<\/p>\n<p>For the construction, the stock exchange took out a mortgage loan of four million crowns. The construction was carried out by the Gr\u00fcnwald brothers and the firm of Miksa Schiffer. Interestingly, the building was only granted a 30-year tax exemption if it could be made habitable by 1 August 1905. This may have something to do with the fact that, despite the extensive work and the workers' strike, although construction was not completed until 1907, the stock exchange moved into the building in the autumn of 1905. The building work was made possible by the demolition in 1897 of the huge barracks, the so-called Neugeb\u00e4ude, in one of the courtyards of which Prime Minister Lajos Batthy\u00e1ny had been executed in 1849.<\/p>\n<figure id=\"attachment_16314\" aria-describedby=\"caption-attachment-16314\" style=\"width: 326px\" class=\"wp-caption alignright\"><img loading=\"lazy\" decoding=\"async\" class=\"wp-image-16314 size-medium\" src=\"https:\/\/tozsdemuzeum.hu\/wp-content\/uploads\/2026\/01\/Tozsdepalotaatepites3-326x600.png\" alt=\"\" width=\"326\" height=\"600\" srcset=\"https:\/\/tozsdemuzeum.hu\/wp-content\/uploads\/2026\/01\/Tozsdepalotaatepites3-326x600.png 326w, https:\/\/tozsdemuzeum.hu\/wp-content\/uploads\/2026\/01\/Tozsdepalotaatepites3-7x12.png 7w, https:\/\/tozsdemuzeum.hu\/wp-content\/uploads\/2026\/01\/Tozsdepalotaatepites3.png 412w\" sizes=\"auto, (max-width: 326px) 100vw, 326px\" \/><figcaption id=\"caption-attachment-16314\" class=\"wp-caption-text\">The northern basilica in its original state and converted into a projection room. Source: https:\/\/epiteszforum.hu\/csobor-es-vodor \/ Tippin<\/figcaption><\/figure>\n<p>The building was extremely impressive in size: apart from the 9000 m<sup>2<\/sup> 145 m long and 60 m wide. Its imposing dimensions made it the largest stock exchange building in Europe. The outer fa\u00e7ades were decorated with tall stone columns and the main entrance on Liberty Square was surmounted by a tympanum and sculptural decorations. The central dome was 18.5 metres high and the two wings of the building housed the separate commodity and value exchanges. Inside, visitors were welcomed by a large foyer with corridors on either side leading to the stock exchange rooms. The rooms were lit by tall windows opening onto the street, and the floors were covered with linoleum and the corridors with cement tiles. Four courtyards provided light and ventilation. The central heating and ventilation system was modern, with the stock rooms heated by pulsed air heating. Several convenient staircases and lifts facilitated access. The interiors were decorated with glass roofing, rich stone carvings and representative wall coverings. Upstairs there was a lounge, a smoking room, a cafeteria and a library, but the building also housed a stock exchange, a caf\u00e9, a telegraph office and a post office. On the ground floor there were offices for rent.<\/p>\n<p>The stock exchange operated in the building until 25 May 1948, when nationalisation stopped its operations for a few decades. The building housed first the Lenin Institute, then the Hungarian House of Technology, and from 1955 to 2009 Hungarian Television (co-tenanted with the House of Technology until 1972, then independently). However, due to its construction and equipment, the building was not suitable for television purposes, and several renovations were carried out from 1948 onwards. Firstly in the gallery, and then in the attic in the 1950s. In the 1960s and 1970s, the first and second floors, in addition to the gallery, underwent major alterations. Studio IV was built on the gallery between 1969 and 1972. The floor structure on the second floor, which formed the basis for the Channel 2 Studio, completed in 1987, was built between 1961 and 1964.<\/p>\n<p>It is part of the history of the building that, although the stock exchange reopened in 1990, it has not returned to its former location. In 2006, the state sold the building to a Canadian company and, although a plan to convert the building into a luxury office building was granted planning permission in 2010, it never materialised. Interestingly, the building has been the location of several film shoots (Winged Manhunter 2049, Black Widow). The building was purchased from a Canadian company in 2013, partly by the Istituto per le Opere di Religione (commonly known as the Vatican Bank), which was planning to finance the project, and then at the end of 2024 by a private equity fund managed by Granite Fund Management for investment purposes.<\/p>\n<p>\u00a0<\/p>\n<p><strong>Literature<\/strong><\/p>\n<p><a href=\"https:\/\/www.otpedia.hu\/lexikon\/helyek\/tozsdepalota-szabadsag-ter-legmarkansabb-epulete_2\/\">https:\/\/www.otpedia.hu\/lexikon\/helyek\/tozsdepalota-szabadsag-ter-legmarkansabb-epulete_2\/<\/a><\/p>\n<p><a href=\"https:\/\/epiteszforum.hu\/ugy-maradt--a-teveszekhazkent-ismert-tozsdepalota-tortenete\">https:\/\/epiteszforum.hu\/ugy-maradt-a-teveszekhazkent-ismert-tozsdepalota-tortenete<\/a><\/p>\n<p><a href=\"https:\/\/epiteszforum.hu\/mitol-lesz-mas-ami-ugyanaz\">https:\/\/epiteszforum.hu\/mitol-lesz-mas-ami-ugyanaz<\/a><\/p>\n<p><a href=\"https:\/\/pestbuda.hu\/cikk\/20170207_ujjaszulethet_vegre_a_tozsdepalota\">https:\/\/pestbuda.hu\/cikk\/20170207_ujjaszulethet_vegre_a_tozsdepalota<\/a><\/p>\n<p><a href=\"https:\/\/pestbuda.hu\/cikk\/20190717_domonkos_csaba_a_tozsdepalota_kulonos_tortenete\">https:\/\/pestbuda.hu\/cikk\/20190717_domonkos_csaba_a_tozsdepalota_kulonos_tortenete<\/a><\/p>\n<p>Alp\u00e1r, Ign\u00e1c 1908: The Palace of the Budapest Commodity and Stock Exchange on Liberty Square. The Hungarian Engineers and Architects' Society Gazette 42 (1-2.) 1-5.<\/p>\n<p>N\u00f3ra N\u00e9meth - Katalin Mar\u00f3tzy: The two most important architectural tenders and press of the turn of the century I. The Budapest Commodity and Value Exchange. Architechtura Hungariae. Online website: http:\/\/arch.eptort.bme.hu\/arch_old\/hu\/fooldal?id=34<\/p>\n<p>\u00a0<\/p>\n<p>Written by: R\u00f3bert Szab\u00f3<\/p>\n<h1 style=\"text-align: center;\"><a href=\"\/en\/tozsdepalota-fotok\/\">More photos<\/a><\/h1>\n\n\t\t<\/div>\n\t<\/div>\n<\/div><\/div><\/div><\/div><div class=\"vc_row wpb_row vc_row-fluid\"><div class=\"wpb_column vc_column_container vc_col-sm-12\"><div class=\"vc_column-inner\"><div class=\"wpb_wrapper\">\t\t\r\n\t\t\t<!-- Client Section -->\r\n\t\t\t<div class=\"container-fluid client-section no-padding\">\r\n\t\t\t\t<div class=\"client-carousel\">\r\n\t\t\t\t\t\t\t\t\t\t\t\t\t<div class=\"item\">\r\n\t\t\t\t\t\t\t\t\t<a href=\"https:\/\/www.ramasoft.hu\"><img loading=\"lazy\" decoding=\"async\" width=\"200\" height=\"117\" src=\"https:\/\/tozsdemuzeum.hu\/wp-content\/uploads\/2018\/09\/RAMASOFT-logo_1_newkicsi.png\" class=\"attachment-full size-full\" alt=\"\" \/><\/a>\r\n\t\t\t\t\t\t\t\t<\/div>\r\n\t\t\t\t\t\t\t\t\t\t\t\t\t\t\t\t<div class=\"item item-bg\">\r\n\t\t\t\t\t\t\t\t\t<a href=\"https:\/\/www.arcanum,hu\"><img loading=\"lazy\" decoding=\"async\" width=\"200\" height=\"45\" src=\"https:\/\/tozsdemuzeum.hu\/wp-content\/uploads\/2018\/09\/Arcanumlogo-compact-e1538126948230.png\" class=\"attachment-full size-full\" alt=\"\" \/><\/a>\r\n\t\t\t\t\t\t\t\t<\/div>\r\n\t\t\t\t\t\t\t\t\t\t\t\t\t\t\t\t<div class=\"item\">\r\n\t\t\t\t\t\t\t\t\t<a href=\"https:\/\/www.fszek.hu\"><img loading=\"lazy\" decoding=\"async\" width=\"132\" height=\"132\" src=\"https:\/\/tozsdemuzeum.hu\/wp-content\/uploads\/2018\/09\/logo-fszek-e1538126634936.png\" class=\"attachment-full size-full\" alt=\"\" \/><\/a>\r\n\t\t\t\t\t\t\t\t<\/div>\r\n\t\t\t\t\t\t\t\t\t\t\t\t\t\t\t\t<div class=\"item item-bg\">\r\n\t\t\t\t\t\t\t\t\t<a href=\"https:\/\/www.netfolio.hu\"><img loading=\"lazy\" decoding=\"async\" width=\"200\" height=\"49\" src=\"https:\/\/tozsdemuzeum.hu\/wp-content\/uploads\/2018\/09\/Netfoliologo-1.png\" class=\"attachment-full size-full\" alt=\"\" \/><\/a>\r\n\t\t\t\t\t\t\t\t<\/div>\r\n\t\t\t\t\t\t\t\t\t\t\t\t\t\t\t\t<div class=\"item\">\r\n\t\t\t\t\t\t\t\t\t<a href=\"https:\/\/www.bet.hu\"><img loading=\"lazy\" decoding=\"async\" width=\"132\" height=\"132\" src=\"https:\/\/tozsdemuzeum.hu\/wp-content\/uploads\/2018\/09\/B\u00c9T-log\u00f3-RGB-640px-e1538126668844.png\" class=\"attachment-full size-full\" alt=\"\" \/><\/a>\r\n\t\t\t\t\t\t\t\t<\/div>\r\n\t\t\t\t\t\t\t\t\t\t\t\t<\/div>\r\n\t\t\t<\/div><!-- Client Section \/- -->\r\n\t\t\t\t\r\n\t<!-- Testimonial Section -->\r\n\t<div class=\"testimonial-section container-fluid\">\r\n\t\t<!-- Container -->\r\n\t\t<div class=\"container\">\r\n\t\t\t<div class=\"col-md-8\">\r\n\t\t\t\t<div class=\"testimonial-slider\">\r\n\t\t\t\t\t<div class=\"mis-stage\">\t\r\n\t\t\t\t\t\t\t\t\t\t\t\t\t\t<ol class=\"mis-slider\">\r\n\t\t\t\t\t\t\t\t\t\t\t\t\t\t\t\t\t\t\t\t<li id=\"mis_slide-1\" class=\"mis-slide\" data-slide=\"1\">\r\n\t\t\t\t\t\t\t\t\t\t\t\t\t\t\t\t\t\t\t\t\t\t\t\t\t<a href=\"\/en\/ember\/kochmeister-frigyes\/\" class=\"mis-container\">\r\n\t\t\t\t\t\t\t\t\t\t\t\t\t\t<img loading=\"lazy\" decoding=\"async\" width=\"95\" height=\"95\" src=\"https:\/\/tozsdemuzeum.hu\/wp-content\/uploads\/2018\/09\/Kochmeister_Frigyes-95x95.jpg\" class=\"attachment-history_95_95 size-history_95_95\" alt=\"\" srcset=\"https:\/\/tozsdemuzeum.hu\/wp-content\/uploads\/2018\/09\/Kochmeister_Frigyes-95x95.jpg 95w, https:\/\/tozsdemuzeum.hu\/wp-content\/uploads\/2018\/09\/Kochmeister_Frigyes-150x150.jpg 150w, https:\/\/tozsdemuzeum.hu\/wp-content\/uploads\/2018\/09\/Kochmeister_Frigyes-82x82.jpg 82w\" sizes=\"auto, (max-width: 95px) 100vw, 95px\" \/>\t\t\t\t\t\t\t\t\t\t\t\t\t<\/a>\r\n\t\t\t\t\t\t\t\t\t\t\t\t\t\t\t\t\t\t\t\t\t\t\t\t<\/li>\r\n\t\t\t\t\t\t\t\t\t\t\t\t\t\t\t\t\t\t\t\t\t\t<li id=\"mis_slide-2\" class=\"mis-slide\" data-slide=\"2\">\r\n\t\t\t\t\t\t\t\t\t\t\t\t\t\t\t\t\t\t\t\t\t\t\t\t\t<a href=\"\/en\/ember\/kornfeld-zsigmond\/\" class=\"mis-container\">\r\n\t\t\t\t\t\t\t\t\t\t\t\t\t\t<img loading=\"lazy\" decoding=\"async\" width=\"95\" height=\"95\" src=\"https:\/\/tozsdemuzeum.hu\/wp-content\/uploads\/2018\/09\/Kornfeld_Zsigmond2-95x95.jpg\" class=\"attachment-history_95_95 size-history_95_95\" alt=\"\" srcset=\"https:\/\/tozsdemuzeum.hu\/wp-content\/uploads\/2018\/09\/Kornfeld_Zsigmond2-95x95.jpg 95w, https:\/\/tozsdemuzeum.hu\/wp-content\/uploads\/2018\/09\/Kornfeld_Zsigmond2-150x150.jpg 150w, https:\/\/tozsdemuzeum.hu\/wp-content\/uploads\/2018\/09\/Kornfeld_Zsigmond2-82x82.jpg 82w, https:\/\/tozsdemuzeum.hu\/wp-content\/uploads\/2018\/09\/Kornfeld_Zsigmond2-339x342.jpg 339w\" sizes=\"auto, (max-width: 95px) 100vw, 95px\" \/>\t\t\t\t\t\t\t\t\t\t\t\t\t<\/a>\r\n\t\t\t\t\t\t\t\t\t\t\t\t\t\t\t\t\t\t\t\t\t\t\t\t<\/li>\r\n\t\t\t\t\t\t\t\t\t\t\t\t\t\t\t\t\t\t\t\t\t\t<li id=\"mis_slide-3\" class=\"mis-slide\" data-slide=\"3\">\r\n\t\t\t\t\t\t\t\t\t\t\t\t\t\t\t\t\t\t\t\t\t\t\t\t\t<a href=\"\/en\/ember\/fleissig-sandor\/\" class=\"mis-container\">\r\n\t\t\t\t\t\t\t\t\t\t\t\t\t\t<img loading=\"lazy\" decoding=\"async\" width=\"95\" height=\"95\" src=\"https:\/\/tozsdemuzeum.hu\/wp-content\/uploads\/2018\/09\/Fleissig_S\u00e1ndor-95x95.jpg\" class=\"attachment-history_95_95 size-history_95_95\" alt=\"\" srcset=\"https:\/\/tozsdemuzeum.hu\/wp-content\/uploads\/2018\/09\/Fleissig_S\u00e1ndor-95x95.jpg 95w, https:\/\/tozsdemuzeum.hu\/wp-content\/uploads\/2018\/09\/Fleissig_S\u00e1ndor-150x150.jpg 150w, https:\/\/tozsdemuzeum.hu\/wp-content\/uploads\/2018\/09\/Fleissig_S\u00e1ndor-395x395.jpg 395w, https:\/\/tozsdemuzeum.hu\/wp-content\/uploads\/2018\/09\/Fleissig_S\u00e1ndor-82x82.jpg 82w\" sizes=\"auto, (max-width: 95px) 100vw, 95px\" \/>\t\t\t\t\t\t\t\t\t\t\t\t\t<\/a>\r\n\t\t\t\t\t\t\t\t\t\t\t\t\t\t\t\t\t\t\t\t\t\t\t\t<\/li>\r\n\t\t\t\t\t\t\t\t\t\t\t\t\t\t\t\t\t\t\t<\/ol>\r\n\t\t\t\t\t\t\t\t<div class=\"mis-content-block\">\r\n\t\t\t\t\t\t\t\t\t\t\t\t\t\t\t\t\t\t\t\t<div id=\"mis_slide_content-1\">\r\n\t\t\t\t\t\t\t\t\t\t\t\t<p>\"What is needed is a serious, persistent will on the part of each of us, directed to visit, use and animate the young institution frequently, perhaps at first with some sacrifice of our habits, our desires and our interests.\"<\/p>\n\t\t\t\t\t\t\t\t\t\t\t\t<i class=\"icon icon-MessageRight\"><\/i>\r\n\t\t\t\t\t\t\t\t\t\t\t\t<h3>Baron Frigyes Kochmeister (1816-1907)<\/h3>\t\t\t\t\t\t\t\t\t\t\t\t<span>President of the BSE (1864-1900)<\/span>\t\t\t\t\t\t\t\t\t\t\t<\/div>\r\n\t\t\t\t\t\t\t\t\t\t\t\t\t\t\t\t\t\t\t\t\t\t<div id=\"mis_slide_content-2\">\r\n\t\t\t\t\t\t\t\t\t\t\t\t<p>\"As regards freedom of action, our institution desires nothing more than to do what is in the interest of the country as a whole, and to be free from any unilateral tendency, as it has been far from seeking to cultivate its own interests at the expense of the common good. \"<\/p>\n\t\t\t\t\t\t\t\t\t\t\t\t<i class=\"icon icon-MessageRight\"><\/i>\r\n\t\t\t\t\t\t\t\t\t\t\t\t<h3>Baron Zsigmond Kornfeld (1852-1909)<\/h3>\t\t\t\t\t\t\t\t\t\t\t\t<span>President of the BSE (1900-1909)<\/span>\t\t\t\t\t\t\t\t\t\t\t<\/div>\r\n\t\t\t\t\t\t\t\t\t\t\t\t\t\t\t\t\t\t\t\t\t\t<div id=\"mis_slide_content-3\">\r\n\t\t\t\t\t\t\t\t\t\t\t\t<p>\"Our poor mother, this dismembered Hungary is sick, seriously sick, and let us put aside all other interests, real or apparent, and keep in mind the only point of view: what is necessary, what is good for our poor, sick mother: Hungary.\"<\/p>\n\t\t\t\t\t\t\t\t\t\t\t\t<i class=\"icon icon-MessageRight\"><\/i>\r\n\t\t\t\t\t\t\t\t\t\t\t\t<h3>S\u00e1ndor Fleissig (1869-1939)<\/h3>\t\t\t\t\t\t\t\t\t\t\t\t<span>President of the BSE (1931-1939)<\/span>\t\t\t\t\t\t\t\t\t\t\t<\/div>\r\n\t\t\t\t\t\t\t\t\t\t\t\t\t\t\t\t\t\t\t<\/div>\r\n\t\t\t\t\t\t\t\t\t\t\t\t\t<\/div>\r\n\t\t\t\t<\/div>\r\n\t\t\t<\/div>\r\n\t\t<\/div><!-- Container \/-  -->\r\n\t<\/div><!-- Testimonial Section \/- -->\r\n\t<\/div><\/div><\/div><\/div>\n<\/div>","protected":false},"excerpt":{"rendered":"A Szabads\u00e1g t\u00e9ri T\u0151zsdepalota, 1905. Forr\u00e1s: Fortepan 277766\/Deutsche Fotothek \/ Br\u00fcck und Sohn Az els\u0151 hazai t\u0151zsde, a Pesti \u00c1ru- \u00e9s \u00c9rt\u00e9kt\u0151zsde 1864. janu\u00e1r 18-\u00e1n kezdte meg m\u0171k\u00f6d\u00e9s\u00e9t. Els\u0151k\u00e9nt a Pesten elhelyezked\u0151, 1830-ban \u00e9p\u00edtett Lloyd-palot\u00e1ban m\u0171k\u00f6d\u00f6tt. 1870-re azonban olyannyira jelent\u0151ss\u00e9 v\u00e1lt, hogy \u00faj \u00e9p\u00fcletbe kellett k\u00f6lt\u00f6znie: a t\u0151zsde k\u00f6vetkez\u0151 helysz\u00edn\u00e9\u00fcl \u00edgy a Wurm utca (ma [...]","protected":false},"author":1,"featured_media":0,"parent":0,"menu_order":0,"comment_status":"closed","ping_status":"closed","template":"","meta":{"_acf_changed":false,"_monsterinsights_skip_tracking":false,"_monsterinsights_sitenote_active":false,"_monsterinsights_sitenote_note":"","_monsterinsights_sitenote_category":0,"footnotes":""},"class_list":["post-16274","page","type-page","status-publish","hentry"],"acf":[],"_links":{"self":[{"href":"https:\/\/tozsdemuzeum.hu\/en\/wp-json\/wp\/v2\/pages\/16274","targetHints":{"allow":["GET"]}}],"collection":[{"href":"https:\/\/tozsdemuzeum.hu\/en\/wp-json\/wp\/v2\/pages"}],"about":[{"href":"https:\/\/tozsdemuzeum.hu\/en\/wp-json\/wp\/v2\/types\/page"}],"author":[{"embeddable":true,"href":"https:\/\/tozsdemuzeum.hu\/en\/wp-json\/wp\/v2\/users\/1"}],"replies":[{"embeddable":true,"href":"https:\/\/tozsdemuzeum.hu\/en\/wp-json\/wp\/v2\/comments?post=16274"}],"version-history":[{"count":10,"href":"https:\/\/tozsdemuzeum.hu\/en\/wp-json\/wp\/v2\/pages\/16274\/revisions"}],"predecessor-version":[{"id":16316,"href":"https:\/\/tozsdemuzeum.hu\/en\/wp-json\/wp\/v2\/pages\/16274\/revisions\/16316"}],"wp:attachment":[{"href":"https:\/\/tozsdemuzeum.hu\/en\/wp-json\/wp\/v2\/media?parent=16274"}],"curies":[{"name":"wp","href":"https:\/\/api.w.org\/{rel}","templated":true}]}}