{"id":15747,"date":"2025-11-29T19:18:19","date_gmt":"2025-11-29T17:18:19","guid":{"rendered":"https:\/\/tozsdemuzeum.hu\/?page_id=15747"},"modified":"2026-02-14T11:34:55","modified_gmt":"2026-02-14T09:34:55","slug":"uj-tozsdeepulet","status":"publish","type":"page","link":"https:\/\/tozsdemuzeum.hu\/en\/uj-tozsdeepulet\/","title":{"rendered":"New stock exchange building"},"content":{"rendered":"<div class=\"wpb-content-wrapper\"><div class=\"vc_row wpb_row vc_row-fluid\"><div class=\"wpb_column vc_column_container vc_col-sm-12\"><div class=\"vc_column-inner\"><div class=\"wpb_wrapper\">\n\t<div class=\"wpb_text_column wpb_content_element\" >\n\t\t<div class=\"wpb_wrapper\">\n\t\t\t<figure id=\"attachment_15919\" aria-describedby=\"caption-attachment-15919\" style=\"width: 600px\" class=\"wp-caption alignright\"><img loading=\"lazy\" decoding=\"async\" class=\"wp-image-15919 size-medium\" src=\"https:\/\/tozsdemuzeum.hu\/wp-content\/uploads\/2025\/12\/Uj_tozsdeepulet_k-600x382.png\" alt=\"\" width=\"600\" height=\"382\" srcset=\"https:\/\/tozsdemuzeum.hu\/wp-content\/uploads\/2025\/12\/Uj_tozsdeepulet_k-600x382.png 600w, https:\/\/tozsdemuzeum.hu\/wp-content\/uploads\/2025\/12\/Uj_tozsdeepulet_k-1024x652.png 1024w, https:\/\/tozsdemuzeum.hu\/wp-content\/uploads\/2025\/12\/Uj_tozsdeepulet_k-768x489.png 768w, https:\/\/tozsdemuzeum.hu\/wp-content\/uploads\/2025\/12\/Uj_tozsdeepulet_k-18x12.png 18w, https:\/\/tozsdemuzeum.hu\/wp-content\/uploads\/2025\/12\/Uj_tozsdeepulet_k.png 1138w\" sizes=\"auto, (max-width: 600px) 100vw, 600px\" \/><figcaption id=\"caption-attachment-15919\" class=\"wp-caption-text\">The new building of the Pest Commodity and Stock Exchange. Vas\u00e1rnapi \u00dajs\u00e1g, 20 April 1873, pp. 188\u2013190.<\/figcaption><\/figure>\n<p style=\"text-align: justify;\">The history of the Stock Exchange Building on Wurm Street can be traced back to the development of the stock exchange. The Pest Commodity and Stock Exchange began operating on 18 January 1864, initially in the Lloyd Palace, built in 1830 and located in Pest.<\/p>\n<p style=\"text-align: justify;\">The Lloyd Palace was once the seat of the House of Lords and the headquarters of the Liberal Party led by Ferenc De\u00e1k. The building suffered significant damage during the turbulent events of Hungarian history. First, it suffered significant damage in 1848, which was later repaired. Later, during the bombing of Budapest in 1945, it was so badly damaged that it became beyond repair: first, the parts that were dangerous to passers-by were demolished, and then, in 1949, the building itself was demolished.<\/p>\n<p style=\"text-align: justify;\">Another location for the stock exchange was the building constructed at the corner of Wurm Street (now S\u00e1ndor Wekerle Street) and M\u00e1ria Val\u00e9ria Street (now J\u00e1nos Ap\u00e1czai Csere Street). The building was introduced by <em>Sunday Newspaper<\/em> . The building was designed by K\u00e1roly Benk\u00f3 and Ferenc Kolbenheyer. Construction began in 1870, and different parts of the building were completed at different times: while the rental apartments were already available in November 1871, the Lloyd Club was only able to move in in November 1872. The grain hall, caf\u00e9 and ground floor exchange room were completed in the spring of 1872. The construction of the building was problematic because part of the site between Ferenc J\u00f3zsef Square, M\u00e1ria Val\u00e9ria Street and Wurm Street was occupied by the four-storey Stein apartment building, whose height made it difficult to construct the stock exchange building without it appearing to be an \u201eappendage\u201d to the apartment building. This problem was solved by the towers of the new stock exchange building, which made the building stand out. (The apartment building was built between 1867 and 1871 and was owned by grain merchant Nathan Stein.)<\/p>\n<figure id=\"attachment_389\" aria-describedby=\"caption-attachment-389\" style=\"width: 600px\" class=\"wp-caption alignleft\"><img loading=\"lazy\" decoding=\"async\" class=\"wp-image-389\" src=\"https:\/\/tozsdemuzeum.hu\/wp-content\/uploads\/2018\/09\/e08d6221-7ff6-4617-8a11-336c21007602-1024x794.jpg\" alt=\"\" width=\"600\" height=\"465\" srcset=\"https:\/\/tozsdemuzeum.hu\/wp-content\/uploads\/2018\/09\/e08d6221-7ff6-4617-8a11-336c21007602-1024x794.jpg 1024w, https:\/\/tozsdemuzeum.hu\/wp-content\/uploads\/2018\/09\/e08d6221-7ff6-4617-8a11-336c21007602-300x233.jpg 300w, https:\/\/tozsdemuzeum.hu\/wp-content\/uploads\/2018\/09\/e08d6221-7ff6-4617-8a11-336c21007602-768x596.jpg 768w, https:\/\/tozsdemuzeum.hu\/wp-content\/uploads\/2018\/09\/e08d6221-7ff6-4617-8a11-336c21007602-600x465.jpg 600w, https:\/\/tozsdemuzeum.hu\/wp-content\/uploads\/2018\/09\/e08d6221-7ff6-4617-8a11-336c21007602.jpg 1280w\" sizes=\"auto, (max-width: 600px) 100vw, 600px\" \/><figcaption id=\"caption-attachment-389\" class=\"wp-caption-text\">The main hall of the stock exchange, from above. Below, a crowd of heavily retouched figures. FSZEK Budapest Collection<\/figcaption><\/figure>\n<p style=\"text-align: justify;\">In terms of the building's interior features, flats were created on the second, third and fourth floors as rental properties. The grain hall was located on the ground floor overlooking the Danube: the larger milling businesses had one window each, while private traders had one drawer each. The caf\u00e9 faced M\u00e1ria Val\u00e9ria Street. In the courtyard, a large, ornate outbuilding and separate staircases served the residents of the apartment buildings. The floor of the building was made of thick glass, as there was a separate caf\u00e9 on the ground floor and a dining room and beer hall on the Danube side. The Lloyd Club rooms were located on the first floor. The route led from the cloakroom to the lounge and from there to the reading room. The <em>Sunday Newspaper<\/em> noted that this was perhaps the most beautiful view of the Danube. The larger joint-stock companies held their meetings in the club's meeting room, which also overlooked the Danube. On the other side, there was a billiard room and seven games rooms. The lobby of the large stock exchange hall was located on the Stein House side, which served the most important function of the stock exchange. On the main fa\u00e7ade overlooking the Danube, the inscription \"Magyar Keresked\u0151k H\u00e1za\" (House of Hungarian Merchants) indicated that the stock exchange was located in the building.<\/p>\n<p style=\"text-align: justify;\">In 1891, Stein N\u00e1th\u00e1n sold his rented palace to the Hungarian-French Insurance Company, which in 1895 sold it on to the large entrepreneur J\u00f3zsef Illits. The building was acquired from the latter by the London firm Ritz, which demolished it around 1909\/1910. In its place, the British company built a five-storey luxury hotel between 1910 and 1913. The hotel had 120 suites, a reading room, banqueting room, conservatory, restaurant and caf\u00e9, bar and grill room, as well as live music daily. However, the Grand Hotel Ritz (from 1916 Hotel Ritz Dunapalota) was destroyed during the First World War and the building was taken over by the Hung\u00e1ria Nagysz\u00e1lloda R\u00e9szv\u00e9nyt\u00e1rsas\u00e1g, a limited company owned by the Dreher family. The new hotel, which partly retains its former name, was one of the most popular hotels of the Horthy era.<\/p>\n<p style=\"text-align: justify;\">As for the future of the stock exchange, its extraordinary growth meant that it outgrew the Wurm Street building and moved in 1905. The building subsequently lost its former importance. It was first a venue for cultural events and balls, and in 1907 the Deli Caf\u00e9 and Restaurant opened on the upper floor as a restaurant during the day and a caf\u00e9 in the evening. During the construction of the hotel, the Stock Exchange building was also rebuilt, its fa\u00e7ade and domes were transformed from the earlier neo-Renaissance to an eclectic style. In 1937, the former Stock Exchange building was annexed in its entirety to the hotel, and its fate has since been intertwined with its history.<\/p>\n<p style=\"text-align: justify;\">The popularity of the hotel is demonstrated by the fact that, according to a German military memoir, the staff continued to serve in the building even in the hours preceding the siege of Budapest. It became famous as an emblematic story that caviar and rice pudding were served to guests even in the last minutes. Although the building was hit by an air raid on 15 January 1945, it was not damaged to such an extent that it would have justified its demolition in 1947. The furnishings on the upper floor were destroyed and the windows were smashed, while the occupying troops or looters took away the contents.<\/p>\n<p style=\"text-align: justify;\">The site of the building stood empty for decades until, with the help of an Austro-Hungarian tourism development loan, the Forum Hotel was built in 1981 based on the designs of J\u00f3zsef Finta. The 408-room building was privatised in 1994 and acquired by InterContinental Inc. in 1996. The company renovated and partially remodelled the building, including the creation of a presidential suite. The building, which was upgraded to a five-star hotel, was renamed InterContinental Budapest in 1997.<\/p>\n<p style=\"text-align: justify;\"><strong>Bibliography<\/strong><\/p>\n<p style=\"text-align: justify;\">The new building of the Pest Commodity and Stock Exchange. <em>Sunday Newspaper<\/em> 20 April 1873, pp. 188\u2013190.<\/p>\n<p style=\"text-align: justify;\">Jan\u00f3-Veilandics Franciska: The Grand Hotel Ritz Dunapalota and rice pudding served on a silver platter. 8 January 2019. Online website: https:\/\/vasarnap.hu\/2019\/01\/08\/a-grand-hotel-ritz-dunapalota-es-az-ezusttalcan-szervirozott-rizibizi\/<\/p>\n<p style=\"text-align: justify;\">L\u00e1szl\u00f3 Proh\u00e1szka: Duna-korz\u00f3 (Danube Promenade). Mayor's Office of the Municipality of Budapest. Budapest, 1998.<\/p>\n<p style=\"text-align: justify;\">Press materials<\/p>\n<p style=\"text-align: justify;\">Author: R\u00f3bert Szab\u00f3<\/p>\n<h1 style=\"text-align: center;\"><a href=\"\/en\/uj-tozsdeepulet-fotok\/\">More photos<\/a><\/h1>\n\n\t\t<\/div>\n\t<\/div>\n<\/div><\/div><\/div><\/div><div class=\"vc_row wpb_row vc_row-fluid\"><div class=\"wpb_column vc_column_container vc_col-sm-12\"><div class=\"vc_column-inner\"><div class=\"wpb_wrapper\">\t\t\r\n\t\t\t<!-- Client Section -->\r\n\t\t\t<div class=\"container-fluid client-section no-padding\">\r\n\t\t\t\t<div class=\"client-carousel\">\r\n\t\t\t\t\t\t\t\t\t\t\t\t\t<div class=\"item\">\r\n\t\t\t\t\t\t\t\t\t<a href=\"https:\/\/www.ramasoft.hu\"><img loading=\"lazy\" decoding=\"async\" width=\"200\" height=\"117\" src=\"https:\/\/tozsdemuzeum.hu\/wp-content\/uploads\/2018\/09\/RAMASOFT-logo_1_newkicsi.png\" class=\"attachment-full size-full\" alt=\"\" \/><\/a>\r\n\t\t\t\t\t\t\t\t<\/div>\r\n\t\t\t\t\t\t\t\t\t\t\t\t\t\t\t\t<div class=\"item item-bg\">\r\n\t\t\t\t\t\t\t\t\t<a href=\"https:\/\/www.arcanum,hu\"><img loading=\"lazy\" decoding=\"async\" width=\"200\" height=\"45\" src=\"https:\/\/tozsdemuzeum.hu\/wp-content\/uploads\/2018\/09\/Arcanumlogo-compact-e1538126948230.png\" class=\"attachment-full size-full\" alt=\"\" \/><\/a>\r\n\t\t\t\t\t\t\t\t<\/div>\r\n\t\t\t\t\t\t\t\t\t\t\t\t\t\t\t\t<div class=\"item\">\r\n\t\t\t\t\t\t\t\t\t<a href=\"https:\/\/www.fszek.hu\"><img loading=\"lazy\" decoding=\"async\" width=\"132\" height=\"132\" src=\"https:\/\/tozsdemuzeum.hu\/wp-content\/uploads\/2018\/09\/logo-fszek-e1538126634936.png\" class=\"attachment-full size-full\" alt=\"\" \/><\/a>\r\n\t\t\t\t\t\t\t\t<\/div>\r\n\t\t\t\t\t\t\t\t\t\t\t\t\t\t\t\t<div class=\"item item-bg\">\r\n\t\t\t\t\t\t\t\t\t<a href=\"https:\/\/www.netfolio.hu\"><img loading=\"lazy\" decoding=\"async\" width=\"200\" height=\"49\" src=\"https:\/\/tozsdemuzeum.hu\/wp-content\/uploads\/2018\/09\/Netfoliologo-1.png\" class=\"attachment-full size-full\" alt=\"\" \/><\/a>\r\n\t\t\t\t\t\t\t\t<\/div>\r\n\t\t\t\t\t\t\t\t\t\t\t\t\t\t\t\t<div class=\"item\">\r\n\t\t\t\t\t\t\t\t\t<a href=\"https:\/\/www.bet.hu\"><img loading=\"lazy\" decoding=\"async\" width=\"132\" height=\"132\" src=\"https:\/\/tozsdemuzeum.hu\/wp-content\/uploads\/2018\/09\/B\u00c9T-log\u00f3-RGB-640px-e1538126668844.png\" class=\"attachment-full size-full\" alt=\"\" \/><\/a>\r\n\t\t\t\t\t\t\t\t<\/div>\r\n\t\t\t\t\t\t\t\t\t\t\t\t<\/div>\r\n\t\t\t<\/div><!-- Client Section \/- -->\r\n\t\t\t\t\r\n\t<!-- Testimonial Section -->\r\n\t<div class=\"testimonial-section container-fluid\">\r\n\t\t<!-- Container -->\r\n\t\t<div class=\"container\">\r\n\t\t\t<div class=\"col-md-8\">\r\n\t\t\t\t<div class=\"testimonial-slider\">\r\n\t\t\t\t\t<div class=\"mis-stage\">\t\r\n\t\t\t\t\t\t\t\t\t\t\t\t\t\t<ol class=\"mis-slider\">\r\n\t\t\t\t\t\t\t\t\t\t\t\t\t\t\t\t\t\t\t\t<li id=\"mis_slide-1\" class=\"mis-slide\" data-slide=\"1\">\r\n\t\t\t\t\t\t\t\t\t\t\t\t\t\t\t\t\t\t\t\t\t\t\t\t\t<a href=\"\/en\/ember\/kochmeister-frigyes\/\" class=\"mis-container\">\r\n\t\t\t\t\t\t\t\t\t\t\t\t\t\t<img loading=\"lazy\" decoding=\"async\" width=\"95\" height=\"95\" src=\"https:\/\/tozsdemuzeum.hu\/wp-content\/uploads\/2018\/09\/Kochmeister_Frigyes-95x95.jpg\" class=\"attachment-history_95_95 size-history_95_95\" alt=\"\" srcset=\"https:\/\/tozsdemuzeum.hu\/wp-content\/uploads\/2018\/09\/Kochmeister_Frigyes-95x95.jpg 95w, https:\/\/tozsdemuzeum.hu\/wp-content\/uploads\/2018\/09\/Kochmeister_Frigyes-150x150.jpg 150w, https:\/\/tozsdemuzeum.hu\/wp-content\/uploads\/2018\/09\/Kochmeister_Frigyes-82x82.jpg 82w\" sizes=\"auto, (max-width: 95px) 100vw, 95px\" \/>\t\t\t\t\t\t\t\t\t\t\t\t\t<\/a>\r\n\t\t\t\t\t\t\t\t\t\t\t\t\t\t\t\t\t\t\t\t\t\t\t\t<\/li>\r\n\t\t\t\t\t\t\t\t\t\t\t\t\t\t\t\t\t\t\t\t\t\t<li id=\"mis_slide-2\" class=\"mis-slide\" data-slide=\"2\">\r\n\t\t\t\t\t\t\t\t\t\t\t\t\t\t\t\t\t\t\t\t\t\t\t\t\t<a href=\"\/en\/ember\/kornfeld-zsigmond\/\" class=\"mis-container\">\r\n\t\t\t\t\t\t\t\t\t\t\t\t\t\t<img loading=\"lazy\" decoding=\"async\" width=\"95\" height=\"95\" src=\"https:\/\/tozsdemuzeum.hu\/wp-content\/uploads\/2018\/09\/Kornfeld_Zsigmond2-95x95.jpg\" class=\"attachment-history_95_95 size-history_95_95\" alt=\"\" srcset=\"https:\/\/tozsdemuzeum.hu\/wp-content\/uploads\/2018\/09\/Kornfeld_Zsigmond2-95x95.jpg 95w, https:\/\/tozsdemuzeum.hu\/wp-content\/uploads\/2018\/09\/Kornfeld_Zsigmond2-150x150.jpg 150w, https:\/\/tozsdemuzeum.hu\/wp-content\/uploads\/2018\/09\/Kornfeld_Zsigmond2-82x82.jpg 82w, https:\/\/tozsdemuzeum.hu\/wp-content\/uploads\/2018\/09\/Kornfeld_Zsigmond2-339x342.jpg 339w\" sizes=\"auto, (max-width: 95px) 100vw, 95px\" \/>\t\t\t\t\t\t\t\t\t\t\t\t\t<\/a>\r\n\t\t\t\t\t\t\t\t\t\t\t\t\t\t\t\t\t\t\t\t\t\t\t\t<\/li>\r\n\t\t\t\t\t\t\t\t\t\t\t\t\t\t\t\t\t\t\t\t\t\t<li id=\"mis_slide-3\" class=\"mis-slide\" data-slide=\"3\">\r\n\t\t\t\t\t\t\t\t\t\t\t\t\t\t\t\t\t\t\t\t\t\t\t\t\t<a href=\"\/en\/ember\/fleissig-sandor\/\" class=\"mis-container\">\r\n\t\t\t\t\t\t\t\t\t\t\t\t\t\t<img loading=\"lazy\" decoding=\"async\" width=\"95\" height=\"95\" src=\"https:\/\/tozsdemuzeum.hu\/wp-content\/uploads\/2018\/09\/Fleissig_S\u00e1ndor-95x95.jpg\" class=\"attachment-history_95_95 size-history_95_95\" alt=\"\" srcset=\"https:\/\/tozsdemuzeum.hu\/wp-content\/uploads\/2018\/09\/Fleissig_S\u00e1ndor-95x95.jpg 95w, https:\/\/tozsdemuzeum.hu\/wp-content\/uploads\/2018\/09\/Fleissig_S\u00e1ndor-150x150.jpg 150w, https:\/\/tozsdemuzeum.hu\/wp-content\/uploads\/2018\/09\/Fleissig_S\u00e1ndor-395x395.jpg 395w, https:\/\/tozsdemuzeum.hu\/wp-content\/uploads\/2018\/09\/Fleissig_S\u00e1ndor-82x82.jpg 82w\" sizes=\"auto, (max-width: 95px) 100vw, 95px\" \/>\t\t\t\t\t\t\t\t\t\t\t\t\t<\/a>\r\n\t\t\t\t\t\t\t\t\t\t\t\t\t\t\t\t\t\t\t\t\t\t\t\t<\/li>\r\n\t\t\t\t\t\t\t\t\t\t\t\t\t\t\t\t\t\t\t<\/ol>\r\n\t\t\t\t\t\t\t\t<div class=\"mis-content-block\">\r\n\t\t\t\t\t\t\t\t\t\t\t\t\t\t\t\t\t\t\t\t<div id=\"mis_slide_content-1\">\r\n\t\t\t\t\t\t\t\t\t\t\t\t<p>\"What is needed is a serious, persistent will on the part of each of us, directed to visit, use and animate the young institution frequently, perhaps at first with some sacrifice of our habits, our desires and our interests.\"<\/p>\n\t\t\t\t\t\t\t\t\t\t\t\t<i class=\"icon icon-MessageRight\"><\/i>\r\n\t\t\t\t\t\t\t\t\t\t\t\t<h3>Baron Frigyes Kochmeister (1816-1907)<\/h3>\t\t\t\t\t\t\t\t\t\t\t\t<span>President of the BSE (1864-1900)<\/span>\t\t\t\t\t\t\t\t\t\t\t<\/div>\r\n\t\t\t\t\t\t\t\t\t\t\t\t\t\t\t\t\t\t\t\t\t\t<div id=\"mis_slide_content-2\">\r\n\t\t\t\t\t\t\t\t\t\t\t\t<p>\"As regards freedom of action, our institution desires nothing more than to do what is in the interest of the country as a whole, and to be free from any unilateral tendency, as it has been far from seeking to cultivate its own interests at the expense of the common good. \"<\/p>\n\t\t\t\t\t\t\t\t\t\t\t\t<i class=\"icon icon-MessageRight\"><\/i>\r\n\t\t\t\t\t\t\t\t\t\t\t\t<h3>Baron Zsigmond Kornfeld (1852-1909)<\/h3>\t\t\t\t\t\t\t\t\t\t\t\t<span>President of the BSE (1900-1909)<\/span>\t\t\t\t\t\t\t\t\t\t\t<\/div>\r\n\t\t\t\t\t\t\t\t\t\t\t\t\t\t\t\t\t\t\t\t\t\t<div id=\"mis_slide_content-3\">\r\n\t\t\t\t\t\t\t\t\t\t\t\t<p>\"Our poor mother, this dismembered Hungary is sick, seriously sick, and let us put aside all other interests, real or apparent, and keep in mind the only point of view: what is necessary, what is good for our poor, sick mother: Hungary.\"<\/p>\n\t\t\t\t\t\t\t\t\t\t\t\t<i class=\"icon icon-MessageRight\"><\/i>\r\n\t\t\t\t\t\t\t\t\t\t\t\t<h3>S\u00e1ndor Fleissig (1869-1939)<\/h3>\t\t\t\t\t\t\t\t\t\t\t\t<span>President of the BSE (1931-1939)<\/span>\t\t\t\t\t\t\t\t\t\t\t<\/div>\r\n\t\t\t\t\t\t\t\t\t\t\t\t\t\t\t\t\t\t\t<\/div>\r\n\t\t\t\t\t\t\t\t\t\t\t\t\t<\/div>\r\n\t\t\t\t<\/div>\r\n\t\t\t<\/div>\r\n\t\t<\/div><!-- Container \/-  -->\r\n\t<\/div><!-- Testimonial Section \/- -->\r\n\t<\/div><\/div><\/div><\/div>\n<\/div>","protected":false},"excerpt":{"rendered":"A pesti \u00e1ru- \u00e9s \u00e9rt\u00e9kt\u0151zsde \u00faj \u00e9p\u00fclete. Vas\u00e1rnapi \u00dajs\u00e1g 1873. \u00e1prilis 20., 188\u2013190. A Wurm utcai T\u0151zsde\u00e9p\u00fclet t\u00f6rt\u00e9nete a t\u0151zsde fejl\u0151d\u00e9st\u00f6rt\u00e9net\u00e9re vezethet\u0151 vissza. A Pesti \u00c1ru- \u00e9s \u00c9rt\u00e9kt\u0151zsde 1864. janu\u00e1r 18-\u00e1n kezdte meg m\u0171k\u00f6d\u00e9s\u00e9t, s els\u0151k\u00e9nt a Pesten elhelyezked\u0151, 1830-ban \u00e9p\u00edtett Lloyd-palot\u00e1ban m\u0171k\u00f6d\u00f6tt. A Lloyd-palota volt egykor a f\u0151rendih\u00e1z, valamint a De\u00e1k Ferenc vezette Szabadelv\u0171 [...]","protected":false},"author":1,"featured_media":0,"parent":0,"menu_order":0,"comment_status":"closed","ping_status":"closed","template":"","meta":{"_acf_changed":false,"_monsterinsights_skip_tracking":false,"_monsterinsights_sitenote_active":false,"_monsterinsights_sitenote_note":"","_monsterinsights_sitenote_category":0,"footnotes":""},"class_list":["post-15747","page","type-page","status-publish","hentry"],"acf":[],"_links":{"self":[{"href":"https:\/\/tozsdemuzeum.hu\/en\/wp-json\/wp\/v2\/pages\/15747","targetHints":{"allow":["GET"]}}],"collection":[{"href":"https:\/\/tozsdemuzeum.hu\/en\/wp-json\/wp\/v2\/pages"}],"about":[{"href":"https:\/\/tozsdemuzeum.hu\/en\/wp-json\/wp\/v2\/types\/page"}],"author":[{"embeddable":true,"href":"https:\/\/tozsdemuzeum.hu\/en\/wp-json\/wp\/v2\/users\/1"}],"replies":[{"embeddable":true,"href":"https:\/\/tozsdemuzeum.hu\/en\/wp-json\/wp\/v2\/comments?post=15747"}],"version-history":[{"count":14,"href":"https:\/\/tozsdemuzeum.hu\/en\/wp-json\/wp\/v2\/pages\/15747\/revisions"}],"predecessor-version":[{"id":16424,"href":"https:\/\/tozsdemuzeum.hu\/en\/wp-json\/wp\/v2\/pages\/15747\/revisions\/16424"}],"wp:attachment":[{"href":"https:\/\/tozsdemuzeum.hu\/en\/wp-json\/wp\/v2\/media?parent=15747"}],"curies":[{"name":"wp","href":"https:\/\/api.w.org\/{rel}","templated":true}]}}