{"id":12349,"date":"2024-07-05T15:30:11","date_gmt":"2024-07-05T13:30:11","guid":{"rendered":"https:\/\/tozsdemuzeum.hu\/?page_id=12349"},"modified":"2025-06-19T09:14:32","modified_gmt":"2025-06-19T07:14:32","slug":"publikaciok","status":"publish","type":"page","link":"https:\/\/tozsdemuzeum.hu\/en\/publikaciok\/","title":{"rendered":"Publications"},"content":{"rendered":"<div class=\"wpb-content-wrapper\"><div class=\"vc_row wpb_row vc_row-fluid\"><div class=\"wpb_column vc_column_container vc_col-sm-12\"><div class=\"vc_column-inner\"><div class=\"wpb_wrapper\">\n\t<div class=\"wpb_text_column wpb_content_element\" >\n\t\t<div class=\"wpb_wrapper\">\n\t\t\t<p><a href=\"https:\/\/issuu.com\/jegybank\/docs\/popovics_sa_ndor_fu_ggetlense_g_hitelesse_g_stabilit\/72\">M\u00e1rton Radnai (2024). <span class=\"booktitle\">The era of S\u00e1ndor Popovics and the founding of the Magyar Nemzeti Bank <\/span>Budapest, Hungary :\u00a0<span class=\"publisher\">Hungarian National Bank (MNB)<\/span>\u00a0<span class=\"year\">(2024)<\/span>\u00a0<span class=\"page\">pp. 70-74. , 5 p.<\/span><\/a><\/p>\n<p><a href=\"https:\/\/issuu.com\/jegybank\/docs\/popovics_sa_ndor_fu_ggetlense_g_hitelesse_g_stabilit\/376\">M\u00e1rton Radnai (2024).\u00a0<span class=\"booktitle\">The era of S\u00e1ndor Popovics and the founding of the Magyar Nemzeti Bank <\/span>Budapest, Hungary :\u00a0<span class=\"publisher\">Hungarian National Bank (MNB)<\/span>\u00a0<span class=\"year\">(2024)<\/span>\u00a0<span class=\"page\">pp. 374-378. , 5 p.<\/span><\/a><\/p>\n<p><a href=\"https:\/\/bankszovetseg.hu\/Public\/gep\/2024\/212-235%20Radnai%20Pelles.pdf\">Radnai, M\u00e1rton - Pelles, M\u00e1rton (2024): The Wall Street Museum Project, Economy and Finance, 11 (2), pp. 212-235. DOI: 10.33926\/GP.2024.2.5<\/a><\/p>\n<p><a href=\"https:\/\/bankszovetseg.hu\/Public\/gep\/2024\/200-225%20Radnai%20Pelles%20E.pdf\">Radnai, M\u00e1rton - Pelles, M\u00e1rton (2024): The Budapest Exchange Museum Project, Economy and Finance, 11 (2), pp. 200-225. DOI: 10.33908\/EF.2024.2.5<\/a><\/p>\n<p><a href=\"https:\/\/tozsdemuzeum.hu\/wp-content\/uploads\/2025\/06\/Gazd_Tort_Evkonyv_Radnai-Szatmari.pdf\">Radnai, M\u00e1rton - Szatm\u00e1ri, Alexandra (2025):Hungarian financial investment returns between 1864 and 1913. In Hungarian Economic History Yearbook 2024, HUN-REN Research Centre for Humanities, 2025, pp. 87-116.<\/a><\/p>\n<p><a href=\"https:\/\/drive.google.com\/file\/d\/1yCJrak5CXZ_rSLkhC0vvPag2W7fdvvB1\/view\">Radnai, M\u00e1rton - Pelles M\u00e1rton (2025): the stock exchange museum project, in Pro Scientia Gold Medalists' Society XVII Conference, Pro Scientia Gold Medalists' Society, 2025, pp. 258-265.<\/a><\/p>\n\n\t\t<\/div>\n\t<\/div>\n<\/div><\/div><\/div><\/div>\n<\/div>","protected":false},"excerpt":{"rendered":"Radnai M\u00e1rton (2024): A pesti t\u0151zsde alap\u00edt\u00e1sa \u00e9s fel\u00edvel\u00e9se In: Lehmann, Krist\u00f3f; Solti, \u00c1gnes; Sp\u00e9der, Bal\u00e1zs (szerk.) Popovics S\u00e1ndor kora \u00e9s a Magyar Nemzeti Bank alap\u00edt\u00e1sa Budapest, Magyarorsz\u00e1g :\u00a0Magyar Nemzeti Bank (MNB)\u00a0(2024)\u00a0pp. 70-74. , 5 p. Radnai M\u00e1rton (2024): A budapesti t\u0151zsde a k\u00e9t vil\u00e1gh\u00e1bor\u00fa k\u00f6z\u00f6tt In: Lehmann, Krist\u00f3f; Solti, \u00c1gnes; Sp\u00e9der, Bal\u00e1zs (szerk.)\u00a0Popovics S\u00e1ndor [...]","protected":false},"author":1,"featured_media":0,"parent":0,"menu_order":0,"comment_status":"closed","ping_status":"closed","template":"","meta":{"_acf_changed":false,"_monsterinsights_skip_tracking":false,"_monsterinsights_sitenote_active":false,"_monsterinsights_sitenote_note":"","_monsterinsights_sitenote_category":0,"footnotes":""},"class_list":["post-12349","page","type-page","status-publish","hentry"],"acf":[],"_links":{"self":[{"href":"https:\/\/tozsdemuzeum.hu\/en\/wp-json\/wp\/v2\/pages\/12349","targetHints":{"allow":["GET"]}}],"collection":[{"href":"https:\/\/tozsdemuzeum.hu\/en\/wp-json\/wp\/v2\/pages"}],"about":[{"href":"https:\/\/tozsdemuzeum.hu\/en\/wp-json\/wp\/v2\/types\/page"}],"author":[{"embeddable":true,"href":"https:\/\/tozsdemuzeum.hu\/en\/wp-json\/wp\/v2\/users\/1"}],"replies":[{"embeddable":true,"href":"https:\/\/tozsdemuzeum.hu\/en\/wp-json\/wp\/v2\/comments?post=12349"}],"version-history":[{"count":13,"href":"https:\/\/tozsdemuzeum.hu\/en\/wp-json\/wp\/v2\/pages\/12349\/revisions"}],"predecessor-version":[{"id":14714,"href":"https:\/\/tozsdemuzeum.hu\/en\/wp-json\/wp\/v2\/pages\/12349\/revisions\/14714"}],"wp:attachment":[{"href":"https:\/\/tozsdemuzeum.hu\/en\/wp-json\/wp\/v2\/media?parent=12349"}],"curies":[{"name":"wp","href":"https:\/\/api.w.org\/{rel}","templated":true}]}}