{"id":12057,"date":"2024-01-27T12:51:48","date_gmt":"2024-01-27T10:51:48","guid":{"rendered":"https:\/\/tozsdemuzeum.hu\/?page_id=12057"},"modified":"2024-01-27T13:28:21","modified_gmt":"2024-01-27T11:28:21","slug":"hirlevel","status":"publish","type":"page","link":"https:\/\/tozsdemuzeum.hu\/en\/hirlevel\/","title":{"rendered":"Newsletter"},"content":{"rendered":"<h1>Newsletter subscription and unsubscription<\/h1>\n<p>Stay tuned to be notified when new content is added to the site!<\/p>\n<script>(function() {\n\twindow.mc4wp = window.mc4wp || {\n\t\tlisteners: [],\n\t\tforms: {\n\t\t\ton: function(evt, cb) {\n\t\t\t\twindow.mc4wp.listeners.push(\n\t\t\t\t\t{\n\t\t\t\t\t\tevent   : evt,\n\t\t\t\t\t\tcallback: cb\n\t\t\t\t\t}\n\t\t\t\t);\n\t\t\t}\n\t\t}\n\t}\n})();\n<\/script><!-- Mailchimp for WordPress v4.12.1 - https:\/\/wordpress.org\/plugins\/mailchimp-for-wp\/ --><form id=\"mc4wp-form-1\" class=\"mc4wp-form mc4wp-form-282\" method=\"post\" data-id=\"282\" data-name=\"T\u0151zsdem\u00fazeum h\u00edrlev\u00e9l\" action=\"\" ><div class=\"mc4wp-form-fields\"><p>\r\n    <label>Last name<\/label>\r\n    <input type=\"text\" name=\"LNAME\">\r\n<\/p>\r\n<p>\r\n    <label>First name<\/label>\r\n    <input type=\"text\" name=\"FNAME\">\r\n<\/p>\r\n<p>\r\n\t<label>Email address<\/label>\r\n\t<input type=\"email\" name=\"EMAIL\" placeholder=\"Your email address\" required \/>\r\n<\/p>\r\n<p>\r\n    <label>\r\n        <input type=\"checkbox\" name=\"AGREE_TO_TERMS\" value=\"1\" required=\"\">I have read and accept the <a href=\"\/en\/adatkezelesi-tajekoztato\/\">privacy notice.<\/a><\/label>\r\n<\/p>\r\n<p>\r\n    <label>Form operation<\/label>\r\n    <label>\r\n        <input type=\"radio\" name=\"_mc4wp_action\" value=\"subscribe\" checked=\"true\"> <span>Subscribe<\/span>\r\n    <\/label>\r\n    <label>\r\n        <input type=\"radio\" name=\"_mc4wp_action\" value=\"unsubscribe\"> <span>Unsubscribe<\/span>\r\n    <\/label>\r\n<\/p>\r\n\r\n\r\n<p>\r\n\t<input type=\"submit\" value=\"Subscribe\" \/>\r\n<\/p><\/div><label style=\"display: none !important;\">Leave this field empty if you're human: <input type=\"text\" name=\"_mc4wp_honeypot\" value=\"\" tabindex=\"-1\" autocomplete=\"off\" \/><\/label><input type=\"hidden\" name=\"_mc4wp_timestamp\" value=\"1775257237\" \/><input type=\"hidden\" name=\"_mc4wp_form_id\" value=\"282\" \/><input type=\"hidden\" name=\"_mc4wp_form_element_id\" value=\"mc4wp-form-1\" \/><div class=\"mc4wp-response\"><\/div><input type=\"hidden\" name=\"trp-form-language\" value=\"en\"\/><\/form><!-- \/ Mailchimp for WordPress Plugin -->","protected":false},"excerpt":{"rendered":"<p>Subscribe and unsubscribe to our newsletter Stay tuned to be notified when new content is added to the site!<\/p>","protected":false},"author":1,"featured_media":0,"parent":0,"menu_order":0,"comment_status":"closed","ping_status":"closed","template":"","meta":{"_acf_changed":false,"_monsterinsights_skip_tracking":false,"_monsterinsights_sitenote_active":false,"_monsterinsights_sitenote_note":"","_monsterinsights_sitenote_category":0,"footnotes":""},"class_list":["post-12057","page","type-page","status-publish","hentry"],"acf":[],"_links":{"self":[{"href":"https:\/\/tozsdemuzeum.hu\/en\/wp-json\/wp\/v2\/pages\/12057","targetHints":{"allow":["GET"]}}],"collection":[{"href":"https:\/\/tozsdemuzeum.hu\/en\/wp-json\/wp\/v2\/pages"}],"about":[{"href":"https:\/\/tozsdemuzeum.hu\/en\/wp-json\/wp\/v2\/types\/page"}],"author":[{"embeddable":true,"href":"https:\/\/tozsdemuzeum.hu\/en\/wp-json\/wp\/v2\/users\/1"}],"replies":[{"embeddable":true,"href":"https:\/\/tozsdemuzeum.hu\/en\/wp-json\/wp\/v2\/comments?post=12057"}],"version-history":[{"count":5,"href":"https:\/\/tozsdemuzeum.hu\/en\/wp-json\/wp\/v2\/pages\/12057\/revisions"}],"predecessor-version":[{"id":12062,"href":"https:\/\/tozsdemuzeum.hu\/en\/wp-json\/wp\/v2\/pages\/12057\/revisions\/12062"}],"wp:attachment":[{"href":"https:\/\/tozsdemuzeum.hu\/en\/wp-json\/wp\/v2\/media?parent=12057"}],"curies":[{"name":"wp","href":"https:\/\/api.w.org\/{rel}","templated":true}]}}