{"id":11511,"date":"2023-11-12T12:56:19","date_gmt":"2023-11-12T10:56:19","guid":{"rendered":"https:\/\/muzeum.netfolio.hu\/?page_id=11511"},"modified":"2023-12-04T11:47:15","modified_gmt":"2023-12-04T09:47:15","slug":"kibocsato-2","status":"publish","type":"page","link":"https:\/\/tozsdemuzeum.hu\/en\/kibocsato-2\/","title":{"rendered":"Issuers"},"content":{"rendered":"<div class=\"wpb-content-wrapper\"><div class=\"vc_row wpb_row vc_row-fluid\"><div class=\"wpb_column vc_column_container vc_col-sm-12\"><div class=\"vc_column-inner\"><div class=\"wpb_wrapper\">\t\t<!-- Welcome Section -->\r\n\t\t<div class=\"container-fluid no-padding welcome-section2\">\r\n\t\t\t<!-- Container -->\r\n\t\t\t<div class=\"container\">\r\n\t\t\t\t<!-- Row -->\r\n\t\t\t\t<div class=\"row\">\t\t\t\r\n\t\t\t\t\t<div class=\"col-md-6 col-sm-6 img-block\">\r\n\t\t\t\t\t\t<i><img loading=\"lazy\" decoding=\"async\" width=\"1382\" height=\"1001\" src=\"https:\/\/tozsdemuzeum.hu\/wp-content\/uploads\/2020\/08\/Gschwindt1.png\" class=\"attachment-full size-full\" alt=\"\" srcset=\"https:\/\/tozsdemuzeum.hu\/wp-content\/uploads\/2020\/08\/Gschwindt1.png 1382w, https:\/\/tozsdemuzeum.hu\/wp-content\/uploads\/2020\/08\/Gschwindt1-600x435.png 600w, https:\/\/tozsdemuzeum.hu\/wp-content\/uploads\/2020\/08\/Gschwindt1-1024x742.png 1024w, https:\/\/tozsdemuzeum.hu\/wp-content\/uploads\/2020\/08\/Gschwindt1-768x556.png 768w\" sizes=\"auto, (max-width: 1382px) 100vw, 1382px\" \/><\/i>\r\n\t\t\t\t\t<\/div>\r\n\t\t\t\t\t<div class=\"col-md-6 col-sm-6 content-block\">\r\n\t\t\t\t\t\t<!-- Section Header -->\r\n\t\t\t\t\t\t<div class=\"section-header2\">\r\n\t\t\t\t\t\t\t<i><img decoding=\"async\" src=\"https:\/\/tozsdemuzeum.hu\/wp-content\/plugins\/history-toolkit\/lib\/images\/section-header2-1.png\" alt=\"Section Header\" \/><\/i>\r\n\t\t\t\t\t\t\t<span>Famous companies<\/span>\t\t\t\t\t\t\t<h2>A brief history of the most important companies<\/h2>\t\t\t\t\t\t<\/div><!-- Section Header \/- -->\r\n\t\t\t\t\t\t\t\t\t\t\t\t<a href=\"\/en\/kibocsatok_tortenete\/\" title=\"Read more...\">Read more...<\/a>\t\t\t\t\t<\/div>\r\n\t\t\t\t<\/div><!-- Row \/- -->\r\n\t\t\t<\/div><!-- Container \/- -->\r\n\t\t<\/div><!-- Welcome Section \/- -->\r\n\t\t\t\t<!-- Welcome Section -->\r\n\t\t<div class=\"container-fluid no-padding welcome-section2\">\r\n\t\t\t<!-- Container -->\r\n\t\t\t<div class=\"container\">\r\n\t\t\t\t<!-- Row -->\r\n\t\t\t\t<div class=\"row\">\t\t\t\r\n\t\t\t\t\t<div class=\"col-md-6 col-sm-6 img-block\">\r\n\t\t\t\t\t\t<i><img loading=\"lazy\" decoding=\"async\" width=\"7571\" height=\"6269\" src=\"https:\/\/tozsdemuzeum.hu\/wp-content\/uploads\/2018\/10\/Jav\u00edtott18841231.jpg\" class=\"attachment-full size-full\" alt=\"\" srcset=\"https:\/\/tozsdemuzeum.hu\/wp-content\/uploads\/2018\/10\/Jav\u00edtott18841231.jpg 7571w, https:\/\/tozsdemuzeum.hu\/wp-content\/uploads\/2018\/10\/Jav\u00edtott18841231-300x248.jpg 300w, https:\/\/tozsdemuzeum.hu\/wp-content\/uploads\/2018\/10\/Jav\u00edtott18841231-768x636.jpg 768w, https:\/\/tozsdemuzeum.hu\/wp-content\/uploads\/2018\/10\/Jav\u00edtott18841231-1024x848.jpg 1024w, https:\/\/tozsdemuzeum.hu\/wp-content\/uploads\/2018\/10\/Jav\u00edtott18841231-85x70.jpg 85w\" sizes=\"auto, (max-width: 7571px) 100vw, 7571px\" \/><\/i>\r\n\t\t\t\t\t<\/div>\r\n\t\t\t\t\t<div class=\"col-md-6 col-sm-6 content-block\">\r\n\t\t\t\t\t\t<!-- Section Header -->\r\n\t\t\t\t\t\t<div class=\"section-header2\">\r\n\t\t\t\t\t\t\t<i><img decoding=\"async\" src=\"https:\/\/tozsdemuzeum.hu\/wp-content\/plugins\/history-toolkit\/lib\/images\/section-header2-1.png\" alt=\"Section Header\" \/><\/i>\r\n\t\t\t\t\t\t\t<span>Issuers<\/span>\t\t\t\t\t\t\t<h2>List of all BCSE issuers<\/h2>\t\t\t\t\t\t<\/div><!-- Section Header \/- -->\r\n\t\t\t\t\t\t\t\t\t\t\t\t<a href=\"\/en\/kibocsato\/\" title=\"Read more...\">Read more...<\/a>\t\t\t\t\t<\/div>\r\n\t\t\t\t<\/div><!-- Row \/- -->\r\n\t\t\t<\/div><!-- Container \/- -->\r\n\t\t<\/div><!-- Welcome Section \/- -->\r\n\t\t<\/div><\/div><\/div><\/div><div class=\"vc_row wpb_row vc_row-fluid\"><div class=\"wpb_column vc_column_container vc_col-sm-12\"><div class=\"vc_column-inner\"><div class=\"wpb_wrapper\">\t\t\r\n\t\t\t<!-- Client Section -->\r\n\t\t\t<div class=\"container-fluid client-section no-padding\">\r\n\t\t\t\t<div class=\"client-carousel\">\r\n\t\t\t\t\t\t\t\t\t\t\t\t\t<div class=\"item\">\r\n\t\t\t\t\t\t\t\t\t<a href=\"https:\/\/www.ramasoft.hu\"><img loading=\"lazy\" decoding=\"async\" width=\"200\" height=\"117\" src=\"https:\/\/tozsdemuzeum.hu\/wp-content\/uploads\/2018\/09\/RAMASOFT-logo_1_newkicsi.png\" class=\"attachment-full size-full\" alt=\"\" \/><\/a>\r\n\t\t\t\t\t\t\t\t<\/div>\r\n\t\t\t\t\t\t\t\t\t\t\t\t\t\t\t\t<div class=\"item item-bg\">\r\n\t\t\t\t\t\t\t\t\t<a href=\"https:\/\/www.arcanum,hu\"><img loading=\"lazy\" decoding=\"async\" width=\"200\" height=\"45\" src=\"https:\/\/tozsdemuzeum.hu\/wp-content\/uploads\/2018\/09\/Arcanumlogo-compact-e1538126948230.png\" class=\"attachment-full size-full\" alt=\"\" \/><\/a>\r\n\t\t\t\t\t\t\t\t<\/div>\r\n\t\t\t\t\t\t\t\t\t\t\t\t\t\t\t\t<div class=\"item\">\r\n\t\t\t\t\t\t\t\t\t<a href=\"https:\/\/www.fszek.hu\"><img loading=\"lazy\" decoding=\"async\" width=\"132\" height=\"132\" src=\"https:\/\/tozsdemuzeum.hu\/wp-content\/uploads\/2018\/09\/logo-fszek-e1538126634936.png\" class=\"attachment-full size-full\" alt=\"\" \/><\/a>\r\n\t\t\t\t\t\t\t\t<\/div>\r\n\t\t\t\t\t\t\t\t\t\t\t\t\t\t\t\t<div class=\"item item-bg\">\r\n\t\t\t\t\t\t\t\t\t<a href=\"https:\/\/www.netfolio.hu\"><img loading=\"lazy\" decoding=\"async\" width=\"200\" height=\"49\" src=\"https:\/\/tozsdemuzeum.hu\/wp-content\/uploads\/2018\/09\/Netfoliologo-1.png\" class=\"attachment-full size-full\" alt=\"\" \/><\/a>\r\n\t\t\t\t\t\t\t\t<\/div>\r\n\t\t\t\t\t\t\t\t\t\t\t\t\t\t\t\t<div class=\"item\">\r\n\t\t\t\t\t\t\t\t\t<a href=\"https:\/\/www.bet.hu\"><img loading=\"lazy\" decoding=\"async\" width=\"132\" height=\"132\" src=\"https:\/\/tozsdemuzeum.hu\/wp-content\/uploads\/2018\/09\/B\u00c9T-log\u00f3-RGB-640px-e1538126668844.png\" class=\"attachment-full size-full\" alt=\"\" \/><\/a>\r\n\t\t\t\t\t\t\t\t<\/div>\r\n\t\t\t\t\t\t\t\t\t\t\t\t<\/div>\r\n\t\t\t<\/div><!-- Client Section \/- -->\r\n\t\t\t\t\r\n\t<!-- Testimonial Section -->\r\n\t<div class=\"testimonial-section container-fluid\">\r\n\t\t<!-- Container -->\r\n\t\t<div class=\"container\">\r\n\t\t\t<div class=\"col-md-8\">\r\n\t\t\t\t<div class=\"testimonial-slider\">\r\n\t\t\t\t\t<div class=\"mis-stage\">\t\r\n\t\t\t\t\t\t\t\t\t\t\t\t\t\t<ol class=\"mis-slider\">\r\n\t\t\t\t\t\t\t\t\t\t\t\t\t\t\t\t\t\t\t\t<li id=\"mis_slide-1\" class=\"mis-slide\" data-slide=\"1\">\r\n\t\t\t\t\t\t\t\t\t\t\t\t\t\t\t\t\t\t\t\t\t\t\t\t\t<a href=\"\/en\/ember\/kochmeister-frigyes\/\" class=\"mis-container\">\r\n\t\t\t\t\t\t\t\t\t\t\t\t\t\t<img loading=\"lazy\" decoding=\"async\" width=\"95\" height=\"95\" src=\"https:\/\/tozsdemuzeum.hu\/wp-content\/uploads\/2018\/09\/Kochmeister_Frigyes-95x95.jpg\" class=\"attachment-history_95_95 size-history_95_95\" alt=\"\" srcset=\"https:\/\/tozsdemuzeum.hu\/wp-content\/uploads\/2018\/09\/Kochmeister_Frigyes-95x95.jpg 95w, https:\/\/tozsdemuzeum.hu\/wp-content\/uploads\/2018\/09\/Kochmeister_Frigyes-150x150.jpg 150w, https:\/\/tozsdemuzeum.hu\/wp-content\/uploads\/2018\/09\/Kochmeister_Frigyes-82x82.jpg 82w\" sizes=\"auto, (max-width: 95px) 100vw, 95px\" \/>\t\t\t\t\t\t\t\t\t\t\t\t\t<\/a>\r\n\t\t\t\t\t\t\t\t\t\t\t\t\t\t\t\t\t\t\t\t\t\t\t\t<\/li>\r\n\t\t\t\t\t\t\t\t\t\t\t\t\t\t\t\t\t\t\t\t\t\t<li id=\"mis_slide-2\" class=\"mis-slide\" data-slide=\"2\">\r\n\t\t\t\t\t\t\t\t\t\t\t\t\t\t\t\t\t\t\t\t\t\t\t\t\t<a href=\"\/en\/ember\/kornfeld-zsigmond\/\" class=\"mis-container\">\r\n\t\t\t\t\t\t\t\t\t\t\t\t\t\t<img loading=\"lazy\" decoding=\"async\" width=\"95\" height=\"95\" src=\"https:\/\/tozsdemuzeum.hu\/wp-content\/uploads\/2018\/09\/Kornfeld_Zsigmond2-95x95.jpg\" class=\"attachment-history_95_95 size-history_95_95\" alt=\"\" srcset=\"https:\/\/tozsdemuzeum.hu\/wp-content\/uploads\/2018\/09\/Kornfeld_Zsigmond2-95x95.jpg 95w, https:\/\/tozsdemuzeum.hu\/wp-content\/uploads\/2018\/09\/Kornfeld_Zsigmond2-150x150.jpg 150w, https:\/\/tozsdemuzeum.hu\/wp-content\/uploads\/2018\/09\/Kornfeld_Zsigmond2-82x82.jpg 82w, https:\/\/tozsdemuzeum.hu\/wp-content\/uploads\/2018\/09\/Kornfeld_Zsigmond2-339x342.jpg 339w\" sizes=\"auto, (max-width: 95px) 100vw, 95px\" \/>\t\t\t\t\t\t\t\t\t\t\t\t\t<\/a>\r\n\t\t\t\t\t\t\t\t\t\t\t\t\t\t\t\t\t\t\t\t\t\t\t\t<\/li>\r\n\t\t\t\t\t\t\t\t\t\t\t\t\t\t\t\t\t\t\t\t\t\t<li id=\"mis_slide-3\" class=\"mis-slide\" data-slide=\"3\">\r\n\t\t\t\t\t\t\t\t\t\t\t\t\t\t\t\t\t\t\t\t\t\t\t\t\t<a href=\"\/en\/ember\/fleissig-sandor\/\" class=\"mis-container\">\r\n\t\t\t\t\t\t\t\t\t\t\t\t\t\t<img loading=\"lazy\" decoding=\"async\" width=\"95\" height=\"95\" src=\"https:\/\/tozsdemuzeum.hu\/wp-content\/uploads\/2018\/09\/Fleissig_S\u00e1ndor-95x95.jpg\" class=\"attachment-history_95_95 size-history_95_95\" alt=\"\" srcset=\"https:\/\/tozsdemuzeum.hu\/wp-content\/uploads\/2018\/09\/Fleissig_S\u00e1ndor-95x95.jpg 95w, https:\/\/tozsdemuzeum.hu\/wp-content\/uploads\/2018\/09\/Fleissig_S\u00e1ndor-150x150.jpg 150w, https:\/\/tozsdemuzeum.hu\/wp-content\/uploads\/2018\/09\/Fleissig_S\u00e1ndor-395x395.jpg 395w, https:\/\/tozsdemuzeum.hu\/wp-content\/uploads\/2018\/09\/Fleissig_S\u00e1ndor-82x82.jpg 82w\" sizes=\"auto, (max-width: 95px) 100vw, 95px\" \/>\t\t\t\t\t\t\t\t\t\t\t\t\t<\/a>\r\n\t\t\t\t\t\t\t\t\t\t\t\t\t\t\t\t\t\t\t\t\t\t\t\t<\/li>\r\n\t\t\t\t\t\t\t\t\t\t\t\t\t\t\t\t\t\t\t<\/ol>\r\n\t\t\t\t\t\t\t\t<div class=\"mis-content-block\">\r\n\t\t\t\t\t\t\t\t\t\t\t\t\t\t\t\t\t\t\t\t<div id=\"mis_slide_content-1\">\r\n\t\t\t\t\t\t\t\t\t\t\t\t<p>\"What is needed is a serious, persistent will on the part of each of us, directed to visit, use and animate the young institution frequently, perhaps at first with some sacrifice of our habits, our desires and our interests.\"<\/p>\n\t\t\t\t\t\t\t\t\t\t\t\t<i class=\"icon icon-MessageRight\"><\/i>\r\n\t\t\t\t\t\t\t\t\t\t\t\t<h3>Baron Frigyes Kochmeister (1816-1907)<\/h3>\t\t\t\t\t\t\t\t\t\t\t\t<span>President of the BSE (1864-1900)<\/span>\t\t\t\t\t\t\t\t\t\t\t<\/div>\r\n\t\t\t\t\t\t\t\t\t\t\t\t\t\t\t\t\t\t\t\t\t\t<div id=\"mis_slide_content-2\">\r\n\t\t\t\t\t\t\t\t\t\t\t\t<p>\"As regards freedom of action, our institution desires nothing more than to do what is in the interest of the country as a whole, and to be free from any unilateral tendency, as it has been far from seeking to cultivate its own interests at the expense of the common good. \"<\/p>\n\t\t\t\t\t\t\t\t\t\t\t\t<i class=\"icon icon-MessageRight\"><\/i>\r\n\t\t\t\t\t\t\t\t\t\t\t\t<h3>Baron Zsigmond Kornfeld (1852-1909)<\/h3>\t\t\t\t\t\t\t\t\t\t\t\t<span>President of the BSE (1900-1909)<\/span>\t\t\t\t\t\t\t\t\t\t\t<\/div>\r\n\t\t\t\t\t\t\t\t\t\t\t\t\t\t\t\t\t\t\t\t\t\t<div id=\"mis_slide_content-3\">\r\n\t\t\t\t\t\t\t\t\t\t\t\t<p>\"Our poor mother, this dismembered Hungary is sick, seriously sick, and let us put aside all other interests, real or apparent, and keep in mind the only point of view: what is necessary, what is good for our poor, sick mother: Hungary.\"<\/p>\n\t\t\t\t\t\t\t\t\t\t\t\t<i class=\"icon icon-MessageRight\"><\/i>\r\n\t\t\t\t\t\t\t\t\t\t\t\t<h3>S\u00e1ndor Fleissig (1869-1939)<\/h3>\t\t\t\t\t\t\t\t\t\t\t\t<span>President of the BSE (1931-1939)<\/span>\t\t\t\t\t\t\t\t\t\t\t<\/div>\r\n\t\t\t\t\t\t\t\t\t\t\t\t\t\t\t\t\t\t\t<\/div>\r\n\t\t\t\t\t\t\t\t\t\t\t\t\t<\/div>\r\n\t\t\t\t<\/div>\r\n\t\t\t<\/div>\r\n\t\t<\/div><!-- Container \/-  -->\r\n\t<\/div><!-- Testimonial Section \/- -->\r\n\t<\/div><\/div><\/div><\/div>\n<\/div>","protected":false},"excerpt":{"rendered":"H\u00edres v\u00e1llalatok A legjelent\u0151sebb v\u00e1llalatok r\u00f6vid t\u00f6rt\u00e9nete Tov\u00e1bb... Kibocs\u00e1t\u00f3k A B\u00c1\u00c9T valamennyi kibocs\u00e1t\u00f3j\u00e1nak list\u00e1ja Tov\u00e1bb... \"Mindegyik\u00fcnk komoly, kitart\u00f3 akarata sz\u00fcks\u00e9ges, mely arra legyen ir\u00e1nyozva, hogy a fiatal int\u00e9zm\u00e9nyt gyakorta, kezdetben tal\u00e1n szok\u00e1saink, k\u00e9nyelmi v\u00e1gyaink \u00e9s \u00e9rdekeink n\u00e9mi fel\u00e1ldoz\u00e1s\u00e1val is, keress\u00fck fel, haszn\u00e1ljuk \u00e9s \u00e9l\u00e9nk\u00edts\u00fck.\" B\u00e1r\u00f3 Kochmeister Frigyes (1816-1907) A B\u00c1\u00c9T eln\u00f6ke (1864-1900) \"A cselekv\u00e9si szabads\u00e1g [...]","protected":false},"author":1,"featured_media":0,"parent":0,"menu_order":0,"comment_status":"closed","ping_status":"closed","template":"","meta":{"_acf_changed":false,"_monsterinsights_skip_tracking":false,"_monsterinsights_sitenote_active":false,"_monsterinsights_sitenote_note":"","_monsterinsights_sitenote_category":0,"footnotes":""},"class_list":["post-11511","page","type-page","status-publish","hentry"],"acf":[],"_links":{"self":[{"href":"https:\/\/tozsdemuzeum.hu\/en\/wp-json\/wp\/v2\/pages\/11511","targetHints":{"allow":["GET"]}}],"collection":[{"href":"https:\/\/tozsdemuzeum.hu\/en\/wp-json\/wp\/v2\/pages"}],"about":[{"href":"https:\/\/tozsdemuzeum.hu\/en\/wp-json\/wp\/v2\/types\/page"}],"author":[{"embeddable":true,"href":"https:\/\/tozsdemuzeum.hu\/en\/wp-json\/wp\/v2\/users\/1"}],"replies":[{"embeddable":true,"href":"https:\/\/tozsdemuzeum.hu\/en\/wp-json\/wp\/v2\/comments?post=11511"}],"version-history":[{"count":7,"href":"https:\/\/tozsdemuzeum.hu\/en\/wp-json\/wp\/v2\/pages\/11511\/revisions"}],"predecessor-version":[{"id":11518,"href":"https:\/\/tozsdemuzeum.hu\/en\/wp-json\/wp\/v2\/pages\/11511\/revisions\/11518"}],"wp:attachment":[{"href":"https:\/\/tozsdemuzeum.hu\/en\/wp-json\/wp\/v2\/media?parent=11511"}],"curies":[{"name":"wp","href":"https:\/\/api.w.org\/{rel}","templated":true}]}}